{"id":8511,"date":"2026-04-01T19:52:01","date_gmt":"2026-04-01T17:52:01","guid":{"rendered":"https:\/\/fokusisrael.ch\/domande-e-risposte-su-israele-gaza-e-i-palestinesi\/dopo-questa-guerra-possibilita-di-una-pace-duratura-in-medio-oriente\/"},"modified":"2026-04-02T00:34:34","modified_gmt":"2026-04-01T22:34:34","slug":"dopo-questa-guerra-possibilita-di-una-pace-duratura-in-medio-oriente","status":"publish","type":"page","link":"https:\/\/fokusisrael.ch\/it\/domande-e-risposte-su-israele-gaza-e-i-palestinesi\/dopo-questa-guerra-possibilita-di-una-pace-duratura-in-medio-oriente\/","title":{"rendered":"Dopo questa guerra: possibilit\u00e0 di una pace duratura in Medio Oriente?"},"content":{"rendered":"\n<p><strong>\u00c8 una delle voci ebraiche pi\u00f9 importanti &#8211; e pi\u00f9 forti &#8211; in Germania: Henryk M. Broder combatte sulla sua piattaforma <\/strong><a href=\"https:\/\/www.achgut.com\/autor\/broder\"><strong>&#8220;Asse del bene<\/strong><\/a><strong>nelle colonne dei giornali e durante gli eventi contro l&#8217;antisemitismo e a favore del diritto all&#8217;esistenza di Israele. Astuto, coraggioso e preciso.  FokusIsrael.ch ha incontrato il 79enne a Zurigo e gli ha posto nove domande sulla guerra contro i mullah in Iran, su Israele e sull&#8217;antisemitismo.  <\/strong><\/p>\n\n<figure class=\"wp-block-embed is-type-video is-provider-youtube wp-block-embed-youtube wp-embed-aspect-16-9 wp-has-aspect-ratio\"><div class=\"wp-block-embed__wrapper\">\n<iframe loading=\"lazy\" title=\"Nach diesem Krieg: Chance auf dauerhaften Frieden im Nahen Osten?\" width=\"500\" height=\"281\" src=\"https:\/\/www.youtube.com\/embed\/kHikyKkrACY?feature=oembed\" frameborder=\"0\" allow=\"accelerometer; autoplay; clipboard-write; encrypted-media; gyroscope; picture-in-picture; web-share\" referrerpolicy=\"strict-origin-when-cross-origin\" allowfullscreen><\/iframe>\n<\/div><\/figure>\n\n<p><a href=\"https:\/\/fokusisrael.ch\/it\/senza-categoria\/henryk-m-broder-israele-e-inquietante-perche-esiste\/\" title=\"\">Puoi leggere l&#8217;intervista a Henryk M. Broder qui.<\/a><\/p>\n\n<p><\/p>\n","protected":false},"excerpt":{"rendered":"<p>\u00c8 una delle voci ebraiche pi\u00f9 importanti &#8211; e pi\u00f9 forti &#8211; in Germania: Henryk M. Broder combatte sulla sua piattaforma &#8220;Asse del benenelle colonne dei giornali e durante gli eventi contro l&#8217;antisemitismo e a favore del diritto all&#8217;esistenza di Israele. Astuto, coraggioso e preciso. FokusIsrael.ch ha incontrato il 79enne a Zurigo e gli ha [&hellip;]<\/p>\n","protected":false},"author":2,"featured_media":8460,"parent":3645,"menu_order":4,"comment_status":"closed","ping_status":"closed","template":"","meta":{"_hide_socialbar":"","footnotes":""},"categories":[],"tags":[3284,639,1256],"class_list":["post-8511","page","type-page","status-publish","has-post-thumbnail","hentry","tag-broder","tag-domande-frequenti","tag-intervista"],"aioseo_notices":[],"_links":{"self":[{"href":"https:\/\/fokusisrael.ch\/it\/wp-json\/wp\/v2\/pages\/8511","targetHints":{"allow":["GET"]}}],"collection":[{"href":"https:\/\/fokusisrael.ch\/it\/wp-json\/wp\/v2\/pages"}],"about":[{"href":"https:\/\/fokusisrael.ch\/it\/wp-json\/wp\/v2\/types\/page"}],"author":[{"embeddable":true,"href":"https:\/\/fokusisrael.ch\/it\/wp-json\/wp\/v2\/users\/2"}],"replies":[{"embeddable":true,"href":"https:\/\/fokusisrael.ch\/it\/wp-json\/wp\/v2\/comments?post=8511"}],"version-history":[{"count":2,"href":"https:\/\/fokusisrael.ch\/it\/wp-json\/wp\/v2\/pages\/8511\/revisions"}],"predecessor-version":[{"id":8590,"href":"https:\/\/fokusisrael.ch\/it\/wp-json\/wp\/v2\/pages\/8511\/revisions\/8590"}],"up":[{"embeddable":true,"href":"https:\/\/fokusisrael.ch\/it\/wp-json\/wp\/v2\/pages\/3645"}],"wp:featuredmedia":[{"embeddable":true,"href":"https:\/\/fokusisrael.ch\/it\/wp-json\/wp\/v2\/media\/8460"}],"wp:attachment":[{"href":"https:\/\/fokusisrael.ch\/it\/wp-json\/wp\/v2\/media?parent=8511"}],"wp:term":[{"taxonomy":"category","embeddable":true,"href":"https:\/\/fokusisrael.ch\/it\/wp-json\/wp\/v2\/categories?post=8511"},{"taxonomy":"post_tag","embeddable":true,"href":"https:\/\/fokusisrael.ch\/it\/wp-json\/wp\/v2\/tags?post=8511"}],"curies":[{"name":"wp","href":"https:\/\/api.w.org\/{rel}","templated":true}]}}