{"id":4040,"date":"2023-12-06T20:46:00","date_gmt":"2023-12-06T19:46:00","guid":{"rendered":"https:\/\/fokusisrael.ch\/?page_id=4040"},"modified":"2025-10-15T13:36:46","modified_gmt":"2025-10-15T11:36:46","slug":"lorganizzazione-terroristica-hamas-e-i-suoi-obiettivi","status":"publish","type":"page","link":"https:\/\/fokusisrael.ch\/it\/organizzazioni-terroristiche-palestinesi-e-islamiche\/lorganizzazione-terroristica-hamas-e-i-suoi-obiettivi\/","title":{"rendered":"L&#8217;organizzazione terroristica Hamas e i suoi obiettivi"},"content":{"rendered":"\n<p>Il 7 ottobre 2023, l&#8217;organizzazione terroristica islamica palestinese Hamas ha massacrato oltre 1.300 persone nel sud di Israele e ha rapito pi\u00f9 di 200 ostaggi a Gaza. Donne, uomini, anziani, bambini e persino neonati sono stati uccisi, violentati, mutilati, decapitati e dati alle fiamme nei modi pi\u00f9 crudeli. Pochi giorni dopo, il funzionario di Hamas Ghazi Hamad annunci\u00f2: <a href=\"https:\/\/www.timesofisrael.com\/liveblog_entry\/hamas-official-says-group-will-repeat-oct-7-attack-twice-and-three-times-to-destroy-israel\/\" target=\"_blank\" rel=\"noreferrer noopener\">&#8220;Questa \u00e8 stata solo la prima volta, ce ne sar\u00e0 una seconda, una terza e una quarta&#8221;.<\/a> Hamas ha scritto nel suo statuto la distruzione dello Stato di Israele e l&#8217;annientamento degli ebrei. \u00c8 finanziato principalmente dall&#8217;Iran e gode di un grande sostegno tra i palestinesi. Dopo il massacro del 7 ottobre, anche il Consiglio Federale svizzero ha voluto mettere Hamas al bando per legge. La maggior parte dei paesi occidentali ha classificato Hamas come organizzazione terroristica e l&#8217;ha bandita per anni.     <\/p>\n\n<figure class=\"wp-block-image size-full\"><img loading=\"lazy\" decoding=\"async\" width=\"1024\" height=\"600\" src=\"https:\/\/fokusisrael.ch\/wp-content\/uploads\/2025\/03\/Hamas-1024x600-1.jpg\" alt=\"Combattente di Hamas con mitragliatrice\" class=\"wp-image-354\" srcset=\"https:\/\/fokusisrael.ch\/wp-content\/uploads\/2025\/03\/Hamas-1024x600-1.jpg 1024w, https:\/\/fokusisrael.ch\/wp-content\/uploads\/2025\/03\/Hamas-1024x600-1-300x176.jpg 300w, https:\/\/fokusisrael.ch\/wp-content\/uploads\/2025\/03\/Hamas-1024x600-1-768x450.jpg 768w\" sizes=\"auto, (max-width: 1024px) 100vw, 1024px\" \/><figcaption class=\"wp-element-caption\"> <span class=\"image-meta\">&copy; SOPA Images Limited  Alamy Stock Foto<\/span><\/figure><\/figcaption>\n\n<h2 class=\"wp-block-heading\"><strong>Hamas e Israele<\/strong><\/h2>\n\n<p>Fondata nel 1987, Hamas \u00e8 un&#8217;organizzazione terroristica islamica radicale che persegue un&#8217;ideologia antidemocratica, antiumana e profondamente antisemita. Il suo obiettivo \u00e8 la distruzione di Israele attraverso la &#8220;guerra santa islamica&#8221;, o jihad. Nel suo statuto, Hamas chiede la morte di tutti gli ebrei e diffonde la menzogna della cospirazione mondiale ebraica.  <\/p>\n\n<p>Hamas si descrive come un&#8217;organizzazione di liberazione, ma subordina tutto al suo obiettivo distruttivo, comprese le vite dei suoi stessi cittadini. A Gaza li usa come <a href=\"https:\/\/www.fokus-jerusalem.tv\/2024\/01\/03\/terroristen-bestaetigen-im-verhoer-die-hamas-benutzt-zivilisten-als-menschliche-schutzschilder\/\">scudi<\/a> umani. Hamas ha un braccio paramilitare, le <a href=\"https:\/\/de.wikipedia.org\/wiki\/Qassam-Brigaden\">Brigate Qassam<\/a>, e da quando ha preso il potere nel 2007 applica rigorosamente la sua ideologia a Gaza.  <\/p>\n\n<p>Non c&#8217;\u00e8 diversit\u00e0 a Gaza. Il <a href=\"https:\/\/www.cia.gov\/the-world-factbook\/countries\/gaza-strip\/\">99% \u00e8 musulmano<\/a>. Non ci sono ebrei tra il restante 1%. Le <a href=\"https:\/\/jij.org\/wp-content\/uploads\/2017\/04\/Discrimination-against-Women-Palestinian-Authority-and-Hamas.pdf\">donne<\/a> hanno un livello legale e sociale inferiore a quello degli uomini e sono soggette a un <a href=\"https:\/\/www.idf.il\/en\/mini-sites\/the-hamas-terrorist-organization\/the-status-of-women-in-gaza\/\">codice di modestia<\/a>. Non ci sono diritti per gli <a href=\"https:\/\/williamsinstitute.law.ucla.edu\/publications\/global-acceptance-index-lgbt\/\">omosessuali<\/a>.  <\/p>\n\n<p>Internamente, Hamas sta cercando di creare un contrappeso a <a href=\"https:\/\/de.wikipedia.org\/wiki\/Fatah\">Fatah<\/a> e al Fronte di Liberazione della Palestina, l&#8217;<a href=\"https:\/\/de.wikipedia.org\/wiki\/Pal%C3%A4stinensische_Befreiungsorganisation\">OLP<\/a>, che governa la Cisgiordania.<\/p>\n\n<p>Hamas non ha un orientamento esclusivamente regionale, ma fa <a href=\"https:\/\/www.memri.org\/reports\/global-ideology-hamas-islam-will-rule-world-annihilate-us-conquer-europe-%E2%80%93-memri-video\">parte della jihad globale<\/a>, cio\u00e8 della &#8220;guerra santa&#8221; contro gli infedeli. \u00c8 ampiamente finanziato da fonti esterne, soprattutto dall&#8217;Iran. <\/p>\n\n<h2 class=\"wp-block-heading\"><strong>Hamas e la Svizzera<\/strong><\/h2>\n\n<p>Hamas \u00e8 stato classificato come organizzazione terroristica dalla maggior parte dei paesi occidentali per anni ed \u00e8 quindi vietato, ma non in Svizzera. A seguito del pogrom del 7 ottobre 2023, il Consiglio federale svizzero ha deciso di <a href=\"https:\/\/www.admin.ch\/gov\/de\/start\/dokumentation\/medienmitteilungen.msg-id-98855.html\">vietare Hamas con una legge federale<\/a> il 22 novembre 2023. <\/p>\n\n<p>In precedenza, le iniziative corrispondenti erano state ripetutamente discusse nel Parlamento federale, cos\u00ec come erano state ripetutamente respinte. L&#8217;ultima <a href=\"https:\/\/www.parlament.ch\/de\/ratsbetrieb\/amtliches-bulletin\/amtliches-bulletin-die-verhandlungen?SubjectId=57541\">iniziativa parlamentare \u00e8 stata presentata da Lukas Reimann<\/a>, SVP, nel giugno del 2022, mentre anche la Consigliera di Stato Marianne Binder-Keller, Die Mitte, ha sostenuto il divieto di Hamas nella sua <a href=\"https:\/\/www.parlament.ch\/de\/ratsbetrieb\/suche-curia-vista\/geschaeft?AffairId=20213632\">interpellanza del giugno 2021<\/a>. L&#8217;SVP era principalmente a favore delle richieste. Il Consiglio federale e la maggioranza degli altri gruppi parlamentari erano contrari.    <\/p>\n\n<p><strong>Corteggiata dalla Svizzera per anni<\/strong><\/p>\n\n<p>Il DFAE ha favorito i contatti con Hamas, soprattutto <strong>durante l&#8217;era del Ministro degli Esteri Micheline Calmy-Rey<\/strong>. L&#8217;ex consigliere nazionale del Partito Verde Geri M\u00fcller e il diplomatico del PS Jean-Daniel Ruch hanno fatto notizia: <\/p>\n\n<ul class=\"wp-block-list\">\n<li>Nel 2012, Geri M\u00fcller guida i funzionari di Hamas attraverso il Parlamento federale. Non sorprende che oggi sia <a href=\"https:\/\/www.aargauerzeitung.ch\/aargau\/kanton-aargau\/kontroverse-geri-mueller-der-mann-der-die-hamas-ins-bundeshaus-brachte-wie-sieht-er-situation-heute-ld.2525837?reduced=true\">contrario a un divieto per Hamas<\/a>. <a href=\"https:\/\/www.tagesanzeiger.ch\/der-neue-nahostkrieg-und-die-schweiz-der-bund-soll-alle-kontakte-zur-hamas-abbrechen-304134171993\">Israele \u00e8 uno stato di apartheid, afferma, e relativizza il terrore del 7 ottobre.<\/a> Anche l&#8217;<a href=\"https:\/\/www.palaestina.ch\/de\/\">associazione &#8220;Svizzera-Palestina&#8221;<\/a>, che presiede, relativizza il pogrom. <\/li>\n\n\n\n<li>Nel 2012, l&#8217;allora ambasciatore svizzero in Israele, Jean-Daniel Ruch, ha incontrato l&#8217;allora leader di Hamas Khalid Mashal al Cairo. Nella Weltwoche del 12 ottobre 2023, il consigliere nazionale Alfred Heer descrive Jean-Daniel Ruch come un &#8220;utile idiota per Hamas&#8221; e scrive: &#8221; <strong>Il DFAE ha svolto un ruolo fondamentale nel rendere Hamas socialmente accettabile. Cosa pu\u00f2 ottenere oggi il DFAE con i suoi eccellenti contatti con Hamas? Assolutamente nulla&#8221;.  <\/strong><\/li>\n\n\n\n<li>Un inviato speciale svizzero per il processo di pace incontra Jahia Sinwar nel 2017. Il leader di Hamas \u00e8 considerato la mente dietro il massacro del 7 ottobre. <br \/><\/li>\n<\/ul>\n\n<p>Da leggere: NZZ del 14.10.2023,<a href=\"https:\/\/www.nzz.ch\/schweiz\/wandel-durch-verhandeln-mit-terroristen-lebt-die-calmy-rey-doktrin-im-neuen-staatssekretariat-fuer-sicherheitspolitik-weiter-ld.1760752?reduced=true\">&#8220;Parlare con Hamas: La visione di Micheline Calmy-Rey \u00e8 morta<\/a>&#8220;. La NZZ conclude: &#8220;Lui [Jean-Daniel Ruch] ha ripetutamente cercato di mantenere in vita la cosiddetta Iniziativa di Ginevra. Si trattava di una visione di una soluzione pacifica a due Stati promossa da Calmy-Rey, ma che non \u00e8 mai stata in grado di ottenere una maggioranza n\u00e9 in Israele n\u00e9 in Palestina.  <\/p>\n\n<p>La Svizzera ha sostenuto l&#8217;iniziativa con 18 milioni di franchi svizzeri negli ultimi 20 anni. Si ritirer\u00e0 completamente dall&#8217;Iniziativa di Ginevra alla fine del 2023. Dopo i recenti avvenimenti, questo risultato \u00e8 pi\u00f9 che rassicurante. Alla fine del suo mandato, la Calmy-Rey aveva invitato Hamas a partecipare in modo costruttivo a una soluzione di pace e a &#8220;pensare l&#8217;impensabile&#8221;. I terroristi hanno fatto proprio questo, ma lontano dal tavolo dei negoziati e in modo inimmaginabilmente brutale&#8221;.    <\/p>\n\n<h2 class=\"wp-block-heading\"><strong>Hamas e i palestinesi<\/strong><\/h2>\n\n<p>Una parte considerevole dei palestinesi vede con favore Hamas. Per loro esiste una sola Palestina: &#8220;Dal fiume al mare&#8221;. <\/p>\n\n<p>Un mese prima del massacro del 7 ottobre, il Palestinian Center for Policy and Survey Research (PCPSR), con sede a Ramallah, ha pubblicato i risultati di un <a href=\"https:\/\/www.pcpsr.org\/sites\/default\/files\/Poll%2089%20English%20Full%20Text%20September%202023.pdf\">sondaggio condotto dal 6 al 9 settembre 2023<\/a>. Secondo lo studio, il 44% a Gaza e il 25% in Cisgiordania sostengono Hamas. Questo dimostra che, sebbene Hamas non rappresenti l&#8217;intera popolazione palestinese, una buona parte sostiene Hamas.  <\/p>\n\n<p>Uno <a href=\"https:\/\/www.pcpsr.org\/sites\/default\/files\/Poll%2090%20English%20press%20release%2013%20Dec%202023%20Final%20New.pdf\">studio condotto dal PCPSR circa un mese e mezzo dopo il massacro di Hamas di circa 1.300 civili israeliani e stranieri ,<\/a> intervistati dal 22 novembre al 2 dicembre 2023, ha rivelato il seguente quadro:<\/p>\n\n<ul class=\"wp-block-list\">\n<li>Alla domanda sulla soluzione dei due Stati, il 77% (Cisgiordania) e il 70,4% (Gaza) hanno risposto che per loro esiste solo una Palestina &#8220;dal fiume al mare&#8221;.<\/li>\n\n\n\n<li>Il 72% dei palestinesi intervistati considera le azioni di Hamas &#8220;corrette&#8221;.<\/li>\n\n\n\n<li>Il 22% ha detto il contrario.<\/li>\n\n\n\n<li>Un altro 72% ha dichiarato di sostenere Hamas, il 52% nella Striscia di Gaza e l&#8217;85% in Cisgiordania.<\/li>\n\n\n\n<li>Mentre il sostegno ad Hamas a Gaza \u00e8 leggermente aumentato &#8211; anche se era gi\u00e0 ad un livello elevato prima del 7 ottobre &#8211; \u00e8 pi\u00f9 che triplicato in Cisgiordania.<\/li>\n<\/ul>\n\n<h2 class=\"wp-block-heading\"><strong>Carta di Hamas<\/strong><\/h2>\n\n<p><strong>Obiettivi di Hamas<\/strong><\/p>\n\n<p>&#8220;Il Movimento di Resistenza Islamico (&#8230;) si sforza di dispiegare la bandiera di Allah su ogni centimetro della Palestina.&#8221; (Articolo 6)<\/p>\n\n<p><strong>Distruzione di Israele<\/strong><\/p>\n\n<p>&#8220;Israele esiste e continuer\u00e0 a esistere finch\u00e9 l&#8217;Islam non lo avr\u00e0 spazzato via, cos\u00ec come ha spazzato via altri paesi prima di lui.&#8221; (Preambolo)<\/p>\n\n<p><strong>Le origini musulmane dell&#8217;area<\/strong><\/p>\n\n<p>&#8220;La Palestina \u00e8 una terra islamica&#8230; Pertanto, la liberazione della Palestina \u00e8 il pi\u00f9 alto dovere personale di ogni musulmano, ovunque si trovi.&#8221; (Articolo 13)<\/p>\n\n<p><strong>Appello alla jihad<\/strong><\/p>\n\n<p>&#8220;La Jihad \u00e8 un dovere personale di ogni musulmano&#8221;. (Articolo 15)<\/p>\n\n<p><strong>Rifiuto delle iniziative di pace<\/strong><\/p>\n\n<p>&#8220;Le iniziative di pace e le cosiddette idee di pace o conferenze internazionali contraddicono il principio del Movimento di Resistenza Islamico. Le conferenze non sono altro che un mezzo per nominare gli infedeli come arbitri nei paesi islamici&#8230; Non c&#8217;\u00e8 altra soluzione al problema palestinese che la jihad. Le iniziative di pace sono una perdita di tempo, un&#8217;impresa inutile&#8221;. (Articolo 13)<\/p>\n\n<p><strong>Disapprovazione del trattato di pace israelo-egiziano<\/strong><\/p>\n\n<p>&#8220;L&#8217;Egitto si \u00e8 distaccato dalla lotta comune (contro il sionismo) con l&#8217;infido accordo di Camp David. I sionisti stanno cercando di trascinare gli altri Stati arabi in accordi simili&#8230; Abbandonare la lotta comune contro il sionismo \u00e8 un alto tradimento; sia maledetto chi commette un tale atto&#8221;. (Articolo 32)<\/p>\n\n<p><strong>Agitazione antisemita<\/strong><\/p>\n\n<p>&#8220;Il Giudizio Universale non arriver\u00e0 finch\u00e9 i musulmani non combatteranno gli ebrei e li uccideranno. Ma allora gli ebrei si nasconderanno dietro pietre e alberi, e le pietre e gli alberi grideranno: &#8216;O musulmano, un ebreo si nasconde dietro di me, vieni e uccidilo'&#8221;. (Articolo 7)<\/p>\n\n<p>&#8220;I nemici hanno tramato per molto tempo &#8230; e hanno accumulato enormi e significative ricchezze materiali. Con le loro ricchezze hanno preso il controllo dei mezzi di comunicazione in tutto il mondo&#8230; Con il loro denaro hanno diretto le rivoluzioni in varie parti del mondo&#8230; Erano dietro la Rivoluzione Francese, la Rivoluzione Russa e la maggior parte delle altre rivoluzioni&#8230; Con il loro denaro hanno formato organizzazioni segrete, ad esempio i Massoni, i Rotary Club e i Lions Club, che sono diffusi in tutto il mondo per distruggere i sistemi sociali e proteggere gli interessi sionisti&#8230; Erano dietro la Prima Guerra Mondiale e hanno formato la Lega delle Nazioni, con la quale hanno governato il mondo. C&#8217;erano loro dietro la Prima Guerra Mondiale e hanno formato la Lega delle Nazioni con la quale hanno governato il mondo. Sono stati i mandanti della Seconda Guerra Mondiale, grazie alla quale hanno ottenuto enormi profitti finanziari&#8230; Sono i mandanti di ogni guerra condotta in qualsiasi parte del mondo&#8221;. (Articolo 22)<\/p>\n\n<p>&#8220;Gli intrighi dei sionisti non avranno mai fine&#8230; Il loro programma \u00e8 contenuto nei &#8220;Protocolli degli Anziani di Sion&#8221;&#8221;. (Articolo 2)<\/p>\n\n<p>&#8220;Hamas si considera la punta di diamante e l&#8217;avanguardia della lotta comune contro il sionismo mondiale&#8230; I gruppi islamici di tutto il mondo arabo dovrebbero fare lo stesso, perch\u00e9 sono meglio equipaggiati per il loro futuro compito, la lotta contro gli ebrei guerrafondai.&#8221; (Articolo 32)<\/p>\n\n<p><a href=\"https:\/\/embassies.gov.il\/berlin\/AboutIsrael\/the-middle-east\/naherostendokumente\/Hamas_Profil.pdf\"><strong>Estratti <\/strong><\/a><strong>della Carta dei Fondatori del 1988<\/strong><\/p>\n\n<p><a href=\"https:\/\/www.bpb.de\/themen\/islamismus\/dossier-islamismus\/36358\/antisemitismus-und-antizionismus-in-der-ersten-und-zweiten-charta-der-hamas\/#node-content-title-10\" target=\"_blank\" rel=\"noreferrer noopener\">Il secondo statuto del 2017<\/a><\/p>\n\n<p>La carta costitutiva del 1988 \u00e8 stata oggetto di critiche per il suo aperto invito alla distruzione di Israele e all&#8217;uccisione degli ebrei. Per essere pi\u00f9 moderata, Hamas ha pubblicato la Carta del 2017, anche se il suo significato rispetto alla prima Carta rimane poco chiaro. Questa versione \u00e8 destinata a integrare o a sostituire la Carta del 1988? In ogni caso, Hamas non ha preso le distanze dal contenuto della carta fondante.    <\/p>\n\n<p>L&#8217;analisi di <a href=\"https:\/\/de.wikipedia.org\/wiki\/Armin_Pfahl-Traughber\" target=\"_blank\" rel=\"noreferrer noopener\">Armin Pfahl-Traughber<\/a> per l&#8217;<a href=\"https:\/\/www.bpb.de\/themen\/islamismus\/dossier-islamismus\/36358\/antisemitismus-und-antizionismus-in-der-ersten-und-zweiten-charta-der-hamas\/\" target=\"_blank\" rel=\"noreferrer noopener\">Agenzia Federale per l&#8217;Educazione Civica<\/a> mostra chiaramente che la Carta del 2017 rifiuta l&#8217;esistenza di Israele.<\/p>\n\n<p>&#8220;Il progetto sionista \u00e8 un progetto razzista, aggressivo e separatista&#8230; E lo Stato israeliano \u00e8 lo strumento di questo progetto e il suo fondamento&#8221; (articolo 14), Armin Pfahl-Traughber cita la Carta del 2017 e spiega: &#8220;L&#8217;affermazione si riferisce a Israele, indipendentemente dalla questione dei confini del 1967 o dei progetti di insediamento. Si tratta di una <strong>delegittimazione fondamentale dello Stato<\/strong>. Di conseguenza, la fondazione di &#8220;Israele&#8221; \u00e8 considerata illegale, cosa che le virgolette deliberatamente poste intendono illustrare ai lettori (cfr. articolo 18).  <\/p>\n\n<p>E puoi leggere:  <strong>&#8220;Hamas rifiuta qualsiasi alternativa alla liberazione completa e totale della Palestina, dal fiume al mare&#8221; (articolo 20). Si tratta di una dichiarazione chiara e diretta contro l&#8217;esistenza dello Stato israeliano. <\/strong>  Non dovrebbe pi\u00f9 esistere a favore di una Palestina sovrana, che \u00e8 difficile da immaginare senza una guerra di annientamento. &#8220;Dal fiume al mare, la Palestina sar\u00e0 libera&#8221; (o la forma abbreviata: &#8220;Dal fiume al mare&#8221;) \u00e8 anche uno slogan spesso gridato ed esibito nelle manifestazioni in Europa. <\/p>\n\n<p>E continua: &#8220;Ci sono anche dichiarazioni sul &#8220;sistema politico palestinese&#8221;, che deve essere basato sul &#8220;pluralismo, la democrazia, il partenariato nazionale, l&#8217;accettazione degli altri e la volont\u00e0 di impegnarsi nel dialogo&#8221; (articolo 28). L&#8217;obiettivo \u00e8 quello di organizzare le istituzioni palestinesi secondo &#8220;principi democratici&#8221;, in particolare &#8220;elezioni libere ed eque&#8221; (articolo 20). Tuttavia, questo solleva la questione del perch\u00e9 Hamas non abbia tenuto elezioni per anni. Ci si chiede anche perch\u00e9 il governo di Hamas a Gaza non permetta il pluralismo. Dall&#8217;orientamento della nuova Carta \u00e8 chiaro che si tratta di un riconoscimento politico e di un impatto pubblico. La moderazione formale del testo aveva quindi un obiettivo chiaro: non si trattava di un cambiamento ideologico, ma di un inganno strategico. I massacri di Hamas, al pi\u00f9 tardi nell&#8217;ottobre del 2023, lo hanno dimostrato al mondo intero&#8221;.      <\/p>\n\n<h2 class=\"wp-block-heading\"><strong>Finanziamento<\/strong><\/h2>\n\n<p>Dal momento che Hamas governa Gaza da solo dal 2007, il denaro \u00e8 stato eluso dalla popolazione. Gli stipendi dell&#8217;apparato amministrativo sono pagati dall&#8217;Emirato del Qatar, mentre gli ospedali sono finanziati da organizzazioni umanitarie internazionali come la Mezzaluna Rossa. Le scuole e alcune cliniche sono pagate dall&#8217;UNRWA. Nelle scuole, ai bambini viene inculcato l&#8217;odio verso Israele e gli ebrei fin dalla pi\u00f9 tenera et\u00e0. ((LINK UNRWA interno))    <\/p>\n\n<p>Si dice che solo l&#8217;Iran abbia dato ad Hamas <a href=\"https:\/\/twitter.com\/MEMRIReports\/status\/1719778580551336359\">miliardi di dollari<\/a>. Hamas ha utilizzato il denaro per costruire ed espandere il suo <a href=\"https:\/\/www.idf.il\/en\/mini-sites\/the-hamas-terrorist-organization\/everything-you-need-to-know-about-hamas-underground-city-of-terror\/\">sistema di tunnel<\/a> e il suo <a href=\"https:\/\/www.idf.il\/en\/mini-sites\/the-hamas-terrorist-organization\/#arsenal\">arsenale di armi<\/a>. <\/p>\n\n<p>Secondo le stime, le organizzazioni terroristiche della Striscia di Gaza disponevano di un arsenale di oltre 10.000 razzi prima del 2023. Sebbene la maggior parte di questi razzi sia considerata a corto raggio, con una gittata fino a 20 chilometri, Hamas dispone anche di centinaia o migliaia di razzi a medio raggio diretti verso il centro di Israele. Oltre all&#8217;arsenale di razzi, Hamas ha accesso a una vasta gamma di altre armi come fucili d&#8217;assalto, armi leggere, ordigni esplosivi, bazooka, granate, mine, droni, missili anticarro e altro ancora. Anche i droni da osservazione e da attacco fanno parte dell&#8217;arsenale.   <\/p>\n\n<h2 class=\"wp-block-heading\"><strong>La storia<\/strong><\/h2>\n\n<p>L&#8217;ideologia di Hamas \u00e8 radicata in quella dei <a href=\"https:\/\/www.nzz.ch\/feuilleton\/hamas-ist-von-hitler-inspiriert-ld.1761991?reduced=true\">Fratelli Musulmani, fondati in Egitto nel 1928 , che condividono con i nazisti l&#8217;odio per gli ebrei e le fantasie di sterminio<\/a>.<\/p>\n\n<p>Nel 1987, dopo lo scoppio della prima intifada, Hamas viene fondato a Gaza City. Nel 2006 &#8211; un anno dopo il ritiro completo di Israele da Gaza &#8211; vince le elezioni parlamentari nei territori autonomi palestinesi. Nascono tensioni con l&#8217;Autorit\u00e0 Palestinese.  <\/p>\n\n<p>Nel 2007, Hamas prende il controllo di Gaza con la forza. Si verifica una rottura con l&#8217;Autorit\u00e0 Palestinese. 600 palestinesi vengono uccisi negli scontri.  <\/p>\n\n<figure class=\"wp-block-embed is-type-video is-provider-youtube wp-block-embed-youtube wp-embed-aspect-16-9 wp-has-aspect-ratio\"><div class=\"wp-block-embed__wrapper\">\n<iframe loading=\"lazy\" title=\"Hamas: Die Erschaffung eines Monsters | ARTE Reportage\" width=\"500\" height=\"281\" src=\"https:\/\/www.youtube.com\/embed\/ah8q-bwcVys?feature=oembed\" frameborder=\"0\" allow=\"accelerometer; autoplay; clipboard-write; encrypted-media; gyroscope; picture-in-picture; web-share\" referrerpolicy=\"strict-origin-when-cross-origin\" allowfullscreen><\/iframe>\n<\/div><\/figure>\n","protected":false},"excerpt":{"rendered":"<p>Il 7 ottobre 2023, l&#8217;organizzazione terroristica islamica palestinese Hamas ha massacrato oltre 1.300 persone nel sud di Israele e ha rapito pi\u00f9 di 200 ostaggi a Gaza. Donne, uomini, anziani, bambini e persino neonati sono stati uccisi, violentati, mutilati, decapitati e dati alle fiamme nei modi pi\u00f9 crudeli. Pochi giorni dopo, il funzionario di Hamas [&hellip;]<\/p>\n","protected":false},"author":2,"featured_media":4041,"parent":3967,"menu_order":0,"comment_status":"closed","ping_status":"closed","template":"","meta":{"_hide_socialbar":"","footnotes":""},"categories":[],"tags":[638,688],"class_list":["post-4040","page","type-page","status-publish","has-post-thumbnail","hentry","tag-hamas-it","tag-organizzazioni-terroristiche"],"aioseo_notices":[],"_links":{"self":[{"href":"https:\/\/fokusisrael.ch\/it\/wp-json\/wp\/v2\/pages\/4040","targetHints":{"allow":["GET"]}}],"collection":[{"href":"https:\/\/fokusisrael.ch\/it\/wp-json\/wp\/v2\/pages"}],"about":[{"href":"https:\/\/fokusisrael.ch\/it\/wp-json\/wp\/v2\/types\/page"}],"author":[{"embeddable":true,"href":"https:\/\/fokusisrael.ch\/it\/wp-json\/wp\/v2\/users\/2"}],"replies":[{"embeddable":true,"href":"https:\/\/fokusisrael.ch\/it\/wp-json\/wp\/v2\/comments?post=4040"}],"version-history":[{"count":3,"href":"https:\/\/fokusisrael.ch\/it\/wp-json\/wp\/v2\/pages\/4040\/revisions"}],"predecessor-version":[{"id":5376,"href":"https:\/\/fokusisrael.ch\/it\/wp-json\/wp\/v2\/pages\/4040\/revisions\/5376"}],"up":[{"embeddable":true,"href":"https:\/\/fokusisrael.ch\/it\/wp-json\/wp\/v2\/pages\/3967"}],"wp:featuredmedia":[{"embeddable":true,"href":"https:\/\/fokusisrael.ch\/it\/wp-json\/wp\/v2\/media\/4041"}],"wp:attachment":[{"href":"https:\/\/fokusisrael.ch\/it\/wp-json\/wp\/v2\/media?parent=4040"}],"wp:term":[{"taxonomy":"category","embeddable":true,"href":"https:\/\/fokusisrael.ch\/it\/wp-json\/wp\/v2\/categories?post=4040"},{"taxonomy":"post_tag","embeddable":true,"href":"https:\/\/fokusisrael.ch\/it\/wp-json\/wp\/v2\/tags?post=4040"}],"curies":[{"name":"wp","href":"https:\/\/api.w.org\/{rel}","templated":true}]}}