{"id":4032,"date":"2023-12-23T21:22:00","date_gmt":"2023-12-23T20:22:00","guid":{"rendered":"https:\/\/fokusisrael.ch\/?page_id=4032"},"modified":"2025-10-15T13:36:12","modified_gmt":"2025-10-15T11:36:12","slug":"storia-del-medio-oriente-e-di-israele","status":"publish","type":"page","link":"https:\/\/fokusisrael.ch\/it\/israele-e-il-medio-oriente\/storia-del-medio-oriente-e-di-israele\/","title":{"rendered":"Storia del Medio Oriente e di Israele"},"content":{"rendered":"\n<h2 class=\"wp-block-heading\">Asserzione<\/h2>\n\n<p>&#8220;I palestinesi sono i discendenti dei cananei, che vivevano in Palestina circa 5.000 anni fa e vi abitano ancora oggi&#8221;. Questo \u00e8 quanto ha affermato <a href=\"https:\/\/www.timesofisrael.com\/liveblog_entry\/abbas-says-palestinians-are-the-descendants-of-canaanites\/\" target=\"_blank\" rel=\"noreferrer noopener\">Mahmoud Abbas, capo dell&#8217;Autorit\u00e0 Palestinese, al Consiglio di Sicurezza delle Nazioni Unite nel 2018<\/a>. <\/p>\n\n<figure class=\"wp-block-image size-full\"><img loading=\"lazy\" decoding=\"async\" width=\"1024\" height=\"600\" src=\"https:\/\/fokusisrael.ch\/wp-content\/uploads\/2025\/03\/neal-e-johnson-U5hQ0ysw76U-unsplash.jpg\" alt=\"Vista della Citt&#xE0; Vecchia di Gerusalemme con la Cupola della Roccia\" class=\"wp-image-833\" srcset=\"https:\/\/fokusisrael.ch\/wp-content\/uploads\/2025\/03\/neal-e-johnson-U5hQ0ysw76U-unsplash.jpg 1024w, https:\/\/fokusisrael.ch\/wp-content\/uploads\/2025\/03\/neal-e-johnson-U5hQ0ysw76U-unsplash-300x176.jpg 300w, https:\/\/fokusisrael.ch\/wp-content\/uploads\/2025\/03\/neal-e-johnson-U5hQ0ysw76U-unsplash-768x450.jpg 768w\" sizes=\"auto, (max-width: 1024px) 100vw, 1024px\" \/><figcaption class=\"wp-element-caption\">Vista della Citt\u00e0 Vecchia di Gerusalemme con la Cupola della Roccia <span class=\"image-meta\">&copy;<a href=\"https:\/\/unsplash.com\/de\/@neal_johnson?utm_content=creditCopyText&#038;utm_medium=referral&#038;utm_source=unsplash\" target=\"_blank\" rel=\"noopener\">Neal E. Johnson<\/a> <a href=\"https:\/\/unsplash.com\/de\/fotos\/blick-auf-die-altstadt-von-jerusalem-mit-dem-felsendom-U5hQ0ysw76U?utm_content=creditCopyText&#038;utm_medium=referral&#038;utm_source=unsplash\" target=\"_blank\" rel=\"noopener\">Unsplash<\/a><\/span><\/figcaption><\/figure>\n\n<h2 class=\"wp-block-heading\">I fatti<\/h2>\n\n<p>Il mito dell&#8217;origine cananea ha fondato la rivendicazione dei palestinesi sul territorio della Palestina storica, ovvero il territorio dell&#8217;attuale Stato di Israele, della Striscia di Gaza e della Cisgiordania, oltre a parti della Siria, del Libano e della Giordania. Secondo questo mito, gli antenati dei palestinesi erano trib\u00f9 che migrarono dalla Penisola Arabica verso le aree dell&#8217;attuale Siria, Libano, Iraq settentrionale, Giordania e Israele, dove crearono una lingua e una cultura cananea. <\/p>\n\n<p>\u00c8 ben documentato che gli ebrei sono di casa nella regione fin dalla tarda et\u00e0 del bronzo. L&#8217;inizio della storia ebraica in quest&#8217;area pu\u00f2 essere datato intorno al 1300 a.C., mentre la lingua e la cultura araba si diffusero dalla Penisola Arabica all&#8217;allora Palestina cristiana e bizantina solo nel VII secolo d.C. con la nascita dell&#8217;Islam. <\/p>\n\n<p>Inoltre, le affermazioni che si riferiscono a un periodo di 5.000 anni fa non sono solo irrilevanti dal punto di vista legale, ma anche da quello politico.<\/p>\n\n<h3 class=\"wp-block-heading\">Ulteriori informazioni<\/h3>\n\n<p>La storia ci dice che la lingua e la cultura araba si espansero solo nel VII secolo d.C., ma lo fecero rapidamente. Solo pochi anni dopo la morte del Profeta Maometto (632 d.C.), gli Arabi avevano portato gran parte del mondo mediterraneo e dell&#8217;Oriente sotto il dominio dell&#8217;Islam da Medina. <br \/><br \/>La genetica ci dice che il gruppo di popolazione del Levante meridionale, la Palestina storica, a cui i testi biblici si riferiscono come Cananei, pu\u00f2 essere ricondotto geneticamente a due origini:<\/p>\n\n<p>&#8211; Persone che vivevano originariamente nella regione<\/p>\n\n<p>&#8211; Persone che si sono trasferite dalla regione del Caucaso\/Montagne Zagros<\/p>\n\n<p>Entrambi i gruppi di popolazione si mescolarono in proporzioni pi\u00f9 o meno uguali. Le persone imparentate con questi individui hanno contribuito a tutte le popolazioni levantine di oggi. Sono quindi anche gli antenati degli odierni ebrei. (Vedi lo studio di analisi genetica <a href=\"https:\/\/www.sciencedirect.com\/science\/article\/pii\/S0092867420304876\" target=\"_blank\" rel=\"noreferrer noopener\">&#8220;The Genomic History of the Bronze Age Southern Levant&#8221; (La storia genomica del Levante meridionale dell&#8217;Et\u00e0 del Bronzo),<\/a> pubblicato nel 2020 sulla famosa rivista &#8220;Cell&#8221;).     <\/p>\n\n<h2 class=\"wp-block-heading\">Asserzione<\/h2>\n\n<p>La fondazione di Israele nel 1948 port\u00f2 all&#8217;espulsione dei palestinesi, la Nakba, che si traduce approssimativamente come catastrofe.<\/p>\n\n<h2 class=\"wp-block-heading\">I fatti<\/h2>\n\n<p>Questa narrazione capovolge la verit\u00e0. Fu la guerra di aggressione degli eserciti arabi contro il neonato Stato di Israele a far s\u00ec che circa 700.000 &#8211; 750.000 arabi abbandonassero l&#8217;area, fuggendo o venendo espulsi. Altri rimasero e divennero israeliani. I rifugiati non furono integrati dai paesi arabi confinanti, ma ospitati in modo permanente nei campi. D&#8217;altra parte, circa <a href=\"https:\/\/www.nzz.ch\/international\/zweierlei-vertreibungen-zweierlei-integration-ld.1471990?reduced=true\" target=\"_blank\" rel=\"noreferrer noopener\">900.000 ebrei sono stati espulsi dagli Stati arabi<\/a> dal 1948.    <br \/><\/p>\n\n<h3 class=\"wp-block-heading\">Ulteriori informazioni<\/h3>\n\n<p>La guerra di aggressione araba del 1948 non \u00e8 stata solo la causa dell&#8217;espulsione e della fuga di 700.000-750.000 arabi dall&#8217;area che oggi \u00e8 Israele, ma \u00e8 anche il motivo per cui non \u00e8 stato fondato lo stato arabo previsto dalle Nazioni Unite in Cisgiordania e a Gaza.<br \/><br \/>Gli eserciti regolari degli stati arabi di Egitto, Siria, Libano, Giordania e Iraq lanciarono la guerra di aggressione poco dopo la mezzanotte del 15 maggio, poche ore dopo che David Ben Gurion aveva annunciato la fondazione di Israele il 14 maggio. La guerra dur\u00f2 circa un anno. Israele vinse nettamente la guerra e ampli\u00f2 il suo territorio di un terzo rispetto al piano di spartizione delle Nazioni Unite del novembre 1947.   <br \/><br \/>Il piano di spartizione delle Nazioni Unite prevedeva la creazione di uno Stato ebraico sul 56% del territorio del Mandato britannico a ovest del fiume Giordano e di uno Stato arabo sul 43%. (L&#8217;attuale Giordania, a est del fiume Giordano, era gi\u00e0 stata separata dal territorio originario del Mandato britannico nel 1923). <br \/><br \/>Secondo il piano di spartizione, Gerusalemme doveva essere amministrata come &#8220;zona internazionale&#8221;. Il nuovo Stato ebraico e il nuovo Stato arabo dovevano formare un&#8217;unione economica e dovevano avere una costituzione democratica. <br \/><br \/>La parte ebraica accett\u00f2 il piano, la parte araba lo rifiut\u00f2.<\/p>\n\n<h2 class=\"wp-block-heading\">Asserzione<\/h2>\n\n<p>L&#8217;attacco alla neonata Israele \u00e8 stato guidato dall&#8217;odio verso gli ebrei.<\/p>\n\n<h2 class=\"wp-block-heading\">I fatti<\/h2>\n\n<p>Questa affermazione \u00e8 corretta. L&#8217;odio per gli ebrei \u00e8 sempre stato parte integrante dell&#8217;Islam (vedi il capitolo <a href=\"\/it\/?page_id=3614\">&#8220;La persecuzione degli ebrei da Maometto ai giorni nostri&#8221;)<\/a>. Uno dei <a href=\"https:\/\/www.mena-watch.com\/was-geschah-am-nakba-tag-tatsaechlich\/\" target=\"_blank\" rel=\"noreferrer noopener\">principali guerrafondai<\/a> contro il nuovo stato ebraico di Israele deciso dalle Nazioni Unite fu l&#8217;ex collaboratore nazista e inveterato odiatore degli ebrei <a href=\"https:\/\/www.spiegel.de\/geschichte\/hitlers-arabischer-freund-a-3361088e-0002-0001-0000-000065469611\" target=\"_blank\" rel=\"noreferrer noopener\">Haj Amin el-Husseini<\/a>, il Mufti di Gerusalemme. Anche i Fratelli Musulmani, fondati in Egitto nel 1928 e da cui Hamas \u00e8 emerso a Gaza nel 1987, hanno sostenuto con veemenza la distruzione di Israele. La Fratellanza Musulmana \u00e8 anche antisemita in tutto e per tutto. Fino al 1939, ha sostenuto con fondi il regime nazista in Germania, che perseguitava gli ebrei. Nel 1948, i Fratelli Musulmani erano il pi\u00f9 grande movimento di massa antiebraico del mondo, con oltre un milione di membri.      <\/p>\n\n<h3 class=\"wp-block-heading\">Ulteriori informazioni<\/h3>\n\n<p>Il Mufti di Gerusalemme godeva dello status di eroe in alcune parti della popolazione araba. Vedeva le Nazioni Unite come un&#8217;organizzazione dominata da &#8220;interessi imperialisti&#8221;. Vedeva la <a href=\"https:\/\/de.wikipedia.org\/wiki\/UN-Teilungsplan_f%C3%BCr_Pal%C3%A4stina\" target=\"_blank\" rel=\"noreferrer noopener\">risoluzione di spartizione delle Nazioni Unite del 1947<\/a> come una &#8220;cospirazione internazionale, portata avanti dagli americani, dai russi e dai britannici sotto l&#8217;influenza del sionismo&#8221;.  <br \/><br \/>I Fratelli Musulmani hanno creato &#8220;un&#8217;atmosfera in cui la guerra sembrava l&#8217;unica linea d&#8217;azione logica e naturale&#8221;, ha scritto lo storico del Medio Oriente Thomas Mayer. Nessun leader arabo poteva resistere a questo clima di guerra e allo stesso tempo sperare di rimanere in vita, tanto meno al potere. <br \/><br \/><a href=\"https:\/\/www.mena-watch.com\/warum-wurde-1948-kein-arabischer-staat-in-palaestina-gegruendet\/\" target=\"_blank\" rel=\"noreferrer noopener\">Tuttavia, la Lega Araba si oppose ripetutamente a un&#8217;invasione da parte di eserciti arabi regolari<\/a>. &#8220;Non penseremo mai di entrare in una guerra ufficiale&#8221;, dichiar\u00f2 il generale Muhammad Haidar, ministro della difesa egiziano, all&#8217;inizio del maggio 1948. <br \/><br \/>Tuttavia, il 12 maggio 1948, l&#8217;Egitto, lo stato pi\u00f9 importante del mondo arabo, cedette alle pressioni della strada. Tre giorni dopo inizi\u00f2 l&#8217;invasione degli eserciti arabi con le ben note conseguenze catastrofiche per gli ebrei e gli arabi che vivevano in territorio israeliano. <br \/><br \/>Oggi, singoli attori arabi mettono in discussione la decisione sbagliata del 1948. Ad esempio, Nabil &#8216;Amr, ex ministro dell&#8217;Autorit\u00e0 Palestinese. &#8220;Sette decenni dopo che gli arabi e i palestinesi hanno rifiutato il piano di spartizione, ci si chiede se abbiano fatto la cosa giusta o sbagliata&#8221;, ha scritto nell&#8217;aprile 2019.  <\/p>\n\n<h2 class=\"wp-block-heading\">Asserzione<\/h2>\n\n<p>La Palestina storica del 1917 \u00e8 stata ridotta passo dopo passo a seguito dei &#8220;compromessi&#8221; del 1937, del 1947 e del 1967, fino a quando, nel 2020, sono rimaste solo piccole aree disarticolate. I palestinesi stanno pagando un prezzo immenso per la creazione e la crescita di Israele. Il leader palestinese Mahmoud Abbas ha mostrato cinque mappe al Consiglio di Sicurezza delle Nazioni Unite nel febbraio 2020 per dimostrare come la Palestina sia stata gradualmente sottratta ai palestinesi.  <\/p>\n\n<h2 class=\"wp-block-heading\">I fatti<\/h2>\n\n<p>Il grafico di Mahmoud Abbas circola da anni nei media e persino nelle universit\u00e0. Ma \u00e8 <a href=\"https:\/\/katapult-magazin.de\/de\/artikel\/wie-eine-karte-die-geschichte-des-israel-palaestina-konfliktes-verfaelscht\" target=\"_blank\" rel=\"noreferrer noopener\">falsa e manipolativa<\/a>. In primo luogo, le mappe suggeriscono che nel 1917 esisteva uno stato sovrano di &#8220;Palestina&#8221;. In realt\u00e0, la Palestina indipendente non \u00e8 mai esistita fino ad oggi. Questo \u00e8 in contrasto con gli stati ebraici in Giudea e Samaria (l&#8217;attuale Cisgiordania), che sono stati abitati dagli ebrei fin dai tempi biblici e sono stati sede dei regni di Giuda e Israele.    <\/p>\n\n<h3 class=\"wp-block-heading\">Ulteriori informazioni<\/h3>\n\n<p>Gli stati ebraici di Giuda e Israele furono poi conquistati da babilonesi, assiri, persiani, greci, romani, arabi, crociati, mongoli e turchi. Dopo circa 400 anni di dominio ottomano, nel 1918 il Levante meridionale divenne una colonia della Gran Bretagna, che vi stabil\u00ec il Mandato di Palestina. <br \/><br \/>Furono i Romani che, dopo aver conquistato i regni ebraici di Giuda e Israele nel 70 d.C., li ribattezzarono &#8220;Palestina&#8221;. Questo per cancellare il legame degli ebrei con la regione di Giuda e Israele. <br \/><br \/>Inoltre, il grafico di Abbas ignora completamente il fatto che la regione della Palestina originariamente non <a href=\"https:\/\/de.wikipedia.org\/wiki\/Transjordanien\" target=\"_blank\" rel=\"noreferrer noopener\">comprendeva solo il territorio dell&#8217;attuale Israele, Gaza e Cisgiordania, ma anche l &#8216;attuale Giordania, a est del fiume Giordano<\/a>. Con i suoi 98.400 chilometri quadrati, quest&#8217;area costituiva circa il 75% della Palestina e divenne il territorio autonomo della Transgiordania nel 1921 su istigazione degli inglesi. <br \/><br \/>Nel 1946 fu proclamato lo stato arabo-palestinese indipendente della Transgiordania, mentre i territori che coprivano meno di 33.000 chilometri quadrati, ovvero circa il 25% del territorio palestinese a ovest del fiume Giordano, furono riservati agli insediamenti ebraici e al futuro stato ebraico.<br \/><br \/>Con la spartizione della Palestina occidentale in base al <a href=\"https:\/\/de.wikipedia.org\/wiki\/UN-Teilungsplan_f%C3%BCr_Pal%C3%A4stina\" target=\"_blank\" rel=\"noreferrer noopener\">Piano di spartizione delle Nazioni Unite<\/a> del 1947, il territorio ebraico fu limitato a circa il 56% della Palestina occidentale. Questo corrisponde a circa il 14% dell&#8217;area totale del Mandato britannico originale della Palestina. L&#8217;86% del territorio del Mandato and\u00f2 agli arabi. Il piano di spartizione delle Nazioni Unite non favor\u00ec quindi gli ebrei rispetto agli arabi, come spesso viene falsamente affermato.   <\/p>\n\n<h4 class=\"wp-block-heading\">Anche la parte ebraica era sempre disposta a scendere a compromessi<\/h4>\n\n<p>Ha offerto ai palestinesi il loro Stato per cinque volte. Ma per cinque volte hanno rifiutato e hanno preferito espellere tutti gli ebrei.   <\/p>\n\n<p>1936  <br \/>https:\/\/de.wikipedia.org\/wiki\/Peel-Kommission <br \/> <br \/>1947  <br \/>https:\/\/en.wikipedia.org\/wiki\/United_Nations_Partition_Plan_for_Palestine <br \/> <br \/>1949  <br \/>https:\/\/de.wikipedia.org\/wiki\/Ost-Jerusalem_unter_jordanischer_Besatzung <br \/> <br \/>Guerra dei 6 giorni del 1967  <br \/>https:\/\/de.wikipedia.org\/wiki\/Sechstagekrieg <br \/> <br \/>Vertice arabo del 1967 in Sudan  <br \/>https:\/\/en.wikipedia.org\/wiki\/1967_Arab_League_summit <br \/> <br \/>2000 Ehud Barak  <br \/>https:\/\/de.wikipedia.org\/wiki\/Camp_David_II <br \/> <br \/>2008 Ehud Olmert  <br \/><a href=\"https:\/\/www.mena-watch.com\/friedensplan\" target=\"_blank\" rel=\"noreferrer noopener\">https:\/\/www.mena-watch.c<\/a><a href=\"https:\/\/www.mena-watch.com\/friedensplan-2008-olmert-bot-abbas-mehr-als-100-der-westbank-an\/\">piano om\/peace <\/a> <\/p>\n","protected":false},"excerpt":{"rendered":"<p>Asserzione &#8220;I palestinesi sono i discendenti dei cananei, che vivevano in Palestina circa 5.000 anni fa e vi abitano ancora oggi&#8221;. Questo \u00e8 quanto ha affermato Mahmoud Abbas, capo dell&#8217;Autorit\u00e0 Palestinese, al Consiglio di Sicurezza delle Nazioni Unite nel 2018. I fatti Il mito dell&#8217;origine cananea ha fondato la rivendicazione dei palestinesi sul territorio della [&hellip;]<\/p>\n","protected":false},"author":2,"featured_media":4033,"parent":3783,"menu_order":0,"comment_status":"closed","ping_status":"closed","template":"","meta":{"_hide_socialbar":"","footnotes":""},"categories":[],"tags":[647,678],"class_list":["post-4032","page","type-page","status-publish","has-post-thumbnail","hentry","tag-israele","tag-medio-oriente"],"aioseo_notices":[],"_links":{"self":[{"href":"https:\/\/fokusisrael.ch\/it\/wp-json\/wp\/v2\/pages\/4032","targetHints":{"allow":["GET"]}}],"collection":[{"href":"https:\/\/fokusisrael.ch\/it\/wp-json\/wp\/v2\/pages"}],"about":[{"href":"https:\/\/fokusisrael.ch\/it\/wp-json\/wp\/v2\/types\/page"}],"author":[{"embeddable":true,"href":"https:\/\/fokusisrael.ch\/it\/wp-json\/wp\/v2\/users\/2"}],"replies":[{"embeddable":true,"href":"https:\/\/fokusisrael.ch\/it\/wp-json\/wp\/v2\/comments?post=4032"}],"version-history":[{"count":3,"href":"https:\/\/fokusisrael.ch\/it\/wp-json\/wp\/v2\/pages\/4032\/revisions"}],"predecessor-version":[{"id":5374,"href":"https:\/\/fokusisrael.ch\/it\/wp-json\/wp\/v2\/pages\/4032\/revisions\/5374"}],"up":[{"embeddable":true,"href":"https:\/\/fokusisrael.ch\/it\/wp-json\/wp\/v2\/pages\/3783"}],"wp:featuredmedia":[{"embeddable":true,"href":"https:\/\/fokusisrael.ch\/it\/wp-json\/wp\/v2\/media\/4033"}],"wp:attachment":[{"href":"https:\/\/fokusisrael.ch\/it\/wp-json\/wp\/v2\/media?parent=4032"}],"wp:term":[{"taxonomy":"category","embeddable":true,"href":"https:\/\/fokusisrael.ch\/it\/wp-json\/wp\/v2\/categories?post=4032"},{"taxonomy":"post_tag","embeddable":true,"href":"https:\/\/fokusisrael.ch\/it\/wp-json\/wp\/v2\/tags?post=4032"}],"curies":[{"name":"wp","href":"https:\/\/api.w.org\/{rel}","templated":true}]}}