{"id":4026,"date":"2023-12-23T12:11:00","date_gmt":"2023-12-23T11:11:00","guid":{"rendered":"https:\/\/fokusisrael.ch\/?page_id=4026"},"modified":"2025-10-15T13:36:34","modified_gmt":"2025-10-15T11:36:34","slug":"onu-uniti-contro-israele-con-il-sostegno-della-svizzera","status":"publish","type":"page","link":"https:\/\/fokusisrael.ch\/it\/israele-lonu-e-la-svizzera\/onu-uniti-contro-israele-con-il-sostegno-della-svizzera\/","title":{"rendered":"ONU: Uniti contro Israele con il sostegno della Svizzera"},"content":{"rendered":"\n<h2 class=\"wp-block-heading\">Asserzione<\/h2>\n\n<p>Con i suoi 193 membri, l&#8217;Organizzazione delle Nazioni Unite (ONU) \u00e8 l&#8217;organismo pi\u00f9 importante della comunit\u00e0 globale degli Stati. Sulla carta, si impegna all&#8217;imparzialit\u00e0. <\/p>\n\n<h2 class=\"wp-block-heading\">Fatti<\/h2>\n\n<p>La realt\u00e0 \u00e8 diversa: L&#8217;ONU \u00e8 stata caratterizzata da decenni da una posizione massicciamente anti-israeliana. Nessun altro stato al mondo viene denunciato dalle Nazioni Unite per violazioni dei diritti umani pi\u00f9 frequentemente di Israele, l&#8217;unica democrazia del Medio Oriente. E la Svizzera ha tollerato e sostenuto questa pratica discutibile per decenni. In passato, tuttavia, l&#8217;ONU ha mostrato scarso interesse per il comportamento del suo personale che lavora per i rifugiati palestinesi. Questo nonostante le indagini abbiano dimostrato che sia l&#8217;<a href=\"\/it\/?page_id=4019\">UNRWA<\/a>, l&#8217;organizzazione delle Nazioni Unite che si occupa dei rifugiati palestinesi, sia le ONG private che lavorano per i palestinesi sono spesso infiltrate da membri delle organizzazioni terroristiche palestinesi e sono controllate da queste ultime dietro le quinte.    <br \/><\/p>\n\n<p>Alla fine di ottobre 2023, pochi giorni dopo l&#8217;attacco terroristico di Hamas, il pi\u00f9 grande pogrom contro gli ebrei dalla Seconda Guerra Mondiale, l&#8217;<a href=\"https:\/\/de.wikipedia.org\/wiki\/Generalversammlung_der_Vereinten_Nationen\" target=\"_blank\" rel=\"noreferrer noopener\">Assemblea Generale delle Nazioni Unite<\/a> chiede un cessate il fuoco immediato a Gaza, mettendo in discussione il diritto di Israele all&#8217;autodifesa. L&#8217;attacco di Hamas e le atrocit\u00e0 che hanno scatenato la guerra non vengono citati. Solo 14 paesi hanno votato contro la risoluzione, tra cui Stati Uniti, Austria, Ungheria, Repubblica Ceca e Croazia. La Svizzera sostiene la risoluzione.   <br \/><br \/>Anche in passato la Svizzera ha regolarmente sostenuto il comportamento unilaterale e anti-israeliano dell&#8217;Assemblea Generale delle Nazioni Unite. Nel 2023 (al 10 novembre), <a href=\"https:\/\/unwatch.org\/2023-unga-resolutions-on-israel-vs-rest-of-the-world\/\" target=\"_blank\" rel=\"noreferrer noopener\">14 risoluzioni<\/a> erano rivolte contro Israele e solo 7 contro gli Stati del resto del mondo. Cosa ha fatto la Svizzera? Ha votato a favore di tutte le risoluzioni anti-israeliane o si \u00e8 astenuta dal voto.   <br \/><br \/>Le cifre per il 2022 dipingono un quadro simile: <a href=\"https:\/\/unwatch.org\/2022-2023-unga-resolutions-on-israel-vs-rest-of-the-world\/\" target=\"_blank\" rel=\"noreferrer noopener\">15 risoluzioni<\/a> contro Israele, solo una contro Afghanistan, Corea del Nord, Iran e Siria e nemmeno una contro Russia, Cina, Qatar e Arabia Saudita, Stati che violano continuamente i diritti umani nel modo pi\u00f9 grave. Anche in questo caso, la Svizzera vota a favore delle risoluzioni o si astiene dal voto. <br \/><br \/>Secondo UN Watch, tra il 2015 e il 2022 <a href=\"https:\/\/unwatch.org\/2022-2023-unga-resolutions-on-israel-vs-rest-of-the-world\/\" target=\"_blank\" rel=\"noreferrer noopener\">140 risoluzioni<\/a> sono state rivolte a Israele, mentre 68 sono state rivolte al resto del mondo. Si dice che l&#8217;unica democrazia del Medio Oriente abbia violato i diritti umani due volte pi\u00f9 spesso di tutti gli altri Stati messi insieme. <br \/><br \/>In un&#8217;<a href=\"https:\/\/www.parlament.ch\/de\/ratsbetrieb\/suche-curia-vista\/geschaeft?AffairId=20204143\" target=\"_blank\" rel=\"noreferrer noopener\">interpellanza del 2020<\/a>, <a href=\"https:\/\/de.wikipedia.org\/wiki\/Marianne_Binder-Keller\" target=\"_blank\" rel=\"noreferrer noopener\">Marianne Binder-Keller<\/a>, consigliera nazionale del Partito di Centro, ha chiesto di sapere quali conseguenze la Svizzera tragga dalla pratica di condanna unilaterale dell&#8217;ONU nei confronti di Israele, soprattutto perch\u00e9 <a href=\"https:\/\/www.eda.admin.ch\/eda\/de\/home.html\" target=\"_blank\" rel=\"noreferrer noopener\">il DFAE<\/a> ha confermato nel <a href=\"https:\/\/www.parlament.ch\/de\/ratsbetrieb\/suche-curia-vista\/geschaeft?AffairId=20205417\" target=\"_blank\" rel=\"noreferrer noopener\">20.5417<\/a> che queste condanne erano &#8220;sorprendentemente alte rispetto ad altri paesi&#8221;, come ha scritto. L&#8217;interpellanza \u00e8 stata cancellata nel novembre 2022 &#8220;perch\u00e9 non \u00e8 stata trattata in modo definitivo dal Consiglio entro due anni&#8221;. <br \/><br \/>Tuttavia, l&#8217;Assemblea Generale delle Nazioni Unite non \u00e8 affatto l&#8217;unico organo che da anni demonizza Israele. Da quando \u00e8 stato fondato nel 2006, il Consiglio per i Diritti Umani delle Nazioni Unite, con sede a Ginevra, ha approvato pi\u00f9 <a href=\"https:\/\/unwatch.org\/hillel-neuer-testifies-before-u-s-congress-on-u-n-antisemitism\/\" target=\"_blank\" rel=\"noreferrer noopener\">risoluzioni su Israele<\/a> (104) che su qualsiasi altro paese al mondo, e pi\u00f9 di quelle su Iran, Siria e Corea del Nord messe insieme. <br \/><br \/>Il Consiglio per i diritti umani comprende attualmente disprezzatori dei diritti umani come <a href=\"https:\/\/www.kas.de\/de\/web\/multilateraler-dialog-genf\/map-of-the-month\/detail\/-\/content\/zentrale-abstimmungen-waehrend-des-54-un-menschenrechtsrates-sowie-neue-zusammensetzung-ab-2024\" target=\"_blank\" rel=\"noreferrer noopener\">Cina, Kazakistan, Qatar, Somalia e Sudan<\/a>. L&#8217;Iran, invece, \u00e8 stato eletto a presiedere un forum sociale del Consiglio il 1\u00b0 novembre 2023 &#8211; un regime che calpesta i diritti umani, soprattutto quelli di donne e ragazze, ed \u00e8 la mente dietro l&#8217;attacco terroristico a Israele del 7 ottobre 2023.   <br \/><br \/>La demonizzazione di Israele fa parte anche dell&#8217;agenda del Consiglio per i Diritti Umani delle Nazioni Unite. Appena un anno dopo la fondazione del Consiglio, \u00e8 stata introdotta un&#8217;agenda fissa, in base alla quale la &#8220;situazione dei diritti umani in Palestina e negli altri territori arabi occupati&#8221; deve essere discussa ogni volta al <a href=\"https:\/\/unwatch.org\/item7\/\" target=\"_blank\" rel=\"noreferrer noopener\">punto 7 dell&#8217;agenda<\/a>. Non esiste un punto all&#8217;ordine del giorno analogo per nessun&#8217;altra area di conflitto. Di conseguenza, Israele viene spesso condannato. La Svizzera non si oppone a questa pratica.    <br \/><br \/>Nel 2017, l&#8217;allora consigliere nazionale del PLR <a href=\"https:\/\/www.parlament.ch\/de\/ratsbetrieb\/suche-curia-vista\/geschaeft?AffairId=20173819\" target=\"_blank\" rel=\"noreferrer noopener\">Hans-Ulrich Bigler<\/a> ha chiesto in una mozione che la Svizzera si impegni per abolire questa disparit\u00e0 di trattamento. La Federazione svizzera delle comunit\u00e0 ebraiche (SIG) ha appoggiato la richiesta. <a href=\"https:\/\/www.parlament.ch\/poly\/Abstimmung\/50\/out\/vote_50_17024.pdf\" target=\"_blank\" rel=\"noreferrer noopener\">Il Consiglio Nazionale ha respinto la mozione con 106 voti contro 77<\/a>, soprattutto grazie all&#8217;ala sinistra del Consiglio, che ha votato quasi all&#8217;unanimit\u00e0 contro. <br \/><br \/>In seguito alle atrocit\u00e0 commesse dall&#8217;organizzazione terroristica palestinese contro i civili israeliani il 7 ottobre 2023, il Consiglio nazionale ha inizialmente deciso nel dicembre 2023, su richiesta del suo membro David Zuberb\u00fchler (SVP), di cancellare il contributo svizzero di 20 milioni di franchi svizzeri all&#8217;Agenzia delle Nazioni Unite per il soccorso e l&#8217;occupazione dei palestinesi (UNRWA). Il motivo: l&#8217;UNRWA \u00e8 stata accusata di antisemitismo e di stretti legami con le organizzazioni terroristiche palestinesi in diverse occasioni in passato. Questo include anche una massiccia propaganda antisemita e anti-Israele nei libri di testo scolastici, finanziata con i fondi dell&#8217;UNRWA, compresi i soldi dei contribuenti svizzeri. Ci\u00f2 \u00e8 dovuto al fatto che molti dipendenti dell&#8217;UNRWA sono palestinesi (tali sovrapposizioni di personale non sono comuni nell&#8217;organizzazione gemella UNHCR, responsabile di tutti gli altri gruppi di rifugiati sostenuti dalle Nazioni Unite). Tuttavia, il Consiglio di Stato si \u00e8 opposto al taglio, tanto che \u00e8 stato annullato dalla conferenza dei due Consigli. Ora, in seguito all&#8217;iniziativa di David Zuberb\u00fchler, la cancellazione del sostegno all&#8217;UNRWA \u00e8 nuovamente in discussione. \u00c8 ormai di dominio pubblico che almeno dodici dipendenti dell&#8217;UNRWA sono stati coinvolti nel massacro di civili israeliani compiuto da Hamas il 7 ottobre 2023. Diversi altri Paesi hanno quindi gi\u00e0 sospeso il loro contributo all&#8217;UNRWA: Stati Uniti, Germania, Regno Unito, Italia, Paesi Bassi, Giappone, Finlandia, Australia e Canada.       <\/p>\n","protected":false},"excerpt":{"rendered":"<p>Asserzione Con i suoi 193 membri, l&#8217;Organizzazione delle Nazioni Unite (ONU) \u00e8 l&#8217;organismo pi\u00f9 importante della comunit\u00e0 globale degli Stati. Sulla carta, si impegna all&#8217;imparzialit\u00e0. Fatti La realt\u00e0 \u00e8 diversa: L&#8217;ONU \u00e8 stata caratterizzata da decenni da una posizione massicciamente anti-israeliana. Nessun altro stato al mondo viene denunciato dalle Nazioni Unite per violazioni dei diritti [&hellip;]<\/p>\n","protected":false},"author":2,"featured_media":3733,"parent":3732,"menu_order":0,"comment_status":"closed","ping_status":"closed","template":"","meta":{"_hide_socialbar":"","footnotes":""},"categories":[],"tags":[647,664,663],"class_list":["post-4026","page","type-page","status-publish","has-post-thumbnail","hentry","tag-israele","tag-onu-it","tag-svizzera"],"aioseo_notices":[],"_links":{"self":[{"href":"https:\/\/fokusisrael.ch\/it\/wp-json\/wp\/v2\/pages\/4026","targetHints":{"allow":["GET"]}}],"collection":[{"href":"https:\/\/fokusisrael.ch\/it\/wp-json\/wp\/v2\/pages"}],"about":[{"href":"https:\/\/fokusisrael.ch\/it\/wp-json\/wp\/v2\/types\/page"}],"author":[{"embeddable":true,"href":"https:\/\/fokusisrael.ch\/it\/wp-json\/wp\/v2\/users\/2"}],"replies":[{"embeddable":true,"href":"https:\/\/fokusisrael.ch\/it\/wp-json\/wp\/v2\/comments?post=4026"}],"version-history":[{"count":3,"href":"https:\/\/fokusisrael.ch\/it\/wp-json\/wp\/v2\/pages\/4026\/revisions"}],"predecessor-version":[{"id":5372,"href":"https:\/\/fokusisrael.ch\/it\/wp-json\/wp\/v2\/pages\/4026\/revisions\/5372"}],"up":[{"embeddable":true,"href":"https:\/\/fokusisrael.ch\/it\/wp-json\/wp\/v2\/pages\/3732"}],"wp:featuredmedia":[{"embeddable":true,"href":"https:\/\/fokusisrael.ch\/it\/wp-json\/wp\/v2\/media\/3733"}],"wp:attachment":[{"href":"https:\/\/fokusisrael.ch\/it\/wp-json\/wp\/v2\/media?parent=4026"}],"wp:term":[{"taxonomy":"category","embeddable":true,"href":"https:\/\/fokusisrael.ch\/it\/wp-json\/wp\/v2\/categories?post=4026"},{"taxonomy":"post_tag","embeddable":true,"href":"https:\/\/fokusisrael.ch\/it\/wp-json\/wp\/v2\/tags?post=4026"}],"curies":[{"name":"wp","href":"https:\/\/api.w.org\/{rel}","templated":true}]}}