{"id":3990,"date":"2024-01-09T07:09:00","date_gmt":"2024-01-09T06:09:00","guid":{"rendered":"https:\/\/fokusisrael.ch\/?page_id=3990"},"modified":"2025-10-15T13:35:56","modified_gmt":"2025-10-15T11:35:56","slug":"chi-siamo-e-cosa-vogliamo","status":"publish","type":"page","link":"https:\/\/fokusisrael.ch\/it\/chi-siamo-e-cosa-vogliamo\/","title":{"rendered":"Chi siamo e cosa vogliamo"},"content":{"rendered":"\n<p>FokusIsrael.ch \u00e8 un gruppo volontario e indipendente della Svizzera. \u00c8 guidato da Sacha Wigdorovits e da altre persone del settore dei media. Sacha Wigdorovits \u00e8 un ex giornalista (tra cui corrispondente dagli USA per la SonntagsZeitung e caporedattore del Blick), cofondatore del giornale per pendolari 20minuten e consulente di comunicazione.  <\/p>\n\n<p>L&#8217;obiettivo di FokusIsrael.ch \u00e8 quello di fornire informazioni su Israele e sul Medio Oriente, esponendo i fatti, evidenziando i collegamenti, fornendo risposte e rimandando ad articoli rilevanti sui media svizzeri e stranieri e sui social media.<\/p>\n\n<h2 class=\"wp-block-heading\">Combattiamo i miti e l&#8217;antisemitismo con i fatti<\/h2>\n\n<p>Su FokusIsrael.ch pubblichiamo i nostri contenuti, che integriamo con contenuti mediatici pertinenti. Inoltre, FokusIsrael.ch commenta i post antisemiti o che diffamano Israele con accuse non veritiere nelle colonne dei commenti e sulle piattaforme dei social media.   <\/p>\n\n<p>Per motivi di migliore leggibilit\u00e0, utilizziamo il maschile generico.  <br \/><br \/><strong>Responsabilit\u00e0 per i link<\/strong><br \/>I riferimenti e i link a siti web di terzi non rientrano nella nostra sfera di responsabilit\u00e0. Si declina ogni responsabilit\u00e0 per tali siti web. <br \/><br \/><strong>Copyright<\/strong><br \/>Il copyright e tutti gli altri diritti su contenuti, immagini, foto o altri file presenti sul sito appartengono esclusivamente ai titolari dei diritti specificatamente indicati. Per qualsiasi utilizzo \u00e8 necessario ottenere il consenso scritto del titolare del copyright. <\/p>\n","protected":false},"excerpt":{"rendered":"<p>FokusIsrael.ch \u00e8 un gruppo volontario e indipendente della Svizzera. \u00c8 guidato da Sacha Wigdorovits e da altre persone del settore dei media. Sacha Wigdorovits \u00e8 un ex giornalista (tra cui corrispondente dagli USA per la SonntagsZeitung e caporedattore del Blick), cofondatore del giornale per pendolari 20minuten e consulente di comunicazione. L&#8217;obiettivo di FokusIsrael.ch \u00e8 quello [&hellip;]<\/p>\n","protected":false},"author":2,"featured_media":0,"parent":0,"menu_order":0,"comment_status":"closed","ping_status":"closed","template":"","meta":{"_hide_socialbar":"","footnotes":""},"categories":[],"tags":[],"class_list":["post-3990","page","type-page","status-publish","hentry"],"aioseo_notices":[],"_links":{"self":[{"href":"https:\/\/fokusisrael.ch\/it\/wp-json\/wp\/v2\/pages\/3990","targetHints":{"allow":["GET"]}}],"collection":[{"href":"https:\/\/fokusisrael.ch\/it\/wp-json\/wp\/v2\/pages"}],"about":[{"href":"https:\/\/fokusisrael.ch\/it\/wp-json\/wp\/v2\/types\/page"}],"author":[{"embeddable":true,"href":"https:\/\/fokusisrael.ch\/it\/wp-json\/wp\/v2\/users\/2"}],"replies":[{"embeddable":true,"href":"https:\/\/fokusisrael.ch\/it\/wp-json\/wp\/v2\/comments?post=3990"}],"version-history":[{"count":3,"href":"https:\/\/fokusisrael.ch\/it\/wp-json\/wp\/v2\/pages\/3990\/revisions"}],"predecessor-version":[{"id":5367,"href":"https:\/\/fokusisrael.ch\/it\/wp-json\/wp\/v2\/pages\/3990\/revisions\/5367"}],"wp:attachment":[{"href":"https:\/\/fokusisrael.ch\/it\/wp-json\/wp\/v2\/media?parent=3990"}],"wp:term":[{"taxonomy":"category","embeddable":true,"href":"https:\/\/fokusisrael.ch\/it\/wp-json\/wp\/v2\/categories?post=3990"},{"taxonomy":"post_tag","embeddable":true,"href":"https:\/\/fokusisrael.ch\/it\/wp-json\/wp\/v2\/tags?post=3990"}],"curies":[{"name":"wp","href":"https:\/\/api.w.org\/{rel}","templated":true}]}}