{"id":3943,"date":"2024-01-09T10:41:00","date_gmt":"2024-01-09T09:41:00","guid":{"rendered":"https:\/\/fokusisrael.ch\/?page_id=3943"},"modified":"2025-10-15T13:36:12","modified_gmt":"2025-10-15T11:36:12","slug":"forze-di-difesa-israeliane-idf-le-loro-linee-guida-etiche-e-la-guerra-a-gaza","status":"publish","type":"page","link":"https:\/\/fokusisrael.ch\/it\/israele-e-il-medio-oriente\/forze-di-difesa-israeliane-idf-le-loro-linee-guida-etiche-e-la-guerra-a-gaza\/","title":{"rendered":"Forze di Difesa Israeliane IDF &#8211; le loro linee guida etiche e la guerra a Gaza"},"content":{"rendered":"\n<h2 class=\"wp-block-heading\">Asserzione<\/h2>\n\n<p>Israele sostiene che il suo esercito, l&#8217;IDF, sta commettendo un &#8220;genocidio&#8221; a Gaza e per questo ha incriminato lo Stato ebraico davanti alla Corte Internazionale di Giustizia (ICJ) dell&#8217;Aia.<\/p>\n\n<figure class=\"wp-block-image size-full\"><img loading=\"lazy\" decoding=\"async\" width=\"1024\" height=\"600\" src=\"https:\/\/fokusisrael.ch\/wp-content\/uploads\/2025\/03\/timon-studler-sjynUnr9ikA-unsplash-1.jpg\" alt=\"I soldati dell'IDF si affacciano sulla Cisgiordania\" class=\"wp-image-811\" srcset=\"https:\/\/fokusisrael.ch\/wp-content\/uploads\/2025\/03\/timon-studler-sjynUnr9ikA-unsplash-1.jpg 1024w, https:\/\/fokusisrael.ch\/wp-content\/uploads\/2025\/03\/timon-studler-sjynUnr9ikA-unsplash-1-300x176.jpg 300w, https:\/\/fokusisrael.ch\/wp-content\/uploads\/2025\/03\/timon-studler-sjynUnr9ikA-unsplash-1-768x450.jpg 768w\" sizes=\"auto, (max-width: 1024px) 100vw, 1024px\" \/><figcaption class=\"wp-element-caption\">I soldati dell&#8217;IDF si affacciano sulla Cisgiordania <span class=\"image-meta\">&copy; Solen Feyissa  Unsplash<\/span><\/figcaption><\/figure>\n\n<h2 class=\"wp-block-heading\">I fatti<\/h2>\n\n<p><a href=\"https:\/\/www.idf.il\/en\/mini-sites\/our-mission-our-values\/\" target=\"_blank\" rel=\"noreferrer noopener\">La missione<\/a> delle <a href=\"https:\/\/www.idf.il\/en\/mini-sites\/our-mission-our-values\/\" target=\"_blank\" rel=\"noreferrer noopener\">Forze di Difesa Israeliane (IDF)<\/a> (in ebraico Zva Haganah le-Jisrael, o Zahal) \u00e8 quella di difendere l&#8217;esistenza, l&#8217;integrit\u00e0 territoriale e la sovranit\u00e0 dello Stato di Israele. Inoltre, l&#8217;IDF ha l&#8217;obbligo di proteggere la popolazione israeliana e di combattere il terrorismo che minaccia Israele e il suo popolo. Nel suo codice etico &#8220;Purezza delle armi&#8221;, l&#8217;IDF si impegna a proteggere la dignit\u00e0 di ogni essere umano, compresa quella dei suoi avversari. Questo \u00e8 difficile in guerre asimmetriche come quella contro i terroristi di Gaza. Questo perch\u00e9 le organizzazioni terroristiche utilizzano i civili come scudi umani e nascondono se stesse e le loro armi in aree residenziali civili.      <\/p>\n\n<h3 class=\"wp-block-heading\">Nato in guerra<\/h3>\n\n<p>Fondata il 26 maggio 1948, l&#8217;IDF \u00e8 nata dalle organizzazioni militari ebraiche durante la Guerra d&#8217;Indipendenza di Israele del 1948. Poche ore dopo la sua proclamazione, il 14 maggio 1948, gli eserciti arabi dei cinque paesi confinanti, Egitto, Giordania, Siria, Libano e Iraq, attaccarono il giovane stato con l&#8217;obiettivo di distruggere Israele. La guerra si concluse l&#8217;anno successivo, il 1949, con una netta vittoria di Israele.    <br \/><br \/>Nel 1956 (Crisi di Suez), nel 1967 (Guerra dei Sei Giorni) e nel 1973 (Guerra dello Yom Kippur), Israele dovette difendersi da ulteriori minacce militari provenienti dagli Stati arabi. Tuttavia, dalla fine degli anni &#8217;60, gruppi terroristici paramilitari come le Brigate Al-Aqsa, appartenenti all&#8217;OLP, e il Fronte Popolare per la Liberazione della Palestina (PFLP) sono diventati una seria minaccia per Israele e la sua popolazione. In seguito, alla lista si sono aggiunte le organizzazioni terroristiche Hamas e Jihad islamica palestinese controllate dall&#8217;Iran (entrambe a Gaza) e Hezbollah (Libano).  <\/p>\n\n<h3 class=\"wp-block-heading\">L&#8217;IDF \u00e8 un esercito popolare  <\/h3>\n\n<p>La costante minaccia all&#8217;esistenza di Israele e della sua popolazione caratterizza l&#8217;immagine di s\u00e9 dell&#8217;esercito e della societ\u00e0 civile. La sicurezza nazionale fa parte della coscienza di tutti e della cultura politica. Di conseguenza, il servizio militare fa parte della vita quotidiana. Le donne sono soggette al servizio militare tanto quanto gli uomini. I soldati maschi di et\u00e0 compresa tra i 18 e i 29 anni devono completare 32 mesi di servizio militare. Coloro che vogliono entrare nelle forze speciali e nelle unit\u00e0 d&#8217;\u00e9lite devono compiere 36 mesi. Per le donne di et\u00e0 compresa tra i 18 e i 26 anni, la durata del servizio \u00e8 di 28 mesi. Per le donne soldato nelle unit\u00e0 di combattimento, il servizio dura 36 mesi.         <br \/><br \/>La spesa militare di Israele nel 2022 \u00e8 stata di circa 23,4 miliardi di dollari USA. Ci\u00f2 corrisponde a circa il 4,5% del PIL israeliano.   <\/p>\n\n<h4 class=\"wp-block-heading\">Le forze di difesa di Israele in cifre  <\/h4>\n\n<figure class=\"wp-block-table\"><table class=\"has-fixed-layout\"><tbody><tr><td>Personale militare, totale<\/td><td>670&#8217;000<\/td><\/tr><tr><td>Soldati e donne in servizio attivo<\/td><td>170&#8217;000<\/td><\/tr><tr><td>Riservisti<\/td><td>465&#8217;000<\/td><\/tr><tr><td>Unit\u00e0 paramilitari<\/td><td>35&#8217;000<\/td><\/tr><tr><td>Aeronautica Militare<\/td><td>\u00a0<\/td><\/tr><tr><td>Caccia\/intercettore<\/td><td>241<\/td><\/tr><tr><td>Velivoli per attacchi a terra<\/td><td>39<\/td><\/tr><tr><td>Aerei da trasporto<\/td><td>12<\/td><\/tr><tr><td>Aerei specializzati (ad esempio, ricognitori)<\/td><td>23<\/td><\/tr><tr><td>Aerei cisterna<\/td><td>14<\/td><\/tr><tr><td>Aerei da addestramento<\/td><td>155<\/td><\/tr><tr><td>Elicottero da combattimento<\/td><td>48<\/td><\/tr><tr><td>altri elicotteri<\/td><td>146<\/td><\/tr><tr><td>Forze di terra<\/td><td>\u00a0<\/td><\/tr><tr><td>Carro armato principale<\/td><td>1&#8217;370<\/td><\/tr><tr><td>Veicoli blindati<\/td><td>43&#8217;407<\/td><\/tr><tr><td>Artiglieria<\/td><td>950<\/td><\/tr><tr><td>Lanciarazzi semoventi<\/td><td>150<\/td><\/tr><tr><td>Forze navali<\/td><td>\u00a0<\/td><\/tr><tr><td>Corvette (navi da guerra pi\u00f9 piccole)<\/td><td>7<\/td><\/tr><tr><td>Sottomarini<\/td><td>5<\/td><\/tr><tr><td>Barche di pattuglia<\/td><td>45<\/td><\/tr><tr><td>Armi nucleari<\/td><td>\u00a0<\/td><\/tr><tr><td>testate nucleari<\/td><td>90<\/td><\/tr><tr><td>Fonte: Global Firepower<\/td><td>\u00a0<\/td><\/tr><\/tbody><\/table><\/figure>\n\n<figure class=\"wp-block-image size-full\"><img loading=\"lazy\" decoding=\"async\" width=\"1024\" height=\"600\" src=\"https:\/\/fokusisrael.ch\/wp-content\/uploads\/2025\/03\/Zawa-Klaus.jpg\" alt=\"I soldati dell'IDF si mescolano con i civili di fronte a un edificio moderno, un'immagine della vita quotidiana e della presenza militare\" class=\"wp-image-818\" srcset=\"https:\/\/fokusisrael.ch\/wp-content\/uploads\/2025\/03\/Zawa-Klaus.jpg 1024w, https:\/\/fokusisrael.ch\/wp-content\/uploads\/2025\/03\/Zawa-Klaus-300x176.jpg 300w, https:\/\/fokusisrael.ch\/wp-content\/uploads\/2025\/03\/Zawa-Klaus-768x450.jpg 768w\" sizes=\"auto, (max-width: 1024px) 100vw, 1024px\" \/><figcaption class=\"wp-element-caption\"> <span class=\"image-meta\">&copy; MKR <a href=\"https:\/\/photoscene.jimdo.com\/\" target=\"_blank\" rel=\"noopener\">photoscene.ch<\/a><\/span><\/figure><\/figcaption>\n\n<h3 class=\"wp-block-heading\">La protezione dei civili \u00e8 fondamentale<\/h3>\n\n<p>L&#8217;IDF si \u00e8 impegnata a rispettare il codice della<a href=\"https:\/\/www.jns.org\/purity-of-arms-the-ethical-guide-for-the-israel-defense-forces\/\" target=\"_blank\" rel=\"noreferrer noopener\">&#8220;Purezza delle Armi<\/a>&#8220;, che richiede esplicitamente la protezione dei civili della parte avversa. Il messaggio centrale del codice \u00e8 che uno stesso principio morale, basato sulla dignit\u00e0 umana e sul valore della vita umana, si applica a tutte le persone, siano esse israeliane o civili nemici non combattenti. &#8220;Lo spirito dell&#8217;IDF deriva direttamente dal valore della dignit\u00e0 umana&#8221;, si legge nella guida. &#8220;\u00c8 il pi\u00f9 alto valore morale e deve guidare i soldati dell&#8217;IDF nelle loro azioni&#8221;.   <\/p>\n\n<p>Questo vale anche per la guerra in cui Israele \u00e8 stato trascinato da Hamas e dalla Jihad islamica il 7 ottobre 2023. Circa 1.300 israeliani e cittadini stranieri furono massacrati dai gruppi terroristici che operavano da Gaza e pi\u00f9 di 240 persone furono prese in ostaggio. <br \/><br \/>Dall&#8217;inizio della guerra, Hamas e altre organizzazioni terroristiche hanno attaccato la popolazione civile israeliana con oltre 12.000 razzi e mortai, che sono stati lanciati indiscriminatamente contro citt\u00e0, paesi e kibbutz israeliani in tutto il paese. Molte altre persone sono state uccise e ferite di conseguenza. Oltre 150.000 israeliani sono stati costretti a fuggire (al 16 dicembre 2023).  <\/p>\n\n<p>L&#8217;attacco senza precedenti delle organizzazioni terroristiche palestinesi ha portato a un contrattacco dell&#8217;IDF a Gaza, dove Hamas e la Jihad Islamica hanno il loro quartier generale.<br \/><br \/>Il governo e la leadership militare israeliana erano consapevoli che anche la popolazione civile di Gaza avrebbe sofferto enormemente in questo processo. Hanno ripetutamente dichiarato che la loro guerra era diretta contro Hamas e le altre organizzazioni terroristiche che operano a Gaza, non contro la popolazione civile. Poich\u00e9 i terroristi e le loro armi si nascondevano nelle aree residenziali, negli ospedali e nelle scuole, nonch\u00e9 in un sistema di tunnel situato sotto l&#8217;area degli insediamenti, le vittime civili erano e sono inevitabili.  <\/p>\n\n<p><a href=\"https:\/\/www.warinisrael.org\/\" target=\"_blank\" rel=\"noreferrer noopener\">L&#8217;esercito israeliano ha quindi avvertito la popolazione civile di Gaza<\/a> dei suoi attacchi fin dall&#8217;inizio distribuendo volantini, telefonando ai telefoni cellulari di Gaza, inviando messaggi di testo e sparando colpi di avvertimento (&#8220;knock-on-roof&#8221;). Dal 7 ottobre 2023, Israele ha distribuito 7,2 milioni di volantini a Gaza, ha inviato 13,7 milioni di messaggi di testo ai numeri di telefoni cellulari registrati a Gaza e ha chiamato pi\u00f9 di 15 milioni di volte, alcune con messaggi preregistrati e altre dal vivo. <\/p>\n\n<p>Il 13 ottobre 2023, Israele ha anche invitato pi\u00f9 di un milione di persone a Gaza a spostarsi verso sud per proteggersi. In questo modo, Israele ha accettato che anche i terroristi di Hamas si mettessero in salvo. Ad oggi, circa 1.120.000 persone hanno risposto all&#8217;appello.  <\/p>\n\n<p>L&#8217;IDF ha aspettato fino al 24 ottobre 2023 per lanciare una controffensiva di terra a Gaza. Da un lato, per raccogliere informazioni sugli ostaggi rapiti il 7 ottobre 2023. Dall&#8217;altro, per dare alla popolazione di Gaza il tempo necessario per fuggire verso sud.  <\/p>\n\n<p>Nel novembre del 2023, l&#8217;IDF ha creato dei <a href=\"https:\/\/govextra.gov.il\/cogat\/humanitarian-efforts\/home\/\" target=\"_blank\" rel=\"noreferrer noopener\">corridoi di evacuazione<\/a> temporanei per permettere ad altre persone di spostarsi verso sud.<\/p>\n\n<p>Nel dicembre 2023, l&#8217;IDF ha tenuto un <a href=\"https:\/\/govextra.gov.il\/cogat\/humanitarian-efforts\/home\/\" target=\"_blank\" rel=\"noreferrer noopener\">cessate il fuoco di<\/a> quattro ore quasi ogni giorno per consentire ai civili di mettersi in salvo o di essere riforniti.<\/p>\n\n<h3 class=\"wp-block-heading\">Supporto umanitario<\/h3>\n\n<p>L&#8217;IDF controlla il trasporto degli <a href=\"https:\/\/govextra.gov.il\/cogat\/humanitarian-efforts\/home\/\" target=\"_blank\" rel=\"noreferrer noopener\">aiuti a Gaza<\/a> attraverso i valichi di frontiera di Rafah e Kerem Shalom. Le Forze di Difesa Israeliane hanno fatto in modo che la quantit\u00e0 di aiuti aumentasse continuamente. Il numero di camion che attraversano il confine ogni giorno \u00e8 passato da una media di 70 camion al giorno nel periodo prebellico a una media di 110 camion (al 12 gennaio 2024).  <\/p>\n\n<p>Contrariamente a quanto affermato dalle Nazioni Unite nel dicembre 2023, secondo cui pi\u00f9 di mezzo milione di persone a Gaza stavano morendo di fame, <a href=\"https:\/\/www.timesofisrael.com\/no-food-shortage-in-gaza-says-idf-official-overseeing-transfer-of-aid\/\" target=\"_blank\" rel=\"noreferrer noopener\">non c&#8217;\u00e8 alcuna carenza di cibo<\/a> a Gaza, secondo l&#8217;Ufficio di Coordinamento e Collegamento per Gaza (COGAT) del Ministero della Difesa israeliano. Tuttavia, ci sono stati problemi con la distribuzione di beni da parte delle Nazioni Unite e di altre organizzazioni. Inoltre, <a href=\"https:\/\/www.youtube.com\/watch?v=XbMDAlaSv5Q&amp;t=2s\" target=\"_blank\" rel=\"noreferrer noopener\">Hamas ha rubato con la forza beni destinati alla propria popolazione civile<\/a> e, come mostrano le registrazioni video, li ha confiscati per s\u00e9.    <\/p>\n\n<p><a href=\"https:\/\/govextra.gov.il\/cogat\/humanitarian-efforts\/home\/\" target=\"_blank\" rel=\"noreferrer noopener\">175.010<\/a> tonnellate di aiuti sono state trasportate a Gaza dall&#8217;inizio della guerra. <a href=\"https:\/\/govextra.gov.il\/cogat\/humanitarian-efforts\/home\/\" target=\"_blank\" rel=\"noreferrer noopener\">9.500<\/a> camion hanno attraversato il confine.<\/p>\n\n<h3 class=\"wp-block-heading\">L&#8217;IDF agisce in conformit\u00e0 con la legge nazionale e internazionale.<\/h3>\n\n<p>L&#8217;IDF \u00e8 soggetto al diritto nazionale e internazionale, come \u00e8 consuetudine per gli eserciti degli Stati democratici. Dalla met\u00e0 degli anni &#8217;90, la <a href=\"https:\/\/de.wikipedia.org\/wiki\/Oberstes_Gericht_(Israel)\" target=\"_blank\" rel=\"noreferrer noopener\">Corte Suprema<\/a> di Israele ha svolto un ruolo significativo nel controllo civile dell&#8217;esercito. <\/p>\n\n<p>Secondo il <a href=\"https:\/\/www.bmvg.de\/de\/themen\/friedenssicherung\/humanitaeres-voelkerrecht\" target=\"_blank\" rel=\"noreferrer noopener\">diritto internazionale umanitario (DIU<\/a>), nei conflitti armati possono essere attaccati solo obiettivi militari. Gli attacchi con l&#8217;intenzione di uccidere i civili sono proibiti, anche se ci\u00f2 potrebbe portare vantaggi militari. <\/p>\n\n<p>Tuttavia, secondo il diritto internazionale, \u00e8 lecito attaccare obiettivi militari e accettare la morte di civili nel processo. Nel farlo, \u00e8 necessario mantenere la proporzionalit\u00e0. (Per saperne di pi\u00f9 sull&#8217;importanza della proporzionalit\u00e0 in guerra <a href=\"https:\/\/mena-watch-lexikon.com\/das-lexikon\/israel\/was-bedeutet-verhaltnismassigkeit\/\" target=\"_blank\" rel=\"noreferrer noopener\">, leggi qui<\/a> ).  <\/p>\n\n<p>Quali misure concrete adotta l&#8217;IDF per rispettare il diritto nazionale e internazionale? L&#8217;esercito israeliano dispone di esperti legali che vengono coinvolti in ogni fase della pianificazione di un&#8217;operazione militare.   <a href=\"https:\/\/mena-watch-lexikon.com\/das-lexikon\/israel\/gaza-krieg-israel-schutz-von-zivilisten\/\" target=\"_blank\" rel=\"noreferrer noopener\">Questo per garantire il rispetto dei principi del diritto internazionale umanitario (DIU).<\/a>  Il Corpo dell&#8217;Avvocato Generale Militare svolge un ruolo decisivo nell&#8217;attuazione e nel rispetto della legge nell&#8217;esercito israeliano.<\/p>\n\n<p>Il <a href=\"https:\/\/mfa.gov.il\/ProtectiveEdge\/Documents\/2014GazaConflictFullReport.pdf\" target=\"_blank\" rel=\"noreferrer noopener\">rapporto<\/a> dettagliato sulla guerra di Gaza del 2014 mostra come l&#8217;IDF stia pianificando un&#8217;operazione militare e come stia esaminando legalmente il rispetto del diritto internazionale umanitario passo dopo passo. <a href=\"https:\/\/mena-watch-lexikon.com\/das-lexikon\/israel\/gaza-krieg-israel-schutz-von-zivilisten\/\" target=\"_blank\" rel=\"noreferrer noopener\">L&#8217;enciclopedia Mena-Watch<\/a> fornisce una buona panoramica. <\/p>\n\n<p>Il commentatore ospite Martin Rhonheimer scrive sulla NZZ del 13.11.2023: &#8220;<a href=\"https:\/\/www.nzz.ch\/feuilleton\/israel-und-humanitaeres-voelkerrecht-die-forderungen-ignorieren-die-umstaende-ld.1764337?gad_source=1&amp;gclid=EAIaIQobChMI1fWe9ZvsgwMV9FBBAh0EIwA7EAMYASAAEgLOiPD_BwE\" target=\"_blank\" rel=\"noreferrer noopener\">Se l&#8217;esercito israeliano vuole distruggere Hamas, dovr\u00e0 accettare le vittime civili. Sar\u00e0 costretto a farlo <\/a>.&#8221;<\/p>\n\n<h3 class=\"wp-block-heading\">Israele sta commettendo un genocidio a Gaza?<\/h3>\n\n<p><a href=\"https:\/\/unric.org\/de\/internationaler-gerichtshof-suedafrika-wirft-israel-voelkermord-vor\/\" target=\"_blank\" rel=\"noreferrer noopener\">Il Sudafrica ha denunciato Israele alla Corte Internazionale di Giustizia per genocidio a Gaza<\/a>. La Corte Internazionale di Giustizia (ICJ) &#8211; da non confondere con la Corte Penale Internazionale &#8211; \u00e8 un organo delle Nazioni Unite. <\/p>\n\n<p>La denuncia non ha alcuna base giuridica. Il diritto internazionale definisce il genocidio come un atto volto alla distruzione totale o parziale di un gruppo nazionale, etnico, razziale o religioso. La definizione del termine risale all&#8217;avvocato polacco-ebraico Raphael Lemkin, che perse tutti i membri della sua famiglia, tranne alcuni, nell&#8217;Olocausto. Nel 1947, redasse una proposta di legge per le Nazioni Unite per sanzionare il genocidio.   <\/p>\n\n<p>Per condannare un paese per genocidio, l&#8217;intenzione di commetterlo \u00e8 decisiva. Ci\u00f2 significa che il Sudafrica deve essere in grado di dimostrare che Israele sta esplicitamente perseguendo l&#8217;obiettivo di eliminare la popolazione palestinese di Gaza o di rendere inabitabile la striscia costiera. <\/p>\n\n<p>Questo non \u00e8 chiaramente l&#8217;obiettivo di Israele. Al contrario, Israele ha ripetutamente e chiaramente dichiarato che il suo unico obiettivo \u00e8 quello di eliminare le organizzazioni terroristiche di Gaza e liberare gli ostaggi da esse detenuti il 7 ottobre. <\/p>\n\n<p>Di conseguenza, l&#8217;IDF prende di mira i membri di Hamas e della Jihad Islamica e le loro infrastrutture militari e non la popolazione civile palestinese di Gaza. Israele sta cercando di proteggere la popolazione civile di Gaza con numerose misure (vedi sopra). <\/p>\n\n<p>Tuttavia, Israele pu\u00f2 essere criticato per non aver licenziato dal governo <a href=\"https:\/\/www.timesofisrael.com\/far-right-minister-says-nuking-gaza-an-option-pm-suspends-him-from-cabinet-meetings\/\" target=\"_blank\" rel=\"noreferrer noopener\">i ministri radicali<\/a> che chiedono lo sterminio o l&#8217;espulsione dei palestinesi, ma per averli semplicemente <a href=\"https:\/\/www.nytimes.com\/2023\/11\/05\/world\/middleeast\/amichay-eliyahu-israel-minister-nuclear-bomb-gaza.html\" target=\"_blank\" rel=\"noreferrer noopener\">sospesi<\/a> dall&#8217;incarico.<\/p>\n\n<p>Tuttavia, Israele non pu\u00f2 essere incolpato per le vittime tra la popolazione civile di Gaza, che viene usata da Hamas come scudo umano o a cui viene impedito di fuggire verso il sud della striscia costiera. Il fatto che si verifichino queste vittime \u00e8 colpa di Hamas e non costituisce una violazione del diritto internazionale umanitario da parte di Israele. <\/p>\n\n<p>Lo stesso vale per le vittime civili causate da Hamas che nasconde le sue infrastrutture in scuole, cliniche ed edifici residenziali, in quanto ci\u00f2 priva i civili che vi abitano della protezione prevista dal diritto internazionale umanitario.<\/p>\n\n<p>Mentre Israele rispetta la legge marziale internazionale, Hamas la calpesta. Tuttavia, la dichiarazione di rivendicazione del Sudafrica non menziona affatto i crimini di Hamas. <\/p>\n\n<h3 class=\"wp-block-heading\">Un numero relativamente inferiore di vittime civili rispetto ad altre guerre<\/h3>\n\n<p>Il numero di civili uccisi a Gaza dimostra anche quanto sia assurda l&#8217;accusa di genocidio mossa dal Sudafrica. Secondo un&#8217;<a href=\"https:\/\/jewishjournal.com\/commentary\/opinion\/366983\/indiscriminate-bombing-what-is-israel-doing-in-gaza\/\" target=\"_blank\" rel=\"noreferrer noopener\">analisi del Jewish Journal<\/a>, gli attacchi dell&#8217;IDF contro obiettivi militari a Gaza hanno causato un numero di vittime civili significativamente inferiore rispetto ai non civili rispetto ai conflitti armati in cui sono stati coinvolti altri eserciti occidentali negli ultimi decenni. <\/p>\n\n<p>Nelle guerre condotte da eserciti non occidentali, come l&#8217;esercito russo nella guerra in Ucraina, dove i civili vengono deliberatamente presi di mira e terrorizzati con attacchi missilistici, il numero di vittime civili \u00e8 ancora pi\u00f9 alto.<\/p>\n\n<p>Secondo il Ministero della Sanit\u00e0 di Gaza, controllato da Hamas, la guerra ha causato finora circa <a href=\"https:\/\/www.warinisrael.org\/\" target=\"_blank\" rel=\"noreferrer noopener\">23.700<\/a> vittime. Se le stime dell&#8217;IDF sono corrette, le sue forze hanno ucciso <a href=\"https:\/\/www.jpost.com\/israel-hamas-war\/article-782150\" target=\"_blank\" rel=\"noreferrer noopener\">circa 9.000 terroristi<\/a> al 14 gennaio 2024. In base a queste cifre, ci sono stati 1,6 civili morti per ogni terrorista ucciso. Questa cifra \u00e8 bassa rispetto agli standard di guerra internazionali.   <\/p>\n\n<p>I dati del Ministero della Sanit\u00e0 palestinese non rivelano inoltre quanti civili siano stati uccisi da razzi di Hamas e della Jihad islamica che hanno sbagliato il tiro e sono caduti troppo presto. Questa cifra non \u00e8 probabilmente insignificante: secondo il rapporto, circa il 20% degli oltre 11.000 razzi lanciati contro Israele non hanno raggiunto il loro obiettivo e sono esplosi nella stessa Gaza. <\/p>\n\n<p>L&#8217;esempio pi\u00f9 noto \u00e8 quello dell&#8217;ospedale Al-Ahli. Il 17 ottobre 2023 vi esplose un razzo. Il Ministero della Sanit\u00e0 palestinese accus\u00f2 immediatamente Israele dell&#8217;attacco e parl\u00f2 di 500 morti. Un successivo esame del caso da parte degli Stati Uniti e di altri Stati, nonch\u00e9 dell&#8217;Unione Europea, ha rivelato che un razzo lanciato da terroristi palestinesi nei pressi dell&#8217;ospedale era esploso, uccidendo non 500 ma 50 persone.   <\/p>\n\n<p>Ci\u00f2 che rende ancora pi\u00f9 difficile il calcolo delle vittime civili \u00e8 che in realt\u00e0 \u00e8 spesso quasi impossibile distinguere tra terroristi e civili. Questo perch\u00e9 i terroristi si mescolano alla popolazione di Gaza o ne fanno parte. <\/p>\n\n<p>Il numero di persone uccise da entrambe le parti \u00e8 innegabilmente un triste risultato. Ma come ogni altro Stato, Israele ha il diritto di autodifesa e di proteggere i suoi cittadini da un avversario che ha pubblicamente dichiarato di voler distruggere Israele e sterminare la sua popolazione ebraica. <\/p>\n\n<p>Il fatto che il Sudafrica accusi invece Israele di genocidio \u00e8, come scrive il New York Times, <a href=\"https:\/\/www.nytimes.com\/2024\/01\/16\/opinion\/israel-hamas-war-genocide.html\" target=\"_blank\" rel=\"noreferrer noopener\">&#8220;Un&#8217;oscenit\u00e0 morale&#8221;.<\/a><\/p>\n","protected":false},"excerpt":{"rendered":"<p>Asserzione Israele sostiene che il suo esercito, l&#8217;IDF, sta commettendo un &#8220;genocidio&#8221; a Gaza e per questo ha incriminato lo Stato ebraico davanti alla Corte Internazionale di Giustizia (ICJ) dell&#8217;Aia. I fatti La missione delle Forze di Difesa Israeliane (IDF) (in ebraico Zva Haganah le-Jisrael, o Zahal) \u00e8 quella di difendere l&#8217;esistenza, l&#8217;integrit\u00e0 territoriale e [&hellip;]<\/p>\n","protected":false},"author":2,"featured_media":3944,"parent":3783,"menu_order":0,"comment_status":"closed","ping_status":"closed","template":"","meta":{"_hide_socialbar":"","footnotes":""},"categories":[],"tags":[640,647],"class_list":["post-3943","page","type-page","status-publish","has-post-thumbnail","hentry","tag-idf-it","tag-israele"],"aioseo_notices":[],"_links":{"self":[{"href":"https:\/\/fokusisrael.ch\/it\/wp-json\/wp\/v2\/pages\/3943","targetHints":{"allow":["GET"]}}],"collection":[{"href":"https:\/\/fokusisrael.ch\/it\/wp-json\/wp\/v2\/pages"}],"about":[{"href":"https:\/\/fokusisrael.ch\/it\/wp-json\/wp\/v2\/types\/page"}],"author":[{"embeddable":true,"href":"https:\/\/fokusisrael.ch\/it\/wp-json\/wp\/v2\/users\/2"}],"replies":[{"embeddable":true,"href":"https:\/\/fokusisrael.ch\/it\/wp-json\/wp\/v2\/comments?post=3943"}],"version-history":[{"count":3,"href":"https:\/\/fokusisrael.ch\/it\/wp-json\/wp\/v2\/pages\/3943\/revisions"}],"predecessor-version":[{"id":5362,"href":"https:\/\/fokusisrael.ch\/it\/wp-json\/wp\/v2\/pages\/3943\/revisions\/5362"}],"up":[{"embeddable":true,"href":"https:\/\/fokusisrael.ch\/it\/wp-json\/wp\/v2\/pages\/3783"}],"wp:featuredmedia":[{"embeddable":true,"href":"https:\/\/fokusisrael.ch\/it\/wp-json\/wp\/v2\/media\/3944"}],"wp:attachment":[{"href":"https:\/\/fokusisrael.ch\/it\/wp-json\/wp\/v2\/media?parent=3943"}],"wp:term":[{"taxonomy":"category","embeddable":true,"href":"https:\/\/fokusisrael.ch\/it\/wp-json\/wp\/v2\/categories?post=3943"},{"taxonomy":"post_tag","embeddable":true,"href":"https:\/\/fokusisrael.ch\/it\/wp-json\/wp\/v2\/tags?post=3943"}],"curies":[{"name":"wp","href":"https:\/\/api.w.org\/{rel}","templated":true}]}}