{"id":3923,"date":"2024-01-09T13:42:00","date_gmt":"2024-01-09T12:42:00","guid":{"rendered":"https:\/\/fokusisrael.ch\/?page_id=3923"},"modified":"2025-10-15T13:35:56","modified_gmt":"2025-10-15T11:35:56","slug":"kit-di-pronto-soccorso-per-bambini","status":"publish","type":"page","link":"https:\/\/fokusisrael.ch\/it\/chi-siamo-e-cosa-vogliamo\/kit-di-pronto-soccorso-per-bambini\/","title":{"rendered":"Kit di pronto soccorso per bambini"},"content":{"rendered":"\n<h4 class=\"wp-block-heading\">Hai subito un attacco diretto contro il tuo ebraismo e ti sei sentito impotente?<\/h4>\n\n<h4 class=\"wp-block-heading\">Questo kit di pronto soccorso ti aiuter\u00e0 a difenderti in queste situazioni!<\/h4>\n\n<p>Un&#8217;ottima difesa \u00e8 sempre quella di fare domande: Cosa intendi esattamente? Perch\u00e9 <\/p>\n\n<p>\u00c8 cos\u00ec che la vedi? Dove hai trovato queste informazioni? Stai passando la palla indietro e stai forzando il tuo  <\/p>\n\n<p>L&#8217;altra persona dovrebbe esaminare le sue affermazioni. Gli attacchi antisemiti sono sempre molto semplificati e si basano su <\/p>\n\n<p>Dicerie. Se lo chiedi, la maggior parte delle persone si rende conto molto rapidamente che stanno dicendo delle sciocchezze. <\/p>\n\n<p>\u00c8 anche importante che tu parli dei tuoi sentimenti: questo crea un legame.<\/p>\n\n<p>Tuttavia, a volte un attacco pu\u00f2 essere violento e mettere a repentaglio la tua sicurezza. Se ci\u00f2 accade, devi andartene il prima possibile e chiedere aiuto. Devi riferire questi incidenti alla scuola o alla polizia e segnalarli al SIG  <\/p>\n\n<p><a href=\"mailto:vorfall@swissjews.ch\" target=\"_blank\" rel=\"noreferrer noopener\">(vorfall@swissjews.ch)<\/a>!<\/p>\n\n<p><a href=\"\/wp-content\/uploads\/2025\/03\/Erste-Hilfe-Set-fur-Kinder.pdf\" target=\"_blank\" rel=\"noreferrer noopener\">Scarica il PDF Kit di primo soccorso per bambini<\/a><\/p>\n","protected":false},"excerpt":{"rendered":"<p>Hai subito un attacco diretto contro il tuo ebraismo e ti sei sentito impotente? Questo kit di pronto soccorso ti aiuter\u00e0 a difenderti in queste situazioni! Un&#8217;ottima difesa \u00e8 sempre quella di fare domande: Cosa intendi esattamente? Perch\u00e9 \u00c8 cos\u00ec che la vedi? Dove hai trovato queste informazioni? Stai passando la palla indietro e stai [&hellip;]<\/p>\n","protected":false},"author":2,"featured_media":3924,"parent":3990,"menu_order":0,"comment_status":"closed","ping_status":"closed","template":"","meta":{"_hide_socialbar":"","footnotes":""},"categories":[],"tags":[625,705],"class_list":["post-3923","page","type-page","status-publish","has-post-thumbnail","hentry","tag-antisemitismo","tag-primo-soccorso"],"aioseo_notices":[],"_links":{"self":[{"href":"https:\/\/fokusisrael.ch\/it\/wp-json\/wp\/v2\/pages\/3923","targetHints":{"allow":["GET"]}}],"collection":[{"href":"https:\/\/fokusisrael.ch\/it\/wp-json\/wp\/v2\/pages"}],"about":[{"href":"https:\/\/fokusisrael.ch\/it\/wp-json\/wp\/v2\/types\/page"}],"author":[{"embeddable":true,"href":"https:\/\/fokusisrael.ch\/it\/wp-json\/wp\/v2\/users\/2"}],"replies":[{"embeddable":true,"href":"https:\/\/fokusisrael.ch\/it\/wp-json\/wp\/v2\/comments?post=3923"}],"version-history":[{"count":2,"href":"https:\/\/fokusisrael.ch\/it\/wp-json\/wp\/v2\/pages\/3923\/revisions"}],"predecessor-version":[{"id":3926,"href":"https:\/\/fokusisrael.ch\/it\/wp-json\/wp\/v2\/pages\/3923\/revisions\/3926"}],"up":[{"embeddable":true,"href":"https:\/\/fokusisrael.ch\/it\/wp-json\/wp\/v2\/pages\/3990"}],"wp:featuredmedia":[{"embeddable":true,"href":"https:\/\/fokusisrael.ch\/it\/wp-json\/wp\/v2\/media\/3924"}],"wp:attachment":[{"href":"https:\/\/fokusisrael.ch\/it\/wp-json\/wp\/v2\/media?parent=3923"}],"wp:term":[{"taxonomy":"category","embeddable":true,"href":"https:\/\/fokusisrael.ch\/it\/wp-json\/wp\/v2\/categories?post=3923"},{"taxonomy":"post_tag","embeddable":true,"href":"https:\/\/fokusisrael.ch\/it\/wp-json\/wp\/v2\/tags?post=3923"}],"curies":[{"name":"wp","href":"https:\/\/api.w.org\/{rel}","templated":true}]}}