{"id":3905,"date":"2024-01-18T15:33:00","date_gmt":"2024-01-18T14:33:00","guid":{"rendered":"https:\/\/fokusisrael.ch\/?page_id=3905"},"modified":"2025-10-15T13:36:34","modified_gmt":"2025-10-15T11:36:34","slug":"lo-slogan-dal-fiume-al-mare-e-chiaramente-antisemita","status":"publish","type":"page","link":"https:\/\/fokusisrael.ch\/it\/lodio-verso-gli-ebrei-e-israele-e-di-nuovo-in-crescita\/lo-slogan-dal-fiume-al-mare-e-chiaramente-antisemita\/","title":{"rendered":"Lo slogan &#8220;Dal fiume al mare&#8221; \u00e8 chiaramente antisemita."},"content":{"rendered":"\n<p>&#8220;Dal fiume al mare&#8221; \u00e8 chiaramente antisemita secondo la definizione dell&#8217;IHRA. L&#8217;uso dello slogan deve essere interrotto. Comunicato stampa della Federazione Svizzera delle Comunit\u00e0 Israeliane (SIG). Gioved\u00ec, 18.01.2024   <\/p>\n\n<figure class=\"wp-block-image size-full\"><img loading=\"lazy\" decoding=\"async\" width=\"1024\" height=\"600\" src=\"https:\/\/fokusisrael.ch\/wp-content\/uploads\/2025\/03\/Charta-der-Hamas-1024x600-1.jpg\" alt=\"I manifestanti tengono uno striscione con un canto popolare che ha suscitato polemiche: &quot;Dal fiume al mare, la Palestina sar&#xE0; libera&quot;.\" class=\"wp-image-791\" srcset=\"https:\/\/fokusisrael.ch\/wp-content\/uploads\/2025\/03\/Charta-der-Hamas-1024x600-1.jpg 1024w, https:\/\/fokusisrael.ch\/wp-content\/uploads\/2025\/03\/Charta-der-Hamas-1024x600-1-300x176.jpg 300w, https:\/\/fokusisrael.ch\/wp-content\/uploads\/2025\/03\/Charta-der-Hamas-1024x600-1-768x450.jpg 768w\" sizes=\"auto, (max-width: 1024px) 100vw, 1024px\" \/><figcaption class=\"wp-element-caption\">I manifestanti tengono uno striscione con un canto popolare che ha suscitato polemiche: &#8220;Dal fiume al mare, la Palestina sar\u00e0 libera&#8221;. <span class=\"image-meta\">&copy; Eleventh Hour Photography  Alamy Stock Foto<\/span><\/figcaption><\/figure>\n\n<p>Lo slogan &#8220;Dal fiume al mare&#8221; \u00e8 antisemita secondo la definizione di antisemitismo dell&#8217;IHRA. Lo slogan contiene anche un invito alla violenza contro il popolo ebraico in Israele. La SIG condanna questo slogan con la massima fermezza.  <\/p>\n\n<p>Dallo scoppio del conflitto di Gaza, lo slogan &#8220;Dal fiume al mare, la Palestina sar\u00e0 libera&#8221; \u00e8 apparso regolarmente in vari contesti. Viene cantato durante le manifestazioni e si trova su striscioni e cartelli. Viene utilizzato sui volantini o negli appelli come termine generale di lotta. \u00c8 anche onnipresente sui social media o come scritta spray sui muri degli edifici. Tuttavia, la libert\u00e0 postulata per la Palestina ha un lato oscuro di cui molti non sembrano rendersi conto. &#8220;Dal fiume al mare&#8221; non \u00e8 una critica allo stato israeliano, ma \u00e8 chiaramente antisemita.     <\/p>\n\n<h3 class=\"wp-block-heading\">Slogan antisemita secondo la definizione dell&#8217;IHRA<\/h3>\n\n<p>Questa constatazione si basa sulla definizione di antisemitismo dell&#8217;IHRA, riconosciuta e applicata da numerosi Stati e organizzazioni in tutto il mondo e a cui anche il SIG fa riferimento nel suo lavoro. Il fattore decisivo in questo caso \u00e8 ci\u00f2 che lo slogan insinua effettivamente e ci\u00f2 che richiede. Il &#8220;fiume&#8221; e il &#8220;mare&#8221; a cui si fa riferimento sono il fiume Giordano e il Mar Mediterraneo. In mezzo si trovano lo stato di Israele, la Cisgiordania e la Striscia di Gaza. Quindi ci potr\u00e0 essere una Palestina dal Giordano al Mediterraneo solo se prima verr\u00e0 spazzato via lo stato di Israele. Questo nega allo Stato ebraico il diritto di esistere. \u00c8 qui che entra in gioco la definizione di antisemitismo. In un secondo momento, \u00e8 necessario considerare le conseguenze di una tale dissoluzione dello stato di Israele nella realt\u00e0. In Israele vivono circa sette milioni di ebrei, la cui sicurezza \u00e8 esistenzialmente legata allo Stato di Israele. Lo slogan equivale quindi a un invito alla violenza. Il 7 ottobre 2023, il mondo ha visto come potrebbe essere uno sterminio di questo tipo. Hamas utilizza questo termine di lotta anche nella sua carta del 2017, in cui proclama esplicitamente l&#8217;annientamento di Israele.           <\/p>\n\n<h3 class=\"wp-block-heading\">I dimostranti devono mostrare responsabilit\u00e0<\/h3>\n\n<p>Questo slogan viene attualmente utilizzato per pubblicizzare una manifestazione a Zurigo il 27 gennaio 2024. Per il SIG e per l&#8217;intera comunit\u00e0 ebraica, questa esibizione di slogan chiaramente antisemiti e l&#8217;invito alla violenza che ne deriva sono intollerabili. Inoltre, il 27 gennaio \u00e8 la Giornata internazionale di commemorazione delle vittime dell&#8217;Olocausto.  <\/p>\n\n<p>&#8220;Dal fiume al mare&#8221; \u00e8 antisemita, ma non \u00e8 ancora chiaro se sia un reato penale in Svizzera. In seguito alle varie manifestazioni degli ultimi mesi, ci sono state numerose denunce per lo slogan. Tuttavia, non c&#8217;\u00e8 ancora una sentenza definitiva che stabilisca se &#8220;Dal fiume al mare&#8221; violi legalmente il codice penale sul razzismo (art. 261bis StGB) o se costituisca un&#8217;istigazione alla violenza punibile. Per il SIG, tuttavia, una cosa \u00e8 chiara: che si tratti di un reato penale o meno, lo slogan incita all&#8217;odio e continua ad alimentare il conflitto. Gli organizzatori e i partecipanti alle manifestazioni devono mostrarsi responsabili e astenersi dall&#8217;utilizzare lo slogan. \u00a9 SIG 18.1.2024     <br \/><br \/>*International Holocaust Remembrance Alliance (IHRA), tedesco: Internationale Allianz zum Holocaustgedenken.<\/p>\n\n<h3 class=\"wp-block-heading\">Questa \u00e8 la definizione di antisemitismo dell&#8217;IHRA<\/h3>\n\n<p>La definizione dell&#8217;IHRA si compone di due parti. Nella prima parte viene formulata la definizione: <\/p>\n\n<p>&#8220;L&#8217;antisemitismo \u00e8 una particolare percezione degli ebrei che pu\u00f2 essere espressa come odio verso gli ebrei. L&#8217;antisemitismo \u00e8 diretto con parole o azioni contro individui ebrei o non ebrei e\/o le loro propriet\u00e0, nonch\u00e9 contro istituzioni comunitarie o organizzazioni religiose ebraiche&#8221;.<\/p>\n","protected":false},"excerpt":{"rendered":"<p>&#8220;Dal fiume al mare&#8221; \u00e8 chiaramente antisemita secondo la definizione dell&#8217;IHRA. L&#8217;uso dello slogan deve essere interrotto. Comunicato stampa della Federazione Svizzera delle Comunit\u00e0 Israeliane (SIG). Gioved\u00ec, 18.01.2024 Lo slogan &#8220;Dal fiume al mare&#8221; \u00e8 antisemita secondo la definizione di antisemitismo dell&#8217;IHRA. Lo slogan contiene anche un invito alla violenza contro il popolo ebraico in [&hellip;]<\/p>\n","protected":false},"author":2,"featured_media":3906,"parent":3887,"menu_order":0,"comment_status":"closed","ping_status":"closed","template":"","meta":{"_hide_socialbar":"","footnotes":""},"categories":[],"tags":[625],"class_list":["post-3905","page","type-page","status-publish","has-post-thumbnail","hentry","tag-antisemitismo"],"aioseo_notices":[],"_links":{"self":[{"href":"https:\/\/fokusisrael.ch\/it\/wp-json\/wp\/v2\/pages\/3905","targetHints":{"allow":["GET"]}}],"collection":[{"href":"https:\/\/fokusisrael.ch\/it\/wp-json\/wp\/v2\/pages"}],"about":[{"href":"https:\/\/fokusisrael.ch\/it\/wp-json\/wp\/v2\/types\/page"}],"author":[{"embeddable":true,"href":"https:\/\/fokusisrael.ch\/it\/wp-json\/wp\/v2\/users\/2"}],"replies":[{"embeddable":true,"href":"https:\/\/fokusisrael.ch\/it\/wp-json\/wp\/v2\/comments?post=3905"}],"version-history":[{"count":3,"href":"https:\/\/fokusisrael.ch\/it\/wp-json\/wp\/v2\/pages\/3905\/revisions"}],"predecessor-version":[{"id":5359,"href":"https:\/\/fokusisrael.ch\/it\/wp-json\/wp\/v2\/pages\/3905\/revisions\/5359"}],"up":[{"embeddable":true,"href":"https:\/\/fokusisrael.ch\/it\/wp-json\/wp\/v2\/pages\/3887"}],"wp:featuredmedia":[{"embeddable":true,"href":"https:\/\/fokusisrael.ch\/it\/wp-json\/wp\/v2\/media\/3906"}],"wp:attachment":[{"href":"https:\/\/fokusisrael.ch\/it\/wp-json\/wp\/v2\/media?parent=3905"}],"wp:term":[{"taxonomy":"category","embeddable":true,"href":"https:\/\/fokusisrael.ch\/it\/wp-json\/wp\/v2\/categories?post=3905"},{"taxonomy":"post_tag","embeddable":true,"href":"https:\/\/fokusisrael.ch\/it\/wp-json\/wp\/v2\/tags?post=3905"}],"curies":[{"name":"wp","href":"https:\/\/api.w.org\/{rel}","templated":true}]}}