{"id":3882,"date":"2024-01-22T15:57:00","date_gmt":"2024-01-22T14:57:00","guid":{"rendered":"https:\/\/fokusisrael.ch\/?page_id=3882"},"modified":"2025-10-15T13:36:46","modified_gmt":"2025-10-15T11:36:46","slug":"organizzazione-per-la-liberazione-della-palestina-olp","status":"publish","type":"page","link":"https:\/\/fokusisrael.ch\/it\/organizzazioni-terroristiche-palestinesi-e-islamiche\/organizzazione-per-la-liberazione-della-palestina-olp\/","title":{"rendered":"Organizzazione per la Liberazione della Palestina (OLP)"},"content":{"rendered":"\n<p class=\"article__intro\">L&#8217;Organizzazione per la Liberazione della Palestina (OLP), fondata nel 1964, si considera il legittimo rappresentante degli interessi dei palestinesi.<\/p>\n\n<figure class=\"wp-block-image size-full\"><img loading=\"lazy\" decoding=\"async\" width=\"1024\" height=\"600\" src=\"https:\/\/fokusisrael.ch\/wp-content\/uploads\/2025\/03\/PLO_Eddie-Gerald-Alamy-Stock-Foto.jpg\" alt=\"Muro con le figure dipinte di Mahmoud Abbas, capo dell'Autorit&#xE0; Palestinese, e Yasser Arafat, leader politico palestinese e presidente dell'Organizzazione per la Liberazione della Palestina (OLP).\" class=\"wp-image-761\" srcset=\"https:\/\/fokusisrael.ch\/wp-content\/uploads\/2025\/03\/PLO_Eddie-Gerald-Alamy-Stock-Foto.jpg 1024w, https:\/\/fokusisrael.ch\/wp-content\/uploads\/2025\/03\/PLO_Eddie-Gerald-Alamy-Stock-Foto-300x176.jpg 300w, https:\/\/fokusisrael.ch\/wp-content\/uploads\/2025\/03\/PLO_Eddie-Gerald-Alamy-Stock-Foto-768x450.jpg 768w\" sizes=\"auto, (max-width: 1024px) 100vw, 1024px\" \/><figcaption class=\"wp-element-caption\">Muro con le figure dipinte di Mahmoud Abbas, capo dell&#8217;Autorit\u00e0 Palestinese, e Yasser Arafat, leader politico palestinese e presidente dell&#8217;Organizzazione per la Liberazione della Palestina (OLP). <span class=\"image-meta\">&copy; Eddie Gerald  Alamy Stock Foto<\/span><\/figcaption><\/figure>\n\n<p>Nel suo statuto del 1968, l&#8217;OLP dichiarava di voler distruggere Israele e di avere come obiettivo l&#8217;annientamento di Israele. Uno stato nazionale per i palestinesi doveva essere istituito nell&#8217;ex Mandato britannico della Palestina. La carta descriveva la <a href=\"https:\/\/de.wikipedia.org\/wiki\/Balfour-Deklaration\" target=\"_blank\" rel=\"noreferrer noopener\">Dichiarazione Balfour<\/a> e il Mandato della Palestina come &#8220;nulli e privi di valore&#8221;, la spartizione della Palestina nel 1947 e la creazione dello Stato di <a href=\"https:\/\/www.wissen.de\/lexikon\/israel-laenderkunde\" target=\"_blank\" rel=\"noreferrer noopener\">Israele<\/a> come &#8220;completamente illegali&#8221; e la lotta armata come &#8220;l&#8217;unico modo per liberare la Palestina&#8221;.  <\/p>\n\n<p>  Soprattutto negli anni &#8217;70, l&#8217;OLP comp\u00ec numerosi attentati in Israele e all&#8217;estero. Nel <a href=\"https:\/\/de.wikipedia.org\/wiki\/Oslo-Friedensprozess\" target=\"_blank\" rel=\"noreferrer noopener\">processo di pace<\/a> con Israele avviato a Oslo nel 1993, l&#8217;OLP si impegn\u00f2 a cancellare l&#8217;obiettivo della &#8220;distruzione di Israele&#8221;, che era stato precedentemente sancito nel suo statuto. <a href=\"https:\/\/de.wikipedia.org\/wiki\/Jassir_Arafat\" target=\"_blank\" rel=\"noreferrer noopener\">Yasser Arafat<\/a>, che aveva assunto la presidenza dell&#8217;OLP nel 1969, in una lettera del 1998 assicur\u00f2 all&#8217;allora presidente degli Stati Uniti Bill Clinton che l&#8217;OLP aveva modificato il suo statuto e rimosso l&#8217;appello alla distruzione di Israele. Il Consiglio Nazionale Palestinese approv\u00f2 questa cancellazione con una chiara maggioranza in una votazione del 1996 e riafferm\u00f2 questa decisione nel 1998 alla presenza del Presidente Clinton. Tuttavia, poich\u00e9 da allora l&#8217;OLP non ha mai pubblicato una nuova versione del suo statuto, non \u00e8 chiaro se il passaggio sulla distruzione pianificata di Israele sia stato effettivamente eliminato, come era stato promesso nei negoziati di pace di Oslo.   <\/p>\n\n<p><a href=\"https:\/\/de.wikipedia.org\/wiki\/Mahmud_Abbas\" target=\"_blank\" rel=\"noreferrer noopener\">Mahmoud Abbas<\/a> \u00e8 presidente dell&#8217;OLP dal novembre 2004. Ha ripetutamente attirato l&#8217;attenzione per i suoi commenti antisemiti. Come il suo predecessore Yasser Arafat, dirige l&#8217;OLP, Fatah e l&#8217;Autorit\u00e0 Palestinese in unione personale.  <\/p>\n\n<p>Con l&#8217;acquisizione dell&#8217;amministrazione della Cisgiordania (e di Gaza fino alla sua espulsione da parte di Hamas nel 2007) concordata nel processo di pace di Oslo, l&#8217;OLP si \u00e8 sempre pi\u00f9 allontanata dalla lotta armata contro Israele. La parte radicale dei palestinesi oggi la accusa di debolezza e si orienta verso Hamas. Ampie fasce della popolazione palestinese criticano inoltre l&#8217;OLP e l&#8217;Autorit\u00e0 Palestinese da essa controllata a causa della corruzione dilagante tra le sue fila. Tuttavia, grazie alla sua moderazione, l&#8217;OLP \u00e8 diventata l&#8217;unico interlocutore riconosciuto da Israele, anche se i negoziati tra le due parti per la creazione di uno stato palestinese indipendente, iniziati nel 1993, si sono arenati a partire dai primi anni 2000.   <\/p>\n","protected":false},"excerpt":{"rendered":"<p>L&#8217;Organizzazione per la Liberazione della Palestina (OLP), fondata nel 1964, si considera il legittimo rappresentante degli interessi dei palestinesi. Nel suo statuto del 1968, l&#8217;OLP dichiarava di voler distruggere Israele e di avere come obiettivo l&#8217;annientamento di Israele. Uno stato nazionale per i palestinesi doveva essere istituito nell&#8217;ex Mandato britannico della Palestina. La carta descriveva [&hellip;]<\/p>\n","protected":false},"author":2,"featured_media":3883,"parent":3967,"menu_order":0,"comment_status":"closed","ping_status":"closed","template":"","meta":{"_hide_socialbar":"","footnotes":""},"categories":[],"tags":[671,688],"class_list":["post-3882","page","type-page","status-publish","has-post-thumbnail","hentry","tag-olp","tag-organizzazioni-terroristiche"],"aioseo_notices":[],"_links":{"self":[{"href":"https:\/\/fokusisrael.ch\/it\/wp-json\/wp\/v2\/pages\/3882","targetHints":{"allow":["GET"]}}],"collection":[{"href":"https:\/\/fokusisrael.ch\/it\/wp-json\/wp\/v2\/pages"}],"about":[{"href":"https:\/\/fokusisrael.ch\/it\/wp-json\/wp\/v2\/types\/page"}],"author":[{"embeddable":true,"href":"https:\/\/fokusisrael.ch\/it\/wp-json\/wp\/v2\/users\/2"}],"replies":[{"embeddable":true,"href":"https:\/\/fokusisrael.ch\/it\/wp-json\/wp\/v2\/comments?post=3882"}],"version-history":[{"count":3,"href":"https:\/\/fokusisrael.ch\/it\/wp-json\/wp\/v2\/pages\/3882\/revisions"}],"predecessor-version":[{"id":5357,"href":"https:\/\/fokusisrael.ch\/it\/wp-json\/wp\/v2\/pages\/3882\/revisions\/5357"}],"up":[{"embeddable":true,"href":"https:\/\/fokusisrael.ch\/it\/wp-json\/wp\/v2\/pages\/3967"}],"wp:featuredmedia":[{"embeddable":true,"href":"https:\/\/fokusisrael.ch\/it\/wp-json\/wp\/v2\/media\/3883"}],"wp:attachment":[{"href":"https:\/\/fokusisrael.ch\/it\/wp-json\/wp\/v2\/media?parent=3882"}],"wp:term":[{"taxonomy":"category","embeddable":true,"href":"https:\/\/fokusisrael.ch\/it\/wp-json\/wp\/v2\/categories?post=3882"},{"taxonomy":"post_tag","embeddable":true,"href":"https:\/\/fokusisrael.ch\/it\/wp-json\/wp\/v2\/tags?post=3882"}],"curies":[{"name":"wp","href":"https:\/\/api.w.org\/{rel}","templated":true}]}}