{"id":3862,"date":"2024-01-21T16:53:00","date_gmt":"2024-01-21T15:53:00","guid":{"rendered":"https:\/\/fokusisrael.ch\/?page_id=3862"},"modified":"2026-03-27T12:14:45","modified_gmt":"2026-03-27T11:14:45","slug":"come-si-definisce-lantisemitismo","status":"publish","type":"page","link":"https:\/\/fokusisrael.ch\/it\/lodio-verso-gli-ebrei-e-israele-e-di-nuovo-in-crescita\/come-si-definisce-lantisemitismo\/","title":{"rendered":"Come si definisce l&#8217;antisemitismo?"},"content":{"rendered":"\n<h2 class=\"wp-block-heading\">La definizione di antisemitismo di Theodor W. Adorno<\/h2>\n\n<p><a href=\"https:\/\/de.wikipedia.org\/wiki\/Theodor_W._Adorno\" target=\"_blank\" rel=\"noreferrer noopener\">Il filosofo e sociologo tedesco Theodor W. Adorno<\/a> (1903-1969) ha definito l&#8217;antisemitismo in modo sintetico: <strong>&#8220;L&#8217;antisemitismo \u00e8 la diceria sugli ebrei&#8221;.<\/strong><\/p>\n\n<figure class=\"wp-block-image size-full\"><img loading=\"lazy\" decoding=\"async\" width=\"1024\" height=\"600\" src=\"https:\/\/fokusisrael.ch\/wp-content\/uploads\/2025\/03\/Antismitism-B-Christopher-Alamy-Stock-Foto-1024x600-1.jpg\" alt=\"Cartello &quot;No Jews Allowed&quot; (Museo Ebraico) - USA\" class=\"wp-image-613\" srcset=\"https:\/\/fokusisrael.ch\/wp-content\/uploads\/2025\/03\/Antismitism-B-Christopher-Alamy-Stock-Foto-1024x600-1.jpg 1024w, https:\/\/fokusisrael.ch\/wp-content\/uploads\/2025\/03\/Antismitism-B-Christopher-Alamy-Stock-Foto-1024x600-1-300x176.jpg 300w, https:\/\/fokusisrael.ch\/wp-content\/uploads\/2025\/03\/Antismitism-B-Christopher-Alamy-Stock-Foto-1024x600-1-768x450.jpg 768w\" sizes=\"auto, (max-width: 1024px) 100vw, 1024px\" \/><figcaption class=\"wp-element-caption\">Cartello &#8220;No Jews Allowed&#8221; (Museo Ebraico) &#8211; USA <span class=\"image-meta\">&copy; B Christopher  Alamy Stock Foto<\/span><\/figcaption><\/figure>\n\n<h2 class=\"wp-block-heading\">La definizione di antisemitismo dell&#8217;IHRA<\/h2>\n\n<p>L&#8217;<a href=\"https:\/\/de.wikipedia.org\/wiki\/International_Holocaust_Remembrance_Alliance\" target=\"_blank\" rel=\"noreferrer noopener\">International Holocaust Remembrance Alliance (IHRA <\/a>) definisce l&#8217;antisemitismo come segue: <strong>&#8220;L&#8217;antisemitismo \u00e8 una particolare percezione degli ebrei che pu\u00f2 essere espressa come odio verso gli ebrei. L&#8217;antisemitismo \u00e8 diretto con parole e azioni contro individui ebrei e non ebrei e\/o contro le loro propriet\u00e0, nonch\u00e9 contro istituzioni comunitarie o organizzazioni religiose ebraiche&#8221;.<\/strong><\/p>\n\n<p>Il governo tedesco ha aggiunto la seguente dichiarazione a questa definizione: <strong>&#8220;Inoltre, anche lo Stato di Israele, inteso come collettivit\u00e0 ebraica, pu\u00f2 essere l&#8217;obiettivo di tali attacchi <\/strong>&#8220;.  <\/p>\n\n<h2 class=\"wp-block-heading\">Definizione di critica antisemita a Israele<\/h2>\n\n<p>Per noi di FokusIsrael.ch, la critica allo stato di Israele \u00e8 considerata antisemita se viene soddisfatto il seguente criterio: <strong>&#8220;La critica a Israele segue principi diversi rispetto alla critica a tutti gli altri stati&#8221;.<\/strong><\/p>\n\n<p>Anche lo slogan &#8220;Dal fiume al mare&#8221;, spesso utilizzato nel dibattito politico odierno dai sostenitori dei palestinesi e dai palestinesi stessi, \u00e8 antisemita. Questa richiesta implica la distruzione di Israele come Stato ebraico. Vedi il <a href=\"https:\/\/fokusisrael.ch\/news\/antisemitismus-from-the-river-to-the-sea\/\">comunicato stampa<\/a> del 18.0.24 della Federazione Svizzera delle Comunit\u00e0 Ebraiche.  <\/p>\n\n<p>In generale, noi di FokusIsrael.ch riteniamo che la definizione di antisemitismo di Theodor W. Adorno sia migliore di quella dell&#8217;International Holocaust Remembrance Alliance. Da un lato, ci\u00f2 \u00e8 dovuto alla sua brevit\u00e0 e concisione. Soprattutto, per\u00f2, la definizione <a href=\"https:\/\/de.wikipedia.org\/wiki\/Theodor_W._Adorno\" target=\"_blank\" rel=\"noreferrer noopener\">di Adorno<\/a> comprende anche l&#8217;antisemitismo che non si esprime come odio o violenza, ma che al contrario appare piuttosto positivo a prima vista. Questo pu\u00f2 includere affermazioni come &#8220;Voi ebrei siete particolarmente intraprendenti&#8221;, &#8220;Voi ebrei siete molto intelligenti&#8221;, &#8220;Voi ebrei siete molto potenti&#8221;, &#8220;Voi ebrei siete molto ricchi&#8221; e cos\u00ec via, perch\u00e9 anche queste affermazioni positive sono dicerie. Anche queste affermazioni positive sono dicerie e generalizzazioni che vengono utilizzate per distinguere gli ebrei da altri gruppi di popolazione in un modo che vale solo per loro. Questo non deve essere necessariamente antisemita, ma pu\u00f2 esserlo. (ad esempio, intraprendente o ricco = avido di denaro, intelligente = elitario, potente = cospirazione mondiale).     <\/p>\n\n<p>\u00a9Tachles Podcast Lo studioso di letteratura Jan Philipp Reemtsma discute il saggio di Theodor W. Adorno <a href=\"https:\/\/www.tachles.ch\/podcasts\/adorno-ueber-antisemitismus\" target=\"_blank\" rel=\"noreferrer noopener\">&#8220;Combattere l&#8217;antisemitismo oggi&#8221;.<\/a><\/p>\n\n<p>Arte TV  <a href=\"https:\/\/fokusisrael.ch\/it\/lodio-verso-gli-ebrei-e-israele-e-di-nuovo-in-crescita\/una-storia-di-antisemitismo-serie-di-documentari-arte-in-quattro-parti\/\">La storia dell&#8217;antisemitismo. Serie di documentari ARTE in quattro parti <\/a><\/p>\n\n<p><a href=\"https:\/\/fokusisrael.ch\/it\/lodio-verso-gli-ebrei-e-israele-e-di-nuovo-in-crescita\/lo-slogan-dal-fiume-al-mare-e-chiaramente-antisemita\/\" title=\"\">&#8220;Dal fiume al mare&#8221; \u00e8 chiaramente antisemita<\/a><\/p>\n\n<p><\/p>\n","protected":false},"excerpt":{"rendered":"<p>La definizione di antisemitismo di Theodor W. Adorno Il filosofo e sociologo tedesco Theodor W. Adorno (1903-1969) ha definito l&#8217;antisemitismo in modo sintetico: &#8220;L&#8217;antisemitismo \u00e8 la diceria sugli ebrei&#8221;. La definizione di antisemitismo dell&#8217;IHRA L&#8217;International Holocaust Remembrance Alliance (IHRA ) definisce l&#8217;antisemitismo come segue: &#8220;L&#8217;antisemitismo \u00e8 una particolare percezione degli ebrei che pu\u00f2 essere espressa [&hellip;]<\/p>\n","protected":false},"author":2,"featured_media":3864,"parent":3887,"menu_order":0,"comment_status":"closed","ping_status":"closed","template":"","meta":{"_hide_socialbar":"","footnotes":""},"categories":[],"tags":[625],"class_list":["post-3862","page","type-page","status-publish","has-post-thumbnail","hentry","tag-antisemitismo"],"aioseo_notices":[],"_links":{"self":[{"href":"https:\/\/fokusisrael.ch\/it\/wp-json\/wp\/v2\/pages\/3862","targetHints":{"allow":["GET"]}}],"collection":[{"href":"https:\/\/fokusisrael.ch\/it\/wp-json\/wp\/v2\/pages"}],"about":[{"href":"https:\/\/fokusisrael.ch\/it\/wp-json\/wp\/v2\/types\/page"}],"author":[{"embeddable":true,"href":"https:\/\/fokusisrael.ch\/it\/wp-json\/wp\/v2\/users\/2"}],"replies":[{"embeddable":true,"href":"https:\/\/fokusisrael.ch\/it\/wp-json\/wp\/v2\/comments?post=3862"}],"version-history":[{"count":7,"href":"https:\/\/fokusisrael.ch\/it\/wp-json\/wp\/v2\/pages\/3862\/revisions"}],"predecessor-version":[{"id":8357,"href":"https:\/\/fokusisrael.ch\/it\/wp-json\/wp\/v2\/pages\/3862\/revisions\/8357"}],"up":[{"embeddable":true,"href":"https:\/\/fokusisrael.ch\/it\/wp-json\/wp\/v2\/pages\/3887"}],"wp:featuredmedia":[{"embeddable":true,"href":"https:\/\/fokusisrael.ch\/it\/wp-json\/wp\/v2\/media\/3864"}],"wp:attachment":[{"href":"https:\/\/fokusisrael.ch\/it\/wp-json\/wp\/v2\/media?parent=3862"}],"wp:term":[{"taxonomy":"category","embeddable":true,"href":"https:\/\/fokusisrael.ch\/it\/wp-json\/wp\/v2\/categories?post=3862"},{"taxonomy":"post_tag","embeddable":true,"href":"https:\/\/fokusisrael.ch\/it\/wp-json\/wp\/v2\/tags?post=3862"}],"curies":[{"name":"wp","href":"https:\/\/api.w.org\/{rel}","templated":true}]}}