{"id":3858,"date":"2024-01-22T16:03:00","date_gmt":"2024-01-22T15:03:00","guid":{"rendered":"https:\/\/fokusisrael.ch\/?page_id=3858"},"modified":"2025-10-15T13:36:46","modified_gmt":"2025-10-15T11:36:46","slug":"la-jihad-islamica-palestinese-pij","status":"publish","type":"page","link":"https:\/\/fokusisrael.ch\/it\/organizzazioni-terroristiche-palestinesi-e-islamiche\/la-jihad-islamica-palestinese-pij\/","title":{"rendered":"La Jihad Islamica Palestinese (PIJ)"},"content":{"rendered":"\n<p class=\"article__intro\">La Jihad Islamica Palestinese (PIJ) \u00e8 considerata uno dei gruppi militanti pi\u00f9 radicali del Medio Oriente. La sua <a href=\"https:\/\/www.jewishvirtuallibrary.org\/palestine-islamic-jihad\" target=\"_blank\" rel=\"noreferrer noopener\">ideologia<\/a> combina le idee nazionaliste palestinesi con quelle dei Fratelli Musulmani e dell&#8217;Ayatollah Khomeini, il leader sciita della rivoluzione islamica in Iran. <\/p>\n\n<figure class=\"wp-block-image size-full\"><img loading=\"lazy\" decoding=\"async\" width=\"1024\" height=\"600\" src=\"https:\/\/fokusisrael.ch\/wp-content\/uploads\/2025\/03\/PIJ_ZUMA-Press-Inc.-Alamy-Stock-Foto.jpg\" alt=\"Membri delle Brigate Saraya Al-Quds, l'ala militare della Jihad islamica palestinese (PIJ), tengono una parata militare a Gaza City\" class=\"wp-image-752\" srcset=\"https:\/\/fokusisrael.ch\/wp-content\/uploads\/2025\/03\/PIJ_ZUMA-Press-Inc.-Alamy-Stock-Foto.jpg 1024w, https:\/\/fokusisrael.ch\/wp-content\/uploads\/2025\/03\/PIJ_ZUMA-Press-Inc.-Alamy-Stock-Foto-300x176.jpg 300w, https:\/\/fokusisrael.ch\/wp-content\/uploads\/2025\/03\/PIJ_ZUMA-Press-Inc.-Alamy-Stock-Foto-768x450.jpg 768w\" sizes=\"auto, (max-width: 1024px) 100vw, 1024px\" \/><figcaption class=\"wp-element-caption\">Membri delle Brigate Saraya Al-Quds, l&#8217;ala militare della Jihad islamica palestinese (PIJ), tengono una parata militare a Gaza City <span class=\"image-meta\">&copy; ZUMA Press, Inc.  Alamy Stock Foto<\/span><\/figcaption><\/figure>\n\n<p>La Jihad islamica mira anche alla &#8220;liberazione&#8221; dell&#8217;intera Palestina storica e alla distruzione di Israele.  <\/p>\n\n<p>Secondo il PIJ, una corretta lettura del Corano e una comprensione della storia portano alla conclusione che la Palestina \u00e8 al centro del confronto storico-religioso tra i musulmani e i loro eterni nemici, gli ebrei. I musulmani rappresentano le forze della verit\u00e0 (haq), mentre gli ebrei e i cristiani incarnano le forze dell&#8217;apostasia (batil). Nel contesto di questo confronto, il problema palestinese \u00e8 il fulcro dell&#8217;offensiva imperialista occidentale.  <\/p>\n\n<p>Il gruppo \u00e8 stato fondato a Gaza negli anni &#8217;80, ma \u00e8 attivo anche in Cisgiordania. \u00c8 responsabile di attacchi missilistici, aggressioni e attentati suicidi. L&#8217;organizzazione \u00e8 considerata meno potente di Hamas e i suoi razzi meno precisi.  <\/p>\n\n<p>Anche la Jihad islamica \u00e8 finanziata dall&#8217;Iran ed \u00e8 stata coinvolta nel pogrom del 7 ottobre.  <\/p>\n","protected":false},"excerpt":{"rendered":"<p>La Jihad Islamica Palestinese (PIJ) \u00e8 considerata uno dei gruppi militanti pi\u00f9 radicali del Medio Oriente. La sua ideologia combina le idee nazionaliste palestinesi con quelle dei Fratelli Musulmani e dell&#8217;Ayatollah Khomeini, il leader sciita della rivoluzione islamica in Iran. La Jihad islamica mira anche alla &#8220;liberazione&#8221; dell&#8217;intera Palestina storica e alla distruzione di Israele. [&hellip;]<\/p>\n","protected":false},"author":2,"featured_media":3859,"parent":3967,"menu_order":0,"comment_status":"closed","ping_status":"closed","template":"","meta":{"_hide_socialbar":"","footnotes":""},"categories":[],"tags":[688,700],"class_list":["post-3858","page","type-page","status-publish","has-post-thumbnail","hentry","tag-organizzazioni-terroristiche","tag-pij-it"],"aioseo_notices":[],"_links":{"self":[{"href":"https:\/\/fokusisrael.ch\/it\/wp-json\/wp\/v2\/pages\/3858","targetHints":{"allow":["GET"]}}],"collection":[{"href":"https:\/\/fokusisrael.ch\/it\/wp-json\/wp\/v2\/pages"}],"about":[{"href":"https:\/\/fokusisrael.ch\/it\/wp-json\/wp\/v2\/types\/page"}],"author":[{"embeddable":true,"href":"https:\/\/fokusisrael.ch\/it\/wp-json\/wp\/v2\/users\/2"}],"replies":[{"embeddable":true,"href":"https:\/\/fokusisrael.ch\/it\/wp-json\/wp\/v2\/comments?post=3858"}],"version-history":[{"count":3,"href":"https:\/\/fokusisrael.ch\/it\/wp-json\/wp\/v2\/pages\/3858\/revisions"}],"predecessor-version":[{"id":5354,"href":"https:\/\/fokusisrael.ch\/it\/wp-json\/wp\/v2\/pages\/3858\/revisions\/5354"}],"up":[{"embeddable":true,"href":"https:\/\/fokusisrael.ch\/it\/wp-json\/wp\/v2\/pages\/3967"}],"wp:featuredmedia":[{"embeddable":true,"href":"https:\/\/fokusisrael.ch\/it\/wp-json\/wp\/v2\/media\/3859"}],"wp:attachment":[{"href":"https:\/\/fokusisrael.ch\/it\/wp-json\/wp\/v2\/media?parent=3858"}],"wp:term":[{"taxonomy":"category","embeddable":true,"href":"https:\/\/fokusisrael.ch\/it\/wp-json\/wp\/v2\/categories?post=3858"},{"taxonomy":"post_tag","embeddable":true,"href":"https:\/\/fokusisrael.ch\/it\/wp-json\/wp\/v2\/tags?post=3858"}],"curies":[{"name":"wp","href":"https:\/\/api.w.org\/{rel}","templated":true}]}}