{"id":3850,"date":"2024-01-22T16:01:00","date_gmt":"2024-01-22T15:01:00","guid":{"rendered":"https:\/\/fokusisrael.ch\/?page_id=3850"},"modified":"2025-10-15T13:36:34","modified_gmt":"2025-10-15T11:36:34","slug":"fronte-popolare-per-la-liberazione-della-palestina-pflp","status":"publish","type":"page","link":"https:\/\/fokusisrael.ch\/it\/organizzazioni-terroristiche-palestinesi-e-islamiche\/fronte-popolare-per-la-liberazione-della-palestina-pflp\/","title":{"rendered":"Fronte Popolare per la Liberazione della Palestina (PFLP)"},"content":{"rendered":"\n<p class=\"article__intro\">Il Fronte Popolare per la Liberazione della Palestina \u00e8 stato fondato nel 1967 e ideologicamente fa parte del panarabismo di sinistra. \u00c8 attivo dal punto di vista politico, terroristico e militare.    <\/p>\n\n<figure class=\"wp-block-image size-full\"><img loading=\"lazy\" decoding=\"async\" width=\"1024\" height=\"600\" src=\"https:\/\/fokusisrael.ch\/wp-content\/uploads\/2025\/03\/PFLP_Sipa-USA-Alamy-Stock-Foto.jpg\" alt=\"Combattenti palestinesi mascherati del PFLP\" class=\"wp-image-755\" srcset=\"https:\/\/fokusisrael.ch\/wp-content\/uploads\/2025\/03\/PFLP_Sipa-USA-Alamy-Stock-Foto.jpg 1024w, https:\/\/fokusisrael.ch\/wp-content\/uploads\/2025\/03\/PFLP_Sipa-USA-Alamy-Stock-Foto-300x176.jpg 300w, https:\/\/fokusisrael.ch\/wp-content\/uploads\/2025\/03\/PFLP_Sipa-USA-Alamy-Stock-Foto-768x450.jpg 768w\" sizes=\"auto, (max-width: 1024px) 100vw, 1024px\" \/><figcaption class=\"wp-element-caption\"> <span class=\"image-meta\">&copy; Sipa USA  Alamy Stock Foto<\/span><\/figure><\/figcaption>\n\n<p>Il suo obiettivo centrale \u00e8 la distruzione di Israele come Stato ebraico, che dovr\u00e0 essere sostituito da uno Stato arabo socialista.  <\/p>\n\n<p>L&#8217;<a href=\"https:\/\/de.wikipedia.org\/wiki\/Volksfront_zur_Befreiung_Pal%C3%A4stinas#Terroranschl%C3%A4ge\" target=\"_blank\" rel=\"noreferrer noopener\">elenco dei loro attacchi terroristici<\/a> \u00e8 lungo. Tra le altre cose, il dirottamento dell&#8217;<a href=\"https:\/\/de.wikipedia.org\/wiki\/Entf%C3%BChrung_des_Flugzeugs_%E2%80%9ELandshut%E2%80%9C\" target=\"_blank\" rel=\"noreferrer noopener\">aereo Lufthansa di Landshut<\/a> e l&#8217;omicidio del pilota possono essere attribuiti a loro (1977).   <\/p>\n\n<p>Anche la Svizzera \u00e8 stata colpita dal terrore del PFLP:  <\/p>\n\n<ul class=\"wp-block-list\">\n<li>Nel 1969, alcuni assassini attaccarono un aereo della compagnia israeliana El Al a Kloten ZH e uccisero il pilota.<\/li>\n\n\n\n<li>Nel 1970, il PFLP dirotta quattro aerei in un&#8217;operazione coordinata; un quinto dirottamento fallisce. Gli aerei <a href=\"https:\/\/de.wikipedia.org\/wiki\/Swissair\" target=\"_blank\" rel=\"noreferrer noopener\">Swissair<\/a>, <a href=\"https:\/\/de.wikipedia.org\/wiki\/British_Overseas_Airways_Corporation\" target=\"_blank\" rel=\"noreferrer noopener\">BOAC<\/a> e <a href=\"https:\/\/de.wikipedia.org\/wiki\/Trans_World_Airlines\" target=\"_blank\" rel=\"noreferrer noopener\">TWA<\/a> sono costretti ad atterrare nel campo d&#8217;aviazione dismesso di Dawson&#8217;s Field, vicino a <a href=\"https:\/\/de.wikipedia.org\/wiki\/Zarqa\" target=\"_blank\" rel=\"noreferrer noopener\">Zarqa<\/a>, in Giordania. Si sviluppa un&#8217;estenuante guerra di nervi per il rilascio degli ostaggi in cambio di terroristi palestinesi. Tra questi, gli assassini in prigione in Svizzera per l&#8217;<a href=\"https:\/\/de.wikipedia.org\/wiki\/Attentat_in_Kloten\" target=\"_blank\" rel=\"noreferrer noopener\">attentato di Kloten<\/a> del 18 febbraio 1969.   <\/li>\n\n\n\n<li><a href=\"https:\/\/www.youtube.com\/watch?v=_pKlYAPjbBE\" target=\"_blank\" rel=\"noreferrer noopener\">Volo Swissair 330<\/a>: Nel febbraio 1970, poco dopo il decollo, una bomba esplose nella stiva di uno Swissair Coronado in volo da Zurigo a Tel Aviv. L&#8217;aereo si schiant\u00f2 in una foresta vicino a W\u00fcrenlingen AG. Tutti i 47 occupanti rimasero uccisi.    <\/li>\n\n\n\n<li><a href=\"https:\/\/de.wikipedia.org\/wiki\/George_Habasch\" target=\"_blank\" rel=\"noreferrer noopener\">George Habasch<\/a>, un ex medico dell&#8217;ospedale pediatrico di Zurigo che aveva fondato il PFLP dopo essere tornato in patria, rivendic\u00f2 la responsabilit\u00e0 dell&#8217;attentato. Le autorit\u00e0 giudiziarie svizzere non hanno mai perseguito e condannato i responsabili dell&#8217;attentato. <\/li>\n<\/ul>\n\n<p>All&#8217;inizio del 2016, il giornalista della NZZ <a href=\"https:\/\/de.wikipedia.org\/w\/index.php?title=Marcel_Gyr&amp;action=edit&amp;redlink=1\" target=\"_blank\" rel=\"noreferrer noopener\">Marcel Gyr<\/a>, autore del libro &#8221; <a href=\"https:\/\/www.persoenlich.com\/medien\/das-risiko-war-enorm\" target=\"_blank\" rel=\"noreferrer noopener\">Gli anni del terrore in Svizzera&#8221;<\/a>, ha pubblicato la teoria secondo cui dopo il 6 settembre 1970 ci sarebbero stati contatti tra l&#8217;OLP e l&#8217;allora ministro degli Esteri svizzero, <a href=\"https:\/\/de.wikipedia.org\/wiki\/Pierre_Graber\" target=\"_blank\" rel=\"noreferrer noopener\">il consigliere federale Pierre Graber<\/a>. Probabilmente era stato concluso un accordo segreto di standstill tra la Svizzera e l&#8217;OLP.   <\/p>\n","protected":false},"excerpt":{"rendered":"<p>Il Fronte Popolare per la Liberazione della Palestina \u00e8 stato fondato nel 1967 e ideologicamente fa parte del panarabismo di sinistra. \u00c8 attivo dal punto di vista politico, terroristico e militare. Il suo obiettivo centrale \u00e8 la distruzione di Israele come Stato ebraico, che dovr\u00e0 essere sostituito da uno Stato arabo socialista. L&#8217;elenco dei loro [&hellip;]<\/p>\n","protected":false},"author":2,"featured_media":3851,"parent":3967,"menu_order":0,"comment_status":"closed","ping_status":"closed","template":"","meta":{"_hide_socialbar":"","footnotes":""},"categories":[],"tags":[688,698],"class_list":["post-3850","page","type-page","status-publish","has-post-thumbnail","hentry","tag-organizzazioni-terroristiche","tag-pflp-it"],"aioseo_notices":[],"_links":{"self":[{"href":"https:\/\/fokusisrael.ch\/it\/wp-json\/wp\/v2\/pages\/3850","targetHints":{"allow":["GET"]}}],"collection":[{"href":"https:\/\/fokusisrael.ch\/it\/wp-json\/wp\/v2\/pages"}],"about":[{"href":"https:\/\/fokusisrael.ch\/it\/wp-json\/wp\/v2\/types\/page"}],"author":[{"embeddable":true,"href":"https:\/\/fokusisrael.ch\/it\/wp-json\/wp\/v2\/users\/2"}],"replies":[{"embeddable":true,"href":"https:\/\/fokusisrael.ch\/it\/wp-json\/wp\/v2\/comments?post=3850"}],"version-history":[{"count":3,"href":"https:\/\/fokusisrael.ch\/it\/wp-json\/wp\/v2\/pages\/3850\/revisions"}],"predecessor-version":[{"id":5353,"href":"https:\/\/fokusisrael.ch\/it\/wp-json\/wp\/v2\/pages\/3850\/revisions\/5353"}],"up":[{"embeddable":true,"href":"https:\/\/fokusisrael.ch\/it\/wp-json\/wp\/v2\/pages\/3967"}],"wp:featuredmedia":[{"embeddable":true,"href":"https:\/\/fokusisrael.ch\/it\/wp-json\/wp\/v2\/media\/3851"}],"wp:attachment":[{"href":"https:\/\/fokusisrael.ch\/it\/wp-json\/wp\/v2\/media?parent=3850"}],"wp:term":[{"taxonomy":"category","embeddable":true,"href":"https:\/\/fokusisrael.ch\/it\/wp-json\/wp\/v2\/categories?post=3850"},{"taxonomy":"post_tag","embeddable":true,"href":"https:\/\/fokusisrael.ch\/it\/wp-json\/wp\/v2\/tags?post=3850"}],"curies":[{"name":"wp","href":"https:\/\/api.w.org\/{rel}","templated":true}]}}