{"id":3834,"date":"2024-01-26T10:25:00","date_gmt":"2024-01-26T09:25:00","guid":{"rendered":"https:\/\/fokusisrael.ch\/?page_id=3834"},"modified":"2025-10-15T13:36:12","modified_gmt":"2025-10-15T11:36:12","slug":"il-governo-e-il-sistema-giudiziario","status":"publish","type":"page","link":"https:\/\/fokusisrael.ch\/it\/israele-e-il-medio-oriente\/il-governo-e-il-sistema-giudiziario\/","title":{"rendered":"Il governo e il sistema giudiziario"},"content":{"rendered":"\n<p class=\"article__intro\">Israele \u00e8 una democrazia parlamentare con un sistema unicamerale. Il parlamento si riunisce a Gerusalemme, ha 120 membri e si chiama Knesset. I membri del parlamento sono eletti per rappresentanza proporzionale sulla base di liste di partito. Tutti i partiti che riescono a ottenere almeno il 3,25% dei voti alle elezioni, che si svolgono ogni quattro anni, hanno diritto a essere rappresentati nella Knesset. Questa bassa soglia di sbarramento fa s\u00ec che il panorama dei partiti israeliani sia molto frammentato.    <\/p>\n\n<figure class=\"wp-block-image size-full\"><img loading=\"lazy\" decoding=\"async\" width=\"1024\" height=\"600\" src=\"https:\/\/fokusisrael.ch\/wp-content\/uploads\/2025\/03\/Demo_Yoav-Aziz-unsplash.jpg\" alt=\"Una manifestazione appassionata in una citt&#xE0; israeliana, con persone che reggono cartelli con testi in ebraico, nel mezzo di edifici urbani in una giornata di sole.\" class=\"wp-image-830\" srcset=\"https:\/\/fokusisrael.ch\/wp-content\/uploads\/2025\/03\/Demo_Yoav-Aziz-unsplash.jpg 1024w, https:\/\/fokusisrael.ch\/wp-content\/uploads\/2025\/03\/Demo_Yoav-Aziz-unsplash-300x176.jpg 300w, https:\/\/fokusisrael.ch\/wp-content\/uploads\/2025\/03\/Demo_Yoav-Aziz-unsplash-768x450.jpg 768w\" sizes=\"auto, (max-width: 1024px) 100vw, 1024px\" \/><figcaption class=\"wp-element-caption\"> <span class=\"image-meta\">&copy;<a href=\"https:\/\/unsplash.com\/de\/@yoavaziz?utm_content=creditCopyText&#038;utm_medium=referral&#038;utm_source=unsplash\" target=\"_blank\" rel=\"noopener\">Yoav Aziz<\/a> <a href=\"https:\/\/unsplash.com\/de\/fotos\/eine-grosse-gruppe-von-menschen-die-fahnen-vor-einer-menschenmenge-halten-8mEbvFWLtfI?utm_content=creditCopyText&#038;utm_medium=referral&#038;utm_source=unsplash\" target=\"_blank\" rel=\"noopener\">Unsplash<\/a><\/span><\/figure><\/figcaption>\n\n<p>Il capo rappresentativo di Israele \u00e8 il Presidente dello Stato, eletto dalla Knesset per un mandato di sette anni. Dopo le elezioni della Knesset, il Presidente nomina il leader del partito con il maggior numero di seggi in parlamento per formare un nuovo governo. A causa della forte frammentazione delle forze politiche in parlamento, Israele \u00e8 sempre governato da governi di coalizione con rappresentanti di diversi partiti (vedi Partiti e alleanze di partito alla Knesset). Il capo del governo ricopre la carica di Primo Ministro. Il governo ha ampi poteri, ma pu\u00f2 essere rimesso al suo posto dalla Corte Suprema.    <\/p>\n\n<p>Israele ha un sistema giudiziario laico a tre livelli e tribunali per le singole comunit\u00e0 religiose. La Corte Suprema di Israele a Gerusalemme \u00e8 di grande importanza. Questo \u00e8 dovuto al fatto che Israele non ha ancora una costituzione come la Svizzera, ad esempio. I fondamenti giuridici pi\u00f9 importanti sono la Dichiarazione di Indipendenza del 1948 e le dodici cosiddette &#8220;Leggi Fondamentali&#8221;, approvate tra il 1958 e il 2018, che trattano i principi fondamentali dello Stato, ad esempio il parlamento e il governo, il bilancio dello Stato, l&#8217;esercito, la libert\u00e0 e la dignit\u00e0 umana, ecc.   <br \/> <br \/>Le nuove leggi e le decisioni del governo possono essere riviste e respinte dalla Corte Suprema se, a suo parere, contraddicono una delle dodici leggi fondamentali. Nel luglio del 2023, il parlamento ha approvato una legge che revoca questo potere alla Corte Suprema. Questa decisione parlamentare ha portato a massicce proteste popolari fino allo scoppio della Guerra di Gaza nell&#8217;ottobre 2023. Il 1\u00b0 gennaio 2024, la Corte Suprema ha dichiarato nulla la decisione parlamentare del luglio 2023.<br \/> <br \/>Le questioni legali relative a matrimonio e divorzio, tutela, mantenimento o adozione sono decise in Israele dai tribunali della rispettiva comunit\u00e0 religiosa. Per gli ebrei si tratta di tribunali rabbinici e per i musulmani di tribunali della Sharia. Anche le comunit\u00e0 druse e cristiane riconosciute in Israele hanno istituzioni corrispondenti. L&#8217;opinione legale di questi tribunali \u00e8 in contrasto con l&#8217;opinione legale laica per quanto riguarda l&#8217;uguaglianza di genere o le questioni relative all&#8217;omosessualit\u00e0. La libert\u00e0 religiosa ha la priorit\u00e0 in questo caso.       <\/p>\n\n<h3 class=\"wp-block-heading\"><strong>Partiti politici e alleanze di partito nella Knesset<\/strong><\/h3>\n\n<p><a href=\"https:\/\/www.likud.org.il\/en\/\" target=\"_blank\" rel=\"noreferrer noopener\"><strong>Likud<\/strong><\/a> (nazionalista di destra)<\/p>\n\n<p><a href=\"https:\/\/en.wikipedia.org\/wiki\/Yesh_Atid\" target=\"_blank\" rel=\"noreferrer noopener\"><strong>Yesh Atid<\/strong><\/a> (partito di centro liberale)<\/p>\n\n<p><a href=\"https:\/\/zionutdatit.org.il\/en\/about\/\" target=\"_blank\" rel=\"noreferrer noopener\"><strong>HaTzionut HaDatit<\/strong><\/a> (alleanza di partiti religiosi di destra)<\/p>\n\n<p><a href=\"https:\/\/de.wikipedia.org\/wiki\/HaMahane_HaMamlachti\" target=\"_blank\" rel=\"noreferrer noopener\"><strong>HaMachane HaMamlachti<\/strong><\/a> (Sionista liberale)<\/p>\n\n<p><a href=\"https:\/\/de.wikipedia.org\/wiki\/Demokratische_Partei_(Israel)\" target=\"_blank\" rel=\"noopener\" title=\"\"><strong>HaDemokratim<\/strong><\/a> (Sionista, socialdemocratico)<\/p>\n\n<p><a href=\"https:\/\/de.wikipedia.org\/wiki\/Schas#:~:text=Schas%20(hebr%C3%A4isch%20%D7%A9%D7%B4%D7%A1,Interessen%20der%20religi%C3%B6sen%20sephardischen%20Juden.\" target=\"_blank\" rel=\"noreferrer noopener\"><strong>Shas<\/strong><\/a> (Sefardita-ultraortodosso)<\/p>\n\n<p><a href=\"https:\/\/de.wikipedia.org\/wiki\/Vereinigtes_Thora-Judentum\" target=\"_blank\" rel=\"noreferrer noopener\"><strong>Ebraismo Torah Unito<\/strong><\/a> (Alleanza di partiti ultraortodossi ashkenaziti)<\/p>\n\n<p><a href=\"https:\/\/de.wikipedia.org\/wiki\/Jisra%E2%80%99el_Beitenu\" target=\"_blank\" rel=\"noreferrer noopener\"><strong>Israel Beitenu<\/strong><\/a> (laico-nazionalista)<\/p>\n\n<p><a href=\"https:\/\/de.wikipedia.org\/wiki\/Vereinigte_Arabische_Liste\" target=\"_blank\" rel=\"noreferrer noopener\"><strong>Ra&#8217;am<\/strong><\/a> (Lista Araba Unita, antisionista)<\/p>\n\n<p><a href=\"https:\/\/de.wikipedia.org\/wiki\/Ta%27al\" target=\"_blank\" rel=\"noreferrer noopener\"><strong>Ta-al<\/strong> <\/a>(Partito arabo)<\/p>\n\n<p><\/p>\n\n<p><\/p>\n","protected":false},"excerpt":{"rendered":"<p>Israele \u00e8 una democrazia parlamentare con un sistema unicamerale. Il parlamento si riunisce a Gerusalemme, ha 120 membri e si chiama Knesset. I membri del parlamento sono eletti per rappresentanza proporzionale sulla base di liste di partito. Tutti i partiti che riescono a ottenere almeno il 3,25% dei voti alle elezioni, che si svolgono ogni [&hellip;]<\/p>\n","protected":false},"author":2,"featured_media":3835,"parent":3783,"menu_order":0,"comment_status":"closed","ping_status":"closed","template":"","meta":{"_hide_socialbar":"","footnotes":""},"categories":[],"tags":[],"class_list":["post-3834","page","type-page","status-publish","has-post-thumbnail","hentry"],"aioseo_notices":[],"_links":{"self":[{"href":"https:\/\/fokusisrael.ch\/it\/wp-json\/wp\/v2\/pages\/3834","targetHints":{"allow":["GET"]}}],"collection":[{"href":"https:\/\/fokusisrael.ch\/it\/wp-json\/wp\/v2\/pages"}],"about":[{"href":"https:\/\/fokusisrael.ch\/it\/wp-json\/wp\/v2\/types\/page"}],"author":[{"embeddable":true,"href":"https:\/\/fokusisrael.ch\/it\/wp-json\/wp\/v2\/users\/2"}],"replies":[{"embeddable":true,"href":"https:\/\/fokusisrael.ch\/it\/wp-json\/wp\/v2\/comments?post=3834"}],"version-history":[{"count":3,"href":"https:\/\/fokusisrael.ch\/it\/wp-json\/wp\/v2\/pages\/3834\/revisions"}],"predecessor-version":[{"id":5351,"href":"https:\/\/fokusisrael.ch\/it\/wp-json\/wp\/v2\/pages\/3834\/revisions\/5351"}],"up":[{"embeddable":true,"href":"https:\/\/fokusisrael.ch\/it\/wp-json\/wp\/v2\/pages\/3783"}],"wp:featuredmedia":[{"embeddable":true,"href":"https:\/\/fokusisrael.ch\/it\/wp-json\/wp\/v2\/media\/3835"}],"wp:attachment":[{"href":"https:\/\/fokusisrael.ch\/it\/wp-json\/wp\/v2\/media?parent=3834"}],"wp:term":[{"taxonomy":"category","embeddable":true,"href":"https:\/\/fokusisrael.ch\/it\/wp-json\/wp\/v2\/categories?post=3834"},{"taxonomy":"post_tag","embeddable":true,"href":"https:\/\/fokusisrael.ch\/it\/wp-json\/wp\/v2\/tags?post=3834"}],"curies":[{"name":"wp","href":"https:\/\/api.w.org\/{rel}","templated":true}]}}