{"id":3814,"date":"2024-01-28T04:48:00","date_gmt":"2024-01-28T03:48:00","guid":{"rendered":"https:\/\/fokusisrael.ch\/?page_id=3814"},"modified":"2025-10-15T13:36:12","modified_gmt":"2025-10-15T11:36:12","slug":"non-comprare-dagli-ebrei-il-movimento-bds","status":"publish","type":"page","link":"https:\/\/fokusisrael.ch\/it\/israele-e-il-medio-oriente\/non-comprare-dagli-ebrei-il-movimento-bds\/","title":{"rendered":"&#8220;Non comprare dagli ebrei! &#8211; il movimento BDS"},"content":{"rendered":"\n<p class=\"article__intro\">Israele \u00e8 uno stato di apartheid in cui la popolazione non ebraica, soprattutto quella araba, \u00e8 discriminata e gli arabi sono cittadini di seconda classe, sostengono ripetutamente gli oppositori dello Stato ebraico.  <\/p>\n\n<figure class=\"wp-block-image size-full\"><img loading=\"lazy\" decoding=\"async\" width=\"1024\" height=\"600\" src=\"https:\/\/fokusisrael.ch\/wp-content\/uploads\/2025\/03\/BDS-Bewegung_MKR-photoscene.ch_.jpg\" alt=\"Un affollato negozio di scarpe con sandali in pelle, clienti e venditori al bancone, che mostra la vita quotidiana in un mercato tradizionale, circondato da borse e accessori.  \" class=\"wp-image-840\" srcset=\"https:\/\/fokusisrael.ch\/wp-content\/uploads\/2025\/03\/BDS-Bewegung_MKR-photoscene.ch_.jpg 1024w, https:\/\/fokusisrael.ch\/wp-content\/uploads\/2025\/03\/BDS-Bewegung_MKR-photoscene.ch_-300x176.jpg 300w, https:\/\/fokusisrael.ch\/wp-content\/uploads\/2025\/03\/BDS-Bewegung_MKR-photoscene.ch_-768x450.jpg 768w\" sizes=\"auto, (max-width: 1024px) 100vw, 1024px\" \/><figcaption class=\"wp-element-caption\"> <span class=\"image-meta\">&copy; MKR  photoscene.ch<\/span><\/figure><\/figcaption>\n\n<p>Oltre ai vari gruppi terroristici palestinesi e islamici che, sostenuti dall&#8217;Iran, combattono Israele con la forza armata, c&#8217;\u00e8 anche un gruppo che cerca di farlo attraverso l&#8217;emarginazione economica, scientifica e culturale.  <br \/><br \/>Questo gruppo si chiama &#8220;Boicottaggio, Disinvestimento e Sanzioni&#8221; &#8211; o BDS in breve &#8211; in linea con il suo credo. Mira all&#8217;esistenza di Israele chiedendo il boicottaggio pi\u00f9 completo possibile, il ritiro degli investimenti esteri da Israele e l&#8217;imposizione di sanzioni contro lo Stato ebraico.   <br \/><br \/>Il boicottaggio non \u00e8 richiesto solo per i prodotti delle aziende israeliane, ma anche, ad esempio, che gli artisti israeliani o le produzioni artistiche israeliane (ad esempio i film) non possano partecipare o essere proiettati in eventi artistici internazionali. Allo stesso modo, non dovrebbero esserci collaborazioni con ricercatori israeliani in campo scientifico e accademico.   <br \/><br \/>Molti rappresentanti del movimento BDS negano il diritto all&#8217;esistenza di Israele, come il suo fondatore Omar Barthouti, che ha dichiarato: <a href=\"https:\/\/honestreporting.com\/bds-myths-and-facts\/\" target=\"_blank\" rel=\"noreferrer noopener\">&#8220;Siamo assolutamente contrari a uno stato ebraico in qualsiasi parte della Palestina&#8221;.<\/a>  <br \/><br \/>Nel suo <a href=\"https:\/\/docs.house.gov\/meetings\/FA\/FA18\/20160419\/104817\/HHRG-114-FA18-Wstate-SchanzerJ-20160419.pdf\" target=\"_blank\" rel=\"noreferrer noopener\">rapporto al Congresso degli Stati Uniti <\/a>, l&#8217;ex analista di terrorismo Jonathan Schanzer ha rivelato i legami finanziari e personali tra l&#8217;organizzazione BDS e i sostenitori di Hamas.  <br \/><br \/>Il movimento BDS \u00e8 stato fondato nel 2005 da organizzazioni palestinesi ed \u00e8 ora attivo in numerosi paesi occidentali con comitati di sostegno locali. Questi sono per lo pi\u00f9 composti da rappresentanti della sinistra politica. A livello internazionale, \u00e8 particolarmente noto il sostegno al BDS da parte del musicista dei Pink Floyd Roger Waters, che in occasione di precedenti concerti si \u00e8 reso protagonista di una propaganda palesemente antisemita.    <br \/><br \/>In Svizzera, i <a href=\"https:\/\/www.bds-info.ch\/index.php\/de\/personengalerie\" target=\"_blank\" rel=\"noreferrer noopener\">pi\u00f9 noti sostenitori<\/a> del movimento BDS sono il consigliere nazionale socialdemocratico ginevrino Carlo Sommaruga, l&#8217;ex consigliere nazionale grigionese Andrea H\u00e4mmerle (anch&#8217;essa dell&#8217;SPS), l&#8217;ex consigliere nazionale dei Verdi e presidente dell&#8217;Associazione svizzero-palestinese Geri M\u00fcller, l&#8217;ex giornalista televisivo Erich Gysling e il regista Samir, proveniente da una famiglia irachena.  <br \/><\/p>\n\n<h3 class=\"wp-block-heading\">Azioni BDS vietate in numerosi paesi  <\/h3>\n\n<p>Con il suo invito a boicottare tutto ci\u00f2 che proviene dallo Stato ebraico di Israele e i suoi adesivi &#8220;Non comprare!&#8221;, il movimento BDS ricorda gli appelli antisemiti dei nazionalsocialisti tedeschi. Nel 1933, prima che iniziasse la vera e propria persecuzione degli ebrei, in <a href=\"https:\/\/www.dw.com\/de\/bundestag-verurteilt-boykott-kampagne-gegen-israel\/a-48779523\" target=\"_blank\" rel=\"noreferrer noopener\">Germania<\/a> si chiedeva di boicottare le aziende ebraiche con la richiesta &#8220;Non comprate dagli ebrei!&#8221;.   <br \/><br \/>Le campagne BDS sono pertanto classificate come antisemite dal governo e dal parlamento di Germania, Austria e Repubblica Ceca, tra gli altri paesi. In Francia, i rappresentanti del BDS sono stati condannati ai sensi del codice penale antirazzista per i loro appelli. In Inghilterra, il governo conservatore ha vietato a tutte le organizzazioni finanziate con fondi pubblici di promuovere il BDS.    <br \/><br \/><a href=\"https:\/\/en.wikipedia.org\/wiki\/Anti-BDS_laws\" target=\"_blank\" rel=\"noreferrer noopener\">Negli Stati Uniti, anche<\/a> il governo federale e il Congresso degli Stati Uniti, cos\u00ec come i governi e i parlamenti di numerosi Stati, hanno intrapreso azioni contro il BDS. Nel 2015, l&#8217;allora presidente Barack Obama ha firmato una legge che stabilisce che le campagne BDS devono essere esplicitamente respinte negli accordi di libero scambio con l&#8217;UE. A livello parlamentare, sono state approvate risoluzioni contro il boicottaggio di Israele in entrambe le camere (Senato e Camera dei Rappresentanti).    <br \/><br \/>In 37 dei 50 stati americani sono state approvate leggi o regolamenti contro il BDS, con l&#8217;obiettivo di impedire le richieste di boicottaggio di Israele. Ad esempio, ai fornitori del settore pubblico \u00e8 stato vietato di intrattenere rapporti commerciali con aziende che sostengono il BDS o altri boicottaggi di Israele.   <\/p>\n","protected":false},"excerpt":{"rendered":"<p>Israele \u00e8 uno stato di apartheid in cui la popolazione non ebraica, soprattutto quella araba, \u00e8 discriminata e gli arabi sono cittadini di seconda classe, sostengono ripetutamente gli oppositori dello Stato ebraico. Oltre ai vari gruppi terroristici palestinesi e islamici che, sostenuti dall&#8217;Iran, combattono Israele con la forza armata, c&#8217;\u00e8 anche un gruppo che cerca [&hellip;]<\/p>\n","protected":false},"author":2,"featured_media":3815,"parent":3783,"menu_order":0,"comment_status":"closed","ping_status":"closed","template":"","meta":{"_hide_socialbar":"","footnotes":""},"categories":[],"tags":[691],"class_list":["post-3814","page","type-page","status-publish","has-post-thumbnail","hentry","tag-bds-it"],"aioseo_notices":[],"_links":{"self":[{"href":"https:\/\/fokusisrael.ch\/it\/wp-json\/wp\/v2\/pages\/3814","targetHints":{"allow":["GET"]}}],"collection":[{"href":"https:\/\/fokusisrael.ch\/it\/wp-json\/wp\/v2\/pages"}],"about":[{"href":"https:\/\/fokusisrael.ch\/it\/wp-json\/wp\/v2\/types\/page"}],"author":[{"embeddable":true,"href":"https:\/\/fokusisrael.ch\/it\/wp-json\/wp\/v2\/users\/2"}],"replies":[{"embeddable":true,"href":"https:\/\/fokusisrael.ch\/it\/wp-json\/wp\/v2\/comments?post=3814"}],"version-history":[{"count":3,"href":"https:\/\/fokusisrael.ch\/it\/wp-json\/wp\/v2\/pages\/3814\/revisions"}],"predecessor-version":[{"id":5349,"href":"https:\/\/fokusisrael.ch\/it\/wp-json\/wp\/v2\/pages\/3814\/revisions\/5349"}],"up":[{"embeddable":true,"href":"https:\/\/fokusisrael.ch\/it\/wp-json\/wp\/v2\/pages\/3783"}],"wp:featuredmedia":[{"embeddable":true,"href":"https:\/\/fokusisrael.ch\/it\/wp-json\/wp\/v2\/media\/3815"}],"wp:attachment":[{"href":"https:\/\/fokusisrael.ch\/it\/wp-json\/wp\/v2\/media?parent=3814"}],"wp:term":[{"taxonomy":"category","embeddable":true,"href":"https:\/\/fokusisrael.ch\/it\/wp-json\/wp\/v2\/categories?post=3814"},{"taxonomy":"post_tag","embeddable":true,"href":"https:\/\/fokusisrael.ch\/it\/wp-json\/wp\/v2\/tags?post=3814"}],"curies":[{"name":"wp","href":"https:\/\/api.w.org\/{rel}","templated":true}]}}