{"id":3802,"date":"2024-01-22T16:04:00","date_gmt":"2024-01-22T15:04:00","guid":{"rendered":"https:\/\/fokusisrael.ch\/?page_id=3802"},"modified":"2025-10-15T13:36:46","modified_gmt":"2025-10-15T11:36:46","slug":"hezbollah-in-arabo-partito-di-dio","status":"publish","type":"page","link":"https:\/\/fokusisrael.ch\/it\/organizzazioni-terroristiche-palestinesi-e-islamiche\/hezbollah-in-arabo-partito-di-dio\/","title":{"rendered":"Hezbollah (in arabo Partito di Dio)"},"content":{"rendered":"\n<p class=\"article__intro\">Hezbollah (in arabo Partito di Dio) \u00e8 stato fondato nel 1982 come milizia anti-israeliana durante la guerra civile libanese. Come il sunnita Hamas, \u00e8 sotto il patrocinio dell&#8217;Iran ed \u00e8 composto prevalentemente da sciiti libanesi.   <\/p>\n\n<figure class=\"wp-block-image size-full\"><img loading=\"lazy\" decoding=\"async\" width=\"1024\" height=\"600\" src=\"https:\/\/fokusisrael.ch\/wp-content\/uploads\/2025\/03\/Hisbollah_john-wreford-Alamy-Stock-Foto-1.jpg\" alt=\"Bandiera di Hezbollah\" class=\"wp-image-464\" srcset=\"https:\/\/fokusisrael.ch\/wp-content\/uploads\/2025\/03\/Hisbollah_john-wreford-Alamy-Stock-Foto-1.jpg 1024w, https:\/\/fokusisrael.ch\/wp-content\/uploads\/2025\/03\/Hisbollah_john-wreford-Alamy-Stock-Foto-1-300x176.jpg 300w, https:\/\/fokusisrael.ch\/wp-content\/uploads\/2025\/03\/Hisbollah_john-wreford-Alamy-Stock-Foto-1-768x450.jpg 768w\" sizes=\"auto, (max-width: 1024px) 100vw, 1024px\" \/><figcaption class=\"wp-element-caption\"> <span class=\"image-meta\">&copy; John Wreford  Alamy Stock Foto<\/span><\/figure><\/figcaption>\n\n<p>La forza militare di Hezbollah in Libano \u00e8 considerevole e assomiglia all&#8217;esercito di un paese di medie dimensioni. Dispone di oltre 150.000 razzi e missili, compresi i missili Fajr-5 e Zelzal-2 provenienti dall&#8217;Iran. Questo armamento sottolinea la minaccia che Hezbollah rappresenta per la sicurezza di Israele.  <\/p>\n\n<p>L&#8217;unit\u00e0 d&#8217;\u00e9lite di Hezbollah, l&#8217;unit\u00e0 Radwan, \u00e8 stata fondata con il supporto della Forza Quds iraniana. Di solito compie attacchi contro Israele.   <\/p>\n\n<p>Il leader di Hezbollah \u00e8 Hassan Nasrallah.  <\/p>\n\n<p>Hezbollah \u00e8 stato responsabile di una serie di attacchi terroristici su larga scala contro obiettivi israeliani e occidentali negli ultimi quarant&#8217;anni. Tra questi, l&#8217;attentato a una caserma statunitense a Beirut nel 1983, all&#8217;ambasciata israeliana a Buenos Aires nel 1992 e al centro culturale ebraico di Buenos Aires nel 1994.   <\/p>\n\n<p>All&#8217;inizio di gennaio 2024, Saleh a-Aruri, numero due di Hamas e mente dell&#8217;attacco terroristico del 7 ottobre, \u00e8 stato eliminato a Beirut. Il leader di Hezbollah Hassan Nasrallah ha quindi annunciato una rappresaglia contro il suo alleato e frequente partner di dialogo. Dall&#8217;attacco terroristico di Hamas del 7 ottobre, Hezbollah ha attaccato costantemente obiettivi nel nord di Israele. Tuttavia, ha mantenuto un profilo basso per non provocare una massiccia rappresaglia da parte di Israele.   <\/p>\n","protected":false},"excerpt":{"rendered":"<p>Hezbollah (in arabo Partito di Dio) \u00e8 stato fondato nel 1982 come milizia anti-israeliana durante la guerra civile libanese. Come il sunnita Hamas, \u00e8 sotto il patrocinio dell&#8217;Iran ed \u00e8 composto prevalentemente da sciiti libanesi. La forza militare di Hezbollah in Libano \u00e8 considerevole e assomiglia all&#8217;esercito di un paese di medie dimensioni. Dispone di [&hellip;]<\/p>\n","protected":false},"author":2,"featured_media":3803,"parent":3967,"menu_order":0,"comment_status":"closed","ping_status":"closed","template":"","meta":{"_hide_socialbar":"","footnotes":""},"categories":[],"tags":[687,688],"class_list":["post-3802","page","type-page","status-publish","has-post-thumbnail","hentry","tag-hezbollah-it","tag-organizzazioni-terroristiche"],"aioseo_notices":[],"_links":{"self":[{"href":"https:\/\/fokusisrael.ch\/it\/wp-json\/wp\/v2\/pages\/3802","targetHints":{"allow":["GET"]}}],"collection":[{"href":"https:\/\/fokusisrael.ch\/it\/wp-json\/wp\/v2\/pages"}],"about":[{"href":"https:\/\/fokusisrael.ch\/it\/wp-json\/wp\/v2\/types\/page"}],"author":[{"embeddable":true,"href":"https:\/\/fokusisrael.ch\/it\/wp-json\/wp\/v2\/users\/2"}],"replies":[{"embeddable":true,"href":"https:\/\/fokusisrael.ch\/it\/wp-json\/wp\/v2\/comments?post=3802"}],"version-history":[{"count":3,"href":"https:\/\/fokusisrael.ch\/it\/wp-json\/wp\/v2\/pages\/3802\/revisions"}],"predecessor-version":[{"id":5348,"href":"https:\/\/fokusisrael.ch\/it\/wp-json\/wp\/v2\/pages\/3802\/revisions\/5348"}],"up":[{"embeddable":true,"href":"https:\/\/fokusisrael.ch\/it\/wp-json\/wp\/v2\/pages\/3967"}],"wp:featuredmedia":[{"embeddable":true,"href":"https:\/\/fokusisrael.ch\/it\/wp-json\/wp\/v2\/media\/3803"}],"wp:attachment":[{"href":"https:\/\/fokusisrael.ch\/it\/wp-json\/wp\/v2\/media?parent=3802"}],"wp:term":[{"taxonomy":"category","embeddable":true,"href":"https:\/\/fokusisrael.ch\/it\/wp-json\/wp\/v2\/categories?post=3802"},{"taxonomy":"post_tag","embeddable":true,"href":"https:\/\/fokusisrael.ch\/it\/wp-json\/wp\/v2\/tags?post=3802"}],"curies":[{"name":"wp","href":"https:\/\/api.w.org\/{rel}","templated":true}]}}