{"id":3798,"date":"2024-01-28T16:32:00","date_gmt":"2024-01-28T15:32:00","guid":{"rendered":"https:\/\/fokusisrael.ch\/?page_id=3798"},"modified":"2025-10-15T13:36:46","modified_gmt":"2025-10-15T11:36:46","slug":"la-questione-degli-insediamenti-e-la-soluzione-dei-due-stati","status":"publish","type":"page","link":"https:\/\/fokusisrael.ch\/it\/israele-e-il-medio-oriente\/la-questione-degli-insediamenti-e-la-soluzione-dei-due-stati\/","title":{"rendered":"La questione degli insediamenti e la soluzione dei due Stati"},"content":{"rendered":"\n<h2 class=\"wp-block-heading\">Asserzione<\/h2>\n\n<p>La costruzione di insediamenti ebraici in Cisgiordania \u00e8 responsabile dell&#8217;assenza di pace tra i palestinesi e Israele.<\/p>\n\n<figure class=\"wp-block-image size-full\"><img loading=\"lazy\" decoding=\"async\" width=\"1024\" height=\"600\" src=\"https:\/\/fokusisrael.ch\/wp-content\/uploads\/2025\/03\/Siedlungen_Andreas-Keuchel-Alamy-Stock-Foto.jpg\" alt=\"Insediamenti israeliani vicino alla citt&#xE0; di Betlemme\" class=\"wp-image-802\" srcset=\"https:\/\/fokusisrael.ch\/wp-content\/uploads\/2025\/03\/Siedlungen_Andreas-Keuchel-Alamy-Stock-Foto.jpg 1024w, https:\/\/fokusisrael.ch\/wp-content\/uploads\/2025\/03\/Siedlungen_Andreas-Keuchel-Alamy-Stock-Foto-300x176.jpg 300w, https:\/\/fokusisrael.ch\/wp-content\/uploads\/2025\/03\/Siedlungen_Andreas-Keuchel-Alamy-Stock-Foto-768x450.jpg 768w\" sizes=\"auto, (max-width: 1024px) 100vw, 1024px\" \/><figcaption class=\"wp-element-caption\">Insediamenti israeliani vicino alla citt\u00e0 di Betlemme <span class=\"image-meta\">&copy; Andreas Keuchel  Alamy Stock Foto<\/span><\/figcaption><\/figure>\n\n<h2 class=\"wp-block-heading\">I fatti<\/h2>\n\n<p>Gli insediamenti ebraici costruiti in Cisgiordania e a Gerusalemme Est negli ultimi cinquant&#8217;anni sono illegali secondo il diritto internazionale e rappresentano un ostacolo a una soluzione pacifica del conflitto tra palestinesi e israeliani. Ma non sono la causa del conflitto. L&#8217;origine del conflitto risiede nel rifiuto degli Stati arabi di riconoscere il modello di soluzione a due Stati (con uno Stato ebraico e uno palestinese) proposto dalle Nazioni Unite.  <br\/><br\/>Questo rifiuto risale al 1947, anno in cui le Nazioni Unite adottarono il Piano di Partizione. Tuttavia, i primi insediamenti ebraici in Cisgiordania furono creati solo pi\u00f9 di vent&#8217;anni dopo, dopo che Israele aveva conquistato questo territorio dalla Giordania nella Guerra dei Sei Giorni del 1967, insieme alla Striscia di Gaza dall&#8217;Egitto. <br\/><br\/><a href=\"https:\/\/fokusisrael.ch\/it\/i-palestinesi\/cisgiordania-e-gaza\/\">Gaza<\/a> dimostra che la rinuncia agli insediamenti non porta necessariamente alla pace: Israele ha evacuato i propri insediamenti nel 2005 e si \u00e8 ritirato completamente dalla Striscia di Gaza. Da allora, per\u00f2, lo Stato ebraico ha dovuto affrontare i continui attacchi delle organizzazioni terroristiche <a href=\"\/it\/?page_id=4040\">Hamas<\/a> e Jihad islamica, che governano Gaza, culminati nel massacro del 7 ottobre 2023. <\/p>\n\n<p>Subito dopo la vittoria nella Guerra dei Sei Giorni del giugno 1967, Israele inizi\u00f2 a costruire insediamenti in <a href=\"https:\/\/fokusisrael.ch\/it\/i-palestinesi\/cisgiordania-e-gaza\/\">Cisgiordania<\/a>, precedentemente occupata dalla Giordania (e anche sulle alture del Golan conquistate dalla Siria). Questi insediamenti erano situati oltre la cosiddetta <a href=\"https:\/\/de.wikipedia.org\/wiki\/Gr%C3%BCne_Linie\" target=\"_blank\" rel=\"noreferrer noopener\">&#8220;Linea Verde&#8221;,<\/a> che era stata concordata come confine nel cessate il fuoco con la Giordania. <\/p>\n\n<h3 class=\"wp-block-heading\">Motivi militari, politici ed economici<\/h3>\n\n<p>Questi primi insediamenti erano principalmente per motivi di sicurezza strategica per <a href=\"\/it\/?page_id=3913\">Israele<\/a>: Dovevano servire a rendere sicuro il proprio territorio in caso di un&#8217;altra guerra. Di conseguenza, erano situati vicino al confine. <br\/><br\/>Negli anni e nei decenni successivi, la costruzione di insediamenti \u00e8 stata estesa a parti sempre pi\u00f9 ampie della Cisgiordania e i coloni ebrei si sono insediati anche nella parte orientale di Gerusalemme conquistata dai giordani. Di conseguenza, secondo gli ultimi sondaggi, in Cisgiordania vivono 450.000 coloni accanto a 2,5 milioni di palestinesi. A Gerusalemme Est vivono 435.000 palestinesi e 220.000 ebrei.  <br\/><br\/>Le ragioni militari e di sicurezza hanno giocato un ruolo primario nella costruzione dei primi insediamenti. Gli aspetti religiosi, economici e politici sono stati e sono tuttora in primo piano negli insediamenti costruiti successivamente e tuttora presenti. Nel corso degli anni, un numero sempre maggiore di coloni ortodossi si \u00e8 trasferito in Cisgiordania, in quanto si tratta delle bibliche Giudea e Samaria, due tradizionali dimore degli ebrei.  <br\/><br\/>Anche gli aspetti religiosi hanno giocato un ruolo primario nella (ri)colonizzazione di Hebron nel 1968. Questo perch\u00e9 la tomba di Abramo si trova a Hebron. Fino a quando, nel 1929, gli arabi che vivevano in questa citt\u00e0 non hanno messo in atto un pogrom in cui oltre 100 ebrei sono stati uccisi e gli altri sono dovuti fuggire, gli ebrei hanno sempre vissuto nella citt\u00e0, che secondo le attuali ricerche \u00e8 stata costruita nel 300 a.C. e da allora \u00e8 sempre stata abitata.  <br\/><br\/>Oltre alle ragioni religiose, anche le considerazioni economiche giocano spesso un ruolo nella decisione degli israeliani di trasferirsi in Cisgiordania. Questo perch\u00e9 le abitazioni sono sovvenzionate e quindi molto pi\u00f9 economiche che in Israele. <br\/><br\/>Tuttavia, sono state soprattutto le considerazioni politiche a spingere i governi israeliani, in particolare quelli di destra, ad approvare molti progetti di insediamento negli ultimi decenni.<br\/><br\/>Il gran numero di nuovi insediamenti e i progetti di costruzione di insediamenti in corso mirano a creare un fatto compiuto per rendere impossibile la soluzione dei due Stati concordata dall&#8217;ONU nel 1947. Questo nonostante il fatto che la soluzione dei due Stati sia stata approvata da Israele all&#8217;epoca e anche in seguito, in particolare nel processo di pace di Oslo con l&#8217;OLP iniziato nel 1993. <br\/><br\/>Di conseguenza, si verificano continuamente scontri violenti e spesso mortali tra i palestinesi che vivono in Cisgiordania e i coloni ebrei. Mentre in passato questi attacchi provenivano per lo pi\u00f9 dalla parte palestinese, di recente si \u00e8 registrato un aumento degli attacchi da parte di coloni ultranazionalisti e religiosi contro la popolazione palestinese della Cisgiordania. <\/p>\n\n<h3 class=\"wp-block-heading\">La situazione legale \u00e8 controversa<\/h3>\n\n<p>La situazione legale degli insediamenti ebraici in Cisgiordania \u00e8 controversa. L&#8217;ONU, l&#8217;Unione Europea e la Corte Internazionale di Giustizia considerano illegale la costruzione di insediamenti in Cisgiordania e a Gerusalemme Est e l&#8217;hanno condannata in passato in diverse risoluzioni e decisioni. <br\/><br\/>Ci\u00f2 \u00e8 giustificato dalla Convenzione di Ginevra relativa alla protezione delle persone civili in tempo di guerra del 1949, che all&#8217;articolo 49, paragrafo 6, recita: &#8220;La Potenza occupante non deve deportare o trasferire parti della propria popolazione civile nel territorio che occupa&#8221;. <br\/><br\/>Il governo israeliano ha una visione diversa della situazione e sostiene, sulla base di un rapporto da lui commissionato (&#8220;Rapporto Levy&#8221; del 2012), che questo articolo della Convenzione di Ginevra non si applica in questo caso perch\u00e9 la Cisgiordania e Gerusalemme Est non sono &#8220;territorio occupato&#8221;. Tuttavia, questa opinione non \u00e8 condivisa a livello internazionale. <br\/><br\/>Anche la <a href=\"\/der-staat-israel-eine-parlamentarische-demokratie\/das-regierungs-und-justizsystem-796\/\">Corte Suprema israeliana<\/a> non sostiene incondizionatamente la posizione del governo israeliano. In passato, la Corte Suprema non si \u00e8 opposta in modo sostanziale alla costruzione di insediamenti in Cisgiordania. Tuttavia, ha ripetutamente dichiarato illegali i progetti di insediamento e gli espropri dei proprietari terrieri palestinesi autorizzati dal governo.  <\/p>\n\n<figure class=\"wp-block-embed is-type-video is-provider-youtube wp-block-embed-youtube wp-embed-aspect-16-9 wp-has-aspect-ratio\"><div class=\"wp-block-embed__wrapper\">\n<iframe loading=\"lazy\" title=\"Einat Wil im Interview  in der ILTV-Sendung \u00abIsrael Weekly\u00bb\" width=\"500\" height=\"281\" src=\"https:\/\/www.youtube.com\/embed\/GqxAlUFbmcM?feature=oembed\" frameborder=\"0\" allow=\"accelerometer; autoplay; clipboard-write; encrypted-media; gyroscope; picture-in-picture; web-share\" referrerpolicy=\"strict-origin-when-cross-origin\" allowfullscreen><\/iframe>\n<\/div><\/figure>\n\n<p>La dottoressa Einat Wilf, ex membro della Knesset, \u00e8 intervenuta nel programma di ILTV &#8220;Israel Weekly&#8221; per chiedere se gli insediamenti israeliani impediscono la soluzione dei due Stati.<\/p>\n\n<h3 class=\"wp-block-heading\">Ostacolo sulla via della soluzione dei due Stati<\/h3>\n\n<p>Nelle intenzioni soprattutto dei politici israeliani ultranazionalisti e religiosi, il gran numero di insediamenti esistenti, con quasi mezzo milione di abitanti ebrei, rappresenta un serio ostacolo alla creazione di uno stato palestinese che comprenda la Cisgiordania e Gaza, come previsto dalla soluzione dei due stati del 1947.<br\/><br\/>Tuttavia, in passato ci sono stati diversi tentativi di realizzare questa soluzione. Nel 2000\/2001, i negoziati di pace tra l&#8217;OLP e Israele si svolsero sotto il patrocinio del presidente statunitense Bill Clinton. Il governo israeliano accett\u00f2 la proposta di uno stato palestinese indipendente che avrebbe dovuto comprendere l&#8217;intera Gaza e il 94-96% del territorio della Cisgiordania.  <br\/><br\/>Secondo il piano di pace, Israele avrebbe dovuto compensare fino al 3% del territorio mancante cedendo il proprio territorio. Questo avrebbe creato un ponte di terra tra Gaza, situata sul Mediterraneo, e la Cisgiordania, situata nell&#8217;entroterra. Di conseguenza, lo Stato palestinese avrebbe costituito un&#8217;unit\u00e0 territoriale. Tuttavia, l&#8217;allora presidente palestinese Yasser Arafat rifiut\u00f2 la proposta.   <br\/><br\/>Nel 2008, un altro tentativo di realizzare la soluzione dei due Stati nonostante il problema dei coloni fall\u00ec. L&#8217;allora primo ministro israeliano Ehud Olmert present\u00f2 un piano che prevedeva che i palestinesi cedessero il 6,3% del loro territorio a Israele. Questo avrebbe permesso all&#8217;80% dei coloni ebrei di integrarsi nel territorio israeliano. Gli israeliani si erano gi\u00e0 ritirati da Gaza nel 2005 e avevano evacuato tutti i loro insediamenti.   <br\/><br\/>In cambio, i palestinesi avrebbero ricevuto il 5,8% del territorio israeliano. Inoltre, come proposto dal Presidente degli Stati Uniti Clinton e dall&#8217;allora Primo Ministro israeliano Ehud Barak nel 2001, un ponte di terra avrebbe dovuto garantire che Gaza e la Cisgiordania potessero diventare uno stato contiguo. Tuttavia, anche il successore di Arafat come presidente palestinese, Mahmoud Abbas, ha rifiutato il piano di pace israeliano.  <br\/><br\/>Poich\u00e9 circa l&#8217;80% dei coloni israeliani che attualmente vivono in Cisgiordania sono concentrati in cinque grandi blocchi, gli esperti ritengono che una soluzione a due Stati sia ancora possibile. L&#8217;attuale guerra a Gaza ha portato sia gli Stati Uniti che l&#8217;Unione Europea a spingere ancora una volta con decisione per una soluzione di questo tipo. <\/p>\n\n<h3 class=\"wp-block-heading\">Pensieri speranzosi e realt\u00e0<\/h3>\n\n<p>Nella <a href=\"https:\/\/www.nzz.ch\/meinung\/die-zweistaatenloesung-ist-ein-ferner-traum-ld.1775665?reduced=true\" target=\"_blank\" rel=\"noreferrer noopener\">Neue Z\u00fcrcher Zeitung (NZZ) del 27 gennaio 2024<\/a>, Peter Rasonyi, capo del dipartimento degli affari esteri, scrive: &#8220;Gli Stati Uniti e l&#8217;Unione Europea chiedono uno stato palestinese. Sono dalla parte giusta della morale e dalla parte sbagliata della realt\u00e0&#8221;.<br\/><br\/>L&#8217;Europa e gli Stati Uniti ignorano la reale situazione politica del Medio Oriente con le loro richieste di attuazione immediata di una soluzione a due Stati, critica Rasonyi. Se gli Stati Uniti e l&#8217;Unione Europea sono seriamente intenzionati a chiedere uno Stato palestinese indipendente, devono prima creare le condizioni necessarie per farlo. <br\/> <br\/>Ci\u00f2 significa innanzitutto che devono garantire la sicurezza di Israele, scrive il responsabile degli affari esteri della NZZ. Solo se questa sar\u00e0 garantita, Israele potr\u00e0 essere convinto a rinunciare al controllo sui territori palestinesi. &#8220;L&#8217;istituzione forzata di uno stato palestinese contro la volont\u00e0 di Israele, come suggerito da Borrell (il vicepresidente della Commissione UE responsabile della politica estera e di sicurezza, ndr), \u00e8 completamente assurda&#8221;.  <\/p>\n","protected":false},"excerpt":{"rendered":"<p>Asserzione La costruzione di insediamenti ebraici in Cisgiordania \u00e8 responsabile dell&#8217;assenza di pace tra i palestinesi e Israele. I fatti Gli insediamenti ebraici costruiti in Cisgiordania e a Gerusalemme Est negli ultimi cinquant&#8217;anni sono illegali secondo il diritto internazionale e rappresentano un ostacolo a una soluzione pacifica del conflitto tra palestinesi e israeliani. Ma non [&hellip;]<\/p>\n","protected":false},"author":2,"featured_media":3799,"parent":3783,"menu_order":0,"comment_status":"closed","ping_status":"closed","template":"","meta":{"_hide_socialbar":"","footnotes":""},"categories":[],"tags":[685,647,648,686],"class_list":["post-3798","page","type-page","status-publish","has-post-thumbnail","hentry","tag-cisgiordania","tag-israele","tag-palestinesi","tag-problemi-di-insediamento"],"aioseo_notices":[],"_links":{"self":[{"href":"https:\/\/fokusisrael.ch\/it\/wp-json\/wp\/v2\/pages\/3798","targetHints":{"allow":["GET"]}}],"collection":[{"href":"https:\/\/fokusisrael.ch\/it\/wp-json\/wp\/v2\/pages"}],"about":[{"href":"https:\/\/fokusisrael.ch\/it\/wp-json\/wp\/v2\/types\/page"}],"author":[{"embeddable":true,"href":"https:\/\/fokusisrael.ch\/it\/wp-json\/wp\/v2\/users\/2"}],"replies":[{"embeddable":true,"href":"https:\/\/fokusisrael.ch\/it\/wp-json\/wp\/v2\/comments?post=3798"}],"version-history":[{"count":4,"href":"https:\/\/fokusisrael.ch\/it\/wp-json\/wp\/v2\/pages\/3798\/revisions"}],"predecessor-version":[{"id":5409,"href":"https:\/\/fokusisrael.ch\/it\/wp-json\/wp\/v2\/pages\/3798\/revisions\/5409"}],"up":[{"embeddable":true,"href":"https:\/\/fokusisrael.ch\/it\/wp-json\/wp\/v2\/pages\/3783"}],"wp:featuredmedia":[{"embeddable":true,"href":"https:\/\/fokusisrael.ch\/it\/wp-json\/wp\/v2\/media\/3799"}],"wp:attachment":[{"href":"https:\/\/fokusisrael.ch\/it\/wp-json\/wp\/v2\/media?parent=3798"}],"wp:term":[{"taxonomy":"category","embeddable":true,"href":"https:\/\/fokusisrael.ch\/it\/wp-json\/wp\/v2\/categories?post=3798"},{"taxonomy":"post_tag","embeddable":true,"href":"https:\/\/fokusisrael.ch\/it\/wp-json\/wp\/v2\/tags?post=3798"}],"curies":[{"name":"wp","href":"https:\/\/api.w.org\/{rel}","templated":true}]}}