{"id":3786,"date":"2024-01-28T07:51:00","date_gmt":"2024-01-28T06:51:00","guid":{"rendered":"https:\/\/fokusisrael.ch\/?page_id=3786"},"modified":"2025-10-15T13:36:12","modified_gmt":"2025-10-15T11:36:12","slug":"perche-israele-e-una-nazione-startup-di-successo","status":"publish","type":"page","link":"https:\/\/fokusisrael.ch\/it\/israele-e-il-medio-oriente\/perche-israele-e-una-nazione-startup-di-successo\/","title":{"rendered":"Perch\u00e9 Israele \u00e8 una nazione startup di successo"},"content":{"rendered":"\n<h2 class=\"wp-block-heading\">Asserzione<\/h2>\n\n<p><strong>Israele \u00e8 una grande potenza nel settore dell&#8217;alta tecnologia.<\/strong><\/p>\n\n<figure class=\"wp-block-image size-full\"><img loading=\"lazy\" decoding=\"async\" width=\"1024\" height=\"600\" src=\"https:\/\/fokusisrael.ch\/wp-content\/uploads\/2025\/03\/Tel-Aviv-Skyline_RaphaelQS_Wikipedia.jpg\" alt=\"Skyline di Tel Aviv\" class=\"wp-image-823\" srcset=\"https:\/\/fokusisrael.ch\/wp-content\/uploads\/2025\/03\/Tel-Aviv-Skyline_RaphaelQS_Wikipedia.jpg 1024w, https:\/\/fokusisrael.ch\/wp-content\/uploads\/2025\/03\/Tel-Aviv-Skyline_RaphaelQS_Wikipedia-300x176.jpg 300w, https:\/\/fokusisrael.ch\/wp-content\/uploads\/2025\/03\/Tel-Aviv-Skyline_RaphaelQS_Wikipedia-768x450.jpg 768w\" sizes=\"auto, (max-width: 1024px) 100vw, 1024px\" \/><figcaption class=\"wp-element-caption\">Skyline di Tel Aviv <span class=\"image-meta\">&copy; RaphaelQS  CC BY-SA 4.0<\/span><\/figcaption><\/figure>\n\n<h2 class=\"wp-block-heading\">I fatti<\/h2>\n\n<p>Questa affermazione \u00e8 corretta. Dalla met\u00e0 degli anni &#8217;80, Israele si \u00e8 costantemente trasformato in una grande potenza nel settore dell&#8217;alta tecnologia. La tecnologia israeliana \u00e8 presente in ogni smartphone e in molte automobili. Ma il paese \u00e8 anche leader mondiale nei settori dell&#8217;agricoltura, dello sviluppo di nuovi alimenti e della sicurezza e della tecnologia militare, fornendo aziende e paesi di tutto il mondo. L&#8217;esercito israeliano, le Israel Defence Forces IDF, ha svolto un ruolo significativo in questo sviluppo.    <\/p>\n\n<p>Chiunque guidi verso nord sull&#8217;autostrada dalla pi\u00f9 grande citt\u00e0 israeliana, la metropoli costiera di Tel Aviv con il suo skyline che ricorda Singapore o Seattle, penser\u00e0 di essere negli Stati Uniti. Google, Microsoft, Intel, Amazon, Apple brillano a grandi lettere sulle facciate dei moderni edifici che costeggiano la strada verso Haifa. Ma sugli edifici campeggiano anche numerosi nomi che qui non ci sono familiari. Appartengono ad aziende tecnologiche israeliane.   <br \/><br \/>Benvenuti nella &#8220;Silicon Wadi&#8221;, la terza localit\u00e0 pi\u00f9 importante al mondo per le <a href=\"https:\/\/innovationisrael.org.il\/en\/wp-content\/uploads\/sites\/3\/2023\/07\/2023-The-state-of-High-Tech.pdf\" target=\"_blank\" rel=\"noopener\" title=\"\">start-up high-tech<\/a>. Solo San Francisco, in California, e New York ospitano centri high-tech pi\u00f9 grandi della regione costiera intorno a Tel Aviv.<br \/>Il termine &#8220;Silicon Wadi&#8221; deriva senza dubbio dalla pi\u00f9 nota localit\u00e0 high-tech del mondo, la Silicon Valley vicino a San Francisco. Wadi significa &#8220;valle del deserto&#8221; ed \u00e8 quindi la versione araba dell&#8217;inglese &#8220;valley&#8221;.  <br \/><br \/>Ma non \u00e8 solo la Silicon Wadi a pullulare di piccole, medie e grandi aziende high-tech. Si possono trovare anche in altre zone del paese. <\/p>\n\n<figure class=\"wp-block-image size-full\"><img loading=\"lazy\" decoding=\"async\" width=\"1024\" height=\"600\" src=\"https:\/\/fokusisrael.ch\/wp-content\/uploads\/2025\/03\/Start-up_Weizmann-Institute.jpg\" alt=\"Due scienziati in camice bianco lavorano ai microscopi in un laboratorio\" class=\"wp-image-822\" srcset=\"https:\/\/fokusisrael.ch\/wp-content\/uploads\/2025\/03\/Start-up_Weizmann-Institute.jpg 1024w, https:\/\/fokusisrael.ch\/wp-content\/uploads\/2025\/03\/Start-up_Weizmann-Institute-300x176.jpg 300w, https:\/\/fokusisrael.ch\/wp-content\/uploads\/2025\/03\/Start-up_Weizmann-Institute-768x450.jpg 768w\" sizes=\"auto, (max-width: 1024px) 100vw, 1024px\" \/><figcaption class=\"wp-element-caption\"> <span class=\"image-meta\">&copy; Weizmann Institute<\/span><\/figure><\/figcaption>\n\n<h3 class=\"wp-block-heading\">Focus sull&#8217;istruzione &#8211; centri di ricerca di livello mondiale<\/h3>\n\n<p>La ripresa economica di Israele si basa sulle sue eccellenti universit\u00e0.<a href=\"https:\/\/english.tau.ac.il\/\" target=\"_blank\" rel=\"noreferrer noopener\"> Il Technion di Haifa<\/a> \u00e8 l&#8217;equivalente israeliano del Politecnico Federale di Zurigo o dell&#8217;EPFL di Losanna. Anche l&#8217;<a href=\"https:\/\/english.tau.ac.il\/\" target=\"_blank\" rel=\"noreferrer noopener\">Universit\u00e0 di Tel Aviv TAU<\/a> e l&#8217;<a href=\"https:\/\/en.huji.ac.il\/\" target=\"_blank\" rel=\"noreferrer noopener\">Universit\u00e0 Ebraica di Gerusalemme<\/a> godono di una reputazione di prim&#8217;ordine.   <br \/><br \/>Con il Weizmann Institute di Rehovot, appena fuori Tel Aviv, lo Stato ebraico possiede anche uno dei principali istituti di ricerca di base al mondo. Fondato nel 1934, il <a href=\"https:\/\/www.weizmann.ac.il\/pages\/about-institute\" target=\"_blank\" rel=\"noreferrer noopener\">Weizmann Institute <\/a>ha prodotto finora tre premi Nobel. \u00c8 inoltre ben collegato a livello mondiale, ad esempio con il Politecnico di Zurigo e l&#8217;Istituto Max Planck in Germania.  <br \/><br \/>L&#8217;alto livello delle universit\u00e0 e degli istituti di ricerca israeliani non \u00e8 una coincidenza. Israele investe il 7,1%<a href=\"https:\/\/www.destatis.de\/DE\/Themen\/Laender-Regionen\/Internationales\/Thema\/Tabellen\/Basistabelle_BildAusg.html\" target=\"_blank\" rel=\"noreferrer noopener\"> della spesa pubblica totale nell&#8217;istruzione<\/a> (2020), pi\u00f9 della maggior parte degli altri Paesi. <a href=\"https:\/\/www.cbs.gov.il\/en\/mediarelease\/pages\/2023\/the-national-expenditure-on-civilian-rd-2022.aspx\" target=\"_blank\" rel=\"noreferrer noopener\">Nel 2022, il paese investir\u00e0 il 6,1% del PIL del prodotto interno lordo, ossia di tutti i beni e servizi prodotti nel paese (2022), in ricerca e sviluppo<\/a>. <br \/><br \/>Questo sta dando i suoi frutti. Secondo il <a href=\"https:\/\/www.wipo.int\/global_innovation_index\/en\/2023\/\" target=\"_blank\" rel=\"noreferrer noopener\">&#8220;Global Innovation Index 2023&#8221;<\/a>, Israele \u00e8 al 14\u00b0 posto al mondo in termini di forza innovativa. Le aziende innovative ricevono molti soldi. Tra il 2013 e il 2023, gli investimenti nelle start-up israeliane sono quintuplicati fino a raggiungere 95 miliardi di dollari (l&#8217;equivalente di circa 83 miliardi di franchi svizzeri). Questo fa della Silicon Wadi una delle sei localit\u00e0 al mondo con il maggior numero di capitali per le start-up negli ultimi dieci anni &#8211; e questo in un paese con una popolazione di soli 9 milioni di abitanti.    <\/p>\n\n<h3 class=\"wp-block-heading\">Dall&#8217;irrigazione a goccia alla carne basata sulle cellule<\/h3>\n\n<p>Migliaia di innovazioni che hanno preso piede in tutto il mondo sono nate in Israele. L&#8217;irrigazione a goccia ne \u00e8 un esempio. Grazie a questo metodo, \u00e8 possibile ottenere un raccolto superiore del 70% con il 50% di acqua in meno.  <br \/><br \/>Grazie a questo metodo, il problema della carenza d&#8217;acqua in Israele, il cui territorio \u00e8 per il 60% desertico, \u00e8 ormai un ricordo del passato. Il sistema israeliano \u00e8 ora utilizzato anche in numerose altre regioni del mondo che soffrono di siccit\u00e0. \u00c8 stato sviluppato nel 1959 dall&#8217;azienda <a href=\"https:\/\/www.netafim.de\/\" target=\"_blank\" rel=\"noreferrer noopener\">Netafim<\/a> di Tel Aviv. Grazie ai sei grandi impianti di desalinizzazione dell&#8217;acqua di mare, che producono il 70% dell&#8217;acqua potabile del paese, il problema della carenza d&#8217;acqua in Israele \u00e8 ormai un ricordo del passato.     <br \/><br \/>Un altro esempio di sviluppo innovativo israeliano, questa volta in campo medico, \u00e8 una piccola telecamera di 26 millimetri che viene inserita in una pillola e inghiottita. In questo modo i medici possono esaminare meglio l&#8217;intestino tenue, che \u00e8 di difficile accesso. <a href=\"http:\/\/medtronicsolutions.medtronic.com\/given-imaging\" target=\"_blank\" rel=\"noreferrer noopener\">Given Imaging<\/a> ha presentato questa mini telecamera al mondo nel 2001. Nel 2015, l&#8217;azienda e il suo successore sono stati acquisiti dal gruppo statunitense Medtronic.   <\/p>\n\n<p>L&#8217;azienda <a href=\"https:\/\/aleph-farms.com\/journals\/aleph-farms-granted-worlds-first-regulatory-approval-for-cultivated-beef\/\" target=\"_blank\" rel=\"noreferrer noopener\">Aleph Farms<\/a> \u00e8 un altro esempio dello spirito innovativo e dell&#8217;apertura degli israeliani verso nuovi approcci e tecnologie. La start-up, di cui anche <a href=\"https:\/\/corporate.migros.ch\/de\/medien\/mitteilungen\/show\/news\/medienmitteilungen\/2019\/aleph-farms~id=3aa48251-b495-4be0-aa95-3861248c63d0~.html\" target=\"_blank\" rel=\"noreferrer noopener\">Migros<\/a> detiene una partecipazione dal 2019, produce carne bovina basata su cellule. Mentre altri paesi stanno ancora discutendo se questi prodotti a base di carne cresciuti in laboratorio possano essere offerti ai consumatori, Israele sar\u00e0 il primo paese al mondo a concedere alla start-up una licenza per la vendita nei negozi nel gennaio 2024.  <br \/><br \/>Le start-up israeliane pi\u00f9 conosciute a livello internazionale includono l&#8217;<a href=\"https:\/\/www.medtronic.com\/ch-de\/index.html\" target=\"_blank\" rel=\"noreferrer noopener\">applicazione di navigazione satellitare Waze<\/a>, utilizzata anche dagli automobilisti in Germania, il sistema di assistenza alla guida Mobileye, IronSource per la pubblicit\u00e0 mobile e la tecnologia di rete di Mellanox Technologies. Queste aziende sono quotate alla borsa tecnologica di New York Nasdaq o sono state acquisite da altre societ\u00e0. <\/p>\n\n<figure class=\"wp-block-image size-full\"><img loading=\"lazy\" decoding=\"async\" width=\"1024\" height=\"600\" src=\"https:\/\/fokusisrael.ch\/wp-content\/uploads\/2025\/03\/Jerusalem-Technology-Park_Eran-talk-contribs-Wikipedia.jpg\" alt=\"Parco tecnologico di Gerusalemme\" class=\"wp-image-821\" srcset=\"https:\/\/fokusisrael.ch\/wp-content\/uploads\/2025\/03\/Jerusalem-Technology-Park_Eran-talk-contribs-Wikipedia.jpg 1024w, https:\/\/fokusisrael.ch\/wp-content\/uploads\/2025\/03\/Jerusalem-Technology-Park_Eran-talk-contribs-Wikipedia-300x176.jpg 300w, https:\/\/fokusisrael.ch\/wp-content\/uploads\/2025\/03\/Jerusalem-Technology-Park_Eran-talk-contribs-Wikipedia-768x450.jpg 768w\" sizes=\"auto, (max-width: 1024px) 100vw, 1024px\" \/><figcaption class=\"wp-element-caption\">Parco tecnologico di Gerusalemme <span class=\"image-meta\">&copy; Eran  CC BY-SA 3.0<\/span><\/figcaption><\/figure>\n\n<h3 class=\"wp-block-heading\">Allontanamento dal socialismo e immigrazione dall&#8217;Unione Sovietica<\/h3>\n\n<p>In vista del terrore del 7 ottobre 2023, l&#8217;economia israeliana e il settore delle start-up sono pi\u00f9 in difficolt\u00e0 che mai. L&#8217;esercito ha richiamato pi\u00f9 di 300.000 riservisti. Ora mancano all&#8217;economia e alle start-up. <a href=\"https:\/\/www.nzz.ch\/wirtschaft\/startups-in-israel-was-bedeutet-der-krieg-fuer-den-wichtigen-tech-sektor-ld.1771186?reduced=true\" target=\"_blank\" rel=\"noreferrer noopener\">Il terribile atto di terrorismo nel sud del<\/a> paese ha inoltre messo in agitazione gli investitori. Questo pu\u00f2 essere un problema per le giovani aziende quando si tratta di raccogliere capitali.     <br \/><br \/>Eppure, non c&#8217;\u00e8 quasi nessun altro Stato che sia capace come Israele di costruire un&#8217;economia di successo nonostante &#8211; o forse proprio a causa di &#8211; tutte le opposizioni e di creare cos\u00ec prosperit\u00e0 per la sua popolazione. Normalmente, la stabilit\u00e0 politica, la pace e le risorse naturali sufficienti sono i fattori decisivi per costruire un&#8217;economia di successo. <br \/><br \/>Israele non ha nulla di tutto questo. Eppure oggi il piccolo Paese \u00e8 una delle principali economie mondiali. Il prodotto interno lordo (PIL) pro capite nel 2022 era di <a href=\"https:\/\/data.worldbank.org\/country\/israel\" target=\"_blank\" rel=\"noreferrer noopener\">55.000 dollari <\/a>(equivalenti a circa 47.000 franchi svizzeri). Si tratta di un valore pi\u00f9 che decuplicato rispetto al PIL pro capite generato da paesi vicini come l&#8217;<a href=\"https:\/\/data.worldbank.org\/country\/egypt-arab-rep\" target=\"_blank\" rel=\"noreferrer noopener\">Egitto<\/a>, la <a href=\"https:\/\/data.worldbank.org\/country\/jordan\" target=\"_blank\" rel=\"noreferrer noopener\">Giordania<\/a> e il <a href=\"https:\/\/data.worldbank.org\/country\/lebanon\" target=\"_blank\" rel=\"noreferrer noopener\">Libano<\/a>. In questi paesi il PIL pro capite \u00e8 di circa 4.300 dollari.    <\/p>\n\n<p>Nel 2022, la crescita del <a href=\"https:\/\/de.statista.com\/statistik\/daten\/studie\/581845\/umfrage\/anteil-der-militaerausgaben-am-bip-in-israel\/\" target=\"_blank\" rel=\"noreferrer noopener\">PIL reale<\/a> in Israele \u00e8 stata del 6,5%. Si prevede una crescita del 3,1% per il 2023 e di poco superiore al 3% per il 2024. Il calo \u00e8 legato alla guerra di Gaza. Oltre al gi\u00e0 citato alto livello di istruzione, in particolare nei settori tecnici, ci sono altre ragioni alla base del successo dell&#8217;economia israeliana negli ultimi decenni.   <br \/><br \/>Una di queste ragioni \u00e8 il passaggio, avvenuto a met\u00e0 degli anni &#8217;80, da un&#8217;economia socialista e controllata dallo Stato a un&#8217;economia orientata al mercato. Questa politica ha aperto la strada da uno stato agricolo a un paese industrializzato e diversificato ad alta tecnologia. Anche l&#8217;immigrazione di numerosi ebrei ben istruiti e altamente qualificati dall&#8217;Unione Sovietica dopo il suo crollo alla fine degli anni &#8217;80 e all&#8217;inizio degli anni &#8217;90 ha avuto un effetto positivo.  <\/p>\n\n<h3 class=\"wp-block-heading\">L&#8217;esercito come incubatore di esperti di alta tecnologia<\/h3>\n\n<p>Paradossalmente, un altro elemento importante per la ripresa economica \u00e8 la costante minaccia militare degli Stati arabi ostili, dell&#8217;Iran e delle organizzazioni terroristiche che sostiene.<br \/><br \/>Questa minaccia costante ha portato l&#8217;esercito israeliano a investire pesantemente nella formazione di specialisti IT e nello sviluppo di nuove tecnologie e continua a farlo. &#8220;Non dobbiamo investire nei muscoli dei soldati, ma nei loro cervelli&#8221;, ha detto l&#8217;ex Primo Ministro israeliano e poi Presidente Shimon Peres. <br \/><br \/>Questo avviene offrendo ai migliori diplomati di ogni anno l&#8217;opportunit\u00e0 di prestare servizio in unit\u00e0 speciali come l&#8217;<a href=\"https:\/\/de.wikipedia.org\/wiki\/Unit_8200\" target=\"_blank\" rel=\"noreferrer noopener\">unit\u00e0 d&#8217;\u00e9lite 8200 dell&#8217;IDF <\/a>. Qui vengono addestrati non solo in ambito militare, ma anche in materie tecniche e scientifiche e nella gestione. Di conseguenza, la durata del servizio in questa unit\u00e0 d&#8217;\u00e9lite ad alta tecnologia \u00e8 pi\u00f9 lunga dei soliti tre anni per gli uomini e due anni per le donne. Non solo l&#8217;esercito trae vantaggio da questo sistema, ma aumenta anche le possibilit\u00e0 dei giovani uomini e donne cos\u00ec formati di entrare nel mondo del lavoro dopo aver completato il servizio militare e spesso di creare loro stessi una start-up.   <br \/><br \/>Questo, a sua volta, \u00e8 positivo per l&#8217;esercito e ha reso Israele una grande potenza internazionale nel campo della sicurezza e della tecnologia militare. Rafael e Israel Aerospace Industries sono produttori di attrezzature per la difesa che hanno clienti in tutto il mondo. Anche la Svizzera acquista i suoi ultimi droni da ricognizione da Israele.  <br \/><br \/>Uno dei pi\u00f9 noti sviluppi israeliani nel settore militare \u00e8 il sistema di difesa missilistica Iron Dome. \u00c8 in gran parte responsabile del fatto che i continui attacchi missilistici delle organizzazioni terroristiche Hamas e Jihad islamica da Gaza non hanno causato quasi nessun danno o perdita di vite umane negli ultimi anni. <\/p>\n\n<p>Nel 2022, Israele ha investito il 4,5% del prodotto interno lordo (PIL) nella sua forza di difesa. In confronto, molti alleati dell&#8217;alleanza di difesa della NATO faticano a raggiungere l&#8217;obiettivo del 2%.   <\/p>\n\n<h3 class=\"wp-block-heading\">Anti-autorit\u00e0 e ribelle come gli svizzeri<\/h3>\n\n<p>C&#8217;\u00e8 un altro elemento decisivo per la capacit\u00e0 innovativa dell&#8217;economia israeliana: gli israeliani sono generalmente scettici nei confronti delle autorit\u00e0 e non hanno paura di mettere in discussione &#8211; spesso a voce alta &#8211; ci\u00f2 che viene detto loro dai loro capi.<br \/><br \/>Questa caratteristica \u00e8 essenziale quando si tratta di essere innovativi. Dopo tutto, le innovazioni di solito non vengono dall&#8217;alto, ma dalla base. Ma solo se la base ha il coraggio di mettere in discussione ci\u00f2 che le \u00e8 stato imposto dall&#8217;alto pu\u00f2 farsi sentire e contribuire all&#8217;innovazione con idee creative.  <br \/><br \/>Da questo punto di vista, oltre che per quanto riguarda la buona educazione, gli israeliani e gli svizzeri hanno molto in comune. Non \u00e8 quindi un caso che entrambi i Paesi siano tra i pi\u00f9 innovativi al mondo. <br \/><br \/><a href=\"https:\/\/fokusisrael.ch\/it\/?page_id=3913\">Raccomandazione dell&#8217;editore: Lo Stato di Israele<\/a><\/p>\n","protected":false},"excerpt":{"rendered":"<p>Asserzione Israele \u00e8 una grande potenza nel settore dell&#8217;alta tecnologia. I fatti Questa affermazione \u00e8 corretta. Dalla met\u00e0 degli anni &#8217;80, Israele si \u00e8 costantemente trasformato in una grande potenza nel settore dell&#8217;alta tecnologia. La tecnologia israeliana \u00e8 presente in ogni smartphone e in molte automobili. Ma il paese \u00e8 anche leader mondiale nei settori [&hellip;]<\/p>\n","protected":false},"author":2,"featured_media":3789,"parent":3783,"menu_order":0,"comment_status":"closed","ping_status":"closed","template":"","meta":{"_hide_socialbar":"","footnotes":""},"categories":[],"tags":[680,681,647,679],"class_list":["post-3786","page","type-page","status-publish","has-post-thumbnail","hentry","tag-alta-tecnologia","tag-economia","tag-israele","tag-tel-aviv-it"],"aioseo_notices":[],"_links":{"self":[{"href":"https:\/\/fokusisrael.ch\/it\/wp-json\/wp\/v2\/pages\/3786","targetHints":{"allow":["GET"]}}],"collection":[{"href":"https:\/\/fokusisrael.ch\/it\/wp-json\/wp\/v2\/pages"}],"about":[{"href":"https:\/\/fokusisrael.ch\/it\/wp-json\/wp\/v2\/types\/page"}],"author":[{"embeddable":true,"href":"https:\/\/fokusisrael.ch\/it\/wp-json\/wp\/v2\/users\/2"}],"replies":[{"embeddable":true,"href":"https:\/\/fokusisrael.ch\/it\/wp-json\/wp\/v2\/comments?post=3786"}],"version-history":[{"count":3,"href":"https:\/\/fokusisrael.ch\/it\/wp-json\/wp\/v2\/pages\/3786\/revisions"}],"predecessor-version":[{"id":5346,"href":"https:\/\/fokusisrael.ch\/it\/wp-json\/wp\/v2\/pages\/3786\/revisions\/5346"}],"up":[{"embeddable":true,"href":"https:\/\/fokusisrael.ch\/it\/wp-json\/wp\/v2\/pages\/3783"}],"wp:featuredmedia":[{"embeddable":true,"href":"https:\/\/fokusisrael.ch\/it\/wp-json\/wp\/v2\/media\/3789"}],"wp:attachment":[{"href":"https:\/\/fokusisrael.ch\/it\/wp-json\/wp\/v2\/media?parent=3786"}],"wp:term":[{"taxonomy":"category","embeddable":true,"href":"https:\/\/fokusisrael.ch\/it\/wp-json\/wp\/v2\/categories?post=3786"},{"taxonomy":"post_tag","embeddable":true,"href":"https:\/\/fokusisrael.ch\/it\/wp-json\/wp\/v2\/tags?post=3786"}],"curies":[{"name":"wp","href":"https:\/\/api.w.org\/{rel}","templated":true}]}}