{"id":3783,"date":"2024-01-30T06:11:00","date_gmt":"2024-01-30T05:11:00","guid":{"rendered":"https:\/\/fokusisrael.ch\/?page_id=3783"},"modified":"2025-10-15T13:36:33","modified_gmt":"2025-10-15T11:36:33","slug":"israele-e-il-medio-oriente","status":"publish","type":"page","link":"https:\/\/fokusisrael.ch\/it\/israele-e-il-medio-oriente\/","title":{"rendered":"Israele e il Medio Oriente"},"content":{"rendered":"\n<p class=\"article__intro\">Il 29 novembre 1947, l&#8217;ONU decise che in Palestina sarebbe sorto uno &#8220;Stato ebraico&#8221; accanto a uno &#8220;Stato arabo&#8221;. Tuttavia, i suoi oppositori negano a questo stato, Israele, il diritto di esistere. <\/p>\n\n<p>Questo avviene, tra l&#8217;altro, con l&#8217;argomentazione che i cananei che vivevano ai tempi della Bibbia erano in realt\u00e0 palestinesi. A parte il fatto che \u00e8 discutibile fare riferimento a una preistoria di 5000 anni fa, questa affermazione non \u00e8 vera. Ci\u00f2 che \u00e8 provato, invece, \u00e8 che ci furono diversi regni ebraici nel territorio dell&#8217;odierno Israele. Anche dopo la loro distruzione e l&#8217;occupazione della Palestina da parte di altre potenze, come i Romani e poi i Turchi, gli ebrei hanno sempre vissuto nel territorio dell&#8217;odierno Israele e costituivano ancora la maggioranza della popolazione in numerose localit\u00e0, come Gerusalemme nel XIX secolo. Ci\u00f2 spinse il <a href=\"\/israel-naher-osten\/der-zionismus\/\">movimento sionista<\/a>, fondato a Basilea nel 1897, a battersi per la creazione di uno stato ebraico laico e indipendente sul territorio della Palestina. L&#8217;antefatto era l&#8217;<a href=\"\/it\/?page_id=3862\">antisemitismo<\/a> dilagante in numerosi paesi europei e la <a href=\"\/it\/?page_id=3614\">persecuzione degli ebrei<\/a> (pogrom) nella Russia zarista del XIX secolo. Il 29 novembre 1947, le <a href=\"\/israel-uno-schweiz\/vereinte-nationen-uno\/\">Nazioni Unite<\/a> approvarono la creazione di uno Stato ebraico indipendente. Il 14 maggio 1948 questo stato, Israele, fu proclamato a Tel Aviv. Ancora oggi \u00e8 <a href=\"\/israel-naher-osten\/das-regierungs-und-justizsystem-796\/\">l&#8217;unica democrazia del Medio Oriente<\/a>.        <\/p>\n","protected":false},"excerpt":{"rendered":"<p>Il 29 novembre 1947, l&#8217;ONU decise che in Palestina sarebbe sorto uno &#8220;Stato ebraico&#8221; accanto a uno &#8220;Stato arabo&#8221;. Tuttavia, i suoi oppositori negano a questo stato, Israele, il diritto di esistere. Questo avviene, tra l&#8217;altro, con l&#8217;argomentazione che i cananei che vivevano ai tempi della Bibbia erano in realt\u00e0 palestinesi. A parte il fatto [&hellip;]<\/p>\n","protected":false},"author":2,"featured_media":0,"parent":0,"menu_order":0,"comment_status":"closed","ping_status":"closed","template":"","meta":{"_hide_socialbar":"","footnotes":""},"categories":[],"tags":[647,678],"class_list":["post-3783","page","type-page","status-publish","hentry","tag-israele","tag-medio-oriente"],"aioseo_notices":[],"_links":{"self":[{"href":"https:\/\/fokusisrael.ch\/it\/wp-json\/wp\/v2\/pages\/3783","targetHints":{"allow":["GET"]}}],"collection":[{"href":"https:\/\/fokusisrael.ch\/it\/wp-json\/wp\/v2\/pages"}],"about":[{"href":"https:\/\/fokusisrael.ch\/it\/wp-json\/wp\/v2\/types\/page"}],"author":[{"embeddable":true,"href":"https:\/\/fokusisrael.ch\/it\/wp-json\/wp\/v2\/users\/2"}],"replies":[{"embeddable":true,"href":"https:\/\/fokusisrael.ch\/it\/wp-json\/wp\/v2\/comments?post=3783"}],"version-history":[{"count":3,"href":"https:\/\/fokusisrael.ch\/it\/wp-json\/wp\/v2\/pages\/3783\/revisions"}],"predecessor-version":[{"id":5408,"href":"https:\/\/fokusisrael.ch\/it\/wp-json\/wp\/v2\/pages\/3783\/revisions\/5408"}],"wp:attachment":[{"href":"https:\/\/fokusisrael.ch\/it\/wp-json\/wp\/v2\/media?parent=3783"}],"wp:term":[{"taxonomy":"category","embeddable":true,"href":"https:\/\/fokusisrael.ch\/it\/wp-json\/wp\/v2\/categories?post=3783"},{"taxonomy":"post_tag","embeddable":true,"href":"https:\/\/fokusisrael.ch\/it\/wp-json\/wp\/v2\/tags?post=3783"}],"curies":[{"name":"wp","href":"https:\/\/api.w.org\/{rel}","templated":true}]}}