{"id":3766,"date":"2024-01-29T05:57:00","date_gmt":"2024-01-29T04:57:00","guid":{"rendered":"https:\/\/fokusisrael.ch\/?page_id=3766"},"modified":"2025-10-15T13:36:12","modified_gmt":"2025-10-15T11:36:12","slug":"laccordo-di-pace-di-israele-con-gli-stati-arabi","status":"publish","type":"page","link":"https:\/\/fokusisrael.ch\/it\/israele-e-il-medio-oriente\/laccordo-di-pace-di-israele-con-gli-stati-arabi\/","title":{"rendered":"L&#8217;accordo di pace di Israele con gli Stati arabi"},"content":{"rendered":"\n<p class=\"article__intro\">Negli ultimi quattro decenni e mezzo, Israele ha concluso accordi di pace con diversi suoi ex avversari.<\/p>\n\n<p><a href=\"https:\/\/de.wikipedia.org\/wiki\/Friedensvertrag_zwischen_Israel_und_%C3%84gypten#:~:text=Der%20Friedensvertrag%20zwischen%20Israel%20und,Pr%C3%A4sident%20Anwar%20as%2DSadat%20unterzeichnet.\" target=\"_blank\" rel=\"noreferrer noopener\">Il primo trattato di pace concluso con l&#8217;Egitto a Washington nel 1979 \u00e8 stato un&#8217;innovazione.<\/a>  L&#8217;Egitto riconobbe cos\u00ec il diritto all&#8217;esistenza di Israele. Il trattato fu firmato dall&#8217;allora primo ministro israeliano <a href=\"https:\/\/de.wikipedia.org\/wiki\/Menachem_Begin\" target=\"_blank\" rel=\"noreferrer noopener\">Menahem Begin<\/a> e dal presidente egiziano <a href=\"https:\/\/de.wikipedia.org\/wiki\/Anwar_as-Sadat\" target=\"_blank\" rel=\"noreferrer noopener\">Anwar as-Sadat<\/a>. Il trattato era stato preceduto due anni prima dalla storica visita di Sadat in Israele con un toccante discorso al Parlamento israeliano, la Knesset.  <\/p>\n\n<figure class=\"wp-block-image size-full\"><img loading=\"lazy\" decoding=\"async\" width=\"1024\" height=\"600\" src=\"https:\/\/fokusisrael.ch\/wp-content\/uploads\/2025\/03\/Frieden_Vince-Musi-The-White-House.jpg\" alt=\"Storica stretta di mano tra Rabin e Arafat, con la mediazione di Clinton, alla firma degli accordi di Oslo nel 1993, simbolo del fallimento del processo di pace nel conflitto mediorientale.\" class=\"wp-image-805\" srcset=\"https:\/\/fokusisrael.ch\/wp-content\/uploads\/2025\/03\/Frieden_Vince-Musi-The-White-House.jpg 1024w, https:\/\/fokusisrael.ch\/wp-content\/uploads\/2025\/03\/Frieden_Vince-Musi-The-White-House-300x176.jpg 300w, https:\/\/fokusisrael.ch\/wp-content\/uploads\/2025\/03\/Frieden_Vince-Musi-The-White-House-768x450.jpg 768w\" sizes=\"auto, (max-width: 1024px) 100vw, 1024px\" \/><figcaption class=\"wp-element-caption\">Storica stretta di mano tra Rabin e Arafat, con la mediazione di Clinton, alla firma degli accordi di Oslo nel 1993, simbolo del fallimento del processo di pace nel conflitto mediorientale. <span class=\"image-meta\">&copy; Vince Musi  The White House<\/span><\/figcaption><\/figure>\n\n<p>Anche i negoziati di pace tra Israele e l&#8217;Organizzazione per la Liberazione della Palestina (OLP), iniziati a Oslo e sfociati nella firma del primo accordo tra le due parti <a href=\"https:\/\/de.wikipedia.org\/wiki\/Oslo-Friedensprozess\" target=\"_blank\" rel=\"noreferrer noopener\">a Washington il 13 settembre 1993<\/a>, sono stati storici. In base a questo accordo, Israele riconobbe l&#8217;OLP come unico e legittimo rappresentante dei palestinesi. In cambio, l&#8217;OLP promise di rimuovere tutti i passaggi che chiedevano l&#8217;annientamento di Israele dal suo statuto. Non \u00e8 ancora chiaro se ci\u00f2 sia avvenuto, poich\u00e9 da allora non \u00e8 stata pubblicata alcuna nuova versione della Carta. I negoziati sono proseguiti fino al 2000\/2001. Non \u00e8 ancora stato raggiunto un accordo per la creazione di uno stato palestinese separato.     <br \/><br \/>Poco dopo l&#8217;inizio dei negoziati tra Israele e l&#8217;OLP, <a href=\"https:\/\/de.wikipedia.org\/wiki\/Friedensvertrag_zwischen_Israel_und_Jordanien#:~:text=Der%20Friedensvertrag%20zwischen%20Israel%20und,vom%20israelischen%20Ministerpr%C3%A4sidenten%20Jitzchak%20Rabin\" target=\"_blank\" rel=\"noreferrer noopener\">nel 1994 segu\u00ec<\/a> il trattato di pace con la Giordania. Oltre al riconoscimento dello Stato di Israele da parte del Regno Hashemita, le questioni principali erano la definizione del confine comune e i diritti idrici della Giordania in relazione al fiume Giordano. <br \/><br \/>Ci sono voluti pi\u00f9 di vent&#8217;anni prima che venisse raggiunto il successivo accordo di pace. Nel settembre 2020, Israele ha firmato i cosiddetti <a href=\"https:\/\/de.wikipedia.org\/wiki\/Abraham_Accords_Declaration\" target=\"_blank\" rel=\"noreferrer noopener\">&#8220;Accordi di Abramo&#8221;<\/a> con gli <a href=\"https:\/\/de.wikipedia.org\/wiki\/Vereinigte_Arabische_Emirate\" target=\"_blank\" rel=\"noreferrer noopener\">Emirati Arabi Uniti<\/a> (compresi Dubai e Abu Dabhi) e il <a href=\"https:\/\/de.wikipedia.org\/wiki\/Bahrain\" target=\"_blank\" rel=\"noreferrer noopener\">Bahrain<\/a> sotto la guida degli Stati Uniti. In questo accordo, le tre parti decidono di cooperare, in particolare nei settori dell&#8217;economia e della scienza, e di collaborare nella lotta contro la radicalizzazione e per la pace, il progresso e la prosperit\u00e0. La cooperazione economica \u00e8 stata avviata subito dopo la firma degli Accordi di Abraham e da allora \u00e8 stata continuamente ampliata.   <br \/><br \/>Non \u00e8 ancora stata raggiunta la pace tra Israele e l&#8217;<a href=\"https:\/\/de.wikipedia.org\/wiki\/Saudi-Arabien\" target=\"_blank\" rel=\"noreferrer noopener\">Arabia Saudita<\/a>. Nel recente passato, le due parti hanno lavorato per <a href=\"https:\/\/www.spiegel.de\/ausland\/israel-und-saudi-arabien-offenbar-vor-historischem-friedensabkommen-a-830e115b-ddbf-4b12-960b-d175a36a3be7\" target=\"_blank\" rel=\"noreferrer noopener\">normalizzare le relazioni reciproche<\/a>. Tuttavia, i colloqui guidati dagli Stati Uniti hanno dovuto essere sospesi per il momento a causa della guerra a Gaza. Di conseguenza, l&#8217;organizzazione terroristica palestinese Hamas ha raggiunto il suo obiettivo di impedire per il momento un riavvicinamento tra Israele e Arabia Saudita con l&#8217;atto terroristico del 7 ottobre 2023.   <\/p>\n","protected":false},"excerpt":{"rendered":"<p>Negli ultimi quattro decenni e mezzo, Israele ha concluso accordi di pace con diversi suoi ex avversari. Il primo trattato di pace concluso con l&#8217;Egitto a Washington nel 1979 \u00e8 stato un&#8217;innovazione. L&#8217;Egitto riconobbe cos\u00ec il diritto all&#8217;esistenza di Israele. Il trattato fu firmato dall&#8217;allora primo ministro israeliano Menahem Begin e dal presidente egiziano Anwar [&hellip;]<\/p>\n","protected":false},"author":2,"featured_media":3658,"parent":3783,"menu_order":0,"comment_status":"closed","ping_status":"closed","template":"","meta":{"_hide_socialbar":"","footnotes":""},"categories":[],"tags":[670,647,671,669],"class_list":["post-3766","page","type-page","status-publish","has-post-thumbnail","hentry","tag-accordo-di-pace","tag-israele","tag-olp","tag-usa-it"],"aioseo_notices":[],"_links":{"self":[{"href":"https:\/\/fokusisrael.ch\/it\/wp-json\/wp\/v2\/pages\/3766","targetHints":{"allow":["GET"]}}],"collection":[{"href":"https:\/\/fokusisrael.ch\/it\/wp-json\/wp\/v2\/pages"}],"about":[{"href":"https:\/\/fokusisrael.ch\/it\/wp-json\/wp\/v2\/types\/page"}],"author":[{"embeddable":true,"href":"https:\/\/fokusisrael.ch\/it\/wp-json\/wp\/v2\/users\/2"}],"replies":[{"embeddable":true,"href":"https:\/\/fokusisrael.ch\/it\/wp-json\/wp\/v2\/comments?post=3766"}],"version-history":[{"count":3,"href":"https:\/\/fokusisrael.ch\/it\/wp-json\/wp\/v2\/pages\/3766\/revisions"}],"predecessor-version":[{"id":5344,"href":"https:\/\/fokusisrael.ch\/it\/wp-json\/wp\/v2\/pages\/3766\/revisions\/5344"}],"up":[{"embeddable":true,"href":"https:\/\/fokusisrael.ch\/it\/wp-json\/wp\/v2\/pages\/3783"}],"wp:featuredmedia":[{"embeddable":true,"href":"https:\/\/fokusisrael.ch\/it\/wp-json\/wp\/v2\/media\/3658"}],"wp:attachment":[{"href":"https:\/\/fokusisrael.ch\/it\/wp-json\/wp\/v2\/media?parent=3766"}],"wp:term":[{"taxonomy":"category","embeddable":true,"href":"https:\/\/fokusisrael.ch\/it\/wp-json\/wp\/v2\/categories?post=3766"},{"taxonomy":"post_tag","embeddable":true,"href":"https:\/\/fokusisrael.ch\/it\/wp-json\/wp\/v2\/tags?post=3766"}],"curies":[{"name":"wp","href":"https:\/\/api.w.org\/{rel}","templated":true}]}}