{"id":3755,"date":"2024-08-02T12:12:00","date_gmt":"2024-08-02T10:12:00","guid":{"rendered":"https:\/\/fokusisrael.ch\/?page_id=3755"},"modified":"2026-04-02T00:40:05","modified_gmt":"2026-04-01T22:40:05","slug":"perche-e-importante-eliminare-la-minaccia-iraniana-per-israele-e-per-il-mondo-intero","status":"publish","type":"page","link":"https:\/\/fokusisrael.ch\/it\/domande-e-risposte-su-israele-gaza-e-i-palestinesi\/perche-e-importante-eliminare-la-minaccia-iraniana-per-israele-e-per-il-mondo-intero\/","title":{"rendered":"Perch\u00e9 \u00e8 importante eliminare la minaccia iraniana per Israele e per il mondo intero?"},"content":{"rendered":"\n<p class=\"article__intro\">\u00c8 stata membro del parlamento israeliano, la Knesset, e oggi \u00e8 una delle pi\u00f9 stimate analiste della situazione in Israele e in Medio Oriente: la politologa Einat Wilf. Einat Wilf parla in esclusiva a FokusIsrael.ch delle dieci questioni pi\u00f9 importanti riguardanti Israele e il Medio Oriente. <\/p>\n\n<figure class=\"wp-block-embed is-type-video is-provider-youtube wp-block-embed-youtube wp-embed-aspect-16-9 wp-has-aspect-ratio\"><div class=\"wp-block-embed__wrapper\">\n<iframe loading=\"lazy\" title=\"Warum ist es wichtig, die iranische Bedrohung f\u00fcr Israel und dieganze Welt zu beseitigen?\" width=\"500\" height=\"281\" src=\"https:\/\/www.youtube.com\/embed\/KcHK1VdYEI4?feature=oembed\" frameborder=\"0\" allow=\"accelerometer; autoplay; clipboard-write; encrypted-media; gyroscope; picture-in-picture; web-share\" referrerpolicy=\"strict-origin-when-cross-origin\" allowfullscreen><\/iframe>\n<\/div><\/figure>\n\n<p>Dal Libano e dalla Siria a Gaza e allo Yemen: L&#8217;Iran \u00e8 dietro a tutte le organizzazioni terroristiche islamiche. La teocrazia del Golfo Persico \u00e8 una minaccia non solo per Israele, ma per l&#8217;intero Occidente. La dottoressa Einat Wilf ci spiega perch\u00e9 e come \u00e8 possibile scongiurare questo pericolo.  <\/p>\n","protected":false},"excerpt":{"rendered":"<p>\u00c8 stata membro del parlamento israeliano, la Knesset, e oggi \u00e8 una delle pi\u00f9 stimate analiste della situazione in Israele e in Medio Oriente: la politologa Einat Wilf. Einat Wilf parla in esclusiva a FokusIsrael.ch delle dieci questioni pi\u00f9 importanti riguardanti Israele e il Medio Oriente. Dal Libano e dalla Siria a Gaza e allo [&hellip;]<\/p>\n","protected":false},"author":2,"featured_media":3667,"parent":3645,"menu_order":13,"comment_status":"closed","ping_status":"closed","template":"","meta":{"_hide_socialbar":"","footnotes":""},"categories":[],"tags":[639,653,667,647],"class_list":["post-3755","page","type-page","status-publish","has-post-thumbnail","hentry","tag-domande-frequenti","tag-einat-wilf-it","tag-iran-it","tag-israele"],"aioseo_notices":[],"_links":{"self":[{"href":"https:\/\/fokusisrael.ch\/it\/wp-json\/wp\/v2\/pages\/3755","targetHints":{"allow":["GET"]}}],"collection":[{"href":"https:\/\/fokusisrael.ch\/it\/wp-json\/wp\/v2\/pages"}],"about":[{"href":"https:\/\/fokusisrael.ch\/it\/wp-json\/wp\/v2\/types\/page"}],"author":[{"embeddable":true,"href":"https:\/\/fokusisrael.ch\/it\/wp-json\/wp\/v2\/users\/2"}],"replies":[{"embeddable":true,"href":"https:\/\/fokusisrael.ch\/it\/wp-json\/wp\/v2\/comments?post=3755"}],"version-history":[{"count":2,"href":"https:\/\/fokusisrael.ch\/it\/wp-json\/wp\/v2\/pages\/3755\/revisions"}],"predecessor-version":[{"id":3757,"href":"https:\/\/fokusisrael.ch\/it\/wp-json\/wp\/v2\/pages\/3755\/revisions\/3757"}],"up":[{"embeddable":true,"href":"https:\/\/fokusisrael.ch\/it\/wp-json\/wp\/v2\/pages\/3645"}],"wp:featuredmedia":[{"embeddable":true,"href":"https:\/\/fokusisrael.ch\/it\/wp-json\/wp\/v2\/media\/3667"}],"wp:attachment":[{"href":"https:\/\/fokusisrael.ch\/it\/wp-json\/wp\/v2\/media?parent=3755"}],"wp:term":[{"taxonomy":"category","embeddable":true,"href":"https:\/\/fokusisrael.ch\/it\/wp-json\/wp\/v2\/categories?post=3755"},{"taxonomy":"post_tag","embeddable":true,"href":"https:\/\/fokusisrael.ch\/it\/wp-json\/wp\/v2\/tags?post=3755"}],"curies":[{"name":"wp","href":"https:\/\/api.w.org\/{rel}","templated":true}]}}