{"id":3749,"date":"2024-01-30T16:02:00","date_gmt":"2024-01-30T15:02:00","guid":{"rendered":"https:\/\/fokusisrael.ch\/?page_id=3749"},"modified":"2025-10-15T13:36:12","modified_gmt":"2025-10-15T11:36:12","slug":"anche-in-israele-non-tutti-gli-ebrei-sono-uguali","status":"publish","type":"page","link":"https:\/\/fokusisrael.ch\/it\/israele-e-il-medio-oriente\/anche-in-israele-non-tutti-gli-ebrei-sono-uguali\/","title":{"rendered":"Anche in Israele, non tutti gli ebrei sono uguali"},"content":{"rendered":"\n<p class=\"article__intro\">La risoluzione di spartizione delle Nazioni Unite del 1947 definisce Israele come uno stato per gli ebrei. E nella Dichiarazione d&#8217;Indipendenza israeliana, con cui David Ben-Gurion proclam\u00f2 lo stato israeliano il 14 maggio 1948, l&#8217;ebraismo svolge un ruolo centrale. <\/p>\n\n<figure class=\"wp-block-image size-full\"><img loading=\"lazy\" decoding=\"async\" width=\"1024\" height=\"600\" src=\"https:\/\/fokusisrael.ch\/wp-content\/uploads\/2025\/03\/Klagemauer-1_Miklos-Klaus-Rozsa.jpg\" alt=\"Un ebreo ortodosso con cappotto e cappello nero fa una telefonata in una citt&#xE0;, mostrando la combinazione di tradizione e modernit&#xE0; di fronte a muri di pietra.\" class=\"wp-image-815\" srcset=\"https:\/\/fokusisrael.ch\/wp-content\/uploads\/2025\/03\/Klagemauer-1_Miklos-Klaus-Rozsa.jpg 1024w, https:\/\/fokusisrael.ch\/wp-content\/uploads\/2025\/03\/Klagemauer-1_Miklos-Klaus-Rozsa-300x176.jpg 300w, https:\/\/fokusisrael.ch\/wp-content\/uploads\/2025\/03\/Klagemauer-1_Miklos-Klaus-Rozsa-768x450.jpg 768w\" sizes=\"auto, (max-width: 1024px) 100vw, 1024px\" \/><figcaption class=\"wp-element-caption\">Un ebreo ortodosso con cappotto e cappello nero fa una telefonata in una citt\u00e0, mostrando la combinazione di tradizione e modernit\u00e0 di fronte a muri di pietra. <span class=\"image-meta\">&copy; MKR <a href=\"https:\/\/photoscene.jimdo.com\/\" target=\"_blank\" rel=\"noopener\">photoscene.ch<\/a><\/span><\/figcaption><\/figure>\n\n<p>Questo non \u00e8 cos\u00ec evidente come potrebbe sembrare. Dopo tutto, il <a href=\"\/israel-naher-osten\/der-zionismus\/\">sionismo<\/a> moderno, che \u00e8 emerso nel XIX secolo ed \u00e8 stato la forza trainante della fondazione di uno stato ebraico indipendente, era un movimento laico. C&#8217;erano anche sionisti religiosi. Ma Theodor Herzl, il padre del sionismo moderno, e la maggior parte dei delegati ai congressi sionisti, durante i quali nel 1897 iniziarono i lavori per la creazione di uno stato ebraico indipendente in Palestina, erano ebrei molto laici.  <br \/><br \/>Questa situazione non \u00e8 cambiata fino ad oggi. Secondo l&#8217;Ufficio di Statistica israeliano, alla fine del 2022 vivevano in Israele 7,1 milioni di ebrei[i]. Secondo la loro stessa valutazione:  <br \/><br \/>49% laico<br \/>29% tradizionale<br \/>13% moderno-ortodosso<br \/>9% ultra-ortodosso (Haredi).<br \/><br \/>Questo \u00e8 il risultato di un sondaggio condotto dall&#8217;istituto di ricerca d&#8217;opinione statunitense Pew Research Center. Il sondaggio \u00e8 stato condotto nel 2014\/15 ed \u00e8 quindi pi\u00f9 vecchio delle ultime statistiche ufficiali sulla popolazione. Ma il messaggio di base del sondaggio \u00e8 probabilmente ancora valido.  <\/p>\n\n<figure class=\"wp-block-image size-full\"><img loading=\"lazy\" decoding=\"async\" width=\"1024\" height=\"600\" src=\"https:\/\/fokusisrael.ch\/wp-content\/uploads\/2025\/03\/Klaus-Kaeppli.jpg\" alt=\"Tappi vari\" class=\"wp-image-814\" srcset=\"https:\/\/fokusisrael.ch\/wp-content\/uploads\/2025\/03\/Klaus-Kaeppli.jpg 1024w, https:\/\/fokusisrael.ch\/wp-content\/uploads\/2025\/03\/Klaus-Kaeppli-300x176.jpg 300w, https:\/\/fokusisrael.ch\/wp-content\/uploads\/2025\/03\/Klaus-Kaeppli-768x450.jpg 768w\" sizes=\"auto, (max-width: 1024px) 100vw, 1024px\" \/><figcaption class=\"wp-element-caption\"> <span class=\"image-meta\">&copy; MKR <a href=\"https:\/\/photoscene.jimdo.com\/\" target=\"_blank\" rel=\"noopener\">photoscene.ch<\/a><\/span><\/figure><\/figcaption>\n\n<h3 class=\"wp-block-heading\">Conflitti programmati<\/h3>\n\n<p>Il diverso significato che la religione ha per gli ebrei secolari e tradizionali (insieme al 78%), da un lato, e l&#8217;importanza della religione per gli ebrei moderni e ultraortodossi (insieme al 22%), dall&#8217;altro, \u00e8 fonte di potenziali conflitti sia nella vita quotidiana che in politica.<br \/><br \/>A cominciare dalle norme sul trasporto pubblico, che nella maggior parte dei luoghi in Israele non funziona durante lo Shabbat (cio\u00e8 dal venerd\u00ec sera al sabato sera) perch\u00e9 la guida \u00e8 vietata dalla legge religiosa ebraica. E si arriva fino alla questione se gli ebrei ortodossi possano essere costretti a <a href=\"https:\/\/fokusisrael.ch\/it\/israele-e-il-medio-oriente\/forze-di-difesa-israeliane-idf-le-loro-linee-guida-etiche-e-la-guerra-a-gaza\/\">prestare il servizio militare<\/a> contro la loro volont\u00e0. <br \/><br \/>La Corte Suprema israeliana lo ha affermato in una sentenza storica del 2017. Ha quindi invitato il governo e il parlamento a modificare una disposizione che risaliva alla fondazione dello Stato e che esentava gli ebrei ortodossi dal servire nell&#8217;esercito. All&#8217;epoca, la decisione del tribunale provoc\u00f2 proteste di massa tra la popolazione ortodossa e discussioni in parlamento. Ciononostante, ci furono sempre ebrei ortodossi che si arruolarono per il servizio militare. Si distinguevano per la loro volont\u00e0 di combattere, ma erano doppiamente isolati: nell&#8217;esercito a causa del loro radicalismo, nella loro stessa comunit\u00e0 perch\u00e9 violavano i comandamenti e creavano uno spiacevole precedente. Dopo il devastante attacco terroristico di Hamas del 7 ottobre 2023, oltre 2.000 ebrei ortodossi si sono arruolati come volontari per il servizio militare.     <br \/><br \/>La divisione tra ebrei laici-tradizionali da un lato ed ebrei moderni-ortodossi e ultraortodossi dall&#8217;altro \u00e8 una questione sempre attuale in politica. Si tratta anche della decisione fondamentale se le leggi statali debbano seguire le norme religiose, a cui gli ebrei ortodossi sono favorevoli. Oppure se debbano rimanere fondamentalmente laiche, come avviene oggi in altre <a href=\"\/israel-naher-osten\/das-regierungs-und-justizsystem-796\/\">democrazie occidentali<\/a> e come richiesto dai circoli ebraici laici e tradizionali.  <\/p>\n\n<h3 class=\"wp-block-heading\">Ribaltamento della bilancia<\/h3>\n\n<p>Gli ebrei ortodossi e ultraortodossi insieme rappresentano solo il 20% circa della popolazione ebraica e solo il 15% della popolazione totale di Israele. Ma hanno un peso politico sproporzionato. Ci\u00f2 \u00e8 dovuto al sistema elettorale israeliano. Nelle elezioni del parlamento israeliano, la Knesset, la soglia di sbarramento per i partiti \u00e8 solo del 3,4%.   <br \/><br \/>Questo ha portato a una forte frammentazione delle forze politiche. Questo significa che anche i piccoli partiti ortodossi e ultra-ortodossi hanno spesso la meglio quando si tratta di formare una coalizione di governo. Grazie a questa posizione, i partiti degli ebrei ortodossi e ultraortodossi sono sempre in grado di imporre concessioni politiche. Anche se Israele \u00e8 uno stato laico, la religione gioca un ruolo molto pi\u00f9 importante nella politica israeliana rispetto ad altre democrazie occidentali.     <br \/><br \/>Letture consigliate dai redattori<br \/><a href=\"https:\/\/www.bpb.de\/themen\/naher-mittlerer-osten\/israel\/45108\/die-bedeutung-der-religion-im-staat-israel\/#:~:text=In%20Israel%20sind%20alle%20gro%C3%9Fen,der%20Geh%C3%A4lter%20der%20religi%C3%B6sen%20Amtstr%C3%A4ger.\" target=\"_blank\" rel=\"noreferrer noopener\">L&#8217;importanza della religione nello Stato di Israele | Israele | bpb.de<\/a><br \/><br \/>[Secondo l&#8217;ufficio statistico, alla fine del 2022 la popolazione residente in Israele era di 9,65 milioni di persone. Di questi, 7,1 milioni erano ebrei, 2,03 milioni erano arabi e 0,51 milioni appartenevano a un altro gruppo di popolazione. <\/p>\n","protected":false},"excerpt":{"rendered":"<p>La risoluzione di spartizione delle Nazioni Unite del 1947 definisce Israele come uno stato per gli ebrei. E nella Dichiarazione d&#8217;Indipendenza israeliana, con cui David Ben-Gurion proclam\u00f2 lo stato israeliano il 14 maggio 1948, l&#8217;ebraismo svolge un ruolo centrale. Questo non \u00e8 cos\u00ec evidente come potrebbe sembrare. Dopo tutto, il sionismo moderno, che \u00e8 emerso [&hellip;]<\/p>\n","protected":false},"author":2,"featured_media":3752,"parent":3783,"menu_order":0,"comment_status":"closed","ping_status":"closed","template":"","meta":{"_hide_socialbar":"","footnotes":""},"categories":[],"tags":[625,647,656],"class_list":["post-3749","page","type-page","status-publish","has-post-thumbnail","hentry","tag-antisemitismo","tag-israele","tag-sionismo"],"aioseo_notices":[],"_links":{"self":[{"href":"https:\/\/fokusisrael.ch\/it\/wp-json\/wp\/v2\/pages\/3749","targetHints":{"allow":["GET"]}}],"collection":[{"href":"https:\/\/fokusisrael.ch\/it\/wp-json\/wp\/v2\/pages"}],"about":[{"href":"https:\/\/fokusisrael.ch\/it\/wp-json\/wp\/v2\/types\/page"}],"author":[{"embeddable":true,"href":"https:\/\/fokusisrael.ch\/it\/wp-json\/wp\/v2\/users\/2"}],"replies":[{"embeddable":true,"href":"https:\/\/fokusisrael.ch\/it\/wp-json\/wp\/v2\/comments?post=3749"}],"version-history":[{"count":3,"href":"https:\/\/fokusisrael.ch\/it\/wp-json\/wp\/v2\/pages\/3749\/revisions"}],"predecessor-version":[{"id":5343,"href":"https:\/\/fokusisrael.ch\/it\/wp-json\/wp\/v2\/pages\/3749\/revisions\/5343"}],"up":[{"embeddable":true,"href":"https:\/\/fokusisrael.ch\/it\/wp-json\/wp\/v2\/pages\/3783"}],"wp:featuredmedia":[{"embeddable":true,"href":"https:\/\/fokusisrael.ch\/it\/wp-json\/wp\/v2\/media\/3752"}],"wp:attachment":[{"href":"https:\/\/fokusisrael.ch\/it\/wp-json\/wp\/v2\/media?parent=3749"}],"wp:term":[{"taxonomy":"category","embeddable":true,"href":"https:\/\/fokusisrael.ch\/it\/wp-json\/wp\/v2\/categories?post=3749"},{"taxonomy":"post_tag","embeddable":true,"href":"https:\/\/fokusisrael.ch\/it\/wp-json\/wp\/v2\/tags?post=3749"}],"curies":[{"name":"wp","href":"https:\/\/api.w.org\/{rel}","templated":true}]}}