{"id":3724,"date":"2024-08-01T12:04:00","date_gmt":"2024-08-01T10:04:00","guid":{"rendered":"https:\/\/fokusisrael.ch\/?page_id=3724"},"modified":"2026-04-02T00:39:45","modified_gmt":"2026-04-01T22:39:45","slug":"si-puo-e-si-deve-raggiungere-una-soluzione-a-due-stati","status":"publish","type":"page","link":"https:\/\/fokusisrael.ch\/it\/domande-e-risposte-su-israele-gaza-e-i-palestinesi\/si-puo-e-si-deve-raggiungere-una-soluzione-a-due-stati\/","title":{"rendered":"Si pu\u00f2 e si deve raggiungere una soluzione a due Stati?"},"content":{"rendered":"\n<p class=\"article__intro\">\u00c8 stata membro del parlamento israeliano, la Knesset, e oggi \u00e8 una delle pi\u00f9 stimate analiste della situazione in Israele e in Medio Oriente: la politologa Einat Wilf. Einat Wilf parla in esclusiva a FokusIsrael.ch delle dieci questioni pi\u00f9 importanti riguardanti Israele e il Medio Oriente. <\/p>\n\n<figure class=\"wp-block-embed is-type-video is-provider-youtube wp-block-embed-youtube wp-embed-aspect-16-9 wp-has-aspect-ratio\"><div class=\"wp-block-embed__wrapper\">\n<iframe loading=\"lazy\" title=\"Ist die Zwei-Staaten-L\u00f6sung Geschichte?\" width=\"500\" height=\"281\" src=\"https:\/\/www.youtube.com\/embed\/qi-My6kXGrQ?feature=oembed\" frameborder=\"0\" allow=\"accelerometer; autoplay; clipboard-write; encrypted-media; gyroscope; picture-in-picture; web-share\" referrerpolicy=\"strict-origin-when-cross-origin\" allowfullscreen><\/iframe>\n<\/div><\/figure>\n\n<p>Nel 1947, l&#8217;Assemblea Generale delle Nazioni Unite decise di istituire uno stato ebraico e uno arabo in Medio Oriente. Cosa \u00e8 rimasto di questa idea? Ha ancora qualche possibilit\u00e0 di essere realizzata? Il dottor Einat Wilf ci d\u00e0 la sua opinione.     <\/p>\n","protected":false},"excerpt":{"rendered":"<p>\u00c8 stata membro del parlamento israeliano, la Knesset, e oggi \u00e8 una delle pi\u00f9 stimate analiste della situazione in Israele e in Medio Oriente: la politologa Einat Wilf. Einat Wilf parla in esclusiva a FokusIsrael.ch delle dieci questioni pi\u00f9 importanti riguardanti Israele e il Medio Oriente. Nel 1947, l&#8217;Assemblea Generale delle Nazioni Unite decise di [&hellip;]<\/p>\n","protected":false},"author":2,"featured_media":3726,"parent":3645,"menu_order":11,"comment_status":"closed","ping_status":"closed","template":"","meta":{"_hide_socialbar":"","footnotes":""},"categories":[],"tags":[639,653,647],"class_list":["post-3724","page","type-page","status-publish","has-post-thumbnail","hentry","tag-domande-frequenti","tag-einat-wilf-it","tag-israele"],"aioseo_notices":[],"_links":{"self":[{"href":"https:\/\/fokusisrael.ch\/it\/wp-json\/wp\/v2\/pages\/3724","targetHints":{"allow":["GET"]}}],"collection":[{"href":"https:\/\/fokusisrael.ch\/it\/wp-json\/wp\/v2\/pages"}],"about":[{"href":"https:\/\/fokusisrael.ch\/it\/wp-json\/wp\/v2\/types\/page"}],"author":[{"embeddable":true,"href":"https:\/\/fokusisrael.ch\/it\/wp-json\/wp\/v2\/users\/2"}],"replies":[{"embeddable":true,"href":"https:\/\/fokusisrael.ch\/it\/wp-json\/wp\/v2\/comments?post=3724"}],"version-history":[{"count":2,"href":"https:\/\/fokusisrael.ch\/it\/wp-json\/wp\/v2\/pages\/3724\/revisions"}],"predecessor-version":[{"id":3728,"href":"https:\/\/fokusisrael.ch\/it\/wp-json\/wp\/v2\/pages\/3724\/revisions\/3728"}],"up":[{"embeddable":true,"href":"https:\/\/fokusisrael.ch\/it\/wp-json\/wp\/v2\/pages\/3645"}],"wp:featuredmedia":[{"embeddable":true,"href":"https:\/\/fokusisrael.ch\/it\/wp-json\/wp\/v2\/media\/3726"}],"wp:attachment":[{"href":"https:\/\/fokusisrael.ch\/it\/wp-json\/wp\/v2\/media?parent=3724"}],"wp:term":[{"taxonomy":"category","embeddable":true,"href":"https:\/\/fokusisrael.ch\/it\/wp-json\/wp\/v2\/categories?post=3724"},{"taxonomy":"post_tag","embeddable":true,"href":"https:\/\/fokusisrael.ch\/it\/wp-json\/wp\/v2\/tags?post=3724"}],"curies":[{"name":"wp","href":"https:\/\/api.w.org\/{rel}","templated":true}]}}