{"id":3712,"date":"2024-08-03T01:36:00","date_gmt":"2024-08-02T23:36:00","guid":{"rendered":"https:\/\/fokusisrael.ch\/?page_id=3712"},"modified":"2026-04-02T00:40:24","modified_gmt":"2026-04-01T22:40:24","slug":"israele-e-uno-stato-di-apartheid-come-sostengono-alcuni-suoi-oppositori","status":"publish","type":"page","link":"https:\/\/fokusisrael.ch\/it\/domande-e-risposte-su-israele-gaza-e-i-palestinesi\/israele-e-uno-stato-di-apartheid-come-sostengono-alcuni-suoi-oppositori\/","title":{"rendered":"Israele \u00e8 uno &#8220;stato di apartheid&#8221;, come sostengono alcuni suoi oppositori?"},"content":{"rendered":"\n<p>\u00c8 stata membro del parlamento israeliano, la Knesset, e oggi \u00e8 una delle pi\u00f9 stimate analiste della situazione in Israele e in Medio Oriente: la politologa Einat Wilf. Einat Wilf parla in esclusiva a FokusIsrael.ch delle dieci questioni pi\u00f9 importanti riguardanti Israele e il Medio Oriente. <\/p>\n\n<figure class=\"wp-block-embed is-type-video is-provider-youtube wp-block-embed-youtube wp-embed-aspect-16-9 wp-has-aspect-ratio\"><div class=\"wp-block-embed__wrapper\">\n<iframe loading=\"lazy\" title=\"Ist Israel ein \u00abApartheidstaat\u00bb, wie einige seiner Gegner behaupten?\" width=\"500\" height=\"281\" src=\"https:\/\/www.youtube.com\/embed\/BJOMtAzRxRg?feature=oembed\" frameborder=\"0\" allow=\"accelerometer; autoplay; clipboard-write; encrypted-media; gyroscope; picture-in-picture; web-share\" referrerpolicy=\"strict-origin-when-cross-origin\" allowfullscreen><\/iframe>\n<\/div><\/figure>\n\n<p>Due milioni di arabi vivono in Israele come elettori alla pari. Nonostante ci\u00f2, i suoi oppositori accusano Israele di essere uno stato di apartheid. La dottoressa Einat Wilf risponde alle accuse.  <\/p>\n","protected":false},"excerpt":{"rendered":"<p>\u00c8 stata membro del parlamento israeliano, la Knesset, e oggi \u00e8 una delle pi\u00f9 stimate analiste della situazione in Israele e in Medio Oriente: la politologa Einat Wilf. Einat Wilf parla in esclusiva a FokusIsrael.ch delle dieci questioni pi\u00f9 importanti riguardanti Israele e il Medio Oriente. Due milioni di arabi vivono in Israele come elettori [&hellip;]<\/p>\n","protected":false},"author":2,"featured_media":3668,"parent":3645,"menu_order":14,"comment_status":"closed","ping_status":"closed","template":"","meta":{"_hide_socialbar":"","footnotes":""},"categories":[],"tags":[639,653,647,658],"class_list":["post-3712","page","type-page","status-publish","has-post-thumbnail","hentry","tag-domande-frequenti","tag-einat-wilf-it","tag-israele","tag-stato-di-apartheid"],"aioseo_notices":[],"_links":{"self":[{"href":"https:\/\/fokusisrael.ch\/it\/wp-json\/wp\/v2\/pages\/3712","targetHints":{"allow":["GET"]}}],"collection":[{"href":"https:\/\/fokusisrael.ch\/it\/wp-json\/wp\/v2\/pages"}],"about":[{"href":"https:\/\/fokusisrael.ch\/it\/wp-json\/wp\/v2\/types\/page"}],"author":[{"embeddable":true,"href":"https:\/\/fokusisrael.ch\/it\/wp-json\/wp\/v2\/users\/2"}],"replies":[{"embeddable":true,"href":"https:\/\/fokusisrael.ch\/it\/wp-json\/wp\/v2\/comments?post=3712"}],"version-history":[{"count":2,"href":"https:\/\/fokusisrael.ch\/it\/wp-json\/wp\/v2\/pages\/3712\/revisions"}],"predecessor-version":[{"id":3714,"href":"https:\/\/fokusisrael.ch\/it\/wp-json\/wp\/v2\/pages\/3712\/revisions\/3714"}],"up":[{"embeddable":true,"href":"https:\/\/fokusisrael.ch\/it\/wp-json\/wp\/v2\/pages\/3645"}],"wp:featuredmedia":[{"embeddable":true,"href":"https:\/\/fokusisrael.ch\/it\/wp-json\/wp\/v2\/media\/3668"}],"wp:attachment":[{"href":"https:\/\/fokusisrael.ch\/it\/wp-json\/wp\/v2\/media?parent=3712"}],"wp:term":[{"taxonomy":"category","embeddable":true,"href":"https:\/\/fokusisrael.ch\/it\/wp-json\/wp\/v2\/categories?post=3712"},{"taxonomy":"post_tag","embeddable":true,"href":"https:\/\/fokusisrael.ch\/it\/wp-json\/wp\/v2\/tags?post=3712"}],"curies":[{"name":"wp","href":"https:\/\/api.w.org\/{rel}","templated":true}]}}