{"id":3706,"date":"2024-08-03T15:40:00","date_gmt":"2024-08-03T13:40:00","guid":{"rendered":"https:\/\/fokusisrael.ch\/?page_id=3706"},"modified":"2026-04-02T00:40:46","modified_gmt":"2026-04-01T22:40:46","slug":"il-sionismo-e-ancora-un-concetto-politico-valido-oggi-o-deve-essere-rivisto-o-addirittura-abolito","status":"publish","type":"page","link":"https:\/\/fokusisrael.ch\/it\/domande-e-risposte-su-israele-gaza-e-i-palestinesi\/il-sionismo-e-ancora-un-concetto-politico-valido-oggi-o-deve-essere-rivisto-o-addirittura-abolito\/","title":{"rendered":"Il sionismo \u00e8 ancora un concetto politico valido oggi o deve essere rivisto o addirittura abolito?"},"content":{"rendered":"\n<p>\u00c8 stata membro del parlamento israeliano, la Knesset, e oggi \u00e8 una delle pi\u00f9 stimate analiste della situazione in Israele e in Medio Oriente: la politologa Einat Wilf. Einat Wilf parla in esclusiva a FokusIsrael.ch delle dieci questioni pi\u00f9 importanti riguardanti Israele e il Medio Oriente. <\/p>\n\n<figure class=\"wp-block-embed is-type-video is-provider-youtube wp-block-embed-youtube wp-embed-aspect-16-9 wp-has-aspect-ratio\"><div class=\"wp-block-embed__wrapper\">\n<iframe loading=\"lazy\" title=\"Ist der Zionismus heute noch ein g\u00fcltiges politisches Konzept?\" width=\"500\" height=\"281\" src=\"https:\/\/www.youtube.com\/embed\/N4noipN0O0k?feature=oembed\" frameborder=\"0\" allow=\"accelerometer; autoplay; clipboard-write; encrypted-media; gyroscope; picture-in-picture; web-share\" referrerpolicy=\"strict-origin-when-cross-origin\" allowfullscreen><\/iframe>\n<\/div><\/figure>\n\n<p>Il sionismo \u00e8 ancora un concetto politico valido oggi o deve essere rivisto o addirittura abolito? Einat Wilf prende posizione. <\/p>\n\n<p><\/p>\n","protected":false},"excerpt":{"rendered":"<p>\u00c8 stata membro del parlamento israeliano, la Knesset, e oggi \u00e8 una delle pi\u00f9 stimate analiste della situazione in Israele e in Medio Oriente: la politologa Einat Wilf. Einat Wilf parla in esclusiva a FokusIsrael.ch delle dieci questioni pi\u00f9 importanti riguardanti Israele e il Medio Oriente. Il sionismo \u00e8 ancora un concetto politico valido oggi [&hellip;]<\/p>\n","protected":false},"author":2,"featured_media":3671,"parent":3645,"menu_order":17,"comment_status":"closed","ping_status":"closed","template":"","meta":{"_hide_socialbar":"","footnotes":""},"categories":[],"tags":[639,653,656],"class_list":["post-3706","page","type-page","status-publish","has-post-thumbnail","hentry","tag-domande-frequenti","tag-einat-wilf-it","tag-sionismo"],"aioseo_notices":[],"_links":{"self":[{"href":"https:\/\/fokusisrael.ch\/it\/wp-json\/wp\/v2\/pages\/3706","targetHints":{"allow":["GET"]}}],"collection":[{"href":"https:\/\/fokusisrael.ch\/it\/wp-json\/wp\/v2\/pages"}],"about":[{"href":"https:\/\/fokusisrael.ch\/it\/wp-json\/wp\/v2\/types\/page"}],"author":[{"embeddable":true,"href":"https:\/\/fokusisrael.ch\/it\/wp-json\/wp\/v2\/users\/2"}],"replies":[{"embeddable":true,"href":"https:\/\/fokusisrael.ch\/it\/wp-json\/wp\/v2\/comments?post=3706"}],"version-history":[{"count":2,"href":"https:\/\/fokusisrael.ch\/it\/wp-json\/wp\/v2\/pages\/3706\/revisions"}],"predecessor-version":[{"id":3708,"href":"https:\/\/fokusisrael.ch\/it\/wp-json\/wp\/v2\/pages\/3706\/revisions\/3708"}],"up":[{"embeddable":true,"href":"https:\/\/fokusisrael.ch\/it\/wp-json\/wp\/v2\/pages\/3645"}],"wp:featuredmedia":[{"embeddable":true,"href":"https:\/\/fokusisrael.ch\/it\/wp-json\/wp\/v2\/media\/3671"}],"wp:attachment":[{"href":"https:\/\/fokusisrael.ch\/it\/wp-json\/wp\/v2\/media?parent=3706"}],"wp:term":[{"taxonomy":"category","embeddable":true,"href":"https:\/\/fokusisrael.ch\/it\/wp-json\/wp\/v2\/categories?post=3706"},{"taxonomy":"post_tag","embeddable":true,"href":"https:\/\/fokusisrael.ch\/it\/wp-json\/wp\/v2\/tags?post=3706"}],"curies":[{"name":"wp","href":"https:\/\/api.w.org\/{rel}","templated":true}]}}