{"id":3688,"date":"2024-08-04T09:00:00","date_gmt":"2024-08-04T07:00:00","guid":{"rendered":"https:\/\/fokusisrael.ch\/?page_id=3688"},"modified":"2026-04-02T00:41:09","modified_gmt":"2026-04-01T22:41:09","slug":"come-puo-israele-colmare-il-divario-tra-la-parte-laica-e-liberale-e-quella-ultraortodossa-e-nazionalista-della-sua-popolazione","status":"publish","type":"page","link":"https:\/\/fokusisrael.ch\/it\/domande-e-risposte-su-israele-gaza-e-i-palestinesi\/come-puo-israele-colmare-il-divario-tra-la-parte-laica-e-liberale-e-quella-ultraortodossa-e-nazionalista-della-sua-popolazione\/","title":{"rendered":"Come pu\u00f2 Israele colmare il divario tra la parte laica e liberale e quella ultraortodossa e nazionalista della sua popolazione?"},"content":{"rendered":"\n<p class=\"article__intro\">\u00c8 stata membro del parlamento israeliano, la Knesset, e oggi \u00e8 una delle pi\u00f9 stimate analiste della situazione in Israele e in Medio Oriente: la politologa Einat Wilf. Einat Wilf parla in esclusiva a FokusIsrael.ch delle dieci questioni pi\u00f9 importanti riguardanti Israele e il Medio Oriente. <\/p>\n\n<figure class=\"wp-block-embed is-type-video is-provider-youtube wp-block-embed-youtube wp-embed-aspect-16-9 wp-has-aspect-ratio\"><div class=\"wp-block-embed__wrapper\">\n<iframe loading=\"lazy\" title=\"Wie kann Israel seine innere Spaltung \u00fcberwinden?\" width=\"500\" height=\"281\" src=\"https:\/\/www.youtube.com\/embed\/35gDIrmKby4?feature=oembed\" frameborder=\"0\" allow=\"accelerometer; autoplay; clipboard-write; encrypted-media; gyroscope; picture-in-picture; web-share\" referrerpolicy=\"strict-origin-when-cross-origin\" allowfullscreen><\/iframe>\n<\/div><\/figure>\n\n<p>Il divario tra la maggioranza laica della popolazione israeliana e la sua minoranza ultra-ortodossa sta portando a tensioni politiche sempre pi\u00f9 forti. La dottoressa Einat Wilf ci spiega perch\u00e9 e come queste tensioni possono essere superate. <\/p>\n","protected":false},"excerpt":{"rendered":"<p>\u00c8 stata membro del parlamento israeliano, la Knesset, e oggi \u00e8 una delle pi\u00f9 stimate analiste della situazione in Israele e in Medio Oriente: la politologa Einat Wilf. Einat Wilf parla in esclusiva a FokusIsrael.ch delle dieci questioni pi\u00f9 importanti riguardanti Israele e il Medio Oriente. Il divario tra la maggioranza laica della popolazione israeliana [&hellip;]<\/p>\n","protected":false},"author":2,"featured_media":3689,"parent":3645,"menu_order":19,"comment_status":"closed","ping_status":"closed","template":"","meta":{"_hide_socialbar":"","footnotes":""},"categories":[],"tags":[639,653,647],"class_list":["post-3688","page","type-page","status-publish","has-post-thumbnail","hentry","tag-domande-frequenti","tag-einat-wilf-it","tag-israele"],"aioseo_notices":[],"_links":{"self":[{"href":"https:\/\/fokusisrael.ch\/it\/wp-json\/wp\/v2\/pages\/3688","targetHints":{"allow":["GET"]}}],"collection":[{"href":"https:\/\/fokusisrael.ch\/it\/wp-json\/wp\/v2\/pages"}],"about":[{"href":"https:\/\/fokusisrael.ch\/it\/wp-json\/wp\/v2\/types\/page"}],"author":[{"embeddable":true,"href":"https:\/\/fokusisrael.ch\/it\/wp-json\/wp\/v2\/users\/2"}],"replies":[{"embeddable":true,"href":"https:\/\/fokusisrael.ch\/it\/wp-json\/wp\/v2\/comments?post=3688"}],"version-history":[{"count":2,"href":"https:\/\/fokusisrael.ch\/it\/wp-json\/wp\/v2\/pages\/3688\/revisions"}],"predecessor-version":[{"id":3691,"href":"https:\/\/fokusisrael.ch\/it\/wp-json\/wp\/v2\/pages\/3688\/revisions\/3691"}],"up":[{"embeddable":true,"href":"https:\/\/fokusisrael.ch\/it\/wp-json\/wp\/v2\/pages\/3645"}],"wp:featuredmedia":[{"embeddable":true,"href":"https:\/\/fokusisrael.ch\/it\/wp-json\/wp\/v2\/media\/3689"}],"wp:attachment":[{"href":"https:\/\/fokusisrael.ch\/it\/wp-json\/wp\/v2\/media?parent=3688"}],"wp:term":[{"taxonomy":"category","embeddable":true,"href":"https:\/\/fokusisrael.ch\/it\/wp-json\/wp\/v2\/categories?post=3688"},{"taxonomy":"post_tag","embeddable":true,"href":"https:\/\/fokusisrael.ch\/it\/wp-json\/wp\/v2\/tags?post=3688"}],"curies":[{"name":"wp","href":"https:\/\/api.w.org\/{rel}","templated":true}]}}