{"id":3665,"date":"2024-08-04T08:59:00","date_gmt":"2024-08-04T06:59:00","guid":{"rendered":"https:\/\/fokusisrael.ch\/?page_id=3665"},"modified":"2026-04-02T00:40:58","modified_gmt":"2026-04-01T22:40:58","slug":"quale-approccio-dovrebbero-adottare-i-governi-occidentali-compresa-lue-per-promuovere-la-pace-in-medio-oriente","status":"publish","type":"page","link":"https:\/\/fokusisrael.ch\/it\/domande-e-risposte-su-israele-gaza-e-i-palestinesi\/quale-approccio-dovrebbero-adottare-i-governi-occidentali-compresa-lue-per-promuovere-la-pace-in-medio-oriente\/","title":{"rendered":"Quale approccio dovrebbero adottare i governi occidentali (compresa l&#8217;UE) per promuovere la pace in Medio Oriente?"},"content":{"rendered":"\n<p class=\"article__intro\">\u00c8 stata membro del parlamento israeliano, la Knesset, e oggi \u00e8 una delle pi\u00f9 stimate analiste della situazione in Israele e in Medio Oriente: la politologa Einat Wilf. Einat Wilf parla in esclusiva a FokusIsrael.ch delle dieci questioni pi\u00f9 importanti riguardanti Israele e il Medio Oriente. <\/p>\n\n<figure class=\"wp-block-embed is-type-video is-provider-youtube wp-block-embed-youtube wp-embed-aspect-16-9 wp-has-aspect-ratio\"><div class=\"wp-block-embed__wrapper\">\n<iframe loading=\"lazy\" title=\"Welchen Ansatz sollten westliche Regierungen w\u00e4hlen, um den Frieden im Nahen Osten zu f\u00f6rdern?\" width=\"500\" height=\"281\" src=\"https:\/\/www.youtube.com\/embed\/pEOk2ipb74s?feature=oembed\" frameborder=\"0\" allow=\"accelerometer; autoplay; clipboard-write; encrypted-media; gyroscope; picture-in-picture; web-share\" referrerpolicy=\"strict-origin-when-cross-origin\" allowfullscreen><\/iframe>\n<\/div><\/figure>\n\n<p>Gli Stati Uniti e l&#8217;Europa vogliono fare da mediatori in Medio Oriente. La dott.ssa Einat Wilf analizza ci\u00f2 che le potenze occidentali devono tenere a mente se vogliono avere successo. <\/p>\n\n<p><\/p>\n","protected":false},"excerpt":{"rendered":"<p>\u00c8 stata membro del parlamento israeliano, la Knesset, e oggi \u00e8 una delle pi\u00f9 stimate analiste della situazione in Israele e in Medio Oriente: la politologa Einat Wilf. Einat Wilf parla in esclusiva a FokusIsrael.ch delle dieci questioni pi\u00f9 importanti riguardanti Israele e il Medio Oriente. Gli Stati Uniti e l&#8217;Europa vogliono fare da mediatori [&hellip;]<\/p>\n","protected":false},"author":2,"featured_media":3672,"parent":3645,"menu_order":18,"comment_status":"closed","ping_status":"closed","template":"","meta":{"_hide_socialbar":"","footnotes":""},"categories":[],"tags":[639,653,647],"class_list":["post-3665","page","type-page","status-publish","has-post-thumbnail","hentry","tag-domande-frequenti","tag-einat-wilf-it","tag-israele"],"aioseo_notices":[],"_links":{"self":[{"href":"https:\/\/fokusisrael.ch\/it\/wp-json\/wp\/v2\/pages\/3665","targetHints":{"allow":["GET"]}}],"collection":[{"href":"https:\/\/fokusisrael.ch\/it\/wp-json\/wp\/v2\/pages"}],"about":[{"href":"https:\/\/fokusisrael.ch\/it\/wp-json\/wp\/v2\/types\/page"}],"author":[{"embeddable":true,"href":"https:\/\/fokusisrael.ch\/it\/wp-json\/wp\/v2\/users\/2"}],"replies":[{"embeddable":true,"href":"https:\/\/fokusisrael.ch\/it\/wp-json\/wp\/v2\/comments?post=3665"}],"version-history":[{"count":2,"href":"https:\/\/fokusisrael.ch\/it\/wp-json\/wp\/v2\/pages\/3665\/revisions"}],"predecessor-version":[{"id":3675,"href":"https:\/\/fokusisrael.ch\/it\/wp-json\/wp\/v2\/pages\/3665\/revisions\/3675"}],"up":[{"embeddable":true,"href":"https:\/\/fokusisrael.ch\/it\/wp-json\/wp\/v2\/pages\/3645"}],"wp:featuredmedia":[{"embeddable":true,"href":"https:\/\/fokusisrael.ch\/it\/wp-json\/wp\/v2\/media\/3672"}],"wp:attachment":[{"href":"https:\/\/fokusisrael.ch\/it\/wp-json\/wp\/v2\/media?parent=3665"}],"wp:term":[{"taxonomy":"category","embeddable":true,"href":"https:\/\/fokusisrael.ch\/it\/wp-json\/wp\/v2\/categories?post=3665"},{"taxonomy":"post_tag","embeddable":true,"href":"https:\/\/fokusisrael.ch\/it\/wp-json\/wp\/v2\/tags?post=3665"}],"curies":[{"name":"wp","href":"https:\/\/api.w.org\/{rel}","templated":true}]}}