{"id":3657,"date":"2025-07-08T15:48:26","date_gmt":"2025-07-08T13:48:26","guid":{"rendered":"https:\/\/fokusisrael.ch\/?page_id=3657"},"modified":"2025-10-15T13:36:12","modified_gmt":"2025-10-15T11:36:12","slug":"uno-stato-tutto-loro-le-opportunita-mancate-dei-palestinesi","status":"publish","type":"page","link":"https:\/\/fokusisrael.ch\/it\/i-palestinesi\/uno-stato-tutto-loro-le-opportunita-mancate-dei-palestinesi\/","title":{"rendered":"Uno stato tutto loro: le opportunit\u00e0 mancate dei palestinesi"},"content":{"rendered":"\n<p><em>Dalla redazione di FokusIsrael.ch<\/em><\/p>\n\n<p>Negli ultimi 80 anni circa, sono state fatte ripetute offerte ai palestinesi ((80 anni fa nessuno parlava di palestinesi, solo di arabi)) per la creazione di un proprio stato. Ma loro le hanno sempre rifiutate. Ecco una breve panoramica delle occasioni mancate di indipendenza statale.  <\/p>\n\n<p><strong>Risoluzione di spartizione delle Nazioni Unite del 1947<\/strong>. Il 29 novembre 1947, l&#8217;Assemblea Generale delle Nazioni Unite adott\u00f2 la Risoluzione 181 (II). Questa prevedeva uno Stato ebraico, uno Stato arabo e l&#8217;internazionalizzazione di Gerusalemme. Mentre la parte ebraica accett\u00f2 il piano, la parte araba lo rifiut\u00f2.     <\/p>\n\n<p>Il 14 maggio 1948, quando fu proclamato lo stato di Israele, la parte araba opt\u00f2 per una soluzione militare appena un giorno dopo e tent\u00f2 di distruggere il neonato stato ebraico. La guerra dur\u00f2 pi\u00f9 di un anno e si concluse nel luglio 1949 con la vittoria di Israele sugli eserciti di Egitto, Siria, Giordania, Libano e Iraq.   <\/p>\n\n<p>La Cisgiordania, designata dall&#8217;ONU come parte del nuovo stato arabo (palestinese), cadde sotto il dominio giordano, cos\u00ec come Gerusalemme Est. Gaza, anch&#8217;essa designata come parte del nuovo stato palestinese, fu occupata dall&#8217;Egitto. (Nella Guerra dei Sei Giorni del 1967, la Cisgiordania e Gaza passarono a Israele e da quel momento in poi furono considerate territori occupati secondo il diritto internazionale).  <\/p>\n\n<p><strong>2000\/2001 Camp David<\/strong>. Sotto la guida dell&#8217;allora presidente degli Stati Uniti Bill Clinton, il presidente dell&#8217;Autorit\u00e0 Palestinese Yasser Arafat e l&#8217;allora primo ministro israeliano Ehud Barak negoziarono la creazione di uno stato palestinese. (L&#8217;Autorit\u00e0 Palestinese fu creata a seguito dei colloqui di pace di Oslo nel 1993. Era responsabile dell&#8217;amministrazione della maggior parte della Cisgiordania e di Gaza).  <\/p>\n\n<p>Il piano di pace di Clinton prevedeva che tutta Gaza e il 94-96% dell&#8217;intera Cisgiordania diventassero uno Stato palestinese. Inoltre, Israele avrebbe dovuto cedere l&#8217;1-3% del proprio territorio in Cisgiordania al nuovo Stato palestinese, in modo che Gaza e la Cisgiordania potessero essere collegate da un ponte di terra. Le parti arabe di Gerusalemme sarebbero state poste sotto l&#8217;amministrazione palestinese e quelle ebraiche sotto quella israeliana. Inoltre, doveva essere creato un fondo di aiuti internazionali per un totale di 30 miliardi di dollari per i palestinesi.   <\/p>\n\n<p>Il Primo Ministro Barak e il governo israeliano accettarono questo piano. Anche Yasser Arafat si dichiar\u00f2 d&#8217;accordo. Tuttavia, ha posto cos\u00ec tante condizioni al suo accordo che alla fine \u00e8 diventato impossibile realizzare il piano. L&#8217;ambasciatore saudita negli Stati Uniti, il principe Bandar bin Sultan, ha dichiarato: &#8220;Se Arafat non accetta ci\u00f2 che gli viene offerto, allora non \u00e8 una tragedia, ma un crimine (contro il suo stesso popolo, ndr)&#8221;. Anche questo tentativo di creare uno stato palestinese \u00e8 quindi fallito.   <\/p>\n\n<p><strong>Piano Sharon 2005.  <\/strong>Nel 2004, l&#8217;allora primo ministro israeliano Ariel Sharon annunci\u00f2 che Israele si sarebbe ritirato completamente da Gaza e avrebbe evacuato tutti gli insediamenti presenti. Israele avrebbe anche smantellato quattro insediamenti in Cisgiordania. L&#8217;obiettivo era quello di aprire la strada a una soluzione del conflitto con i palestinesi. Il piano fu attuato nel 2005, quando i coloni israeliani di Gaza furono costretti a lasciare Gaza con l&#8217;aiuto dell&#8217;esercito israeliano.     <\/p>\n\n<p>La speranza di Sharon che il ritiro unilaterale di Israele da Gaza e da parte della Cisgiordania avrebbe <strong>spianato<\/strong> la strada alla pace con i palestinesi si rivel\u00f2 un&#8217;illusione. Due anni dopo, Hamas, <strong>eletto dalla sua stessa popolazione<\/strong>, prese il potere a Gaza dopo una sanguinosa lotta per il potere con l&#8217;OLP, che governava la Cisgiordania, e inizi\u00f2 a terrorizzare Israele da l\u00ec con attacchi missilistici e assassinii. Il tutto culmin\u00f2 il 7 ottobre 2023 con il massacro di 1.200 neonati, bambini, donne e uomini israeliani <strong>all&#8217;interno dei confini di Israele<\/strong> e il rapimento di oltre 250 ostaggi, che port\u00f2 <strong>alla<\/strong> Guerra di Gaza.  <\/p>\n\n<p><strong>2008 Offerta di pace di Ehud Olmert<\/strong>. Tre anni dopo il ritiro di Israele da Gaza, Ehud Olmert, che era succeduto a Sharon come Primo Ministro israeliano, fece un&#8217;altra offerta di pace al successore di Yasser Arafat come Presidente dell&#8217;Autorit\u00e0 Palestinese, Mahmoud Abbas.   <\/p>\n\n<p>Simile al piano Clinton del 2002\/2001, l&#8217;offerta di Olmert prevedeva anche uno scambio di territori tra Israele e il nuovo Stato palestinese. Entrambe le parti avrebbero dovuto cedere esattamente la stessa quantit\u00e0 di terra all&#8217;altra. <\/p>\n\n<p>Di conseguenza, il 6,3% della Cisgiordania doveva essere trasferito a Israele in modo da integrare i coloni israeliani nel territorio israeliano. Da parte sua, Israele avrebbe ceduto al nuovo Stato palestinese una porzione di territorio equivalente al 5,8% della Cisgiordania. Inoltre, un&#8217;altra parte del territorio israeliano (pari allo 0,5% della Cisgiordania) doveva essere ceduta per collegare la Cisgiordania e Gaza attraverso un ponte di terra e creare uno Stato palestinese contiguo.    <strong>Oggi Israele ha una superficie di poco pi\u00f9 di 20.000 chilometri quadrati, pari alla met\u00e0 della Svizzera.<\/strong><\/p>\n\n<p>Tuttavia, come il suo predecessore Arafat, anche Mahmoud Abbas ha rifiutato la proposta di creare uno Stato palestinese indipendente.<\/p>\n\n<p>In un&#8217;intervista rilasciata a &#8220;Weltwoche&#8221; nel luglio del 2025, l&#8217;ex primo ministro britannico Boris Johnson ha dichiarato: &#8220;La storia della Palestina dal 1948 \u00e8 una storia di opportunit\u00e0 mancate, di fallimenti da parte della leadership palestinese e di una totale mancanza di comprensione della necessit\u00e0 di coesistenza con Israele. Non c&#8217;\u00e8 mai stato un leader palestinese disposto a dire: &#8220;Israele ha il diritto assoluto di esistere. Dobbiamo coesistere con Israele&#8221;.<\/p>\n","protected":false},"excerpt":{"rendered":"<p>Dalla redazione di FokusIsrael.ch Negli ultimi 80 anni circa, sono state fatte ripetute offerte ai palestinesi ((80 anni fa nessuno parlava di palestinesi, solo di arabi)) per la creazione di un proprio stato. Ma loro le hanno sempre rifiutate. Ecco una breve panoramica delle occasioni mancate di indipendenza statale. Risoluzione di spartizione delle Nazioni Unite [&hellip;]<\/p>\n","protected":false},"author":2,"featured_media":3658,"parent":4072,"menu_order":0,"comment_status":"closed","ping_status":"closed","template":"","meta":{"_hide_socialbar":"","footnotes":""},"categories":[],"tags":[],"class_list":["post-3657","page","type-page","status-publish","has-post-thumbnail","hentry"],"aioseo_notices":[],"_links":{"self":[{"href":"https:\/\/fokusisrael.ch\/it\/wp-json\/wp\/v2\/pages\/3657","targetHints":{"allow":["GET"]}}],"collection":[{"href":"https:\/\/fokusisrael.ch\/it\/wp-json\/wp\/v2\/pages"}],"about":[{"href":"https:\/\/fokusisrael.ch\/it\/wp-json\/wp\/v2\/types\/page"}],"author":[{"embeddable":true,"href":"https:\/\/fokusisrael.ch\/it\/wp-json\/wp\/v2\/users\/2"}],"replies":[{"embeddable":true,"href":"https:\/\/fokusisrael.ch\/it\/wp-json\/wp\/v2\/comments?post=3657"}],"version-history":[{"count":2,"href":"https:\/\/fokusisrael.ch\/it\/wp-json\/wp\/v2\/pages\/3657\/revisions"}],"predecessor-version":[{"id":3660,"href":"https:\/\/fokusisrael.ch\/it\/wp-json\/wp\/v2\/pages\/3657\/revisions\/3660"}],"up":[{"embeddable":true,"href":"https:\/\/fokusisrael.ch\/it\/wp-json\/wp\/v2\/pages\/4072"}],"wp:featuredmedia":[{"embeddable":true,"href":"https:\/\/fokusisrael.ch\/it\/wp-json\/wp\/v2\/media\/3658"}],"wp:attachment":[{"href":"https:\/\/fokusisrael.ch\/it\/wp-json\/wp\/v2\/media?parent=3657"}],"wp:term":[{"taxonomy":"category","embeddable":true,"href":"https:\/\/fokusisrael.ch\/it\/wp-json\/wp\/v2\/categories?post=3657"},{"taxonomy":"post_tag","embeddable":true,"href":"https:\/\/fokusisrael.ch\/it\/wp-json\/wp\/v2\/tags?post=3657"}],"curies":[{"name":"wp","href":"https:\/\/api.w.org\/{rel}","templated":true}]}}