{"id":3649,"date":"2025-02-26T14:59:24","date_gmt":"2025-02-26T13:59:24","guid":{"rendered":"https:\/\/fokusisrael.ch\/?page_id=3649"},"modified":"2025-10-15T13:35:56","modified_gmt":"2025-10-15T11:35:56","slug":"rapporti-dei-media-palestinesi-analizzati-da-pmw","status":"publish","type":"page","link":"https:\/\/fokusisrael.ch\/it\/background-e-opinioni-raccomandazioni-editoriali\/rapporti-dei-media-palestinesi-analizzati-da-pmw\/","title":{"rendered":"Rapporti dei media palestinesi &#8211; analizzati da PMW"},"content":{"rendered":"\n<p><strong>Itamar Marcus \u00e8 il fondatore e direttore di Palestinian Media Watch (PMW).  <\/strong><strong>L&#8217;organizzazione senza scopo di lucro monitora e analizza costantemente i resoconti dei media palestinesi, in particolare della televisione palestinese.<\/strong> <\/p>\n\n<p>Le analisi di Palestinian Media Watch (PMW) mostrano che i rappresentanti di alto livello dell&#8217;Autorit\u00e0 Palestinese invocano costantemente in arabo la lotta e la distruzione di Israele. PMW mostra anche come i messaggi antisemiti vengano trasmessi dalla televisione palestinese, anche nei programmi per bambini. PMW pubblica le sue osservazioni in inglese in comunicazioni e newsletter, oltre che sul suo sito web e in occasione di apparizioni in forum politici internazionali.  <\/p>\n\n<p>Le analisi di Palestinian Media Watch sono importanti perch\u00e9 dimostrano che le dichiarazioni rilasciate in arabo dai rappresentanti dell&#8217;Autorit\u00e0 Palestinese riguardo a Israele e agli ebrei sono molto pi\u00f9 ostili e odiose di quando gli stessi politici palestinesi parlano in inglese ai media e ai governi occidentali.<\/p>\n\n<p>Esempi di servizi giornalistici palestinesi in inglese.  <\/p>\n<div class=\"media__list\"><div class=\"media__list__item\"><h2 class=\"media__list__item__title\">Terrorist ermordet zwei Menschen, nachdem die Pal\u00e4stinensische Autonomiebeh\u00f6rde im Fernsehen zum V\u00f6lkermord aufgerufen hat: \u00abT\u00f6tet die Juden, einen nach dem anderen\u00bb<\/h2><p class=\"media__list__item__copyright\">&copy; PMW, 07.08.2024<\/p><div class=\"wp-block-embed__wrapper\"><iframe loading=\"lazy\" title=\"PA Shari\u2019ah Judge calls to murder Jews: \u201cO Allah, kill them one by one\u201d\" width=\"500\" height=\"281\" src=\"https:\/\/www.youtube.com\/embed\/R7RXQ1-PolU?feature=oembed\" frameborder=\"0\" allow=\"accelerometer; autoplay; clipboard-write; encrypted-media; gyroscope; picture-in-picture; web-share\" referrerpolicy=\"strict-origin-when-cross-origin\" allowfullscreen><\/iframe><\/div><\/div><div class=\"media__list__item\"><h2 class=\"media__list__item__title\">Hamas-F\u00fchrer Muhammad Deif: \u00abWir lieben den Tod wie die Israelis das Leben\u00bb<\/h2><p class=\"media__list__item__copyright\">&copy; PMW, 31.07.2024<\/p><div class=\"wp-block-embed__wrapper\"><iframe loading=\"lazy\" title=\"Hamas leaders: We love death like Israelis love life\" width=\"500\" height=\"281\" src=\"https:\/\/www.youtube.com\/embed\/GyXS9072jCc?feature=oembed\" frameborder=\"0\" allow=\"accelerometer; autoplay; clipboard-write; encrypted-media; gyroscope; picture-in-picture; web-share\" referrerpolicy=\"strict-origin-when-cross-origin\" allowfullscreen><\/iframe><\/div><\/div><div class=\"media__list__item\"><h2 class=\"media__list__item__title\">Fatah-Vertreter leugnet Massaker vom 7. Oktober: \u00abIsrael hat den Gazastreifen angegriffen. Keiner hat es angegriffen\u00bb<\/h2><p class=\"media__list__item__copyright\">&copy; PMW, 24.07.2024<\/p><div class=\"wp-block-embed__wrapper\"><iframe loading=\"lazy\" title=\"Fatah official denies Oct. 7 massacre: \u201cIsrael attacked the Gaza Strip. No one attacked it\u201d\" width=\"500\" height=\"281\" src=\"https:\/\/www.youtube.com\/embed\/myAz_KuAgUk?feature=oembed\" frameborder=\"0\" allow=\"accelerometer; autoplay; clipboard-write; encrypted-media; gyroscope; picture-in-picture; web-share\" referrerpolicy=\"strict-origin-when-cross-origin\" allowfullscreen><\/iframe><\/div><\/div><div class=\"media__list__item\"><h2 class=\"media__list__item__title\">Fatah feiert und rechtfertigt weiterhin den 7. Oktober<\/h2><p class=\"media__list__item__copyright\">&copy; PMW, 17.06.2024<\/p><div class=\"wp-block-embed__wrapper\"><iframe loading=\"lazy\" title=\"Top Fatah official: Hamas\u2019 Oct. 7 massacre \u201cwill be studied in universities\u201d\" width=\"500\" height=\"281\" src=\"https:\/\/www.youtube.com\/embed\/Xh_mV_yVijE?feature=oembed\" frameborder=\"0\" allow=\"accelerometer; autoplay; clipboard-write; encrypted-media; gyroscope; picture-in-picture; web-share\" referrerpolicy=\"strict-origin-when-cross-origin\" allowfullscreen><\/iframe><\/div><\/div><div class=\"media__list__item\"><h2 class=\"media__list__item__title\">Arabische Kinder jubeln der Hamas zu, rufen zum M\u00e4rtyrertod und zur Zerst\u00f6rung Israels auf<\/h2><p class=\"media__list__item__copyright\">&copy; PMW, 16.06.2024<\/p><div class=\"wp-block-embed__wrapper\"><iframe loading=\"lazy\" title=\"Brainwashed child in Gaza: \u201cWe achieved the honor of defending the homeland and the Muslim nation\u201d\" width=\"500\" height=\"281\" src=\"https:\/\/www.youtube.com\/embed\/UKEMJFG9VFU?feature=oembed\" frameborder=\"0\" allow=\"accelerometer; autoplay; clipboard-write; encrypted-media; gyroscope; picture-in-picture; web-share\" referrerpolicy=\"strict-origin-when-cross-origin\" allowfullscreen><\/iframe><\/div><\/div><div class=\"media__list__item\"><h2 class=\"media__list__item__title\">Abbas&#8217; Berater droht Israel mit weiteren Massakern: \u00abDer 7. Oktober kann sich 100 Mal wiederholen, und vielleicht sogar noch ernster\u00bb.<\/h2><p class=\"media__list__item__copyright\">&copy; PMW, 20.05.2024<\/p><div class=\"wp-block-embed__wrapper\"><iframe loading=\"lazy\" title=\"Abbas\u2019 advisor threatens Israel with more massacres: \u201cOct. 7 can repeat itself 100 times\u201d\" width=\"500\" height=\"281\" src=\"https:\/\/www.youtube.com\/embed\/zFqyRrrwTOg?feature=oembed\" frameborder=\"0\" allow=\"accelerometer; autoplay; clipboard-write; encrypted-media; gyroscope; picture-in-picture; web-share\" referrerpolicy=\"strict-origin-when-cross-origin\" allowfullscreen><\/iframe><\/div><\/div><div class=\"media__list__item\"><h2 class=\"media__list__item__title\">W\u00e4hrend Israel den Unabh\u00e4ngigkeitstag feiert, will die PA \u00abPal\u00e4stina vom Fluss bis zum Meer\u00bb.<\/h2><p class=\"media__list__item__copyright\">&copy; PMW, 14.05.2024<\/p><div class=\"wp-block-embed__wrapper\"><iframe loading=\"lazy\" title=\"Abbas denies Israel&#039;s existence: Israel&#039;s statehood \u201cis a big lie\u201d\" width=\"500\" height=\"281\" src=\"https:\/\/www.youtube.com\/embed\/6cPYIyXeCGo?feature=oembed\" frameborder=\"0\" allow=\"accelerometer; autoplay; clipboard-write; encrypted-media; gyroscope; picture-in-picture; web-share\" referrerpolicy=\"strict-origin-when-cross-origin\" allowfullscreen><\/iframe><\/div><\/div><div class=\"media__list__item\"><h2 class=\"media__list__item__title\">Wenn Opfer der Nazis beschuldigt werden, schlimmer als die Nazis zu sein.<\/h2><p class=\"media__list__item__copyright\">&copy; PMW, 06.05.2024<\/p><div class=\"wp-block-embed__wrapper\"><iframe loading=\"lazy\" title=\"Top PA official: The Jew is not \u201ca victim\u201d but \u201ca criminal, a terrorist\u201d\" width=\"500\" height=\"281\" src=\"https:\/\/www.youtube.com\/embed\/K6DNtxM4ir4?feature=oembed\" frameborder=\"0\" allow=\"accelerometer; autoplay; clipboard-write; encrypted-media; gyroscope; picture-in-picture; web-share\" referrerpolicy=\"strict-origin-when-cross-origin\" allowfullscreen><\/iframe><\/div><\/div><div class=\"media__list__item\"><h2 class=\"media__list__item__title\">Fatah: \u00abHamas t\u00f6tet Mitarbeiter der Hilfsorganisationen, um die Kontrolle \u00fcber die Hilfsg\u00fcter zu sichern und sich selbst mit Nahrungsmitteln zu versorgen\u00bb.<\/h2><p class=\"media__list__item__copyright\">&copy; PMW, 18.04.2024<\/p><div class=\"wp-block-embed__wrapper\"><iframe loading=\"lazy\" title=\"Fatah: Hamas killed aid personnel to ensure control over the aid and to accumulate food\" width=\"500\" height=\"281\" src=\"https:\/\/www.youtube.com\/embed\/v8DXonswjyg?feature=oembed\" frameborder=\"0\" allow=\"accelerometer; autoplay; clipboard-write; encrypted-media; gyroscope; picture-in-picture; web-share\" referrerpolicy=\"strict-origin-when-cross-origin\" allowfullscreen><\/iframe><\/div><\/div><div class=\"media__list__item\"><h2 class=\"media__list__item__title\">Interview mit dem Direktor der PLO-Kommission f\u00fcr Gefangenenangelegenheiten Qadura Fares: Terror-Geh\u00e4lter sind keine \u00abSozialhilfe\u00bb<\/h2><p class=\"media__list__item__copyright\">&copy; PMW, 11.04.2024<\/p><div class=\"wp-block-embed__wrapper\"><iframe loading=\"lazy\" title=\"Top PA official: Terror salaries are not \u201csocial welfare\u201d\" width=\"500\" height=\"281\" src=\"https:\/\/www.youtube.com\/embed\/R3V-KWVNgV8?feature=oembed\" frameborder=\"0\" allow=\"accelerometer; autoplay; clipboard-write; encrypted-media; gyroscope; picture-in-picture; web-share\" referrerpolicy=\"strict-origin-when-cross-origin\" allowfullscreen><\/iframe><\/div><\/div><div class=\"media__list__item\"><h2 class=\"media__list__item__title\">Syrische Schriftstellerin lobt pal\u00e4stinensische M\u00fctter, die ihre Kinder zum M\u00e4rtyrertod erziehen<\/h2><p class=\"media__list__item__copyright\">&copy; PMW, 11.04.2024<\/p><div class=\"wp-block-embed__wrapper\"><iframe loading=\"lazy\" title=\"Syrian writer praises Palestinian mothers for raising their children to die as Martyrs\" width=\"500\" height=\"281\" src=\"https:\/\/www.youtube.com\/embed\/90mYAPEfh3Q?feature=oembed\" frameborder=\"0\" allow=\"accelerometer; autoplay; clipboard-write; encrypted-media; gyroscope; picture-in-picture; web-share\" referrerpolicy=\"strict-origin-when-cross-origin\" allowfullscreen><\/iframe><\/div><\/div><div class=\"media__list__item\"><h2 class=\"media__list__item__title\">PA TV zeigt ein Interview, in dem Gr\u00e4ueltaten an Geiseln geleugnet werden<\/h2><p class=\"media__list__item__copyright\">&copy; PMW, 04.04.2024<\/p><div class=\"wp-block-embed__wrapper\"><iframe loading=\"lazy\" title=\"Israeli hostages in Gaza \u201cleft happy and laughing\u201d \u2013 they received \u201cgenerous treatment\u201d\" width=\"500\" height=\"281\" src=\"https:\/\/www.youtube.com\/embed\/6i0JEP0xqK4?feature=oembed\" frameborder=\"0\" allow=\"accelerometer; autoplay; clipboard-write; encrypted-media; gyroscope; picture-in-picture; web-share\" referrerpolicy=\"strict-origin-when-cross-origin\" allowfullscreen><\/iframe><\/div><\/div><div class=\"media__list__item\"><h2 class=\"media__list__item__title\">Ramadan und Dschihad: Der oberste religi\u00f6se F\u00fchrer der PA verbindet beides<\/h2><p class=\"media__list__item__copyright\">&copy; PMW, 10.03.2024<\/p><p class=\"media__list__item__copyright\"><a href=\"https:\/\/palwatch.org\/page\/34983\" target=\"_blank\">Zum Video<\/a><\/p><\/div><div class=\"media__list__item\"><h2 class=\"media__list__item__title\">Pal\u00e4stinensische Autonomiebeh\u00f6rde finanziert Terroristen, aber nicht Patienten mit Herzerkrankungen<\/h2><p class=\"media__list__item__copyright\">&copy; PMW, 03.03.2024<\/p><p class=\"media__list__item__copyright\"><a href=\"https:\/\/palwatch.org\/page\/34969\" target=\"_blank\">Zum Video<\/a><\/p><\/div><div class=\"media__list__item\"><h2 class=\"media__list__item__title\">Mahmoud Abbas&#8217; Berater Mahmoud Al-Habbash betet f\u00fcr die Bestrafung Amerikas, w\u00e4hrend Abbas die USA um mehr Geld bittet.<\/h2><p class=\"media__list__item__copyright\">&copy; Official PA TV, 09.02.2024<\/p><div class=\"wp-block-embed__wrapper\"><iframe loading=\"lazy\" title=\"Abbas\u2019 advisor America the plague, wants Islam to accept homosexuality and nudity\" width=\"500\" height=\"281\" src=\"https:\/\/www.youtube.com\/embed\/oQmKFi9FInc?feature=oembed\" frameborder=\"0\" allow=\"accelerometer; autoplay; clipboard-write; encrypted-media; gyroscope; picture-in-picture; web-share\" referrerpolicy=\"strict-origin-when-cross-origin\" allowfullscreen><\/iframe><\/div><\/div><div class=\"media__list__item\"><h2 class=\"media__list__item__title\">Itamar Marcus von PMW wurde eingeladen, auf einer Konferenz im Europ\u00e4ischen Parlament in Strassburg zum Thema \u00abBek\u00e4mpfung von Antisemitismus durch Bildung\u00bb zu sprechen.<\/h2><p class=\"media__list__item__copyright\">&copy; PMW, 03.12.2023<\/p><div class=\"wp-block-embed__wrapper\"><iframe loading=\"lazy\" title=\"PMW&#039;s Itamar Marcus blames EU MPs for Oct. 7 slaughter\" width=\"500\" height=\"281\" src=\"https:\/\/www.youtube.com\/embed\/lqbjY6m09VA?feature=oembed\" frameborder=\"0\" allow=\"accelerometer; autoplay; clipboard-write; encrypted-media; gyroscope; picture-in-picture; web-share\" referrerpolicy=\"strict-origin-when-cross-origin\" allowfullscreen><\/iframe><\/div><\/div><div class=\"media__list__item\"><h2 class=\"media__list__item__title\">Pal\u00e4stinensische M\u00e4dchen in Gaza: \u00abJuden sind unsere Hunde, unsere Hunde, unsere Hunde\u00bb<\/h2><p class=\"media__list__item__copyright\">&copy; PMW, 03.12.2023<\/p><div class=\"wp-block-embed__wrapper\"><iframe loading=\"lazy\" title=\"Palestinian girls in Gaza: \u201cJews are our dogs, our dogs, our dogs\u201d\" width=\"500\" height=\"281\" src=\"https:\/\/www.youtube.com\/embed\/HUH9HsRaFfU?feature=oembed\" frameborder=\"0\" allow=\"accelerometer; autoplay; clipboard-write; encrypted-media; gyroscope; picture-in-picture; web-share\" referrerpolicy=\"strict-origin-when-cross-origin\" allowfullscreen><\/iframe><\/div><\/div><div class=\"media__list__item\"><h2 class=\"media__list__item__title\">Junge aus Gaza will \u00abals M\u00e4rtyrer sterben\u00bb<\/h2><p class=\"media__list__item__copyright\">&copy; The Palestinian Center for Information (Hamas), X (Twitter) account, 26.11.2023<\/p><div class=\"wp-block-embed__wrapper\"><iframe loading=\"lazy\" title=\"Boy from Gaza wants to \u201cdie as a Martyr\u201d\" width=\"500\" height=\"281\" src=\"https:\/\/www.youtube.com\/embed\/-IZeO_etyAQ?feature=oembed\" frameborder=\"0\" allow=\"accelerometer; autoplay; clipboard-write; encrypted-media; gyroscope; picture-in-picture; web-share\" referrerpolicy=\"strict-origin-when-cross-origin\" allowfullscreen><\/iframe><\/div><\/div><div class=\"media__list__item\"><h2 class=\"media__list__item__title\">Terrorist ruft seine Eltern zum Livestream w\u00e4hrend seines Massakers an j\u00fcdischen Zivilisten auf, um \u00abals M\u00e4rtyrer zu sterben\u00bb.<\/h2><p class=\"media__list__item__copyright\">&copy; Website of Israeli Army Spokesman, 24.11.2023<\/p><div class=\"wp-block-embed__wrapper\"><iframe loading=\"lazy\" title=\"Terrorist brags to parents he \u201ckilled 10 Jews with his own hands\u201d in Hamas\u2019 massacre\" width=\"500\" height=\"281\" src=\"https:\/\/www.youtube.com\/embed\/9QtktxOQ7BU?feature=oembed\" frameborder=\"0\" allow=\"accelerometer; autoplay; clipboard-write; encrypted-media; gyroscope; picture-in-picture; web-share\" referrerpolicy=\"strict-origin-when-cross-origin\" allowfullscreen><\/iframe><\/div><\/div><div class=\"media__list__item\"><h2 class=\"media__list__item__title\">Abbas bestreitet die Existenz Israels: \u00abDer Staat Israel ist eine grosse L\u00fcge\u00bb.<\/h2><p class=\"media__list__item__copyright\">&copy; Official PA TV, 03.10.2023<\/p><div class=\"wp-block-embed__wrapper\"><iframe loading=\"lazy\" title=\"Abbas denies Israel&#039;s existence: Israel&#039;s statehood \u201cis a big lie\u201d\" width=\"500\" height=\"281\" src=\"https:\/\/www.youtube.com\/embed\/6cPYIyXeCGo?feature=oembed\" frameborder=\"0\" allow=\"accelerometer; autoplay; clipboard-write; encrypted-media; gyroscope; picture-in-picture; web-share\" referrerpolicy=\"strict-origin-when-cross-origin\" allowfullscreen><\/iframe><\/div><\/div><\/div><div class=\"pagination\">\n\t<nav class=\"navigation pagination\" aria-label=\"Paginazione degli articoli\">\n\t\t<h2 class=\"screen-reader-text\">Paginazione degli articoli<\/h2>\n\t\t<div class=\"nav-links\"><span aria-current=\"page\" class=\"page-numbers current\">1<\/span>\n<a class=\"page-numbers\" href=\"https:\/\/fokusisrael.ch\/it\/wp-json\/wp\/v2\/pages\/3649\/page\/2\/\">2<\/a>\n<a class=\"next page-numbers\" href=\"https:\/\/fokusisrael.ch\/it\/wp-json\/wp\/v2\/pages\/3649\/page\/2\/\">Weiter \"<\/a><\/div>\n\t<\/nav><\/div>\n","protected":false},"excerpt":{"rendered":"<p>Itamar Marcus \u00e8 il fondatore e direttore di Palestinian Media Watch (PMW). L&#8217;organizzazione senza scopo di lucro monitora e analizza costantemente i resoconti dei media palestinesi, in particolare della televisione palestinese. Le analisi di Palestinian Media Watch (PMW) mostrano che i rappresentanti di alto livello dell&#8217;Autorit\u00e0 Palestinese invocano costantemente in arabo la lotta e la [&hellip;]<\/p>\n","protected":false},"author":2,"featured_media":3650,"parent":3642,"menu_order":0,"comment_status":"closed","ping_status":"closed","template":"","meta":{"_hide_socialbar":"","footnotes":""},"categories":[],"tags":[650,649],"class_list":["post-3649","page","type-page","status-publish","has-post-thumbnail","hentry","tag-osservatorio-dei-media-palestinesi","tag-pmw-it"],"aioseo_notices":[],"_links":{"self":[{"href":"https:\/\/fokusisrael.ch\/it\/wp-json\/wp\/v2\/pages\/3649","targetHints":{"allow":["GET"]}}],"collection":[{"href":"https:\/\/fokusisrael.ch\/it\/wp-json\/wp\/v2\/pages"}],"about":[{"href":"https:\/\/fokusisrael.ch\/it\/wp-json\/wp\/v2\/types\/page"}],"author":[{"embeddable":true,"href":"https:\/\/fokusisrael.ch\/it\/wp-json\/wp\/v2\/users\/2"}],"replies":[{"embeddable":true,"href":"https:\/\/fokusisrael.ch\/it\/wp-json\/wp\/v2\/comments?post=3649"}],"version-history":[{"count":2,"href":"https:\/\/fokusisrael.ch\/it\/wp-json\/wp\/v2\/pages\/3649\/revisions"}],"predecessor-version":[{"id":3652,"href":"https:\/\/fokusisrael.ch\/it\/wp-json\/wp\/v2\/pages\/3649\/revisions\/3652"}],"up":[{"embeddable":true,"href":"https:\/\/fokusisrael.ch\/it\/wp-json\/wp\/v2\/pages\/3642"}],"wp:featuredmedia":[{"embeddable":true,"href":"https:\/\/fokusisrael.ch\/it\/wp-json\/wp\/v2\/media\/3650"}],"wp:attachment":[{"href":"https:\/\/fokusisrael.ch\/it\/wp-json\/wp\/v2\/media?parent=3649"}],"wp:term":[{"taxonomy":"category","embeddable":true,"href":"https:\/\/fokusisrael.ch\/it\/wp-json\/wp\/v2\/categories?post=3649"},{"taxonomy":"post_tag","embeddable":true,"href":"https:\/\/fokusisrael.ch\/it\/wp-json\/wp\/v2\/tags?post=3649"}],"curies":[{"name":"wp","href":"https:\/\/api.w.org\/{rel}","templated":true}]}}