{"id":3645,"date":"2024-02-02T04:55:00","date_gmt":"2024-02-02T03:55:00","guid":{"rendered":"https:\/\/fokusisrael.ch\/?page_id=3645"},"modified":"2025-10-15T13:36:11","modified_gmt":"2025-10-15T11:36:11","slug":"domande-e-risposte-su-israele-gaza-e-i-palestinesi","status":"publish","type":"page","link":"https:\/\/fokusisrael.ch\/it\/domande-e-risposte-su-israele-gaza-e-i-palestinesi\/","title":{"rendered":"Domande e risposte su Israele, Gaza e i palestinesi"},"content":{"rendered":"\n<p><a href=\"https:\/\/fokusisrael.ch\/it\/senza-categoria\/domande-e-risposte-sulla-guerra-in-iran-e-a-gaza\/\" title=\"\"><strong>Domande e risposte sulle guerre in Iran e a Gaza<\/strong><\/a><br \/><strong><a href=\"#begeht-israel-in-gaza-voelkermord\" title=\"\">Israele sta commettendo un genocidio a Gaza<\/a><a href=\"#israel-ein-kolonialistisches-projekt-europaeischer-juden\" title=\"\">?<br \/>Israele \u00e8 un progetto colonialista e uno stato di apartheid?<\/a><br \/><a href=\"#braucht-es-unwra\" title=\"\">Che cos&#8217;\u00e8 l&#8217;organizzazione delle Nazioni Unite per l&#8217;assistenza ai rifugiati palestinesi UNRWA?<\/a><br \/><a href=\"#anzahl-palaestinenser-auf-der-flucht\" title=\"\">Perch\u00e9 secondo le statistiche ufficiali ci sono quasi 6 milioni di rifugiati palestinesi?<\/a><br \/>Leggi le risposte qui.<\/strong><\/p>\n\n<h2 class=\"wp-block-heading\" id=\"begeht-israel-in-gaza-voelkermord\">Domanda: Israele sta commettendo un genocidio a Gaza?<\/h2>\n\n<p>Il Sudafrica ha chiesto alla <a href=\"https:\/\/www.icj-cij.org\/home\" target=\"_blank\" rel=\"noreferrer noopener\">Corte Internazionale di Giustizia<\/a> (ICJ) di classificare le azioni di Israele a Gaza come <a href=\"https:\/\/www.bpb.de\/kurz-knapp\/lexika\/politiklexikon\/18429\/voelkermord\/\" target=\"_blank\" rel=\"noreferrer noopener\">&#8220;genocidio&#8221;<\/a>. Il genocidio \u00e8 un reato fondamentale del diritto internazionale. Si riferisce all&#8217;omicidio deliberato, allo sterminio o ad altre forme di distruzione di gruppi etnici sulla base delle loro caratteristiche etniche o sociali, della loro nazionalit\u00e0 o del loro credo religioso. \u00c8 vero che alcuni politici ultranazionalisti in Israele hanno chiesto che Israele annienti i palestinesi di Gaza. Ma le loro richieste non hanno nulla in comune con le azioni della leadership politica e dell&#8217;esercito a Gaza.    <br \/><br \/>Israele si preoccupa della sicurezza della propria popolazione e non &#8211; come \u00e8 fondamentale nel genocidio &#8211; con l&#8217;intenzione di distruggere i palestinesi in tutto o in parte. Piuttosto, Israele ha ripetutamente e chiaramente dichiarato che il suo unico obiettivo \u00e8 quello di eliminare le organizzazioni terroristiche <a href=\"\/it\/?page_id=4040\">Hamas<\/a> e <a href=\"\/it\/?page_id=3858\" target=\"_blank\" rel=\"noreferrer noopener\">Jihad Islamica Palestinese<\/a> (PIJ) a Gaza e di liberare gli ostaggi da loro detenuti il 7 ottobre. Di conseguenza, l&#8217;<a href=\"\/it\/?page_id=3943\"> IDF<\/a> prende di mira i membri di Hamas e della Jihad islamica e le loro infrastrutture militari e non la popolazione civile palestinese di Gaza. Anzi, l&#8217;IDF avverte i civili di Gaza attraverso vari canali prima di attaccare un obiettivo.   <br \/><br \/>Vale la pena ascoltare sul tema del genocidio, <a href=\"https:\/\/www.srf.ch\/audio\/echo-der-zeit\/krieg-der-worte-im-nahen-osten?partId=12482829\" target=\"_blank\" rel=\"noreferrer noopener\">SRF Echo der Zeit del 4 novembre 2023, intervista con Oliver Diggelmann<\/a>, professore di diritto internazionale all&#8217;Universit\u00e0 di Zurigo, dal min. 3:30.  <\/p>\n\n<h2 class=\"wp-block-heading\">Domanda: Israele sta violando il diritto internazionale a Gaza?<\/h2>\n\n<p>Il <a href=\"https:\/\/www.bmvg.de\/de\/themen\/friedenssicherung\/humanitaeres-voelkerrecht\" target=\"_blank\" rel=\"noreferrer noopener\">diritto internazionale umanitario<\/a>, che comprende le<a href=\"https:\/\/de.wikipedia.org\/wiki\/Genfer_Konventionen\" target=\"_blank\" rel=\"noreferrer noopener\"> Convenzioni di Ginevra<\/a>, regola in particolare la protezione della popolazione civile in caso di guerra. Di conseguenza, gli attacchi alla popolazione civile, come quelli che si sono verificati durante la Seconda Guerra Mondiale, sono severamente vietati. Non si possono attaccare oggetti civili come ospedali, edifici residenziali o scuole. \u00c8 inoltre vietato usare impropriamente i civili come scudi per gli obiettivi militari o dirigere i movimenti della popolazione civile in modo tale da proteggere gli obiettivi militari dagli attacchi o coprire gli atti di guerra. Ad esempio, se una parte belligerante come <a href=\"\/it\/?page_id=4040\">Hamas<\/a> utilizza un ospedale come deposito di armi o se vengono lanciati razzi da un edificio residenziale, questo non \u00e8 pi\u00f9 un oggetto civile, anche se ci sono ancora civili nell&#8217;edificio.      <br \/><br \/>Il diritto internazionale umanitario riconosce anche &#8211; per quanto tragico &#8211; le vittime civili come i cosiddetti danni collaterali in un conflitto armato. I danni collaterali non sono considerati un crimine di guerra se gli attacchi sono proporzionati. <br \/><br \/>A Gaza, la guerra di Israele contro le organizzazioni terroristiche Hamas e <a href=\"\/it\/?page_id=3858\">Jihad islamica palestinese<\/a> sta causando migliaia di vittime tra la popolazione civile. Ma a differenza della Seconda Guerra Mondiale, questi civili <strong>non sono<\/strong> l&#8217;obiettivo degli attacchi. Nell&#8217;<a href=\"\/it\/?page_id=3943\">esercito israeliano IDF<\/a>, ogni attacco missilistico contro obiettivi di <a href=\"\/it\/?page_id=4040\">Hamas<\/a> deve essere esaminato in anticipo da avvocati per determinare se le perdite civili previste giustifichino o meno l&#8217;attacco.    <br \/><br \/>Inoltre, in conformit\u00e0 con le Convenzioni di Ginevra, Israele avverte la popolazione civile di Gaza degli attacchi su una determinata area o strada inviando messaggi e chiamate ai telefoni cellulari e lanciando volantini. Questi avvisi includono anche l&#8217;informazione alla popolazione di percorsi specifici (corridoi) attraverso i quali possono raggiungere la sicurezza.   <\/p>\n\n<h2 class=\"wp-block-heading\" id=\"braucht-es-unwra\">Domanda: Abbiamo bisogno dell&#8217;organizzazione ONU per i rifugiati UNWRA?<\/h2>\n\n<p>Come ha dichiarato nel 2018 il ministro degli Esteri svizzero, il consigliere federale Ignazio Cassis, l&#8217;UNRWA non \u00e8 la soluzione, ma <a href=\"https:\/\/unwatch.org\/tag\/unrwa\/\">parte del problema<\/a> tra i palestinesi e Israele. Non solo Cassis, ma anche l&#8217;organizzazione non governativa <a href=\"https:\/\/unwatch.org\/tag\/unrwa\/\">UN Watch ha criticato<\/a> questa situazione per molti anni. Ma solo ora, dopo che il <a href=\"https:\/\/www.nytimes.com\/2024\/01\/28\/world\/middleeast\/gaza-unrwa-hamas-israel.html\">New York Times<\/a> e il <a href=\"https:\/\/www.wsj.com\/world\/middle-east\/at-least-12-u-n-agency-employees-involved-in-oct-7-attacks-intelligence-reports-say-a7de8f36\">Wall Street<\/a> Journal, citando un dossier dell&#8217;intelligence israeliana, hanno reso pubblico il coinvolgimento diretto dei dipendenti dell&#8217;UNWRA nel massacro del 7 ottobre, il flusso di denaro \u00e8 stato interrotto.  <\/p>\n\n<p>UN Watch ha anche documentato nel suo rapporto <a href=\"https:\/\/unwatch.org\/wp-content\/uploads\/2024\/01\/UN-Watch-UNRWA-Terrorgram-.pdf\">UNRWA&#8217;S TERRORGRAM<\/a> come numerosi dipendenti dell&#8217;UNWRA abbiano celebrato il terrore del 7 ottobre.<\/p>\n\n<p>L <a href=\"\/it\/?page_id=4019\">&#8216;UNWRA<\/a> deve e pu\u00f2 essere sciolta nel medio termine. Non c&#8217;\u00e8 motivo per cui i rifugiati palestinesi non debbano essere assistiti dall&#8217;Alto Commissariato delle Nazioni Unite per i Rifugiati (UNHCR) come tutti gli altri rifugiati del mondo. Dalla sua fondazione nel 1950, l&#8217;UNHCR ha aiutato milioni di rifugiati a costruirsi una nuova vita.  <br \/><br \/>Al contrario, l&#8217;UNRWA mantiene il problema dei cosiddetti rifugiati palestinesi e aumenta artificialmente il numero dei rifugiati. Dal 1948, questo numero \u00e8 passato da 750.000 a quasi 6 milioni. Ci\u00f2 \u00e8 dovuto esclusivamente al fatto che i palestinesi, a differenza di altri gruppi di rifugiati, trasmettono il loro status di rifugiati alla generazione successiva, indipendentemente dalla loro reale situazione.  <br \/><br \/>Ci\u00f2 che l&#8217;UNWRA fa nei settori dell&#8217;istruzione, della sanit\u00e0 e degli aiuti umanitari, cos\u00ec come in tutti gli altri settori, potrebbe essere fatto con la stessa facilit\u00e0 da organizzazioni statali o internazionali. Nel settore dell&#8217;istruzione, in particolare, \u00e8 evidente l&#8217;infiltrazione politica dell&#8217;organizzazione. Nelle sue circa 700 scuole, instilla l&#8217;odio verso Israele e gli ebrei nei bambini e nei giovani (vedi <a href=\"https:\/\/www.terrorism-info.org.il\/app\/uploads\/2020\/06\/E_141_20.pdf\" target=\"_blank\" rel=\"noreferrer noopener\">qui<\/a> o <a href=\"https:\/\/www.impact-se.org\/unrwa\/\" target=\"_blank\" rel=\"noreferrer noopener\">qui<\/a>).    <\/p>\n\n<h2 class=\"wp-block-heading\" id=\"israel-ein-kolonialistisches-projekt-europaeischer-juden\">Domanda: Israele \u00e8 un progetto colonialista degli ebrei europei?  <\/h2>\n\n<p>No, per <a href=\"https:\/\/www.mena-watch.com\/israel-ist-kein-siedlerkolonialistisches-projekt\/\" target=\"_blank\" rel=\"noreferrer noopener\">diversi motivi<\/a>.<\/p>\n\n<p>In primo luogo, il <a href=\"https:\/\/www.bpb.de\/kurz-knapp\/lexika\/politiklexikon\/17718\/kolonialismus\/\" target=\"_blank\" rel=\"noreferrer noopener\">colonialismo<\/a> si riferisce all&#8217;espansione del potere dei paesi europei in territori non europei con l&#8217;obiettivo primario dello sfruttamento economico. Tuttavia, gli ebrei europei che colonizzarono la Palestina storica erano rifugiati, non colonizzatori. N\u00e9 rappresentavano gli interessi dei loro paesi d&#8217;origine. I primi sionisti arrivarono nella Palestina storica gi\u00e0 nel 1882. A quel tempo, gli ebrei costituivano la maggioranza della popolazione di Gerusalemme. Nel 1914, nella regione vivevano tra i 90.000 e i 100.000 ebrei.     <br \/><br \/>In secondo luogo, gli ebrei sono sempre stati di casa nella regione. L&#8217;inizio della storia ebraica in quest&#8217;area pu\u00f2 essere datato intorno al 1300 a.C., mentre la lingua e la cultura araba si sono diffuse dalla Penisola Arabica all&#8217;allora Palestina cristiana e bizantina solo nel VII secolo d.C. con la nascita dell&#8217;Islam. Ci\u00f2 significa che gli ebrei che sono immigrati in Palestina nel XIX e XX secolo, dove avevano vissuto i loro antenati, non erano colonizzatori ma rimpatriati anche per questo motivo.    <\/p>\n\n<p>In terzo luogo, almeno la met\u00e0 della popolazione ebraica dell&#8217;attuale Israele \u00e8 costituita dai cosiddetti ebrei Mizrahim. Non sono europei, ma le loro famiglie sono state espulse dai paesi arabi prima e subito dopo la fondazione di Israele. La giornalista <a href=\"https:\/\/www.jns.org\/are-jewish-and-arab-refugees-created-equal\/\" target=\"_blank\" rel=\"noreferrer noopener\">Lyn Julius<\/a>, cofondatrice di Harif, un&#8217;associazione di ebrei del Medio Oriente e del Nord Africa nel Regno Unito, ha descritto questo fenomeno in dettaglio nel suo libro &#8220;Uprooted&#8221;.    <br \/><br \/>Spesso si dimentica anche che la maggior parte degli arabi palestinesi discende da immigrati provenienti da altri Paesi e giunti nella regione dopo il 1882. Ci\u00f2 \u00e8 dimostrato, tra l&#8217;altro, dal rapporto <a href=\"https:\/\/lessons.myjli.com\/survival\/index.php\/2017\/03\/26\/land-ownership-in-palestine-1880-1948\/\" target=\"_blank\" rel=\"noreferrer noopener\">Land Ownership in Palestine<\/a>, 1880-1948, in cui si afferma che ci fu una grande ondata di immigrazione tra le due guerre mondiali, anche perch\u00e9 la popolazione ebraica aveva coltivato con successo le aree desertiche e paludose del territorio scarsamente popolato, fornendo cos\u00ec manodopera. Il primo insediamento agricolo ebraico fu fondato a Petach-Tikva (Porta della Speranza) nel 1878.     <\/p>\n\n<h2 class=\"wp-block-heading\" id=\"ist-israel-ein-apartheidstaat\">Domanda: Israele \u00e8 uno stato di apartheid?<\/h2>\n\n<p>L&#8217;apartheid \u00e8 definito dal diritto penale internazionale, compresa <a href=\"https:\/\/www.un.org\/en\/genocideprevention\/documents\/atrocity-crimes\/Doc.10_International%20Convention%20on%20the%20Suppression%20and%20Punishment%20of%20the%20Crime%20of%20Apartheid.pdf\" target=\"_blank\" rel=\"noreferrer noopener\">la Convenzione Anti-Apartheid del 1974 (articolo 2)<\/a> e lo <a href=\"https:\/\/www.un.org\/depts\/german\/internatrecht\/roemstat1.html\" target=\"_blank\" rel=\"noreferrer noopener\">Statuto di Roma della Corte Penale Internazionale del 1998 (articolo 7(2)(j))<\/a>, come un crimine contro l&#8217;umanit\u00e0 composto da tre elementi: <br \/>1. l&#8217;intenzione di un gruppo etnico di dominarne un altro; <br \/>2. l&#8217;oppressione sistematica del gruppo dominante nei confronti del gruppo emarginato; e <br \/>3. violazioni particolarmente gravi sotto forma di trattamenti inumani.  <br \/><br \/>Nessuno di questi elementi si applica a Israele. Israele \u00e8 una democrazia. Tutti gli israeliani hanno gli stessi diritti, a prescindere dall&#8217;origine, dall&#8217;etnia, dal sesso o dall&#8217;orientamento sessuale. (Questo \u00e8 in contrasto con i diritti di cui godono le persone a Gaza e nei paesi limitrofi, dove, ad esempio, l&#8217;omosessualit\u00e0 non \u00e8 tollerata e i diritti delle donne sono fortemente limitati). Israele \u00e8 uno stato costituzionale con una separazione dei poteri funzionante. La libert\u00e0 di opinione e la libert\u00e0 di stampa sono garantite.       <br \/> <br \/>Pi\u00f9 di un quinto degli israeliani \u00e8 arabo. Gli arabi israeliani sono rappresentati nella Knesset, il parlamento israeliano. <a href=\"https:\/\/www.israelnetz.com\/der-pragmatische-islamist\/\" target=\"_blank\" rel=\"noreferrer noopener\">La Lista Araba Unita<\/a> (Ra&#8217;am) \u00e8 stato il primo partito arabo a entrare nel governo nel 2021, rappresentando una politica islamista e antisionista.    <br \/><br \/>Dal 2022, <a href=\"https:\/\/en.wikipedia.org\/wiki\/Khaled_Kabub\" target=\"_blank\" rel=\"noreferrer noopener\">Khaled Kabub<\/a> \u00e8 il primo israeliano musulmano-arabo a presiedere la Corte Suprema, cos\u00ec come altri israeliani cristiani-arabi. Dal 2017 al 2023, <a href=\"https:\/\/de.wikipedia.org\/wiki\/Esther_Chajut\" target=\"_blank\" rel=\"noreferrer noopener\">Esther Hayut<\/a> \u00e8 stata la terza donna a presiedere la Corte Suprema. Come le istituzioni giudiziarie di altre democrazie, la Corte Suprema protegge lo stato di diritto e i diritti individuali. Tuttavia, poich\u00e9 Israele non ha una costituzione scritta o una legge fondamentale, il sistema giudiziario israeliano ha un ruolo particolarmente importante da svolgere. La Corte Suprema critica ripetutamente la politica israeliana con le sue sentenze. All&#8217;inizio del 2024, ha annullato l <a href=\"https:\/\/www.nzz.ch\/international\/israels-oberstes-gericht-urteilt-gegen-kernelement-von-justizreform-ld.1772552\" target=\"_blank\" rel=\"noreferrer noopener\">&#8216;elemento centrale della cosiddetta riforma giudiziaria<\/a>, con la quale il Primo Ministro Benjamin Netanyahu e i suoi alleati di gabinetto nazionalisti-religiosi di destra minacciavano di minare la separazione dei poteri. Prima di allora, centinaia di migliaia di israeliani erano scesi in piazza per mesi per protestare contro la riforma.        <br \/><br \/>Gli arabi israeliani sono anche generalmente ben integrati in molti settori della societ\u00e0. Nel campo della medicina, ad esempio. Secondo i <a href=\"https:\/\/www.haaretz.com\/israel-news\/2021-10-03\/ty-article-magazine\/at-34-this-israeli-arab-surgeon-is-an-expert-in-medicines-most-prestigious-spheres\/0000017f-e1ac-d7b2-a77f-e3affb230000\" target=\"_blank\" rel=\"noreferrer noopener\">dati del Ministero della Salute<\/a> per il 2020, gli arabi israeliani rappresentano il 46% dei medici di nuova formazione e addirittura il 50% degli infermieri (nel 2000 erano solo il 9%). Pi\u00f9 della met\u00e0 dei dentisti (53%) e ben il 57% dei farmacisti sono arabi israeliani.     <br \/><br \/>Anche la situazione a Gaza e in Cisgiordania non ha nulla a che fare con l&#8217;apartheid:<\/p>\n\n<p><strong>Nel 2005, Israele si ritir\u00f2 completamente da Gaza.<\/strong>  Tuttavia, da quando Hamas \u00e8 salito al potere nel 2007, Israele ha dovuto far fronte a continui attacchi e lanci di razzi da Gaza. Per motivi di sicurezza, Israele ha sigillato il confine con Gaza, come ha fatto anche l&#8217;Egitto. <\/p>\n\n<p>Due anni fa, Israele ha iniziato ad allentare il blocco e ha concesso a un numero sempre maggiore di palestinesi il permesso di lavorare in Israele. Alla fine, oltre 18.000 di loro hanno attraversato il confine per lavorare ogni giorno. Un errore, come sappiamo oggi. Molti di loro venivano a spiare i loro datori di lavoro e la situazione sul campo. Il macabro massacro del 7 ottobre fu pianificato con largo anticipo.    <\/p>\n\n<p>L&#8217;Autorit\u00e0 Palestinese guidata da Mahmoud Abbas di <a href=\"\/it\/?page_id=3838\">Fatah<\/a> governa la Cisgiordania dal 2006 &#8211; e non il governo israeliano.<\/p>\n\n<p>Tuttavia, <a href=\"\/it\/?page_id=3798\">la politica di insediamento di Israele in Cisgiordania<\/a> \u00e8 giustamente criticata come illegale, sia in Israele che all&#8217;estero. Questa politica sta rendendo sempre pi\u00f9 difficile il raggiungimento di una soluzione a due Stati, come stabilito dalle Nazioni Unite nel 1947. Ma anche questo non ha nulla a che vedere con l&#8217;apartheid. <\/p>\n\n<h2 class=\"wp-block-heading\" id=\"anzahl-palaestinenser-auf-der-flucht\">Domanda: Quanti palestinesi sono in fuga?<\/h2>\n\n<p>La stragrande maggioranza dei palestinesi non \u00e8 un rifugiato, anche se oggi 5,9 milioni di rifugiati palestinesi sono registrati presso l&#8217;UNRWA. Questo perch\u00e9 i palestinesi sono l&#8217;unico gruppo di rifugiati al mondo i cui discendenti sono anch&#8217;essi considerati rifugiati. Ci\u00f2 significa che, contrariamente alla <a href=\"https:\/\/de.wikipedia.org\/wiki\/Abkommen_%C3%BCber_die_Rechtsstellung_der_Fl%C3%BCchtlinge\" target=\"_blank\" rel=\"noreferrer noopener\">Convenzione di Ginevra sui rifugiati<\/a>, i palestinesi sono gli unici a ereditare il loro status di rifugiati. Nel 1948, circa 750.000 arabi fuggirono o lasciarono la regione o vendettero le loro terre. Ci\u00f2 avvenne nel corso della Guerra d&#8217;Indipendenza israeliana, durante la quale gli eserciti di Siria, Giordania, Egitto, Libano e Iraq volevano distruggere il neonato stato israeliano.    <\/p>\n\n<p>Di questi 750.000 arabi, da 50.000 a 70.000 sono ancora vivi oggi, a seconda delle stime. Si tratta di veri e propri rifugiati ai sensi della Convenzione delle Nazioni Unite sui rifugiati. Tuttavia, i loro discendenti, ovvero i restanti 5,8 milioni di palestinesi che rivendicano questo status, non lo sono. <br \/><\/p>\n\n<p><a href=\"\/wp-content\/uploads\/2025\/03\/Wichtigste-Fragen-und-Antworten.pdf\" target=\"_blank\" rel=\"noreferrer noopener\">Scarica le domande e le risposte su Israele, Gaza e i palestinesi in formato PDF.<\/a><\/p>\n","protected":false},"excerpt":{"rendered":"<p>Domande e risposte sulle guerre in Iran e a GazaIsraele sta commettendo un genocidio a Gaza?Israele \u00e8 un progetto colonialista e uno stato di apartheid?Che cos&#8217;\u00e8 l&#8217;organizzazione delle Nazioni Unite per l&#8217;assistenza ai rifugiati palestinesi UNRWA?Perch\u00e9 secondo le statistiche ufficiali ci sono quasi 6 milioni di rifugiati palestinesi?Leggi le risposte qui. Domanda: Israele sta commettendo [&hellip;]<\/p>\n","protected":false},"author":2,"featured_media":3646,"parent":0,"menu_order":0,"comment_status":"closed","ping_status":"closed","template":"","meta":{"_hide_socialbar":"","footnotes":""},"categories":[],"tags":[639,637,647,648],"class_list":["post-3645","page","type-page","status-publish","has-post-thumbnail","hentry","tag-domande-frequenti","tag-gaza-it","tag-israele","tag-palestinesi"],"aioseo_notices":[],"_links":{"self":[{"href":"https:\/\/fokusisrael.ch\/it\/wp-json\/wp\/v2\/pages\/3645","targetHints":{"allow":["GET"]}}],"collection":[{"href":"https:\/\/fokusisrael.ch\/it\/wp-json\/wp\/v2\/pages"}],"about":[{"href":"https:\/\/fokusisrael.ch\/it\/wp-json\/wp\/v2\/types\/page"}],"author":[{"embeddable":true,"href":"https:\/\/fokusisrael.ch\/it\/wp-json\/wp\/v2\/users\/2"}],"replies":[{"embeddable":true,"href":"https:\/\/fokusisrael.ch\/it\/wp-json\/wp\/v2\/comments?post=3645"}],"version-history":[{"count":4,"href":"https:\/\/fokusisrael.ch\/it\/wp-json\/wp\/v2\/pages\/3645\/revisions"}],"predecessor-version":[{"id":5407,"href":"https:\/\/fokusisrael.ch\/it\/wp-json\/wp\/v2\/pages\/3645\/revisions\/5407"}],"wp:featuredmedia":[{"embeddable":true,"href":"https:\/\/fokusisrael.ch\/it\/wp-json\/wp\/v2\/media\/3646"}],"wp:attachment":[{"href":"https:\/\/fokusisrael.ch\/it\/wp-json\/wp\/v2\/media?parent=3645"}],"wp:term":[{"taxonomy":"category","embeddable":true,"href":"https:\/\/fokusisrael.ch\/it\/wp-json\/wp\/v2\/categories?post=3645"},{"taxonomy":"post_tag","embeddable":true,"href":"https:\/\/fokusisrael.ch\/it\/wp-json\/wp\/v2\/tags?post=3645"}],"curies":[{"name":"wp","href":"https:\/\/api.w.org\/{rel}","templated":true}]}}