{"id":3634,"date":"2024-02-12T13:26:00","date_gmt":"2024-02-12T12:26:00","guid":{"rendered":"https:\/\/fokusisrael.ch\/?page_id=3634"},"modified":"2025-10-15T13:36:34","modified_gmt":"2025-10-15T11:36:34","slug":"propaganda-anti-israeliana-su-tiktok","status":"publish","type":"page","link":"https:\/\/fokusisrael.ch\/it\/lodio-verso-gli-ebrei-e-israele-e-di-nuovo-in-crescita\/propaganda-anti-israeliana-su-tiktok\/","title":{"rendered":"Propaganda anti-israeliana su TikTok"},"content":{"rendered":"\n<p class=\"article__intro\">Su TikTok, l&#8217;odio verso Israele e l&#8217;antisemitismo si stanno diffondendo a una velocit\u00e0 senza precedenti tra il pubblico, prevalentemente giovane. Le informazioni false vengono trasformate senza filtri in presunte verit\u00e0. Questo accadeva gi\u00e0 prima del 7 ottobre, ma da allora ha raggiunto un nuovo livello di escalation. Lo dimostra una nuova ricerca.     <\/p>\n\n<figure class=\"wp-block-image size-full\"><img loading=\"lazy\" decoding=\"async\" width=\"1024\" height=\"600\" src=\"https:\/\/fokusisrael.ch\/wp-content\/uploads\/2025\/03\/solen-feyissa-Rd5Z0K1lS7k-unsplash.jpg\" alt=\"Pagina iniziale di TikTok\" class=\"wp-image-786\" srcset=\"https:\/\/fokusisrael.ch\/wp-content\/uploads\/2025\/03\/solen-feyissa-Rd5Z0K1lS7k-unsplash.jpg 1024w, https:\/\/fokusisrael.ch\/wp-content\/uploads\/2025\/03\/solen-feyissa-Rd5Z0K1lS7k-unsplash-300x176.jpg 300w, https:\/\/fokusisrael.ch\/wp-content\/uploads\/2025\/03\/solen-feyissa-Rd5Z0K1lS7k-unsplash-768x450.jpg 768w\" sizes=\"auto, (max-width: 1024px) 100vw, 1024px\" \/><figcaption class=\"wp-element-caption\"> <span class=\"image-meta\">&copy;<a href=\"https:\/\/unsplash.com\/de\/@solenfeyissa?utm_content=creditCopyText&#038;utm_medium=referral&#038;utm_source=unsplash\" target=\"_blank\" rel=\"noopener\">Solen Feyissa<\/a> <a href=\"https:\/\/unsplash.com\/de\/fotos\/ein-computerbildschirm-mit-dem-wort-tiktok-darauf-Rd5Z0K1lS7k?utm_content=creditCopyText&#038;utm_medium=referral&#038;utm_source=unsplash\" target=\"_blank\" rel=\"noopener\">Unsplash<\/a><\/span><\/figure><\/figcaption>\n\n<p>Uno <a href=\"https:\/\/github.com\/antgoldbloom\/tiktok_israel_hamas\" target=\"_blank\" rel=\"noreferrer noopener\">studio americano sul comportamento di circa 1.300 giovani utenti di TikTok<\/a> ipotizza che TikTok sia un importante motore per l&#8217;attuale aumento dell&#8217;antisemitismo: la probabilit\u00e0 che qualcuno abbia opinioni antisemite o anti-israeliane aumenta del 17% se si trascorrono 30 minuti al giorno su TikTok, rispetto al 6% di Instagram e al 2% di X.  <br \/><br \/>Una seconda analisi pubblicata di recente dal <a href=\"https:\/\/www.bs-anne-frank.de\/mediathek\/publikationen\/die-tiktok-intifada-der-7-oktober-die-folgen-im-netz\" target=\"_blank\" rel=\"noreferrer noopener\">Centro Educativo Anna Frank<\/a> parla addirittura di una &#8220;radicalizzazione veloce&#8221; dei giovani. &#8220;Nessun altro mezzo di comunicazione sociale offre a un gruppo cos\u00ec vulnerabile contenuti cos\u00ec inquietanti, in gran parte senza supervisione&#8221;, critica il rapporto.   <br \/><\/p>\n\n<h3 class=\"wp-block-heading\">Notizie false e immagini false<\/h3>\n\n<p>I post su TikTok, ad esempio, mettono in dubbio che il massacro del 7 ottobre 2023 sia avvenuto o lo attribuiscono al governo israeliano. Le immagini generate dall&#8217;intelligenza artificiale di presunti bambini palestinesi uccisi vengono condivise milioni di volte per servire motivi antisemiti. &#8220;\u00c8 una guerra di immagini e di accuse in cui gli individui difficilmente riescono a orientarsi&#8221;, riassume il centro educativo.    <br \/><br \/>Distinguere i fatti dalla finzione \u00e8 un&#8217;operazione che si fa sempre pi\u00f9 difficile, vista la rapidit\u00e0 con cui si condividono immagini e video. Se un&#8217;informazione viene smascherata come fake news, ha gi\u00e0 fatto il giro da tempo e il messaggio \u00e8 stato recepito. Una foto, ad esempio, che \u00e8 stata diffusa su TikTok, Instagram e X, mostrava un uomo in rovina che trasportava cinque bambini. Tuttavia, <a href=\"https:\/\/factcheck.afp.com\/doc.afp.com.33ZJ8WU\" target=\"_blank\" rel=\"noreferrer noopener\">la foto \u00e8 un falso<\/a>. Tre settimane dopo l&#8217;attacco di Hamas, l&#8217;agenzia di stampa Associated Press, ad esempio, si \u00e8 sentita in dovere di <a href=\"https:\/\/apnews.com\/article\/israel-hamas-gaza-misinformation-fact-check-e58f9ab8696309305c3ea2bfb269258e\" target=\"_blank\" rel=\"noreferrer noopener\">mettere in guardia<\/a> dalle numerose notizie false sulla guerra di Gaza che giravano sui social media.      <br \/><br \/>All&#8217;inizio di febbraio 2024, il presidente israeliano Yitzchak Herzog ha invitato <a href=\"https:\/\/www.israelnetz.com\/herzog-ruft-zum-kampf-gegen-antisemitismus-auf-tiktok-auf\/\" target=\"_blank\" rel=\"noreferrer noopener\">due rappresentanti di TikTok<\/a> per evidenziare l&#8217;antisemitismo e l&#8217;odio nei confronti di Israele che si diffonde attraverso la piattaforma e per cercare delle soluzioni. Durante la discussione, Herzog ha sottolineato: &#8220;Dobbiamo combattere le bugie e l&#8217;odio dove li troviamo, per strada o sui social network&#8221;. Alla fine del 2023, TikTok contava quasi 1,7 miliardi di utenti in tutto il mondo, di cui 1,1 miliardi regolarmente attivi. La maggior parte \u00e8 costituita dalla Generazione Z (1997-2010) e dai millennial (1981-1996): Quasi il 70% degli utenti appartiene alla fascia di et\u00e0 compresa tra i 16 e i 24 anni. In Svizzera, pi\u00f9 di un terzo della popolazione utilizza attivamente TikTok.      <\/p>\n\n<p>Raccomandazione dell&#8217;editore<br \/> TikTok<a href=\"\/die-palaestinenser\/tiktok-ist-eine-informations-und-ueberwachungsplattform-der-chinesischen-regierung-1160\/\">\u00e8 una piattaforma di informazione e sorveglianza del governo cinese.<\/a><\/p>\n","protected":false},"excerpt":{"rendered":"<p>Su TikTok, l&#8217;odio verso Israele e l&#8217;antisemitismo si stanno diffondendo a una velocit\u00e0 senza precedenti tra il pubblico, prevalentemente giovane. Le informazioni false vengono trasformate senza filtri in presunte verit\u00e0. Questo accadeva gi\u00e0 prima del 7 ottobre, ma da allora ha raggiunto un nuovo livello di escalation. Lo dimostra una nuova ricerca. Uno studio americano [&hellip;]<\/p>\n","protected":false},"author":2,"featured_media":3635,"parent":3887,"menu_order":0,"comment_status":"closed","ping_status":"closed","template":"","meta":{"_hide_socialbar":"","footnotes":""},"categories":[],"tags":[625,629],"class_list":["post-3634","page","type-page","status-publish","has-post-thumbnail","hentry","tag-antisemitismo","tag-tiktok-it"],"aioseo_notices":[],"_links":{"self":[{"href":"https:\/\/fokusisrael.ch\/it\/wp-json\/wp\/v2\/pages\/3634","targetHints":{"allow":["GET"]}}],"collection":[{"href":"https:\/\/fokusisrael.ch\/it\/wp-json\/wp\/v2\/pages"}],"about":[{"href":"https:\/\/fokusisrael.ch\/it\/wp-json\/wp\/v2\/types\/page"}],"author":[{"embeddable":true,"href":"https:\/\/fokusisrael.ch\/it\/wp-json\/wp\/v2\/users\/2"}],"replies":[{"embeddable":true,"href":"https:\/\/fokusisrael.ch\/it\/wp-json\/wp\/v2\/comments?post=3634"}],"version-history":[{"count":3,"href":"https:\/\/fokusisrael.ch\/it\/wp-json\/wp\/v2\/pages\/3634\/revisions"}],"predecessor-version":[{"id":5341,"href":"https:\/\/fokusisrael.ch\/it\/wp-json\/wp\/v2\/pages\/3634\/revisions\/5341"}],"up":[{"embeddable":true,"href":"https:\/\/fokusisrael.ch\/it\/wp-json\/wp\/v2\/pages\/3887"}],"wp:featuredmedia":[{"embeddable":true,"href":"https:\/\/fokusisrael.ch\/it\/wp-json\/wp\/v2\/media\/3635"}],"wp:attachment":[{"href":"https:\/\/fokusisrael.ch\/it\/wp-json\/wp\/v2\/media?parent=3634"}],"wp:term":[{"taxonomy":"category","embeddable":true,"href":"https:\/\/fokusisrael.ch\/it\/wp-json\/wp\/v2\/categories?post=3634"},{"taxonomy":"post_tag","embeddable":true,"href":"https:\/\/fokusisrael.ch\/it\/wp-json\/wp\/v2\/tags?post=3634"}],"curies":[{"name":"wp","href":"https:\/\/api.w.org\/{rel}","templated":true}]}}