{"id":3626,"date":"2024-03-05T08:55:00","date_gmt":"2024-03-05T07:55:00","guid":{"rendered":"https:\/\/fokusisrael.ch\/?page_id=3626"},"modified":"2025-10-15T13:36:12","modified_gmt":"2025-10-15T11:36:12","slug":"haredim-e-lesercito-israeliano","status":"publish","type":"page","link":"https:\/\/fokusisrael.ch\/it\/israele-e-il-medio-oriente\/haredim-e-lesercito-israeliano\/","title":{"rendered":"Haredim e l&#8217;esercito israeliano"},"content":{"rendered":"\n<p class=\"article__intro\">Negli ultimi giorni, in Israele si \u00e8 riacceso il noto dibattito sul servizio militare dei cittadini strettamente ortodossi della societ\u00e0 Charedi e sul loro rifiuto dello stesso. Le radici della realt\u00e0 odierna affondano nella fondazione di Israele, quando il capo di stato David Ben Gurion esent\u00f2 dal servizio militare un numero allora esiguo di studenti Haredi del Talmud. Questa clausola si basava sull&#8217;espressione talmudica &#8220;torato omanuto&#8221;, che significa &#8220;la sua professione \u00e8 la Torah&#8221; (Shabbat 11a). Il problema \u00e8 che il numero di uomini strettamente ortodossi esentati dal servizio militare in questo modo era di 400 studenti di yeshiva nel 1948, ma a causa dei cambiamenti demografici in Israele \u00e8 cresciuto fino a circa 60.000!   <\/p>\n\n<figure class=\"wp-block-image size-full\"><img loading=\"lazy\" decoding=\"async\" width=\"1024\" height=\"600\" src=\"https:\/\/fokusisrael.ch\/wp-content\/uploads\/2025\/03\/Religioese-Juden.jpg\" alt=\"Giovani &quot;Charedim&quot; (timorati di Dio) al Muro del Pianto\" class=\"wp-image-808\" srcset=\"https:\/\/fokusisrael.ch\/wp-content\/uploads\/2025\/03\/Religioese-Juden.jpg 1024w, https:\/\/fokusisrael.ch\/wp-content\/uploads\/2025\/03\/Religioese-Juden-300x176.jpg 300w, https:\/\/fokusisrael.ch\/wp-content\/uploads\/2025\/03\/Religioese-Juden-768x450.jpg 768w\" sizes=\"auto, (max-width: 1024px) 100vw, 1024px\" \/><figcaption class=\"wp-element-caption\">Giovani &#8220;Charedim&#8221; (timorati di Dio) al Muro del Pianto <span class=\"image-meta\">&copy; PhotoStock-Israel  Alamy Stock Foto<\/span><\/figcaption><\/figure>\n\n<p>Questa realt\u00e0, in cui il 18% (!) degli uomini idonei al servizio militare evita il servizio obbligatorio dietro l&#8217;argomento dello studio del Talmud, \u00e8 semplicemente inaccettabile. Questo \u00e8 ancora pi\u00f9 vero dopo il 7 ottobre. Nell&#8217;attuale guerra, la necessit\u00e0 di un esercito israeliano pi\u00f9 grande e con una base pi\u00f9 ampia \u00e8 diventata chiaramente visibile. Israele non pu\u00f2 pi\u00f9 permettersi di avere un numero cos\u00ec elevato di militari che si sottraggono al servizio.   <br \/><br \/>Questa realt\u00e0 non \u00e8 solo un problema morale, ma anche religioso. Moshe aveva gi\u00e0 criticato la trib\u00f9 di Ruben quando voleva stabilirsi al di fuori della Terra Promessa, oltre il fiume Giordano: &#8220;I tuoi fratelli andranno in guerra e tu resterai qui?&#8221; (4 B.M. 32:6). (4 B. M. 32:6). La parte Haredi ama argomentare con il principio talmudico secondo cui lo studio della Torah crea una protezione metafisica: &#8220;Quando ci si occupa del comandamento, esso protegge e salva&#8221; (Sota 21a). Anche se fosse vero, si tratta di un argomento irrazionale e quindi irrilevante per uno Stato moderno. \u00c8 anche disonesto. Il popolare rabbino sionista Chaim Nawon dice: &#8220;Se uno studente della yeshiva charedi ha un figlio malato, non si limita a imparare una pagina del Talmud, ma lo porta in ospedale e, se necessario, in un paese lontano. Perch\u00e9 non pu\u00f2 chiudere il suo libro di Talmud per un anno o due quando l&#8217;intero popolo ebraico \u00e8 malato, come fanno gli eroi delle Yeshivot sioniste Hesder?&#8221;. Il tono di Nawon si fa ancora pi\u00f9 duro: &#8220;\u00c8 vero, gli Haredim prestano servizio volontario con ZAKA (un&#8217;organizzazione caritatevole che si occupa di identificare le vittime di attacchi terroristici o incidenti; n.d.t.), ma non abbiamo mai accettato un accordo per cui noi moriamo in guerra e loro contano i nostri cadaveri. Che siano cos\u00ec bravi da unirsi ai ranghi dei combattenti&#8221;. Va aggiunto che una guerra in Terra Santa per &#8220;salvare Israele dalla mano di un oppressore che lo ha invaso&#8221; (Rambam) \u00e8, secondo la Halacha, espressamente una &#8220;milchemet mitzvah&#8221;, una &#8220;guerra comandata&#8221;, che obbliga tutti gli uomini e le donne ebrei secondo la legge religiosa.     <br \/><br \/>D&#8217;altra parte, anche l&#8217;argomentazione secondo cui i geni talmudici meritano l&#8217;esenzione dal servizio militare tanto quanto gli atleti eccezionali ha senso. Un nucleo di seri studiosi di yeshiva dovrebbe rimanere intatto nello Stato ebraico. Prima di tutto, i giovani della societ\u00e0 Charedi che non sono cos\u00ec seri nello studio della Torah dovrebbero arruolarsi, e purtroppo ce ne sono parecchi. In quale unit\u00e0 militare dovrebbero essere integrati? Utilizzare la piattaforma dell&#8217;esercito per secolarizzare con la forza i propri concittadini Haredi non pu\u00f2 e non deve essere l&#8217;imperativo dello Stato ebraico, cos\u00ec come il popolo ebraico moderno rifiuterebbe con veemenza e a ragione la coercizione religiosa da parte degli ebrei strettamente ortodossi. Questo \u00e8 del tutto nello spirito della linea guida talmudica di Hillel: &#8220;Non fare al tuo prossimo ci\u00f2 che ti \u00e8 odioso&#8221; (Shabbat 31a). Il liberalismo tollerante non significa cambiare con la forza altre societ\u00e0 patriarcali e pi\u00f9 conservatrici, ma piuttosto creare condizioni che le incoraggino a integrarsi in una certa misura nella moderna societ\u00e0 maggioritaria. Qualsiasi cambiamento nello stile di vita Charedi deve venire dall&#8217;interno, altrimenti non durer\u00e0. In pratica, ci\u00f2 significa creare divisioni omogenee nell&#8217;esercito israeliano che siano &#8220;a misura di charedim&#8221;, ad esempio allungando i tempi di preghiera e adottando standard pi\u00f9 elevati di kashrut, oppure non facendo addestrare le truppe da soldatesse, come talvolta accade in altre unit\u00e0 di combattimento.        <br \/><br \/>\u00c8 giunto il momento che i nostri fratelli Haredi si uniscano attivamente alla difesa di Israele. D&#8217;altro canto, lo Stato di Israele \u00e8 anche chiamato a creare un contesto nell&#8217;IDF in cui gli uomini strettamente ortodossi possano sentirsi a proprio agio e svilupparsi. Ci\u00f2 richiede un pizzico di buona volont\u00e0. Da parte di tutti.   <\/p>\n\n<p>*Haredim&#8221; (timorati di Dio)  <\/p>\n\n<p>Testo: Emanuel Cohn. Cohn insegna cinema e Talmud e vive a Gerusalemme |\u00a9 Dal settimanale ebraico <a href=\"https:\/\/www.tachles.ch\/\" target=\"_blank\" rel=\"noreferrer noopener\">TACHLES<\/a>, 1.03.2024 <\/p>\n","protected":false},"excerpt":{"rendered":"<p>Negli ultimi giorni, in Israele si \u00e8 riacceso il noto dibattito sul servizio militare dei cittadini strettamente ortodossi della societ\u00e0 Charedi e sul loro rifiuto dello stesso. Le radici della realt\u00e0 odierna affondano nella fondazione di Israele, quando il capo di stato David Ben Gurion esent\u00f2 dal servizio militare un numero allora esiguo di studenti [&hellip;]<\/p>\n","protected":false},"author":2,"featured_media":3627,"parent":3783,"menu_order":0,"comment_status":"closed","ping_status":"closed","template":"","meta":{"_hide_socialbar":"","footnotes":""},"categories":[],"tags":[641,640],"class_list":["post-3626","page","type-page","status-publish","has-post-thumbnail","hentry","tag-charedim-it","tag-idf-it"],"aioseo_notices":[],"_links":{"self":[{"href":"https:\/\/fokusisrael.ch\/it\/wp-json\/wp\/v2\/pages\/3626","targetHints":{"allow":["GET"]}}],"collection":[{"href":"https:\/\/fokusisrael.ch\/it\/wp-json\/wp\/v2\/pages"}],"about":[{"href":"https:\/\/fokusisrael.ch\/it\/wp-json\/wp\/v2\/types\/page"}],"author":[{"embeddable":true,"href":"https:\/\/fokusisrael.ch\/it\/wp-json\/wp\/v2\/users\/2"}],"replies":[{"embeddable":true,"href":"https:\/\/fokusisrael.ch\/it\/wp-json\/wp\/v2\/comments?post=3626"}],"version-history":[{"count":3,"href":"https:\/\/fokusisrael.ch\/it\/wp-json\/wp\/v2\/pages\/3626\/revisions"}],"predecessor-version":[{"id":5340,"href":"https:\/\/fokusisrael.ch\/it\/wp-json\/wp\/v2\/pages\/3626\/revisions\/5340"}],"up":[{"embeddable":true,"href":"https:\/\/fokusisrael.ch\/it\/wp-json\/wp\/v2\/pages\/3783"}],"wp:featuredmedia":[{"embeddable":true,"href":"https:\/\/fokusisrael.ch\/it\/wp-json\/wp\/v2\/media\/3627"}],"wp:attachment":[{"href":"https:\/\/fokusisrael.ch\/it\/wp-json\/wp\/v2\/media?parent=3626"}],"wp:term":[{"taxonomy":"category","embeddable":true,"href":"https:\/\/fokusisrael.ch\/it\/wp-json\/wp\/v2\/categories?post=3626"},{"taxonomy":"post_tag","embeddable":true,"href":"https:\/\/fokusisrael.ch\/it\/wp-json\/wp\/v2\/tags?post=3626"}],"curies":[{"name":"wp","href":"https:\/\/api.w.org\/{rel}","templated":true}]}}