{"id":3614,"date":"2024-06-25T07:33:00","date_gmt":"2024-06-25T05:33:00","guid":{"rendered":"https:\/\/fokusisrael.ch\/?page_id=3614"},"modified":"2025-10-15T13:36:34","modified_gmt":"2025-10-15T11:36:34","slug":"la-persecuzione-degli-ebrei-da-maometto-ad-oggi","status":"publish","type":"page","link":"https:\/\/fokusisrael.ch\/it\/lodio-verso-gli-ebrei-e-israele-e-di-nuovo-in-crescita\/la-persecuzione-degli-ebrei-da-maometto-ad-oggi\/","title":{"rendered":"La persecuzione degli ebrei da Maometto ad oggi"},"content":{"rendered":"\n<h2 class=\"wp-block-heading\">Asserzione<\/h2>\n\n<p>L&#8217;antisemitismo \u00e8 un problema europeo che \u00e8 stato importato nel mondo musulmano e che \u00e8 stato alimentato dalla fondazione di Israele.<\/p>\n\n<figure class=\"wp-block-image size-full\"><img loading=\"lazy\" decoding=\"async\" width=\"1024\" height=\"600\" src=\"https:\/\/fokusisrael.ch\/wp-content\/uploads\/2025\/03\/Judenverfolgung-1353.jpg\" alt=\"Miniatura di Pierart dou Tielt che illustra il Tractatus quartus di Gilles li Muisit\" class=\"wp-image-776\" srcset=\"https:\/\/fokusisrael.ch\/wp-content\/uploads\/2025\/03\/Judenverfolgung-1353.jpg 1024w, https:\/\/fokusisrael.ch\/wp-content\/uploads\/2025\/03\/Judenverfolgung-1353-300x176.jpg 300w, https:\/\/fokusisrael.ch\/wp-content\/uploads\/2025\/03\/Judenverfolgung-1353-768x450.jpg 768w\" sizes=\"auto, (max-width: 1024px) 100vw, 1024px\" \/><figcaption class=\"wp-element-caption\">Miniatura di Pierart dou Tielt che illustra il Tractatus quartus di Gilles li Muisit <span class=\"image-meta\">&copy; Pierart dou Tielt<\/span><\/figcaption><\/figure>\n\n<h2 class=\"wp-block-heading\">I fatti<\/h2>\n\n<p>L&#8217;antisemitismo e la persecuzione degli ebrei sono sempre stati radicati nell&#8217;Islam. Il fondatore dell&#8217;Islam, <a href=\"https:\/\/de.wikipedia.org\/wiki\/Mohammed\" target=\"_blank\" rel=\"noreferrer noopener\">Maometto<\/a>, fece compiere il primo massacro di ebrei a Medina, dove risiedeva, nel 627 d.C.. Centinaia di ebrei furono uccisi e altri ridotti in schiavit\u00f9 perch\u00e9 si rifiutavano di convertirsi all&#8217;Islam. Nel Medioevo e nei secoli successivi, ci furono ripetuti pogrom contro gli ebrei nei domini islamici e questi, come i cristiani, furono discriminati e trattati come cittadini di seconda classe. Il pi\u00f9 noto antisemita musulmano del XX secolo fu Mohammed al-Husseini, il Mufti di Gerusalemme, che fu ospite di Adolf Hitler a Berlino dal 1941 al 1945 e organizz\u00f2 una divisione di SS musulmane nei Balcani.    <br \/><\/p>\n\n<p>Il barbaro assassinio di oltre 1.200 bambini, giovani, donne e uomini nel sud di Israele il 7 ottobre 2023 da parte dell&#8217;organizzazione terroristica palestinese <a href=\"https:\/\/fokusisrael.ch\/it\/?page_id=4040\">Hamas<\/a> ha portato da un lato a un&#8217;enorme ondata di solidariet\u00e0 con Israele e gli ebrei. Dall&#8217;altro, ha dato vita a un antisemitismo estremo non solo nel mondo islamico, ma anche in Europa, in particolare tra i musulmani. <br \/><br \/>Questo potrebbe sorprendere solo coloro che prima erano abbastanza ingenui o troppo ignoranti. Dopo tutto, l&#8217;antisemitismo \u00e8 sempre stato molto diffuso nelle comunit\u00e0 musulmane. <br \/><\/p>\n\n<h3 class=\"wp-block-heading\">Hamas nella tradizione araba: il pogrom del 1929<\/h3>\n\n<p>Chiunque creda che la barbarie dei terroristi di Hamas sia una novit\u00e0 si sbaglia. Nel suo libro &#8220;L&#8217;eterno capro espiatorio&#8221;, pubblicato nel 2009 e che vale la pena di leggere, Tilman Tarach cita le testimonianze oculari del pogrom del 23 agosto 1929 nel Mandato britannico della Palestina. <br \/><br \/>In quel periodo, 133 ebrei furono torturati, profanati e uccisi da una folla araba a Hebron e in altri insediamenti palestinesi al grido di &#8220;La legge di Maometto sar\u00e0 applicata con la spada&#8221;, con le stesse raccapriccianti modalit\u00e0 del massacro <a href=\"https:\/\/fokusisrael.ch\/it\/?page_id=4040\">di Hamas<\/a> del 7 ottobre 2023. Altri 300 sono stati feriti e 8.000 sfollati. <br \/><br \/>Le forze dell&#8217;ordine britanniche rimasero in gran parte a guardare questi terribili avvenimenti. Le testimonianze scritte dei sopravvissuti di allora non differiscono in alcun modo da quelle dei sopravvissuti del 7 ottobre 2023. <\/p>\n\n<h3 class=\"wp-block-heading\">Antisemitismo islamico<\/h3>\n\n<p>L&#8217;odio per gli ebrei risale ai tempi di Maometto. L&#8217;antisemitismo e la persecuzione degli ebrei sono radicati nell&#8217;Islam da allora. <br \/><br \/>Lo dimostra in dettaglio lo <a href=\"https:\/\/www.sonntagsblatt.de\/artikel\/debatte\/das-neue-buch-des-islamwissenschaftlers-abdel-hakim-ourghi-greift-ein-heikles-thema\" target=\"_blank\" rel=\"noreferrer noopener\">studioso islamico Abdel-Hakim Ourghi<\/a>, che insegna all&#8217;Universit\u00e0 dell&#8217;Educazione di Friburgo i. Breisgau, nel suo libro &#8220;Die Juden im Koran &#8211; Ein Zerrbild mit fatalen Folgen&#8221;.<br \/><br \/>Maometto, il fondatore dell&#8217;Islam, incontr\u00f2 una forte resistenza alla sua dottrina dell&#8217;unico e solo Dio nella sua citt\u00e0 natale, La Mecca, che all&#8217;epoca era caratterizzata dal politeismo, tanto che nel <a href=\"https:\/\/de.wikipedia.org\/wiki\/Hidschra\" target=\"_blank\" rel=\"noreferrer noopener\">622 d.C.<\/a> fugg\u00ec a Medina con un piccolo seguito. Anche qui: Rifiuto. Questa volta furono soprattutto gli ebrei ad accusare Maometto di aver copiato dalle loro tradizioni. Egli li accus\u00f2 di distorcere la parola di Dio (Corano: Sura 2, versetto 75), di prendere interessi usurai (5:42) e di essere dei truffatori (9:34). Per questo sarebbero finiti all&#8217;inferno (2:174). Dio aveva gi\u00e0 maledetto gli ebrei in precedenza (2:88) e aveva trasformato alcuni di loro in scimmie e maiali (5:60). Infine, Maometto inizi\u00f2 a intraprendere azioni violente contro le tre trib\u00f9 ebraiche a Medina (9:29-30:39).      <br \/><br \/>Ourghi descrive come il Profeta e i suoi seguaci compirono il primo massacro degli ebrei locali della trib\u00f9 dei Banu Quraiza nel 627 d.C.: &#8220;Dopo 25 notti di assedio, solo quelli dei Banu Quraiza che si convertirono all&#8217;Islam ricevettero la vita. Gli ebrei dovettero scavare delle fosse comuni nel loro quartiere. Gli uomini furono separati dalle donne e dai bambini. I guerrieri musulmani massacrarono dai 600 ai 900 uomini, sotto la supervisione personale di Maometto. Le uccisioni durarono fino al mattino successivo. Un totale di 1000 donne e bambini ebrei furono venduti come schiavi sul mercato di Medina. Il Profeta trattenne personalmente un quinto del bottino, come riporta il Corano (8:41)&#8221;.<br \/><br \/>Seguirono altri pogrom, ad esempio a Granada nel 1066, a Fez nel 1565, a Bengasi nel 1758, ad Algeri nel 1815 e a Damasco nel 1840. Ourghi afferma che fu Maometto stesso a fondare &#8220;l&#8217;Islam politico&#8221;. <br \/><br \/>Anche gli ebrei e i cristiani furono declassati a cittadini di seconda classe (dihmmi) sotto l&#8217;Islam e dovettero pagare un tributo (jizya) per poter praticare la loro religione. Questo denaro di protezione doveva essere consegnato a mano ed era accompagnato da schiaffi, colpi di bastone e colpi al collo. Venivano prescritti codici di abbigliamento speciali per ebrei e cristiani, in modo che potessero essere riconosciuti a prima vista in ogni momento.  <br \/><br \/>Questo era anche il caso dell&#8217;Andalusia medievale, che ancora oggi \u00e8 vista da molti <a href=\"https:\/\/en.wikipedia.org\/wiki\/The_Myth_of_the_Andalusian_Paradise\" target=\"_blank\" rel=\"noreferrer noopener\">come un periodo di tolleranza islamica<\/a> e viene romanticizzata di conseguenza.<\/p>\n\n<h3 class=\"wp-block-heading\">L&#8217;assassinio degli ebrei durante l&#8217;epidemia di peste del 1347 &#8211; 1353<\/h3>\n\n<p>Tuttavia, l&#8217;antisemitismo non \u00e8 solo un fenomeno musulmano. Non si \u00e8 mai estinto nemmeno nel mondo occidentale cristiano, dove \u00e8 radicato da secoli e dove \u00e8 venuto ripetutamente alla ribalta.   <br \/><br \/>Ci\u00f2 \u00e8 stato particolarmente evidente dopo il 7 ottobre 2023 nelle universit\u00e0 statunitensi ed europee. In particolare, gli studenti di sinistra hanno mostrato solidariet\u00e0 ai terroristi di Hamas e hanno celebrato o almeno giustificato l&#8217;omicidio, lo stupro e la mutilazione di donne e uomini ebrei. <br \/><br \/>Ma <a href=\"https:\/\/de.wikipedia.org\/wiki\/Judenverfolgungen_zur_Zeit_des_Schwarzen_Todes\" target=\"_blank\" rel=\"noreferrer noopener\">anche 700 anni fa,<\/a> gli ebrei dell&#8217;Europa cristiana, compresa l&#8217;attuale Svizzera, furono vittime di orribili orge omicide. Quando la peste si diffuse in Europa a met\u00e0 del XIV secolo (1347 &#8211; 1353), gli ebrei furono presto incolpati. La leggenda degli ebrei che avvelenano i pozzi serv\u00ec da pretesto per i pogrom in cui vennero uccisi migliaia di ebrei.  <br \/><br \/>Le leggende antisemite promosse dalla Chiesa cattolica sugli ebrei come assassini di Cristo e i presunti omicidi rituali di bambini da parte degli ebrei costituirono un terreno fertile per la persecuzione degli ebrei, di cui furono responsabili soprattutto le corporazioni e i cittadini.<br \/><br \/>Solo pi\u00f9 di seicento anni dopo, nel 1965, durante il Concilio Vaticano II, la Chiesa cattolica guidata da Papa Paolo VI condann\u00f2 tutte le persecuzioni contro gli ebrei commesse in nome del cristianesimo in una dichiarazione (nostra aetate &#8211; nel nostro tempo) e sottoline\u00f2 l&#8217;eredit\u00e0 comune di cristiani ed ebrei.  <br \/><br \/>Cos\u00ec come la peste si diffuse dall&#8217;Europa meridionale verso il nord, lo stesso accadde con i pogrom della met\u00e0 del XIV secolo. A Ginevra, Soletta, Basilea, Feldkirch, Zurigo, Friburgo in Brisgovia e in numerose altre citt\u00e0 tedesche, gli ebrei furono bruciati o uccisi in altri modi. A Strasburgo, il numero di ebrei uccisi fu di 2.000.  <br \/><br \/>La maggior parte dei sovrani permise che gli omicidi avessero luogo e il successivo imperatore del Sacro Romano Impero della Nazione Tedesca, Carlo IV, sostenne addirittura attivamente la persecuzione degli ebrei.<br \/><br \/>Ci fu anche il contrario: Papa Clemente VI cerc\u00f2 di proibire che gli ebrei fossero giustiziati senza un regolare processo. Il duca Albrecht II d&#8217;Austria evit\u00f2 i pogrom nel suo dominio. Ma agli ebrei perseguitati fu concessa protezione anche nel Palatinato, nell&#8217;Aragona spagnola e in Polonia.  <\/p>\n\n<figure class=\"wp-block-image size-full\"><img loading=\"lazy\" decoding=\"async\" width=\"1024\" height=\"600\" src=\"https:\/\/fokusisrael.ch\/wp-content\/uploads\/2025\/03\/Emil-Flohri-1904-oppression-of-the-Jews.jpg\" alt=\"La stampa mostra un uomo anziano etichettato come &quot;Ebreo russo&quot; che porta sulle spalle un grande fagotto etichettato come &quot;Oppressione&quot;. Dal fagotto pendono dei pesi etichettati come &quot;Autocrazia&quot;, &quot;Rapina&quot;, &quot;Crudelt&#xE0;&quot;, &quot;Assassinio&quot;, &quot;Inganno&quot; e &quot;Omicidio&quot;. \" class=\"wp-image-775\" srcset=\"https:\/\/fokusisrael.ch\/wp-content\/uploads\/2025\/03\/Emil-Flohri-1904-oppression-of-the-Jews.jpg 1024w, https:\/\/fokusisrael.ch\/wp-content\/uploads\/2025\/03\/Emil-Flohri-1904-oppression-of-the-Jews-300x176.jpg 300w, https:\/\/fokusisrael.ch\/wp-content\/uploads\/2025\/03\/Emil-Flohri-1904-oppression-of-the-Jews-768x450.jpg 768w\" sizes=\"auto, (max-width: 1024px) 100vw, 1024px\" \/><figcaption class=\"wp-element-caption\">La stampa mostra un uomo anziano etichettato come &#8220;Ebreo russo&#8221; che porta sulle spalle un grande fagotto etichettato come &#8220;Oppressione&#8221;. Dal fagotto pendono dei pesi etichettati come &#8220;Autocrazia&#8221;, &#8220;Rapina&#8221;, &#8220;Crudelt\u00e0&#8221;, &#8220;Assassinio&#8221;, &#8220;Inganno&#8221; e &#8220;Omicidio&#8221;.  <span class=\"image-meta\">&copy; Emil Flohri 1904  United States Library of Congress&#039;s Prints and Photographs division<\/span><\/figcaption><\/figure>\n\n<h3 class=\"wp-block-heading\">I pogrom in Russia nel XIX secolo<\/h3>\n\n<p>La persecuzione degli ebrei fu particolarmente devastante nella Russia zarista del XIX secolo, che all&#8217;epoca comprendeva anche Ucraina, Polonia e Bielorussia. Il primo pogrom ebbe luogo a Odessa nel 1821. <br \/><br \/>Dopo l&#8217;assassinio dello zar Alessandro II <a href=\"https:\/\/www.deutschlandfunk.de\/vor-135-jahren-ermordung-von-zar-alexander-ii-100.html\" target=\"_blank\" rel=\"noreferrer noopener\">a San Pietroburgo<\/a> il 13 marzo 1881, in una parte dell&#8217;Impero russo inizi\u00f2 la persecuzione degli ebrei che dur\u00f2 per diversi anni. I responsabili, alcuni dei quali erano sostenuti dalla polizia, violentavano e uccidevano gli ebrei e rubavano le loro propriet\u00e0. <br \/><br \/>Decine di migliaia di ebrei furono uccisi quasi mezzo secolo dopo <a href=\"https:\/\/encyclopedia.ushmm.org\/content\/de\/article\/pogroms\" target=\"_blank\" rel=\"noreferrer noopener\">, durante la guerra civile russa<\/a>. A quel tempo, furono soprattutto i nazionalisti ucraini, ma anche i polacchi e i soldati dell&#8217;Armata Rossa, a perseguitare e uccidere gli ebrei in quella che oggi \u00e8 la Bielorussia e l&#8217;Ucraina occidentale (allora Galizia polacca). <br \/><br \/>La persecuzione degli ebrei fu particolarmente devastante nella Russia zarista del XIX secolo, che all&#8217;epoca comprendeva anche Ucraina, Polonia e Bielorussia. Il primo pogrom ebbe luogo a Odessa nel 1821. <br \/><br \/>Dopo l&#8217;assassinio dello zar Alessandro II a San Pietroburgo il 13 marzo 1881, in una parte dell&#8217;Impero russo inizi\u00f2 la persecuzione degli ebrei che dur\u00f2 per diversi anni. I responsabili, alcuni dei quali erano sostenuti dalla polizia, violentavano e uccidevano gli ebrei e rubavano le loro propriet\u00e0. <br \/><br \/>Decine di migliaia di ebrei furono uccisi quasi mezzo secolo dopo, durante la Guerra Civile Russa. A quel tempo, furono soprattutto i nazionalisti ucraini, ma anche i polacchi e i soldati dell&#8217;Armata Rossa, a perseguitare e uccidere gli ebrei in quella che oggi \u00e8 la Bielorussia e l&#8217;Ucraina occidentale (allora Galizia polacca). <br \/><br \/>Nel 1903, i cosiddetti &#8220;Protocolli degli Anziani di Sion&#8221;, che avevano lo scopo di dimostrare una cospirazione mondiale ebraica, apparvero sulla stampa antiebraica della Russia zarista come probabilmente il pi\u00f9 clamoroso falso della storia mondiale. Questi &#8220;Protocolli&#8221;, presumibilmente scritti da ebrei, furono in realt\u00e0 redatti dalla polizia segreta dello zar per infiammare l&#8217;opinione pubblica contro gli ebrei. <\/p>\n\n<h3 class=\"wp-block-heading\">La &#8220;Reichskristallnacht&#8221;: 9\/10 novembre 1938<\/h3>\n\n<p>Il pogrom pi\u00f9 famoso del XX secolo \u00e8 la cosiddetta &#8220;Reichskristallnacht&#8221; (anche: &#8220;Notte dei cristalli&#8221;) del 9-10 novembre 1938, quando furono commessi atti di violenza contro gli ebrei e furono vandalizzati negozi e sinagoghe ebraiche in tutto il Reich tedesco su ordine <a href=\"https:\/\/de.wikipedia.org\/wiki\/Nationalsozialistische_Deutsche_Arbeiterpartei\" target=\"_blank\" rel=\"noreferrer noopener\">della leadership del regime nazionalsocialista<\/a> di Adolf Hitler (NSDAP).     <br \/><br \/>La violenza fu scatenata principalmente da funzionari del NSDAP e da membri della SA (Sturmabteilung) e della<a href=\"https:\/\/encyclopedia.ushmm.org\/content\/de\/article\/hitler-youth-2\" target=\"_blank\" rel=\"noreferrer noopener\"> Giovent\u00f9 Hitleriana<\/a>. In seguito \u00e8 stato affermato che i disordini contro gli ebrei furono una reazione spontanea al fatto che un funzionario dell&#8217;ambasciata tedesca a Parigi era stato ucciso da un giovane ebreo polacco. <br \/><\/p>\n\n<h3 class=\"wp-block-heading\">La &#8220;Soluzione Finale della Questione Ebraica<\/h3>\n\n<p>La persecuzione e lo sterminio degli ebrei erano parte integrante delle politiche di Adolf Hitler e dei nazionalsocialisti da quando erano saliti al potere nel 1933. Il loro odio verso gli ebrei era dovuto principalmente al fatto che li ritenevano responsabili della sconfitta della Germania nella Prima Guerra Mondiale. <br \/><br \/>Gi\u00e0 nel 1935, tre anni prima della Reichskristallnacht, i nazionalsocialisti avevano approvato le cosiddette <a href=\"https:\/\/de.wikipedia.org\/wiki\/N%C3%BCrnberger_Gesetze\" target=\"_blank\" rel=\"noreferrer noopener\">&#8220;Leggi razziali di Norimberga&#8221;<\/a> durante la conferenza del partito NSDAP a Norimberga, che discriminavano gli ebrei in molti modi.<br \/><br \/>Negli anni successivi, gli ebrei furono perseguitati in modo sempre pi\u00f9 sistematico. Con l&#8217;inizio della Seconda Guerra Mondiale, il 1\u00b0 settembre 1939, e ancor pi\u00f9 con l&#8217;inizio della campagna tedesca in Russia nel 1941, questa persecuzione assunse una nuova dimensione. <br \/><br \/>Le uccisioni di massa della popolazione ebraica ebbero luogo in pi\u00f9 di 1.500 citt\u00e0 e villaggi dell&#8217;Europa orientale. I nazisti erano spesso sostenuti da collaboratori provenienti dai paesi che avevano conquistato o con cui si erano alleati, o erano essi stessi responsabili degli omicidi: rumeni, polacchi, ucraini, lituani, estoni, ecc. <br \/><br \/>All&#8217;inizio del 1941 il governo tedesco aveva gi\u00e0 deciso lo sterminio sistematico degli ebrei europei, che in seguito venne definito &#8220;Soluzione Finale della Questione Ebraica&#8221;. Alla fine dello stesso anno, inizi\u00f2 a costruire i cosiddetti <a href=\"https:\/\/de.wikipedia.org\/wiki\/Endl%C3%B6sung_der_Judenfrage\" target=\"_blank\" rel=\"noreferrer noopener\">&#8220;campi di sterminio&#8221;<\/a> nella Polonia occupata. Il pi\u00f9 noto ad oggi \u00e8 il campo di <a href=\"https:\/\/de.wikipedia.org\/wiki\/KZ_Auschwitz-Birkenau\" target=\"_blank\" rel=\"noreferrer noopener\">Auschwitz-Birkenau<\/a>.  <br \/><br \/>All&#8217;inizio dell&#8217;anno successivo, il 20 gennaio 1942, rappresentanti di alto livello del regime nazionalsocialista si riunirono per un incontro segreto in una villa di Wannsee a Berlino. Si decise nei dettagli come organizzare l&#8217;uccisione sistematica di tutti gli ebrei europei e quale fosse la logistica necessaria per farlo. Questo incontro \u00e8 passato alla storia come la <a href=\"https:\/\/de.wikipedia.org\/wiki\/Wannseekonferenz\" target=\"_blank\" rel=\"noreferrer noopener\">&#8220;Conferenza di Wannsee&#8221;<\/a>.  <br \/><br \/>Quando la Germania nazista si arrese, l&#8217;8 maggio 1945, pi\u00f9 di sei milioni di bambini, donne e uomini ebrei erano stati vittime della persecuzione degli ebrei.<\/p>\n\n<h2 class=\"wp-block-heading\">Yad Vashem &#8211; un luogo di memoria e di insegnamento<\/h2>\n\n<details class=\"wp-block-details is-layout-flow wp-block-details-is-layout-flow\"><summary><strong>Per ulteriori informazioni<\/strong><\/summary>\n<p>Il pi\u00f9 importante memoriale e centro educativo sull&#8217;Olocausto si trova a Gerusalemme e si chiama <a href=\"https:\/\/www.yadvashem.org\/\" target=\"_blank\" rel=\"noreferrer noopener\"><strong>Yad Vashem<\/strong><\/a>. Commemora i sei milioni di persone innocenti che furono uccise, ma anche le molte persone che salvarono centinaia di migliaia di ebrei dalla morte in quel periodo e che sono onorate come &#8220;Giusti tra le Nazioni&#8221;. I compiti dello Yad Vashem comprendono non solo la commemorazione, ma anche ricerche approfondite sull&#8217;Olocausto. <a href=\"https:\/\/encyclopedia.ushmm.org\/content\/de\/article\/holocaust-abridged-article\" target=\"_blank\" rel=\"noreferrer noopener\"><strong>Olocausto<\/strong><\/a>come viene spesso definito l&#8217;omicidio di massa sistematico dei nazionalsocialisti (un altro termine \u00e8 Shoah), affinch\u00e9 non si ripeta mai pi\u00f9.  <\/p>\n<\/details>\n","protected":false},"excerpt":{"rendered":"<p>Asserzione L&#8217;antisemitismo \u00e8 un problema europeo che \u00e8 stato importato nel mondo musulmano e che \u00e8 stato alimentato dalla fondazione di Israele. I fatti L&#8217;antisemitismo e la persecuzione degli ebrei sono sempre stati radicati nell&#8217;Islam. Il fondatore dell&#8217;Islam, Maometto, fece compiere il primo massacro di ebrei a Medina, dove risiedeva, nel 627 d.C.. Centinaia di [&hellip;]<\/p>\n","protected":false},"author":2,"featured_media":3616,"parent":3887,"menu_order":0,"comment_status":"closed","ping_status":"closed","template":"","meta":{"_hide_socialbar":"","footnotes":""},"categories":[],"tags":[625],"class_list":["post-3614","page","type-page","status-publish","has-post-thumbnail","hentry","tag-antisemitismo"],"aioseo_notices":[],"_links":{"self":[{"href":"https:\/\/fokusisrael.ch\/it\/wp-json\/wp\/v2\/pages\/3614","targetHints":{"allow":["GET"]}}],"collection":[{"href":"https:\/\/fokusisrael.ch\/it\/wp-json\/wp\/v2\/pages"}],"about":[{"href":"https:\/\/fokusisrael.ch\/it\/wp-json\/wp\/v2\/types\/page"}],"author":[{"embeddable":true,"href":"https:\/\/fokusisrael.ch\/it\/wp-json\/wp\/v2\/users\/2"}],"replies":[{"embeddable":true,"href":"https:\/\/fokusisrael.ch\/it\/wp-json\/wp\/v2\/comments?post=3614"}],"version-history":[{"count":3,"href":"https:\/\/fokusisrael.ch\/it\/wp-json\/wp\/v2\/pages\/3614\/revisions"}],"predecessor-version":[{"id":5338,"href":"https:\/\/fokusisrael.ch\/it\/wp-json\/wp\/v2\/pages\/3614\/revisions\/5338"}],"up":[{"embeddable":true,"href":"https:\/\/fokusisrael.ch\/it\/wp-json\/wp\/v2\/pages\/3887"}],"wp:featuredmedia":[{"embeddable":true,"href":"https:\/\/fokusisrael.ch\/it\/wp-json\/wp\/v2\/media\/3616"}],"wp:attachment":[{"href":"https:\/\/fokusisrael.ch\/it\/wp-json\/wp\/v2\/media?parent=3614"}],"wp:term":[{"taxonomy":"category","embeddable":true,"href":"https:\/\/fokusisrael.ch\/it\/wp-json\/wp\/v2\/categories?post=3614"},{"taxonomy":"post_tag","embeddable":true,"href":"https:\/\/fokusisrael.ch\/it\/wp-json\/wp\/v2\/tags?post=3614"}],"curies":[{"name":"wp","href":"https:\/\/api.w.org\/{rel}","templated":true}]}}