{"id":3601,"date":"2024-03-10T13:24:00","date_gmt":"2024-03-10T12:24:00","guid":{"rendered":"https:\/\/fokusisrael.ch\/?page_id=3601"},"modified":"2025-10-15T13:36:34","modified_gmt":"2025-10-15T11:36:34","slug":"tiktok-e-una-piattaforma-di-informazione-e-monitoraggio-del-governo-cinese","status":"publish","type":"page","link":"https:\/\/fokusisrael.ch\/it\/lodio-verso-gli-ebrei-e-israele-e-di-nuovo-in-crescita\/tiktok-e-una-piattaforma-di-informazione-e-monitoraggio-del-governo-cinese\/","title":{"rendered":"TikTok \u00e8 una piattaforma di informazione e monitoraggio del governo cinese."},"content":{"rendered":"\n<p class=\"article__intro\">Voglio essere molto chiaro: TikTok \u00e8 una piattaforma del Partito Comunista Cinese per la raccolta di informazioni, la sorveglianza di massa e le operazioni informative. Il problema non \u00e8 solo la privacy: per quanto grave, questo \u00e8 relativamente uno dei problemi minori di TikTok. <\/p>\n\n<figure class=\"wp-block-image size-full\"><img loading=\"lazy\" decoding=\"async\" width=\"1024\" height=\"600\" src=\"https:\/\/fokusisrael.ch\/wp-content\/uploads\/2025\/03\/China-und-TikTok.jpg\" alt=\"Il logo di TikTok su un dispositivo mobile e la bandiera cinese sullo sfondo\" class=\"wp-image-848\" srcset=\"https:\/\/fokusisrael.ch\/wp-content\/uploads\/2025\/03\/China-und-TikTok.jpg 1024w, https:\/\/fokusisrael.ch\/wp-content\/uploads\/2025\/03\/China-und-TikTok-300x176.jpg 300w, https:\/\/fokusisrael.ch\/wp-content\/uploads\/2025\/03\/China-und-TikTok-768x450.jpg 768w\" sizes=\"auto, (max-width: 1024px) 100vw, 1024px\" \/><figcaption class=\"wp-element-caption\"> <span class=\"image-meta\">&copy;<a href=\"https:\/\/unsplash.com\/de\/@solenfeyissa?utm_content=creditCopyText&#038;utm_medium=referral&#038;utm_source=unsplash\" target=\"_blank\" rel=\"noopener\">Solen Feyissa<\/a> <a href=\"https:\/\/unsplash.com\/de\/fotos\/schwarzes-smartphone-zeigt-die-zeit-bei-12-00-an-QKEeVYu0d7U?utm_content=creditCopyText&#038;utm_medium=referral&#038;utm_source=unsplash\" target=\"_blank\" rel=\"noopener\">Unsplash<\/a><\/span><\/figure><\/figcaption>\n\n<p>Il vero problema \u00e8 controllare le informazioni &#8211; gli argomenti, le narrazioni e i messaggi che raggiungono i gruppi target: Che tipo di contenuti vengono promossi, quali contenuti diventano virali (e quali no), quali contenuti vengono soppressi o rimossi.<\/p>\n\n<p>In questo caso, <a href=\"https:\/\/fokusisrael.ch\/it\/lodio-verso-gli-ebrei-e-israele-e-di-nuovo-in-crescita\/propaganda-anti-israeliana-su-tiktok\/\" title=\"Propaganda anti-israeliana su TikTok\">TikTok<\/a> finger\u00e0 di essere &#8220;solo un&#8217;altra app sociale&#8221;, soprattutto paragonandola alle piattaforme statunitensi e ai loro problemi. Non c&#8217;\u00e8 alcuna equivalenza &#8211; nessuna &#8211; con ci\u00f2 che fa una piattaforma statunitense o il governo degli Stati Uniti. Inoltre, i problemi delle piattaforme statunitensi sono problemi &#8220;nostri&#8221; da affrontare. Tuttavia, i propagandisti cinesi sanno che questa \u00e8 una narrazione efficace. Per questo motivo, in qualsiasi dibattito su TikTok, si sentir\u00e0 sempre l&#8217;argomentazione &#8220;gli Stati Uniti non sono diversi&#8221; e &#8220;anche gli Stati Uniti lo fanno&#8221;.    <\/p>\n\n<p>Il governo cinese sa quanto sia potente TikTok nel plasmare la mentalit\u00e0 di un&#8217;intera generazione di americani (e occidentali) su numerose questioni nazionali e internazionali, sopprimendo al contempo i contenuti che non servono agli interessi strategici e geopolitici a lungo termine della Cina.<\/p>\n\n<p>TikTok si ammanta del linguaggio della libert\u00e0 di parola e delle tutele costituzionali, ma in realt\u00e0 a TikTok non interessano queste cose, anzi. Sono solo argomenti emotivi efficaci per mantenere la loro testa di ponte cognitiva.   <\/p>\n\n<h3 class=\"wp-block-heading\">TikTok serve tutti i pilastri dei &#8220;tre teatri di guerra&#8221; della Cina.  <\/h3>\n\n<p>Guerra mediatica e d&#8217;opinione, guerra psicologica e guerra legale: vediamo quest&#8217;ultima nell&#8217;aggressiva attivit\u00e0 di lobbying di TikTok negli Stati Uniti e ora nei vani appelli di TikTok agli americani affinch\u00e9 chiamino i loro membri del Congresso per &#8220;proteggere la libert\u00e0 di parola&#8221;.<\/p>\n\n<p>E tutto questo mentre la Cina reprime brutalmente il dissenso e qualsiasi cosa assomigli alla libert\u00e0 di espressione, non solo all&#8217;interno della Cina ma anche al di fuori dei suoi confini, e proibisce la discussione di argomenti &#8220;sensibili&#8221; come lo Xinjiang (dove \u00e8 in atto un genocidio), Tiananmen, Tibet, Taiwan, Hong Kong&#8230;. \u00e8 vietato.<\/p>\n\n<p>Sai cos&#8217;altro \u00e8 vietato in Cina? TikTok.   <\/p>\n\n<p>Dave Schroeder, consulente strategico statunitense ed esperto di guerra cibernetica<\/p>\n","protected":false},"excerpt":{"rendered":"<p>Voglio essere molto chiaro: TikTok \u00e8 una piattaforma del Partito Comunista Cinese per la raccolta di informazioni, la sorveglianza di massa e le operazioni informative. Il problema non \u00e8 solo la privacy: per quanto grave, questo \u00e8 relativamente uno dei problemi minori di TikTok. Il vero problema \u00e8 controllare le informazioni &#8211; gli argomenti, le [&hellip;]<\/p>\n","protected":false},"author":2,"featured_media":3602,"parent":3887,"menu_order":0,"comment_status":"closed","ping_status":"closed","template":"","meta":{"_hide_socialbar":"","footnotes":""},"categories":[],"tags":[630,629],"class_list":["post-3601","page","type-page","status-publish","has-post-thumbnail","hentry","tag-cina","tag-tiktok-it"],"aioseo_notices":[],"_links":{"self":[{"href":"https:\/\/fokusisrael.ch\/it\/wp-json\/wp\/v2\/pages\/3601","targetHints":{"allow":["GET"]}}],"collection":[{"href":"https:\/\/fokusisrael.ch\/it\/wp-json\/wp\/v2\/pages"}],"about":[{"href":"https:\/\/fokusisrael.ch\/it\/wp-json\/wp\/v2\/types\/page"}],"author":[{"embeddable":true,"href":"https:\/\/fokusisrael.ch\/it\/wp-json\/wp\/v2\/users\/2"}],"replies":[{"embeddable":true,"href":"https:\/\/fokusisrael.ch\/it\/wp-json\/wp\/v2\/comments?post=3601"}],"version-history":[{"count":3,"href":"https:\/\/fokusisrael.ch\/it\/wp-json\/wp\/v2\/pages\/3601\/revisions"}],"predecessor-version":[{"id":5336,"href":"https:\/\/fokusisrael.ch\/it\/wp-json\/wp\/v2\/pages\/3601\/revisions\/5336"}],"up":[{"embeddable":true,"href":"https:\/\/fokusisrael.ch\/it\/wp-json\/wp\/v2\/pages\/3887"}],"wp:featuredmedia":[{"embeddable":true,"href":"https:\/\/fokusisrael.ch\/it\/wp-json\/wp\/v2\/media\/3602"}],"wp:attachment":[{"href":"https:\/\/fokusisrael.ch\/it\/wp-json\/wp\/v2\/media?parent=3601"}],"wp:term":[{"taxonomy":"category","embeddable":true,"href":"https:\/\/fokusisrael.ch\/it\/wp-json\/wp\/v2\/categories?post=3601"},{"taxonomy":"post_tag","embeddable":true,"href":"https:\/\/fokusisrael.ch\/it\/wp-json\/wp\/v2\/tags?post=3601"}],"curies":[{"name":"wp","href":"https:\/\/api.w.org\/{rel}","templated":true}]}}