{"id":3578,"date":"2025-03-19T14:05:06","date_gmt":"2025-03-19T13:05:06","guid":{"rendered":"https:\/\/fokusisrael.ch\/?page_id=3578"},"modified":"2025-10-15T13:35:56","modified_gmt":"2025-10-15T11:35:56","slug":"podcast","status":"publish","type":"page","link":"https:\/\/fokusisrael.ch\/it\/background-e-opinioni-raccomandazioni-editoriali\/podcast\/","title":{"rendered":"Podcast"},"content":{"rendered":"\n<p><strong>Podcast da casa e dall&#8217;estero<\/strong><\/p>\n<div class=\"media__list\"><div class=\"media__list__item\">\n                            <h2 class=\"media__list__item__title\"><a href=\"https:\/\/www.aargauerzeitung.ch\/international\/podcast-hinter-der-schlagzeile-gaza-krieg-social-media-omarherzshow-ld.2633807\" target=\"_blank\" rel=\"noopener noreferer\">Geisel-Deal oder harter Kurs? Diese Frage spaltet Israels Gesellschaft<\/a><\/h2>\n                            <p class=\"media__list__item__copyright\">06. September 2024 - NZZ Akzent<\/p>\n                            <p class=\"media__list__item__text\">Sechs Geiseln konnten nur noch tot aus Gaza geborgen werden. Das Brisante daran: Kurz vor dem Milit\u00e4reinsatz waren sie noch am Leben. Das stellt die Politik Benjamin Netanyahus infrage.<\/p>\n                        <\/div><div class=\"media__list__item\">\n                            <h2 class=\"media__list__item__title\"><a href=\"https:\/\/www.aargauerzeitung.ch\/international\/podcast-hinter-der-schlagzeile-gaza-krieg-social-media-omarherzshow-ld.2633807\" target=\"_blank\" rel=\"noopener noreferer\">Eskaliert der Grenzkrieg im Norden Israels?<\/a><\/h2>\n                            <p class=\"media__list__item__copyright\">31. Juli 2024 - NZZ Akzent<\/p>\n                            <p class=\"media__list__item__text\">Bislang haben Israel und die iranische Schiitenmiliz Hizbullah versucht, den Grenzkrieg nicht eskalieren zu&nbsp;lassen. Nach dem Blutbad in Majdal Shams k\u00f6nnte damit Schluss sein. Die Israelis haben am&nbsp;Dienstagabend einen gezielten Angriff in Beirut durchgef\u00fchrt.<\/p>\n                        <\/div><div class=\"media__list__item\">\n                            <h2 class=\"media__list__item__title\"><a href=\"https:\/\/www.aargauerzeitung.ch\/international\/podcast-hinter-der-schlagzeile-gaza-krieg-social-media-omarherzshow-ld.2633807\" target=\"_blank\" rel=\"noopener noreferer\">Lieber im Kaffeehaus als in der Synagoge: Zionist Theodor Herzl<\/a><\/h2>\n                            <p class=\"media__list__item__copyright\">03. Juli 2024 - WDR Zeitzeichen<\/p>\n                            <p class=\"media__list__item__text\">Der junge Herzl wollte alle Wiener Juden taufen lassen, dann lie\u00df ihn der Antisemitismus in Europa umdenken. Am 03.07.1904 starb er als Wegbereiter des j\u00fcdischen Staats. Zun\u00e4chst wird er f\u00fcr seine Idee ausgelacht, sp\u00e4ter gefeiert: Schon fr\u00fch denkt Theodor Herzl \u00fcber einen eigenen Judenstaat nach \u2013 allerdings nicht so, wie er heute existiert. In seiner Vorstellung leben Juden und Nichtjuden friedlich zusammen, ohne Milit\u00e4r.<\/p>\n                        <\/div><div class=\"media__list__item\">\n                            <h2 class=\"media__list__item__title\"><a href=\"https:\/\/www.aargauerzeitung.ch\/international\/podcast-hinter-der-schlagzeile-gaza-krieg-social-media-omarherzshow-ld.2633807\" target=\"_blank\" rel=\"noopener noreferer\">Die Kriegs-Influencer aus Gaza<\/a><\/h2>\n                            <p class=\"media__list__item__copyright\">18. Juni 2024 - AZ Podcast<\/p>\n                            <p class=\"media__list__item__text\">Jeden&nbsp;Tag ein Video, das ihren Kriegsalltag zeigt: Omar und Mohammed sind&nbsp;zwei Teenager aus Gaza und&nbsp;dokumentieren ihr Leben auf Instagram f\u00fcr&nbsp;\u00fcber 1,6 Millionen Follower. K\u00f6nnen solche Beitr\u00e4ge Journalismus&nbsp;ersetzen?<\/p>\n                        <\/div><div class=\"media__list__item\">\n                            <h2 class=\"media__list__item__title\"><a href=\"https:\/\/www.tachles.ch\/podcasts\/zerrissenheit\" target=\"_blank\" rel=\"noopener noreferer\">Zerrissenheit<\/a><\/h2>\n                            <p class=\"media__list__item__copyright\">30. Mai 2024 - Tachles Podcast<\/p>\n                            <p class=\"media__list__item__text\">Der fortdauernde Krieg im Gazastreifen wird immer grausamer und hat mit der Operation in Rafah einen neuen H\u00f6hepunkt erreicht.&nbsp;Michel Friedman spricht in der aktuellen Ausgabe \u00abZukunft denken\u00bb \u00fcber die innere Zerissenheit in Teilen der j\u00fcdischen&nbsp;Gemeinschaften.<\/p>\n                        <\/div><div class=\"media__list__item\">\n                            <h2 class=\"media__list__item__title\"><a href=\"https:\/\/www.bild.de\/audio\/ronzheimer\/ronzheimer-der-podcast-mit-und-ueber-paul-ronzheimer-84903524.bild.html\" target=\"_blank\" rel=\"noopener noreferer\">Der Podcast mit und \u00fcber Paul Ronzheimer<\/a><\/h2>\n                            <p class=\"media__list__item__copyright\">24. Mai 2024 - Bild Podcast<\/p>\n                            <p class=\"media__list__item__text\">Die Welt gegen Israel.<\/p>\n                        <\/div><div class=\"media__list__item\">\n                            <h2 class=\"media__list__item__title\"><a href=\"https:\/\/www.tachles.ch\/podcasts\/protest-und-proteste-0\" target=\"_blank\" rel=\"noopener noreferer\">Protest und Proteste<\/a><\/h2>\n                            <p class=\"media__list__item__copyright\">17. Mai 2024 - Tachles Podcast<\/p>\n                            <p class=\"media__list__item__text\">Seit Wochen dauern die Pro-Pal\u00e4stina-Proteste an Universit\u00e4ten an. Michel Friedman analysiert diese und ihre Anliegen in der neuen&nbsp;Ausgabe von \u00abZukunft denken\u00bb.<\/p>\n                        <\/div><div class=\"media__list__item\">\n                            <h2 class=\"media__list__item__title\"><a href=\"https:\/\/www.nzz.ch\/podcast\/israel-militaerdienst-fuer-ultraorthodoxe-bedroht-netanyahu-nzz-akzent-ld.1825745\" target=\"_blank\" rel=\"noopener noreferer\">Sollen Ultraorthodoxe in Israel in die Armee? Die Streitfrage bedroht Netanyahus Regierung<\/a><\/h2>\n                            <p class=\"media__list__item__copyright\">12. April 2024 - NZZ Podcast<\/p>\n                            <p class=\"media__list__item__text\">In Israel ist die Dienstpflicht f\u00fcr strenggl\u00e4ubige Juden seit Jahrzehnten ein Politikum. Mit dem Krieg gegen&nbsp;die Hamas ist die Debatte neu eskaliert.<\/p>\n                        <\/div><div class=\"media__list__item\">\n                            <h2 class=\"media__list__item__title\"><a href=\"https:\/\/www.dansenor.com\/podcast\" target=\"_blank\" rel=\"noopener noreferer\">Margot Friedl\u00e4nder im Spitzengespr\u00e4ch: \u00abEs ist in eurer Hand, dass das nie wieder geschieht\u00bb<\/a><\/h2>\n                            <p class=\"media__list__item__copyright\">28. M\u00e4rz 2024 - Spiegel<\/p>\n                            <p class=\"media__list__item__text\">Sie tauchte unter, wurde von den Nazis verschleppt, \u00fcberlebte den Holocaust. Heute sorgt sich die J\u00fcdin Margot Friedl\u00e4nder um die Demokratie. Wie die 102-J\u00e4hrige trotzdem ein gl\u00fcckliches Leben f\u00fchren konnte, verr\u00e4t sie im Talk mit Markus Feldenkirchen.<\/p>\n                        <\/div><div class=\"media__list__item\">\n                            <h2 class=\"media__list__item__title\"><a href=\"https:\/\/www.dansenor.com\/podcast\" target=\"_blank\" rel=\"noopener noreferer\">\u00abCall Me Back\u00bb \u2013 mit Dan Senor<\/a><\/h2>\n                            <p class=\"media__list__item__copyright\">24. M\u00e4rz 2024 - Unlocked FM<\/p>\n                            <p class=\"media__list__item__text\">Ist Israel alleine? Mit Haviv Rettig Gur.<\/p>\n                        <\/div><div class=\"media__list__item\">\n                            <h2 class=\"media__list__item__title\"><a href=\"https:\/\/www.srf.ch\/audio\/kontext\/kultur-talk-antisemitismus-heute-altes-gift-in-neuen-schlaeuchen?id=12544877\" target=\"_blank\" rel=\"noopener noreferer\">Kultur-Talk: Antisemitismus heute: Altes Gift in neuen Schl\u00e4uchen?<\/a><\/h2>\n                            <p class=\"media__list__item__copyright\">05. M\u00e4rz 2024 - SRF<\/p>\n                            <p class=\"media__list__item__text\">Antij\u00fcdische Hasspropaganda grassiert online und auf der Strasse. Der Antisemitismus kommt&nbsp;von rechts, von links und aus der Mitte. Wir besuchen die j\u00fcdische Schule Noam in Z\u00fcrich und&nbsp;fragen deren Rektor Zsolt Zsolt Balkanyi-Guery, welchem Antisemitismus er begegnet und&nbsp;woher der kommt.<\/p>\n                        <\/div><div class=\"media__list__item\">\n                            <h2 class=\"media__list__item__title\"><a href=\"https:\/\/2021.radio1.ch\/assets\/podcasts\/doppelpunkt\/radio1-doppelpunkt-20240303-1101.mp3\" target=\"_blank\" rel=\"noopener noreferer\">Zu Gast bei Radio 1 \u2013 Journalist Kurt Pelda<\/a><\/h2>\n                            <p class=\"media__list__item__copyright\">03. M\u00e4rz 2024 - Radio 1<\/p>\n                            <p class=\"media__list__item__text\">Zu Gast bei Radio 1-Chef Roger Schawinski ist der Journalist Kurt Pelda.&nbsp;<\/p>\n                        <\/div><div class=\"media__list__item\">\n                            <h2 class=\"media__list__item__title\"><a href=\"https:\/\/www.nzz.ch\/podcast\/gaza-krieg-das-dilemma-der-emirate-podcast-nzz-akzent-ld.1819692\" target=\"_blank\" rel=\"noopener noreferer\">Der Gaza-Krieg und die Emirate: \u00abAm Golf denken sie bereits an die Zeit danach\u00bb<\/a><\/h2>\n                            <p class=\"media__list__item__copyright\">01. M\u00e4rz 2024 - NZZ<\/p>\n                            <p class=\"media__list__item__text\">Die Vereinigten Arabischen Emirate haben 2020 ihre Beziehungen zu Israel normalisiert. Trotz Gaza-Krieg&nbsp;g\u00e4ben die Stammesf\u00fcrsten ihren Traum eines neuen Nahen Ostens aber nicht so schnell auf, sagt der&nbsp;Nahost-Korrespondent Daniel B\u00f6hm im Podcast.<\/p>\n                        <\/div><div class=\"media__list__item\">\n                            <h2 class=\"media__list__item__title\"><a href=\"https:\/\/www.tachles.ch\/podcasts\/kampfzone-berlinale\" target=\"_blank\" rel=\"noopener noreferer\">Kampfzone Berlinale \u2013 Mit Alice Brauner<\/a><\/h2>\n                            <p class=\"media__list__item__copyright\">01. M\u00e4rz 2024 - Tachles<\/p>\n                            <p class=\"media__list__item__text\">Die deutsche Filmproduzentin und Journalistin Alice Brauner hat an der Berlinale den israelisch-pal\u00e4stinensischen Dokumentarfilm&nbsp;\u00abNo Other Land\u00bb gesehen und die Reaktionen an der Premiere erlebt. Sie ordnet den Eklat ein, der ein paar Tage sp\u00e4ter an der&nbsp;Preisverleihung in Berlin vorgefallen ist und seit Tagen zu einer Debatte f\u00fchrte.&nbsp;<\/p>\n                        <\/div><div class=\"media__list__item\">\n                            <h2 class=\"media__list__item__title\"><a href=\"https:\/\/www.swr.de\/swr2\/wissen\/ueber-antisemitismus-sprechen-1-2-was-hilft-gegen-judenhass-swr2-wissen-2024-02-16-102.html\" target=\"_blank\" rel=\"noopener noreferer\">\u00dcber Antisemitismus sprechen (1\/2) \u2013 Was hilft gegen Judenhass?<\/a><\/h2>\n                            <p class=\"media__list__item__copyright\">16. Februar 2024 - SWR2 Wissen, Podcast<\/p>\n                            <p class=\"media__list__item__text\">Wann ist Israelkritik eigentlich antisemitisch? Warum ist es ein Problem, von \u00abden Juden\u00bb zu sprechen?<\/p>\n                        <\/div><div class=\"media__list__item\">\n                            <h2 class=\"media__list__item__title\"><a href=\"https:\/\/www.swr.de\/swr2\/wissen\/ueber-antisemitismus-sprechen-2-2-was-schulen-tun-koennen-swr2-wissen-2024-02-17-102.html\" target=\"_blank\" rel=\"noopener noreferer\">\u00dcber Antisemitismus sprechen (2\/2) \u2013 Was hilft gegen Judenhass?<\/a><\/h2>\n                            <p class=\"media__list__item__copyright\">16. Februar 2024 - SWR2 Wissen, Podcast<\/p>\n                            <p class=\"media__list__item__text\">Wann ist Israelkritik eigentlich antisemitisch? Warum ist es ein Problem, von \u00abden Juden\u00bb zu sprechen?<\/p>\n                        <\/div><div class=\"media__list__item\">\n                            <h2 class=\"media__list__item__title\"><a href=\"https:\/\/www.nzz.ch\/podcast\/hamas-massaker-die-rolle-der-un-organisation-unrwa-nzz-akzent-ld.1776892\" target=\"_blank\" rel=\"noopener noreferer\">Hamas-Massaker: Die Rolle der Uno-Organisation UNRWA \u2013 \u00abNZZ Akzent\u00bb<\/a><\/h2>\n                            <p class=\"media__list__item__copyright\">02. Februar 2024 - \u00abNZZ Akzent\u00bb Podcast<\/p>\n                            <p class=\"media__list__item__text\">Mitarbeiter der Uno-Organisation sollen am Terroranschlag der Hamas vom 7.&nbsp;Oktober direkt beteiligt gewesen sein. Wichtige Geberl\u00e4nder haben ihre Zahlungen an das Hilfswerk nun eingestellt. Im Podcast beleuchtet Ulrich Schwerin die Rolle der UNRWA im Nahostkonflikt.<\/p>\n                        <\/div><div class=\"media__list__item\">\n                            <h2 class=\"media__list__item__title\"><a href=\"https:\/\/www.aargauerzeitung.ch\/news-service\/ausland\/podcast-hinter-der-schlagzeile-kurt-pelda-aus-israel-gaza-kriegzweistaatenloesung-hilfsgueter-libanon-ld.2573508\" target=\"_blank\" rel=\"noopener noreferer\">\u00abDie&nbsp;Zweistaatenl\u00f6sung ist eine Totgeburt\u00bb<\/a><\/h2>\n                            <p class=\"media__list__item__copyright\">31. Januar 2024 - AZ Podcast<\/p>\n                            <p class=\"media__list__item__text\">Kriegsreporter Kurt Pelda im Interview mit Joelle Weil: \u00abDie Zweistaatenl\u00f6sung ist eine Totgeburt\u00bb<\/p>\n                        <\/div><div class=\"media__list__item\">\n                            <h2 class=\"media__list__item__title\"><a href=\"https:\/\/www.swr.de\/swr2\/leben-und-gesellschaft\/krieg-um-jeden-preis-laesst-sich-die-hamas-vernichten-swr2-forum-2023-12-15-100.html\" target=\"_blank\" rel=\"noopener noreferer\">Krieg um jeden Preis \u2013 L\u00e4sst sich die Hamas vernichten?<\/a><\/h2>\n                            <p class=\"media__list__item__copyright\">18. Dezember 2023 - SWR 2 Forum<\/p>\n                            <p class=\"media__list__item__text\">Die Hamas muss sich fragen: Ist es sinnvoll oder nicht, diesen Krieg fortzusetzen?  &nbsp;<\/p>\n                        <\/div><div class=\"media__list__item\">\n                            <h2 class=\"media__list__item__title\"><a href=\"https:\/\/www.tachles.ch\/podcasts\/jude-sein-2024\" target=\"_blank\" rel=\"noopener noreferer\">Jude sein 2024 mit Michel Friedmann<\/a><\/h2>\n                            <p class=\"media__list__item__copyright\">14. Dezember 2023 - Tachles<\/p>\n                            <p class=\"media__list__item__text\">Was bedeutet es, J\u00fcdin oder Jude zu sein im Kontext der Gegenwart? Michel Friedman nimmt im aktuellen Podcast \u00abZukunft denken\u00bb Einordnungen vor.<\/p>\n                        <\/div><div class=\"pagination\">\n\t<nav class=\"navigation pagination\" aria-label=\"Paginazione degli articoli\">\n\t\t<h2 class=\"screen-reader-text\">Paginazione degli articoli<\/h2>\n\t\t<div class=\"nav-links\"><span aria-current=\"page\" class=\"page-numbers current\">1<\/span>\n<a class=\"page-numbers\" href=\"https:\/\/fokusisrael.ch\/it\/wp-json\/wp\/v2\/pages\/3578\/page\/2\/\">2<\/a>\n<a class=\"next page-numbers\" href=\"https:\/\/fokusisrael.ch\/it\/wp-json\/wp\/v2\/pages\/3578\/page\/2\/\">Weiter \"<\/a><\/div>\n\t<\/nav><\/div><\/div>\n\n<p><\/p>\n","protected":false},"excerpt":{"rendered":"<p>Podcast da casa e dall&#8217;estero<\/p>\n","protected":false},"author":2,"featured_media":3579,"parent":3642,"menu_order":0,"comment_status":"closed","ping_status":"closed","template":"","meta":{"_hide_socialbar":"","footnotes":""},"categories":[],"tags":[],"class_list":["post-3578","page","type-page","status-publish","has-post-thumbnail","hentry"],"aioseo_notices":[],"_links":{"self":[{"href":"https:\/\/fokusisrael.ch\/it\/wp-json\/wp\/v2\/pages\/3578","targetHints":{"allow":["GET"]}}],"collection":[{"href":"https:\/\/fokusisrael.ch\/it\/wp-json\/wp\/v2\/pages"}],"about":[{"href":"https:\/\/fokusisrael.ch\/it\/wp-json\/wp\/v2\/types\/page"}],"author":[{"embeddable":true,"href":"https:\/\/fokusisrael.ch\/it\/wp-json\/wp\/v2\/users\/2"}],"replies":[{"embeddable":true,"href":"https:\/\/fokusisrael.ch\/it\/wp-json\/wp\/v2\/comments?post=3578"}],"version-history":[{"count":2,"href":"https:\/\/fokusisrael.ch\/it\/wp-json\/wp\/v2\/pages\/3578\/revisions"}],"predecessor-version":[{"id":3581,"href":"https:\/\/fokusisrael.ch\/it\/wp-json\/wp\/v2\/pages\/3578\/revisions\/3581"}],"up":[{"embeddable":true,"href":"https:\/\/fokusisrael.ch\/it\/wp-json\/wp\/v2\/pages\/3642"}],"wp:featuredmedia":[{"embeddable":true,"href":"https:\/\/fokusisrael.ch\/it\/wp-json\/wp\/v2\/media\/3579"}],"wp:attachment":[{"href":"https:\/\/fokusisrael.ch\/it\/wp-json\/wp\/v2\/media?parent=3578"}],"wp:term":[{"taxonomy":"category","embeddable":true,"href":"https:\/\/fokusisrael.ch\/it\/wp-json\/wp\/v2\/categories?post=3578"},{"taxonomy":"post_tag","embeddable":true,"href":"https:\/\/fokusisrael.ch\/it\/wp-json\/wp\/v2\/tags?post=3578"}],"curies":[{"name":"wp","href":"https:\/\/api.w.org\/{rel}","templated":true}]}}