{"id":3570,"date":"2025-03-19T18:58:12","date_gmt":"2025-03-19T17:58:12","guid":{"rendered":"https:\/\/fokusisrael.ch\/?page_id=3570"},"modified":"2025-10-15T13:35:56","modified_gmt":"2025-10-15T11:35:56","slug":"israele-e-il-medio-oriente-nei-media-svizzeri","status":"publish","type":"page","link":"https:\/\/fokusisrael.ch\/it\/background-e-opinioni-raccomandazioni-editoriali\/israele-e-il-medio-oriente-nei-media-svizzeri\/","title":{"rendered":"Israele e il Medio Oriente nei media svizzeri"},"content":{"rendered":"<div class=\"media__list\"><div class=\"media__list__item\">\n                            <h2 class=\"media__list__item__title\"><a href=\"https:\/\/epaper.nzz.ch\/article\/6\/6\/2025-05-10\/23\/334093342?signature=7d2bc759f74c0e855026cded318b927656bf2180efbbdf8d0dc67c0bc1d0e75c\" target=\"_blank\" rel=\"noopener noreferer\">Eine langfristige Besetzung schadet Israel<\/a><\/h2>\n                            <p class=\"media__list__item__copyright\">10. Mai 2025 - NZZ<\/p>\n                            <p class=\"media__list__item__text\">Israels Offensive im Gazastreifen droht in eine langfristige Besetzung umzuschlagen \u2013 entgegen fr\u00fcheren Ank\u00fcndigungen. W\u00e4hrend Premier Netanyahu milit\u00e4rischen Druck erh\u00f6ht, fehlen klare Nachkriegspl\u00e4ne und politische Alternativen zur Hamas. Der Preis k\u00f6nnte hoch sein: f\u00fcr die Region, f\u00fcr Israels internationale Beziehungen und f\u00fcr die innere Stabilit\u00e4t des Landes.<\/p>\n                        <\/div><div class=\"media__list__item\">\n                            <h2 class=\"media__list__item__title\"><a href=\"https:\/\/www.nzz.ch\/schweiz\/der-antisemitismus-an-den-universitaeten-vernebelt-das-denken-sagt-manuel-battegay-ld.1882846\" target=\"_blank\" rel=\"noopener noreferer\">\u00abWir erleben weltweit einen antisemitischen Tsunami, der linksextrem und islamistisch gepr\u00e4gt ist\u00bb<\/a><\/h2>\n                            <p class=\"media__list__item__copyright\">07. Mai 2025 - NZZ<\/p>\n                            <p class=\"media__list__item__text\">Die NZZ publiziert ein bemerkenswertes Interview mit dem emeritierten Infektiologieprofessor Manuel Battegay (65) \u00fcber die Krise an den Hochschulen und ob j\u00fcdisches Leben in der Schweiz eine Zukunft hat. Seit dem 7. Oktober 2023 sei nichts mehr so wie in den Jahrzehnten zuvor. \r\n\r\nAuf die Frage, was los ist an den Schweizer Hochschulen, antwortet Battegay: \u00abWir erleben weltweit einen antisemitischen Tsunami, der linksextrem und islamistisch gepr\u00e4gt ist. Der geht leider auch an den Universit\u00e4ten nicht ganz vorbei. Man schaut uns, die Juden, nicht mehr als Menschen an.\u00bb \r\n\r\nEs werde an den Unis behauptet, Israel sei ein Apartheidstaat. \u00abDabei sind 21 Prozent der B\u00fcrger arabische Israeli. From the river to the Sea ist ein Aufruf zur Ausl\u00f6schung des Landes Israel.\u00bb Es sei erschreckend, dass ein Teil der Professorenschaft den \u00abhasserf\u00fcllten Weg unbeirrt geht - und die Studenten sogar noch ermuntert, ihn mitzugehen\u00bb. Er sei nicht sicher, ob es noch stimmt, dass die Schweiz resilienter gegen Antisemitismus sei als andere L\u00e4nder.<\/p>\n                        <\/div><div class=\"media__list__item\">\n                            <h2 class=\"media__list__item__title\"><a href=\"https:\/\/epaper.sonntagszeitung.ch\/article\/10000\/10000\/2024-10-20\/5\/-1\" target=\"_blank\" rel=\"noopener noreferer\">Erf\u00fchlte Meinungen und historische Fakten \u2013 \u00fcber ein paar verbreitete Legenden in Sachen \u00abPal\u00e4stina\u00bb<\/a><\/h2>\n                            <p class=\"media__list__item__copyright\">21. Oktober 2024 - NZZ<\/p>\n                            <p class=\"media__list__item__text\">Die Haltung der Welt\u00f6ffentlichkeit zum Gaza-Krieg ist gespalten wie kaum je zuvor. Wer sich ein schl\u00fcssiges Bild des scheinbar unl\u00f6sbaren Konfliktes machen will, sollte die lange Geschichte gut kennen und genau analysieren \u2013 wider die Vorspiegelung falscher Tatsachen.<\/p>\n                        <\/div><div class=\"media__list__item\">\n                            <h2 class=\"media__list__item__title\"><a href=\"https:\/\/epaper.sonntagszeitung.ch\/article\/10000\/10000\/2024-10-20\/5\/-1\" target=\"_blank\" rel=\"noopener noreferer\">\u00abRadikal israel-kritische Tendenzen\u00bb: Jositsch r\u00fcgt Juso und SP-Pr\u00e4sidium<\/a><\/h2>\n                            <p class=\"media__list__item__copyright\">20. Oktober 2024 - sonntagszeitung.ch<\/p>\n                            <p class=\"media__list__item__text\">\u00abRadikal israel-kritische Tendenzen\u00bb: Jositsch r\u00fcgt Juso und SP-Pr\u00e4sidium<\/p>\n                        <\/div><div class=\"media__list__item\">\n                            <h2 class=\"media__list__item__title\"><a href=\"https:\/\/www.nzz.ch\/meinung\/vom-geburtshelfer-zur-unerwuenschten-person-die-schwierige-geschichte-israels-und-der-vereinten-nationen-ld.1852842\" target=\"_blank\" rel=\"noopener noreferer\">Vom Geburtshelfer zur \u00abunerw\u00fcnschten Person\u00bb \u2013 die schwierige Geschichte Israels und der Vereinten Nationen<\/a><\/h2>\n                            <p class=\"media__list__item__copyright\">16. Oktober 2024 - NZZ<\/p>\n                            <p class=\"media__list__item__text\">Die z\u00f6gerlichen und dann sogar ablehnenden Reaktionen von Uno-Offiziellen haben nach dem Trauma des 7.&nbsp;Oktober in Israel alle Hoffnungen zerst\u00f6rt, dass die Vereinten Nationen die Rolle eines ehrlichen Maklers spielen k\u00f6nnten.<\/p>\n                        <\/div><div class=\"media__list__item\">\n                            <h2 class=\"media__list__item__title\"><a href=\"https:\/\/www.nzz.ch\/meinung\/unifil-mission-im-libanon-sinnlose-praesenz-ld.1852989\" target=\"_blank\" rel=\"noopener noreferer\">Die Blauhelm-Soldaten sind bei ihren Eins\u00e4tzen zum Beobachten verdammt. Es ist h\u00f6chste Zeit, den Sinn ihrer Mission zu hinterfragen<\/a><\/h2>\n                            <p class=\"media__list__item__copyright\">15. Oktober 2024 - NZZ<\/p>\n                            <p class=\"media__list__item__text\">Ihr Mandat haben die Unifil-Soldaten nicht ausf\u00fcllen k\u00f6nnen. Statt dessen werden sie im s\u00fcdlibanesischen Kriegsgebiet selbst zum Ziel von Attacken.<\/p>\n                        <\/div><div class=\"media__list__item\">\n                            <h2 class=\"media__list__item__title\"><a href=\"https:\/\/www.blick.ch\/meinung\/berner-platte-die-kolumne-ordnung-in-der-wirrnis-der-gedanken-id20219112.html\" target=\"_blank\" rel=\"noopener noreferer\">Ordnung in der Wirrnis der Gedanken<\/a><\/h2>\n                            <p class=\"media__list__item__copyright\">13. Oktober 2024 - blick.ch<\/p>\n                            <p class=\"media__list__item__text\">Alfred Heer \u00fcber den Krisenherd Nahost und den wahren Kriegstreiber.<\/p>\n                        <\/div><div class=\"media__list__item\">\n                            <h2 class=\"media__list__item__title\"><a href=\"https:\/\/www.nzz.ch\/international\/1-jahr-gaza-krieg-die-hamas-hat-den-palaestinensern-die-hoffnung-genommen-ld.1851841\" target=\"_blank\" rel=\"noopener noreferer\">Die Hamas hat den Pal\u00e4stinensern die Hoffnung genommen: Drei Menschen aus dem Gazastreifen erz\u00e4hlen vom Jahr der Katastrophe<\/a><\/h2>\n                            <p class=\"media__list__item__copyright\">10. Oktober 2024 - NZZ<\/p>\n                            <p class=\"media__list__item__text\">Nach einem Jahr Tod, Hunger und Leid sind die Pal\u00e4stinenser ersch\u00f6pft. Ihre Chance auf ein Leben in Selbstbestimmung und Freiheit wird immer kleiner \u2013 eine Geschichte vom Ende der Zuversicht.<\/p>\n                        <\/div><div class=\"media__list__item\">\n                            <h2 class=\"media__list__item__title\"><a href=\"https:\/\/www.blick.ch\/meinung\/frank-a-meyer-die-kolumne-wir-id20200767.html\" target=\"_blank\" rel=\"noopener noreferer\">Frank A. Meyer \u2013 die Kolumne Wir<\/a><\/h2>\n                            <p class=\"media__list__item__copyright\">06. Oktober 2024 - blick.ch<\/p>\n                            <p class=\"media__list__item__text\">Erich Gysling, popul\u00e4rer Patriarch der helvetischen Nahost-Analytiker, sieht Israels Bodenangriff auf den Libanon mit sorgenzerfurchter Stirn: \u00abDie israelische Armee begibt sich in eine sehr heikle Situation.\u00bb<\/p>\n                        <\/div><div class=\"media__list__item\">\n                            <h2 class=\"media__list__item__title\"><a href=\"https:\/\/www.nzz.ch\/international\/7-oktober-2023-hamas-ueberfall-loest-antisemitismus-welle-in-europa-aus-ld.1850912\" target=\"_blank\" rel=\"noopener noreferer\">Seit dem Hamas-\u00dcberfall vom 7. Oktober erlebt Europa eine Welle des Antisemitismus<\/a><\/h2>\n                            <p class=\"media__list__item__copyright\">05. Oktober 2024 - NZZ<\/p>\n                            <p class=\"media__list__item__text\">Krieg im Nahen Osten bedeutet mehr Antisemitismus in Europa. In Frankreich, Deutschland und dem Vereinigten K\u00f6nigreich erreichen antisemitische Straftaten H\u00f6chstwerte.<\/p>\n                        <\/div><div class=\"media__list__item\">\n                            <h2 class=\"media__list__item__title\"><a href=\"https:\/\/www.aargauerzeitung.ch\/international\/kommentar-ein-jahr-nach-dem-hamas-massaker-israel-kaempft-ohne-uns-fuer-uns-ld.2681675\" target=\"_blank\" rel=\"noopener noreferer\">Ein Jahr nach dem Hamas-Massaker: Israel k\u00e4mpft ohne uns f\u00fcr uns<\/a><\/h2>\n                            <p class=\"media__list__item__copyright\">05. Oktober 2024 - Aargauer Zeitung<\/p>\n                            <p class=\"media__list__item__text\">Am Montag j\u00e4hrt sich der Hamas-Angriff gegen Israel. Was seither in Europa und auch in der Schweiz passierte, war seltsam: Israel wird dauernd kritisiert, auch wenn es das Richtige macht.<\/p>\n                        <\/div><div class=\"media__list__item\">\n                            <h2 class=\"media__list__item__title\"><a href=\"https:\/\/www.nzz.ch\/international\/wie-reagiert-iran-auf-israels-toetung-von-hassan-nasrallah-ld.1850622\" target=\"_blank\" rel=\"noopener noreferer\">\u00abKhamenei will keinen grossen Krieg\u00bb, sagt der israelische Iran-Experte Meir Litvak nach der T\u00f6tung von Hassan Nasrallah<\/a><\/h2>\n                            <p class=\"media__list__item__copyright\">29. September 2024 - NZZ<\/p>\n                            <p class=\"media__list__item__text\">Im Gespr\u00e4ch erl\u00e4utert der Professor f\u00fcr die Geschichte des Nahen Ostens, weshalb Iran nicht in Libanon intervenieren wird \u2013 und was die T\u00f6tung des Hizbullah-Chefs f\u00fcr die gesamte Region bedeutet.<\/p>\n                        <\/div><div class=\"media__list__item\">\n                            <h2 class=\"media__list__item__title\"><a href=\"https:\/\/www.nzz.ch\/feuilleton\/israels-dilemma-gegenueber-dem-absoluten-boesen-den-humanismus-zu-bewahren-ld.1846863\" target=\"_blank\" rel=\"noopener noreferer\">Der Hamas-Chef Yahya Sinwar nutzt die Schw\u00e4che des j\u00fcdischen Staates gnadenlos aus<\/a><\/h2>\n                            <p class=\"media__list__item__copyright\">06. September 2024 - NZZ<\/p>\n                            <p class=\"media__list__item__text\">Mit den Geiseln hat Sinwar ein Unterpfand in der Hand, das die israelische Gesellschaft spaltet.<\/p>\n                        <\/div><div class=\"media__list__item\">\n                            <h2 class=\"media__list__item__title\"><a href=\"https:\/\/www.nzz.ch\/meinung\/den-hamas-geiseln-in-gaza-laeuft-die-zeit-davon-ld.1846671\" target=\"_blank\" rel=\"noopener noreferer\">Will Israel die Geiseln retten, f\u00fchrt kein Weg an einem Abkommen mit der Hamas vorbei<\/a><\/h2>\n                            <p class=\"media__list__item__copyright\">04. September 2024 - NZZ<\/p>\n                            <p class=\"media__list__item__text\">Die Bek\u00e4mpfung der Islamisten wird Jahre dauern. Doch den entf\u00fchrten Israeli in Gaza l\u00e4uft die Zeit davon. Die Hamas zwingt Netanyahu in ein Dilemma.<\/p>\n                        <\/div><div class=\"media__list__item\">\n                            <h2 class=\"media__list__item__title\"><a href=\"https:\/\/www.nzz.ch\/meinung\/das-leben-waehlen-nicht-den-tod-warum-eine-aufloesung-der-unrwa-der-schluessel-zum-frieden-im-nahen-osten-ist-ld.1842874\" target=\"_blank\" rel=\"noopener noreferer\">Das Leben w\u00e4hlen, nicht den Tod \u2013 warum eine Aufl\u00f6sung der UNRWA der Schl\u00fcssel zum Frieden im Nahen Osten ist<\/a><\/h2>\n                            <p class=\"media__list__item__copyright\">27. August 2024 - NZZ<\/p>\n                            <p class=\"media__list__item__text\">Die UNWRA ist das strukturelle R\u00fcckgrat des illusion\u00e4ren pal\u00e4stinensischen Traums von einer Vernichtung Israels. Dabei sind die Pal\u00e4stinenser eigentlich l\u00e4ngst zu Hause angekommen \u2013 doch ihre Hass-Ideologie und ihr Selbstopfer-Kult sperren sich der Einsicht.<\/p>\n                        <\/div><div class=\"media__list__item\">\n                            <h2 class=\"media__list__item__title\"><a href=\"https:\/\/www.nzz.ch\/feuilleton\/israel-wird-zum-globalen-schurken-stilisiert-er-buesst-fuer-die-imperialistischen-suenden-des-westens-ld.1844041\" target=\"_blank\" rel=\"noopener noreferer\">Israel wird zum globalen Schurken stilisiert. Es b\u00fcsst f\u00fcr die imperialistischen S\u00fcnden des Westens<\/a><\/h2>\n                            <p class=\"media__list__item__copyright\">19. August 2024 - NZZ<\/p>\n                            <p class=\"media__list__item__text\">Die Hamas befeuerte mit dem Massaker am 7. Oktober eine neue Form des Antisemitismus, die an&nbsp;Universit\u00e4ten grassiert. Das globale \u00dcbel ist dabei die sogenannte weisse Vorherrschaft, der weisse Mann&nbsp;der Inbegriff des B\u00f6sen \u2013 und Israel tr\u00e4gt diese Erbs\u00fcnde.<\/p>\n                        <\/div><div class=\"media__list__item\">\n                            <h2 class=\"media__list__item__title\"><a href=\"https:\/\/www.nzz.ch\/zuerich\/hilfe-fuer-unrwa-gesellschaft-schweiz-israel-kritisiert-zuerichs-stadtpraesidentin-ld.1843455\" target=\"_blank\" rel=\"noopener noreferer\">\u00abDas Vorhaben ist verfassungswidrig\u00bb: Z\u00fcrcher FDP geht juristisch gegen Spenden an umstrittenes Uno-Hilfswerk vor<\/a><\/h2>\n                            <p class=\"media__list__item__copyright\">18. August 2024 - NZZ<\/p>\n                            <p class=\"media__list__item__text\">Stadtpr\u00e4sidentin Corine Mauch steht wegen Aussagen zur UNRWA im Stadtparlament in der Kritik.<\/p>\n                        <\/div><div class=\"media__list__item\">\n                            <h2 class=\"media__list__item__title\"><a href=\"https:\/\/www.tagesanzeiger.ch\/uni-bern-nach-eklat-an-nahost-institut-gibt-es-eine-befoerderung-302078219289\" target=\"_blank\" rel=\"noopener noreferer\">Statt einer Strafe gibt es eine Bef\u00f6rderung<\/a><\/h2>\n                            <p class=\"media__list__item__copyright\">18. August 2024 - TagesAnzeiger<\/p>\n                            <p class=\"media__list__item__text\">Wegen schwerer Missst\u00e4nde und Terrorismusverherrlichung l\u00f6ste die Universit\u00e4t Bern ihr Nahost-Institut&nbsp;auf. Jetzt weiss man, wie es weitergeht. Die Verantwortlichen werden geschont.<\/p>\n                        <\/div><div class=\"media__list__item\">\n                            <h2 class=\"media__list__item__title\"><a href=\"https:\/\/www.nzz.ch\/meinung\/im-bombenhagel-des-voelkerrechts-der-globale-juristische-feldzug-gegen-israel-ld.1842564\" target=\"_blank\" rel=\"noopener noreferer\">Im Bombenhagel des V\u00f6lkerrechts \u2013 warum der globale juristische Feldzug gegen Israel zum Scheitern verurteilt ist<\/a><\/h2>\n                            <p class=\"media__list__item__copyright\">17. August 2024 - NZZ<\/p>\n                            <p class=\"media__list__item__text\">Seit dem W\u00fcten der Hamas vom 7. Oktober und dem Gegenschlag der Armee steht Israel in der Kritik, in&nbsp;Gaza \u00abV\u00f6lkermord\u00bb zu begehen. Belegbar ist das in keiner Weise, und doch l\u00e4sst sich die internationale&nbsp;Justiz bereitwilligst in die Strategie der Verleumdung einspannen.<\/p>\n                        <\/div><div class=\"media__list__item\">\n                            <h2 class=\"media__list__item__title\"><a href=\"https:\/\/www.nzz.ch\/meinung\/zwei-missverstaendnisse-ueber-das-judentum-die-zum-antisemitismus-fuehren-ld.1840405?mktcid=smsh&#038;mktcval=WhatsApp\" target=\"_blank\" rel=\"noopener noreferer\">Zwei Missverst\u00e4ndnisse \u00fcber das Judentum, die zum Antisemitismus f\u00fchren<\/a><\/h2>\n                            <p class=\"media__list__item__copyright\">12. August 2024 - NZZ<\/p>\n                            <p class=\"media__list__item__text\">Das Judentum ist eigentlich keine universelle, sondern eine nationale Religion \u2013 und doch hat es durchaus&nbsp;einen universellen Aspekt.<\/p>\n                        <\/div><div class=\"pagination\">\n\t<nav class=\"navigation pagination\" aria-label=\"Paginazione degli articoli\">\n\t\t<h2 class=\"screen-reader-text\">Paginazione degli articoli<\/h2>\n\t\t<div class=\"nav-links\"><span aria-current=\"page\" class=\"page-numbers current\">1<\/span>\n<a class=\"page-numbers\" href=\"https:\/\/fokusisrael.ch\/it\/wp-json\/wp\/v2\/pages\/3570\/page\/2\/\">2<\/a>\n<a class=\"page-numbers\" href=\"https:\/\/fokusisrael.ch\/it\/wp-json\/wp\/v2\/pages\/3570\/page\/3\/\">3<\/a>\n<span class=\"page-numbers dots\">...<\/span>\n<a class=\"page-numbers\" href=\"https:\/\/fokusisrael.ch\/it\/wp-json\/wp\/v2\/pages\/3570\/page\/6\/\">6<\/a>\n<a class=\"next page-numbers\" href=\"https:\/\/fokusisrael.ch\/it\/wp-json\/wp\/v2\/pages\/3570\/page\/2\/\">Weiter \"<\/a><\/div>\n\t<\/nav><\/div><\/div>\n\n\n\n<p><\/p>\n","protected":false},"excerpt":{"rendered":"","protected":false},"author":2,"featured_media":3555,"parent":3642,"menu_order":0,"comment_status":"closed","ping_status":"closed","template":"","meta":{"_hide_socialbar":"","footnotes":""},"categories":[],"tags":[],"class_list":["post-3570","page","type-page","status-publish","has-post-thumbnail","hentry"],"aioseo_notices":[],"_links":{"self":[{"href":"https:\/\/fokusisrael.ch\/it\/wp-json\/wp\/v2\/pages\/3570","targetHints":{"allow":["GET"]}}],"collection":[{"href":"https:\/\/fokusisrael.ch\/it\/wp-json\/wp\/v2\/pages"}],"about":[{"href":"https:\/\/fokusisrael.ch\/it\/wp-json\/wp\/v2\/types\/page"}],"author":[{"embeddable":true,"href":"https:\/\/fokusisrael.ch\/it\/wp-json\/wp\/v2\/users\/2"}],"replies":[{"embeddable":true,"href":"https:\/\/fokusisrael.ch\/it\/wp-json\/wp\/v2\/comments?post=3570"}],"version-history":[{"count":2,"href":"https:\/\/fokusisrael.ch\/it\/wp-json\/wp\/v2\/pages\/3570\/revisions"}],"predecessor-version":[{"id":3574,"href":"https:\/\/fokusisrael.ch\/it\/wp-json\/wp\/v2\/pages\/3570\/revisions\/3574"}],"up":[{"embeddable":true,"href":"https:\/\/fokusisrael.ch\/it\/wp-json\/wp\/v2\/pages\/3642"}],"wp:featuredmedia":[{"embeddable":true,"href":"https:\/\/fokusisrael.ch\/it\/wp-json\/wp\/v2\/media\/3555"}],"wp:attachment":[{"href":"https:\/\/fokusisrael.ch\/it\/wp-json\/wp\/v2\/media?parent=3570"}],"wp:term":[{"taxonomy":"category","embeddable":true,"href":"https:\/\/fokusisrael.ch\/it\/wp-json\/wp\/v2\/categories?post=3570"},{"taxonomy":"post_tag","embeddable":true,"href":"https:\/\/fokusisrael.ch\/it\/wp-json\/wp\/v2\/tags?post=3570"}],"curies":[{"name":"wp","href":"https:\/\/api.w.org\/{rel}","templated":true}]}}