{"id":3545,"date":"2025-07-18T17:37:19","date_gmt":"2025-07-18T15:37:19","guid":{"rendered":"https:\/\/fokusisrael.ch\/?page_id=3545"},"modified":"2025-10-15T13:36:34","modified_gmt":"2025-10-15T11:36:34","slug":"newsletter","status":"publish","type":"page","link":"https:\/\/fokusisrael.ch\/it\/newsletter\/","title":{"rendered":"Newsletter"},"content":{"rendered":"\n<p>Rimani informato con FokusIsrael: notizie attuali, informazioni di base e analisi su Israele &#8211; iscriviti subito alla nostra newsletter e non perderti nulla!<\/p>\n\n\n<h2 class=\"wp-block-heading\">Archivio della newsletter<\/h2>\n\n<p>Nel nostro archivio troverai le nostre newsletter precedenti in formato PDF.<\/p>\n\n<ul class=\"wp-block-list\">\n<li><a href=\"https:\/\/fokusisrael.ch\/wp-content\/uploads\/2025\/08\/fokusisrael_2025-08-15.pdf\" target=\"_blank\" rel=\"noopener\" title=\"\">15\/08\/2025 &#8211; Modelli di pensiero europei sbagliati. Una dubbia propaganda della fame. Friedrich Merz in disparte.  <\/a><\/li>\n\n\n\n<li><a href=\"https:\/\/fokusisrael.ch\/wp-content\/uploads\/2025\/08\/fokusisrael_2025-08-08.pdf\" target=\"_blank\" rel=\"noopener\" title=\"\">08.08.2025 &#8211; Lacerato dalla decisione di entrare in guerra. La propaganda di Hamas nei media svizzeri. Non tutti gli ebrei sono uguali in Israele.  <\/a><\/li>\n\n\n\n<li><a href=\"https:\/\/fokusisrael.ch\/wp-content\/uploads\/2025\/08\/fokusisrael_2025-08-01.pdf\" target=\"_blank\" rel=\"noopener\" title=\"\">01\/08\/2025 &#8211; Soluzione a due Stati. Accusa di genocidio. Guerra di propaganda.  <\/a><\/li>\n\n\n\n<li><a href=\"https:\/\/fokusisrael.ch\/wp-content\/uploads\/2025\/07\/fokusisrael_2025-07-25.pdf\" target=\"_blank\" rel=\"noopener\" title=\"\">25.07.2025 &#8211; Ifat Reshev &#8211; Combattente per il suo paese e per la verit\u00e0. Perch\u00e9 criticare Israele invece di Hamas? La Svizzera \u00e8 sempre dalla parte degli oppositori di Israele.  <\/a><\/li>\n\n\n\n<li><a href=\"https:\/\/fokusisrael.ch\/wp-content\/uploads\/2025\/07\/fokusisrael_2025-07-18.pdf\" target=\"_blank\" rel=\"noopener\" title=\"\">18\/07\/2025 &#8211; Netanyahu in difficolt\u00e0. I partiti minori fanno pendere l&#8217;ago della bilancia. Reportage onesti su Israele  <\/a><\/li>\n\n\n\n<li><a href=\"https:\/\/fokusisrael.ch\/wp-content\/uploads\/2025\/07\/fokusisrael_2025-07-11.pdf\" target=\"_blank\" rel=\"noopener\" title=\"\">11\/07\/2025 &#8211; Perch\u00e9 non esiste ancora uno Stato palestinese?<\/a><\/li>\n\n\n\n<li><a href=\"https:\/\/fokusisrael.ch\/wp-content\/uploads\/2025\/07\/fokusisrael_2025-07-04.pdf\" target=\"_blank\" rel=\"noopener\" title=\"\">04.07.2025 &#8211; Cosa succeder\u00e0 a Gaza? Domande e risposte sulla guerra in Iran. I rapporti di Israele con i religiosi.  <\/a><\/li>\n\n\n\n<li><a href=\"https:\/\/fokusisrael.ch\/wp-content\/uploads\/2025\/07\/fokusisrael_2025-06-26.pdf\" target=\"_blank\" rel=\"noopener\" title=\"\">26\/06\/2025 &#8211; Il nuovo Medio Oriente. Il rabbino Ahrens contro C\u00e9dric Wermuth. La missione di Netanyahu.  <\/a><\/li>\n\n\n\n<li><a href=\"https:\/\/fokusisrael.ch\/wp-content\/uploads\/2025\/07\/fokusisrael_2025-06-19.pdf\" target=\"_blank\" rel=\"noopener\" title=\"\">19\/06\/2025 &#8211; I crimini di guerra dell&#8217;Iran. Gli errori di calcolo del regime degli Ayatollah. L&#8217;antisemitismo nell&#8217;Islam.  <\/a><\/li>\n\n\n\n<li><a href=\"https:\/\/fokusisrael.ch\/wp-content\/uploads\/2025\/07\/fokusisrael_2025-06-12.pdf\" target=\"_blank\" rel=\"noopener\" title=\"Fatti invece di accuse - Notizie e retroscena su Israele\">12.06.2025 &#8211; Fatti invece di accuse &#8211; Notizie e retroscena su Israele<\/a><\/li>\n<\/ul>\n\n<p><\/p>\n","protected":false},"excerpt":{"rendered":"<p>Rimani informato con FokusIsrael: notizie attuali, informazioni di base e analisi su Israele &#8211; iscriviti subito alla nostra newsletter e non perderti nulla! Archivio della newsletter Nel nostro archivio troverai le nostre newsletter precedenti in formato PDF.<\/p>\n","protected":false},"author":2,"featured_media":3546,"parent":0,"menu_order":0,"comment_status":"closed","ping_status":"closed","template":"","meta":{"_hide_socialbar":"","footnotes":""},"categories":[],"tags":[],"class_list":["post-3545","page","type-page","status-publish","has-post-thumbnail","hentry"],"aioseo_notices":[],"_links":{"self":[{"href":"https:\/\/fokusisrael.ch\/it\/wp-json\/wp\/v2\/pages\/3545","targetHints":{"allow":["GET"]}}],"collection":[{"href":"https:\/\/fokusisrael.ch\/it\/wp-json\/wp\/v2\/pages"}],"about":[{"href":"https:\/\/fokusisrael.ch\/it\/wp-json\/wp\/v2\/types\/page"}],"author":[{"embeddable":true,"href":"https:\/\/fokusisrael.ch\/it\/wp-json\/wp\/v2\/users\/2"}],"replies":[{"embeddable":true,"href":"https:\/\/fokusisrael.ch\/it\/wp-json\/wp\/v2\/comments?post=3545"}],"version-history":[{"count":2,"href":"https:\/\/fokusisrael.ch\/it\/wp-json\/wp\/v2\/pages\/3545\/revisions"}],"predecessor-version":[{"id":3548,"href":"https:\/\/fokusisrael.ch\/it\/wp-json\/wp\/v2\/pages\/3545\/revisions\/3548"}],"wp:featuredmedia":[{"embeddable":true,"href":"https:\/\/fokusisrael.ch\/it\/wp-json\/wp\/v2\/media\/3546"}],"wp:attachment":[{"href":"https:\/\/fokusisrael.ch\/it\/wp-json\/wp\/v2\/media?parent=3545"}],"wp:term":[{"taxonomy":"category","embeddable":true,"href":"https:\/\/fokusisrael.ch\/it\/wp-json\/wp\/v2\/categories?post=3545"},{"taxonomy":"post_tag","embeddable":true,"href":"https:\/\/fokusisrael.ch\/it\/wp-json\/wp\/v2\/tags?post=3545"}],"curies":[{"name":"wp","href":"https:\/\/api.w.org\/{rel}","templated":true}]}}