{"id":8513,"date":"2026-04-01T19:52:01","date_gmt":"2026-04-01T17:52:01","guid":{"rendered":"https:\/\/fokusisrael.ch\/questions-et-reponses-sur-israel-gaza-et-les-palestiniens\/apres-cette-guerre-une-chance-de-paix-durable-au-proche-orient\/"},"modified":"2026-04-02T00:34:34","modified_gmt":"2026-04-01T22:34:34","slug":"apres-cette-guerre-une-chance-de-paix-durable-au-proche-orient","status":"publish","type":"page","link":"https:\/\/fokusisrael.ch\/fr\/questions-et-reponses-sur-israel-gaza-et-les-palestiniens\/apres-cette-guerre-une-chance-de-paix-durable-au-proche-orient\/","title":{"rendered":"Apr\u00e8s cette guerre : une chance de paix durable au Proche-Orient ?"},"content":{"rendered":"\n<p><strong>Il est l&rsquo;une des voix juives les plus importantes &#8211; et les plus fortes &#8211; d&rsquo;Allemagne : Henryk M. Broder se bat sur sa plateforme <\/strong><a href=\"https:\/\/www.achgut.com\/autor\/broder\"><strong>\u00ab\u00a0Achse des Guten\u00a0\u00bb (axe du bien)<\/strong><\/a><strong>Il a \u00e9galement particip\u00e9 \u00e0 des manifestations contre l&rsquo;antis\u00e9mitisme et pour le droit \u00e0 l&rsquo;existence d&rsquo;Isra\u00ebl. Perspicace, courageux et allant droit au but.  FokusIsrael.ch a rencontr\u00e9 cet homme de 79 ans \u00e0 Zurich et lui a pos\u00e9 neuf questions sur la guerre contre les mollahs en Iran, Isra\u00ebl et l&rsquo;antis\u00e9mitisme.  <\/strong><\/p>\n\n<figure class=\"wp-block-embed is-type-video is-provider-youtube wp-block-embed-youtube wp-embed-aspect-16-9 wp-has-aspect-ratio\"><div class=\"wp-block-embed__wrapper\">\n<iframe loading=\"lazy\" title=\"Nach diesem Krieg: Chance auf dauerhaften Frieden im Nahen Osten?\" width=\"500\" height=\"281\" src=\"https:\/\/www.youtube.com\/embed\/kHikyKkrACY?feature=oembed\" frameborder=\"0\" allow=\"accelerometer; autoplay; clipboard-write; encrypted-media; gyroscope; picture-in-picture; web-share\" referrerpolicy=\"strict-origin-when-cross-origin\" allowfullscreen><\/iframe>\n<\/div><\/figure>\n\n<p><a href=\"https:\/\/fokusisrael.ch\/fr\/non-categorise\/henryk-m-broder-israel-derange-parce-quil-existe\/\" title=\"\">Vous pouvez lire ici l&rsquo;entretien avec Henryk M. Broder.<\/a><\/p>\n\n<p><\/p>\n","protected":false},"excerpt":{"rendered":"<p>Il est l&rsquo;une des voix juives les plus importantes &#8211; et les plus fortes &#8211; d&rsquo;Allemagne : Henryk M. Broder se bat sur sa plateforme \u00ab\u00a0Achse des Guten\u00a0\u00bb (axe du bien)Il a \u00e9galement particip\u00e9 \u00e0 des manifestations contre l&rsquo;antis\u00e9mitisme et pour le droit \u00e0 l&rsquo;existence d&rsquo;Isra\u00ebl. Perspicace, courageux et allant droit au but. FokusIsrael.ch a [&hellip;]<\/p>\n","protected":false},"author":2,"featured_media":8472,"parent":2814,"menu_order":4,"comment_status":"closed","ping_status":"closed","template":"","meta":{"_hide_socialbar":"","footnotes":""},"categories":[],"tags":[3285,375,456],"class_list":["post-8513","page","type-page","status-publish","has-post-thumbnail","hentry","tag-broder","tag-faq-fr-2","tag-interview-fr"],"aioseo_notices":[],"_links":{"self":[{"href":"https:\/\/fokusisrael.ch\/fr\/wp-json\/wp\/v2\/pages\/8513","targetHints":{"allow":["GET"]}}],"collection":[{"href":"https:\/\/fokusisrael.ch\/fr\/wp-json\/wp\/v2\/pages"}],"about":[{"href":"https:\/\/fokusisrael.ch\/fr\/wp-json\/wp\/v2\/types\/page"}],"author":[{"embeddable":true,"href":"https:\/\/fokusisrael.ch\/fr\/wp-json\/wp\/v2\/users\/2"}],"replies":[{"embeddable":true,"href":"https:\/\/fokusisrael.ch\/fr\/wp-json\/wp\/v2\/comments?post=8513"}],"version-history":[{"count":2,"href":"https:\/\/fokusisrael.ch\/fr\/wp-json\/wp\/v2\/pages\/8513\/revisions"}],"predecessor-version":[{"id":8593,"href":"https:\/\/fokusisrael.ch\/fr\/wp-json\/wp\/v2\/pages\/8513\/revisions\/8593"}],"up":[{"embeddable":true,"href":"https:\/\/fokusisrael.ch\/fr\/wp-json\/wp\/v2\/pages\/2814"}],"wp:featuredmedia":[{"embeddable":true,"href":"https:\/\/fokusisrael.ch\/fr\/wp-json\/wp\/v2\/media\/8472"}],"wp:attachment":[{"href":"https:\/\/fokusisrael.ch\/fr\/wp-json\/wp\/v2\/media?parent=8513"}],"wp:term":[{"taxonomy":"category","embeddable":true,"href":"https:\/\/fokusisrael.ch\/fr\/wp-json\/wp\/v2\/categories?post=8513"},{"taxonomy":"post_tag","embeddable":true,"href":"https:\/\/fokusisrael.ch\/fr\/wp-json\/wp\/v2\/tags?post=8513"}],"curies":[{"name":"wp","href":"https:\/\/api.w.org\/{rel}","templated":true}]}}