{"id":7142,"date":"2026-01-27T23:01:14","date_gmt":"2026-01-27T22:01:14","guid":{"rendered":"https:\/\/fokusisrael.ch\/invitation-a-voir-le-film-unraveling-unrwa\/"},"modified":"2026-02-02T11:29:34","modified_gmt":"2026-02-02T10:29:34","slug":"invitation-a-voir-le-film-unraveling-unrwa","status":"publish","type":"page","link":"https:\/\/fokusisrael.ch\/fr\/invitation-a-voir-le-film-unraveling-unrwa\/","title":{"rendered":"Invitation \u00e0 voir le film \u00ab\u00a0UNraveling UNRWA"},"content":{"rendered":"\n<p><strong>Je m&rsquo;inscris \u00e0 \u00ab\u00a0UNraveling UNRWA\u00a0\u00bb le lundi 16 f\u00e9vrier \u00e0 19h00, Centre communautaire de la Communaut\u00e9 cultuelle isra\u00e9lite de Zurich, Lavaterstrasse 33, 8002 Zurich<\/strong>:<\/p>\n\n<div class=\"wp-block-contact-form-7-contact-form-selector\">\n<div class=\"wpcf7 no-js\" id=\"wpcf7-f7129-o1\" lang=\"fr-FR\" dir=\"ltr\" data-wpcf7-id=\"7129\">\n<div class=\"screen-reader-response\"><p role=\"status\" aria-live=\"polite\" aria-atomic=\"true\"><\/p> <ul><\/ul><\/div>\n<form action=\"\/fr\/wp-json\/wp\/v2\/pages\/7142#wpcf7-f7129-o1\" method=\"post\" class=\"wpcf7-form init\" aria-label=\"Formulaire de contact\" novalidate=\"novalidate\" data-status=\"init\">\n<fieldset class=\"hidden-fields-container\"><input type=\"hidden\" name=\"_wpcf7\" value=\"7129\" \/><input type=\"hidden\" name=\"_wpcf7_version\" value=\"6.1.5\" \/><input type=\"hidden\" name=\"_wpcf7_locale\" value=\"fr_FR\" \/><input type=\"hidden\" name=\"_wpcf7_unit_tag\" value=\"wpcf7-f7129-o1\" \/><input type=\"hidden\" name=\"_wpcf7_container_post\" value=\"0\" \/><input type=\"hidden\" name=\"_wpcf7_posted_data_hash\" value=\"\" \/>\n<\/fieldset>\n<p>[r\u00e9ponse]\n<\/p>\n<div class=\"form__element__wrapper\">\n\t<div class=\"form__element\">\n\t\t<p><label> * Pr\u00e9nom<br \/>\n<span class=\"wpcf7-form-control-wrap\" data-name=\"your-firstname\"><input size=\"40\" maxlength=\"400\" class=\"wpcf7-form-control wpcf7-text wpcf7-validates-as-required form__element__input\" autocomplete=\"firstname\" aria-required=\"true\" aria-invalid=\"false\" value=\"\" type=\"text\" name=\"your-firstname\" \/><\/span> <\/label>\n\t\t<\/p>\n\t<\/div>\n\t<div class=\"form__element\">\n\t\t<p><label> * Nom de famille<br \/>\n<span class=\"wpcf7-form-control-wrap\" data-name=\"your-name\"><input size=\"40\" maxlength=\"400\" class=\"wpcf7-form-control wpcf7-text wpcf7-validates-as-required form__element__input\" autocomplete=\"name\" aria-required=\"true\" aria-invalid=\"false\" value=\"\" type=\"text\" name=\"your-name\" \/><\/span> <\/label>\n\t\t<\/p>\n\t<\/div>\n<\/div>\n<div class=\"form__element\">\n\t<p><label> * Adresse \u00e9lectronique<br \/>\n<span class=\"wpcf7-form-control-wrap\" data-name=\"your-email\"><input size=\"40\" maxlength=\"400\" class=\"wpcf7-form-control wpcf7-email wpcf7-validates-as-required wpcf7-text wpcf7-validates-as-email form__element__input\" autocomplete=\"email\" aria-required=\"true\" aria-invalid=\"false\" value=\"\" type=\"email\" name=\"your-email\" \/><\/span> <\/label>\n\t<\/p>\n<\/div>\n<p><strong>Accompagnateur<\/strong>\n<\/p>\n<div class=\"form__element__wrapper\">\n\t<div class=\"form__element\">\n\t\t<p><label> Pr\u00e9nom<br \/>\n<span class=\"wpcf7-form-control-wrap\" data-name=\"friend-firstname\"><input size=\"40\" maxlength=\"400\" class=\"wpcf7-form-control wpcf7-text form__element__input\" autocomplete=\"firstname\" aria-invalid=\"false\" value=\"\" type=\"text\" name=\"friend-firstname\" \/><\/span> <\/label>\n\t\t<\/p>\n\t<\/div>\n\t<div class=\"form__element\">\n\t\t<p><label> Nom de famille<br \/>\n<span class=\"wpcf7-form-control-wrap\" data-name=\"friend-name\"><input size=\"40\" maxlength=\"400\" class=\"wpcf7-form-control wpcf7-text form__element__input\" autocomplete=\"name\" aria-invalid=\"false\" value=\"\" type=\"text\" name=\"friend-name\" \/><\/span> <\/label>\n\t\t<\/p>\n\t<\/div>\n<\/div>\n<p><div class=\"cf7-cf-turnstile\" style=\"margin-top: 0px; margin-bottom: -15px;\"> <div id=\"cf-turnstile-cf7-2290449493\" class=\"cf-turnstile\" data-callback=\"turnstileCF7Callback\" data-sitekey=\"0x4AAAAAABBaKtahFfMWNc76\" data-theme=\"light\" data-language=\"de-de\" data-size=\"normal\" data-retry=\"auto\" data-retry-interval=\"1000\" data-refresh-expired=\"auto\" data-refresh-timeout=\"auto\" data-action=\"contact-form-7\" data-callback=\"turnstileCF7Callback\" data-appearance=\"always\"><\/div> <style>.wpcf7-submit { pointer-events: none; opacity: 0.5; }<\/style> <script>document.addEventListener(\"DOMContentLoaded\", function() { setTimeout(function(){ var e=document.getElementById(\"cf-turnstile-cf7-2290449493\"); if(e&&!e.innerHTML.trim()){turnstile.render(e, {sitekey:\"0x4AAAAAABBaKtahFfMWNc76\"});} }, 200); });<\/script> <br class=\"cf-turnstile-br cf-turnstile-br-cf7-2290449493\"> <style>#cf-turnstile-cf7-2290449493 { margin-left: -15px; }<\/style> <script>document.addEventListener(\"DOMContentLoaded\",function(){document.querySelectorAll('.wpcf7-form').forEach(function(e){e.addEventListener('submit',function(){if(document.getElementById('cf-turnstile-cf7-2290449493')){setTimeout(function(){turnstile.reset('#cf-turnstile-cf7-2290449493');},1000)}})})});<\/script> <\/div><br \/>\n<input class=\"wpcf7-form-control wpcf7-submit has-spinner form__submit\" type=\"submit\" value=\"S&#039;inscrire\" \/>\n<\/p><div class=\"wpcf7-response-output\" aria-hidden=\"true\"><\/div>\n<\/form>\n<\/div>\n<\/div>\n\n<p>Veuillez vous munir d&rsquo;une pi\u00e8ce d&rsquo;identit\u00e9 personnelle<\/p>\n","protected":false},"excerpt":{"rendered":"<p>Je m&rsquo;inscris \u00e0 \u00ab\u00a0UNraveling UNRWA\u00a0\u00bb le lundi 16 f\u00e9vrier \u00e0 19h00, Centre communautaire de la Communaut\u00e9 cultuelle isra\u00e9lite de Zurich, Lavaterstrasse 33, 8002 Zurich: Veuillez vous munir d&rsquo;une pi\u00e8ce d&rsquo;identit\u00e9 personnelle<\/p>\n","protected":false},"author":2,"featured_media":0,"parent":0,"menu_order":0,"comment_status":"closed","ping_status":"closed","template":"","meta":{"_hide_socialbar":"","footnotes":""},"categories":[],"tags":[],"class_list":["post-7142","page","type-page","status-publish","hentry"],"aioseo_notices":[],"_links":{"self":[{"href":"https:\/\/fokusisrael.ch\/fr\/wp-json\/wp\/v2\/pages\/7142","targetHints":{"allow":["GET"]}}],"collection":[{"href":"https:\/\/fokusisrael.ch\/fr\/wp-json\/wp\/v2\/pages"}],"about":[{"href":"https:\/\/fokusisrael.ch\/fr\/wp-json\/wp\/v2\/types\/page"}],"author":[{"embeddable":true,"href":"https:\/\/fokusisrael.ch\/fr\/wp-json\/wp\/v2\/users\/2"}],"replies":[{"embeddable":true,"href":"https:\/\/fokusisrael.ch\/fr\/wp-json\/wp\/v2\/comments?post=7142"}],"version-history":[{"count":3,"href":"https:\/\/fokusisrael.ch\/fr\/wp-json\/wp\/v2\/pages\/7142\/revisions"}],"predecessor-version":[{"id":7342,"href":"https:\/\/fokusisrael.ch\/fr\/wp-json\/wp\/v2\/pages\/7142\/revisions\/7342"}],"wp:attachment":[{"href":"https:\/\/fokusisrael.ch\/fr\/wp-json\/wp\/v2\/media?parent=7142"}],"wp:term":[{"taxonomy":"category","embeddable":true,"href":"https:\/\/fokusisrael.ch\/fr\/wp-json\/wp\/v2\/categories?post=7142"},{"taxonomy":"post_tag","embeddable":true,"href":"https:\/\/fokusisrael.ch\/fr\/wp-json\/wp\/v2\/tags?post=7142"}],"curies":[{"name":"wp","href":"https:\/\/api.w.org\/{rel}","templated":true}]}}