{"id":2826,"date":"2024-01-30T16:02:00","date_gmt":"2024-01-30T15:02:00","guid":{"rendered":"https:\/\/fokusisrael.ch\/israel-et-le-moyen-orient\/en-israel-aussi-tous-les-juifs-ne-se-valent-pas\/"},"modified":"2025-10-15T13:38:09","modified_gmt":"2025-10-15T11:38:09","slug":"en-israel-aussi-tous-les-juifs-ne-se-valent-pas","status":"publish","type":"page","link":"https:\/\/fokusisrael.ch\/fr\/israel-et-le-moyen-orient\/en-israel-aussi-tous-les-juifs-ne-se-valent-pas\/","title":{"rendered":"En Isra\u00ebl aussi, tous les juifs ne se valent pas"},"content":{"rendered":"\n<p class=\"article__intro\">La d\u00e9cision de partage de l&rsquo;ONU de 1947 d\u00e9finit Isra\u00ebl comme un \u00c9tat pour les Juifs. Et dans la d\u00e9claration d&rsquo;ind\u00e9pendance isra\u00e9lienne, par laquelle David Ben Gourion a proclam\u00e9 l&rsquo;\u00c9tat d&rsquo;Isra\u00ebl le 14 mai 1948, le juda\u00efsme occupe une place centrale. <\/p>\n\n<figure class=\"wp-block-image size-full\"><img loading=\"lazy\" decoding=\"async\" width=\"1024\" height=\"600\" src=\"https:\/\/fokusisrael.ch\/wp-content\/uploads\/2025\/03\/Klagemauer-1_Miklos-Klaus-Rozsa.jpg\" alt=\"Un juif orthodoxe v&#xEA;tu d'un manteau noir et d'un chapeau passe un coup de t&#xE9;l&#xE9;phone dans une ville, ce qui montre l'alliance de la tradition et de la modernit&#xE9; devant des murs de pierre.\" class=\"wp-image-815\" srcset=\"https:\/\/fokusisrael.ch\/wp-content\/uploads\/2025\/03\/Klagemauer-1_Miklos-Klaus-Rozsa.jpg 1024w, https:\/\/fokusisrael.ch\/wp-content\/uploads\/2025\/03\/Klagemauer-1_Miklos-Klaus-Rozsa-300x176.jpg 300w, https:\/\/fokusisrael.ch\/wp-content\/uploads\/2025\/03\/Klagemauer-1_Miklos-Klaus-Rozsa-768x450.jpg 768w\" sizes=\"auto, (max-width: 1024px) 100vw, 1024px\" \/><figcaption class=\"wp-element-caption\">Un juif orthodoxe v\u00eatu d&rsquo;un manteau noir et d&rsquo;un chapeau passe un coup de t\u00e9l\u00e9phone dans une ville, ce qui montre l&rsquo;alliance de la tradition et de la modernit\u00e9 devant des murs de pierre. <span class=\"image-meta\">&copy; MKR <a href=\"https:\/\/photoscene.jimdo.com\/\" target=\"_blank\" rel=\"noopener\">photoscene.ch<\/a><\/span><\/figcaption><\/figure>\n\n<p>Ce n&rsquo;est pas aussi \u00e9vident qu&rsquo;il pourrait y para\u00eetre. En effet, le <a href=\"\/israel-naher-osten\/der-zionismus\/\">sionisme<\/a> moderne, n\u00e9 au XIXe si\u00e8cle et force motrice pour la cr\u00e9ation d&rsquo;un \u00c9tat juif ind\u00e9pendant, \u00e9tait un mouvement la\u00efc. Il y avait certes des sionistes religieux. Mais Theodor Herzl, le p\u00e8re du sionisme moderne, et la majorit\u00e9 des d\u00e9l\u00e9gu\u00e9s aux congr\u00e8s sionistes qui, \u00e0 partir de 1897, ont \u0153uvr\u00e9 \u00e0 la cr\u00e9ation d&rsquo;un \u00c9tat juif ind\u00e9pendant en Palestine, \u00e9taient des Juifs tr\u00e8s la\u00efques.  <br \/><br \/>Cela n&rsquo;a pas chang\u00e9 jusqu&rsquo;\u00e0 aujourd&rsquo;hui. Selon le bureau isra\u00e9lien des statistiques, 7,1 millions de Juifs vivaient en Isra\u00ebl fin 2022[i]. Selon leur propre \u00e9valuation, il s&rsquo;agit de :  <br \/><br \/>49% la\u00efc<br \/>29% traditionnel<br \/>13% orthodoxe moderne<br \/>9% ultra-orthodoxe (hared).<br \/><br \/>C&rsquo;est ce que r\u00e9v\u00e8le un sondage r\u00e9alis\u00e9 par l&rsquo;institut de sondage am\u00e9ricain Pew Research Center. L&rsquo;enqu\u00eate date de 2014\/2015 et est donc plus ancienne que les derni\u00e8res donn\u00e9es statistiques officielles sur la population. Mais le message principal de l&rsquo;enqu\u00eate est toujours valable.  <\/p>\n\n<figure class=\"wp-block-image size-full\"><img loading=\"lazy\" decoding=\"async\" width=\"1024\" height=\"600\" src=\"https:\/\/fokusisrael.ch\/wp-content\/uploads\/2025\/03\/Klaus-Kaeppli.jpg\" alt=\"Diverses casquettes\" class=\"wp-image-814\" srcset=\"https:\/\/fokusisrael.ch\/wp-content\/uploads\/2025\/03\/Klaus-Kaeppli.jpg 1024w, https:\/\/fokusisrael.ch\/wp-content\/uploads\/2025\/03\/Klaus-Kaeppli-300x176.jpg 300w, https:\/\/fokusisrael.ch\/wp-content\/uploads\/2025\/03\/Klaus-Kaeppli-768x450.jpg 768w\" sizes=\"auto, (max-width: 1024px) 100vw, 1024px\" \/><figcaption class=\"wp-element-caption\"> <span class=\"image-meta\">&copy; MKR <a href=\"https:\/\/photoscene.jimdo.com\/\" target=\"_blank\" rel=\"noopener\">photoscene.ch<\/a><\/span><\/figure><\/figcaption>\n\n<h3 class=\"wp-block-heading\">Conflits programm\u00e9s<\/h3>\n\n<p>La diff\u00e9rence d&rsquo;importance que rev\u00eat la religion pour les juifs la\u00efcs et traditionnels (78% au total) d&rsquo;une part, et l&rsquo;importance de la religion pour les juifs orthodoxes modernes et ultra-orthodoxes (22% au total) d&rsquo;autre part, est source de conflits potentiels, tant dans la vie quotidienne que dans la politique.<br \/><br \/>Cela commence par la r\u00e9glementation des transports publics qui, dans la plupart des endroits d&rsquo;Isra\u00ebl, ne fonctionnent pas le jour du shabbat (c&rsquo;est-\u00e0-dire du vendredi soir au samedi soir), car la conduite est interdite par la loi religieuse juive. Et cela va jusqu&rsquo;\u00e0 la question de savoir si les juifs orthodoxes peuvent \u00eatre contraints de faire leur <a href=\"\/fr\/?page_id=2763\">service militaire<\/a> contre leur gr\u00e9. <br \/><br \/>La Cour supr\u00eame isra\u00e9lienne a rendu en 2017 une d\u00e9cision de principe en ce sens. Elle a donc demand\u00e9 au gouvernement et au parlement de modifier une disposition datant de la cr\u00e9ation de l&rsquo;\u00c9tat et qui exemptait les juifs orthodoxes du service militaire. Cette d\u00e9cision de justice a provoqu\u00e9 \u00e0 l&rsquo;\u00e9poque des protestations massives dans la partie orthodoxe de la population et des d\u00e9bats au Parlement. N\u00e9anmoins, il y avait toujours des Juifs orthodoxes qui s&rsquo;engageaient dans le service militaire. Ils se faisaient remarquer par leur volont\u00e9 de se battre, mais \u00e9taient doublement isol\u00e9s : dans l&rsquo;arm\u00e9e en raison de leur radicalisme, dans leur propre communaut\u00e9 parce qu&rsquo;ils violaient des commandements et cr\u00e9aient un pr\u00e9c\u00e9dent d\u00e9sagr\u00e9able. Apr\u00e8s l&rsquo;attaque terroriste d\u00e9vastatrice du Hamas le 7 octobre 2023, plus de 2 000 juifs orthodoxes se sont port\u00e9s volontaires pour le service militaire.     <br \/><br \/>La division entre les juifs la\u00efques et traditionnels d&rsquo;une part, et les juifs orthodoxes modernes et ultra-orthodoxes d&rsquo;autre part, est \u00e9galement un sujet r\u00e9current en politique. Il s&rsquo;agit \u00e9galement de d\u00e9cider si les lois de l&rsquo;\u00c9tat doivent suivre les prescriptions religieuses, ce que les juifs orthodoxes pr\u00e9conisent. Ou si elles doivent rester fondamentalement la\u00efques, comme c&rsquo;est d\u00e9sormais le cas par analogie avec d&rsquo;autres <a href=\"\/israel-naher-osten\/das-regierungs-und-justizsystem-796\/\">d\u00e9mocraties occidentales<\/a> &#8211; et comme le demandent les milieux juifs la\u00efques et traditionnels.  <\/p>\n\n<h3 class=\"wp-block-heading\">Faire pencher la balance<\/h3>\n\n<p>Les juifs orthodoxes et ultra-orthodoxes ne repr\u00e9sentent certes ensemble qu&rsquo;environ 20% de la population juive et m\u00eame seulement 15% de la population totale d&rsquo;Isra\u00ebl. Mais ils ont un poids politique disproportionn\u00e9. Cela est li\u00e9 au syst\u00e8me \u00e9lectoral isra\u00e9lien. En effet, lors des \u00e9lections au Parlement isra\u00e9lien, la Knesset, la barre pour les partis n&rsquo;est que de 3,4%.   <br \/><br \/>Il en r\u00e9sulte une forte fragmentation des forces politiques. En cons\u00e9quence, m\u00eame les petits partis orthodoxes et ultra-orthodoxes font souvent pencher la balance lorsqu&rsquo;il s&rsquo;agit de former une coalition gouvernementale. Gr\u00e2ce \u00e0 cette position, les partis juifs orthodoxes et ultra-orthodoxes sont toujours en mesure d&rsquo;imposer des concessions politiques. Bien qu&rsquo;Isra\u00ebl soit un \u00c9tat la\u00efc, la religion joue un r\u00f4le beaucoup plus important dans la politique isra\u00e9lienne que dans d&rsquo;autres d\u00e9mocraties occidentales.     <br \/><br \/>Lecture recommand\u00e9e par la r\u00e9daction<br \/><a href=\"https:\/\/www.bpb.de\/themen\/naher-mittlerer-osten\/israel\/45108\/die-bedeutung-der-religion-im-staat-israel\/#:~:text=In%20Israel%20sind%20alle%20gro%C3%9Fen,der%20Geh%C3%A4lter%20der%20religi%C3%B6sen%20Amtstr%C3%A4ger.\" target=\"_blank\" rel=\"noreferrer noopener\">L&rsquo;importance de la religion dans l&rsquo;\u00c9tat d&rsquo;Isra\u00ebl | Isra\u00ebl | bpb.de<\/a><br \/><br \/>[i] Au total, la population r\u00e9sidente isra\u00e9lienne s&rsquo;\u00e9levait \u00e0 9,65 millions \u00e0 la fin de l&rsquo;ann\u00e9e 2022, selon le bureau des statistiques. Parmi eux, 7,1 millions \u00e9taient juifs, 2,03 millions \u00e9taient arabes et 0,51 million appartenaient \u00e0 un autre groupe de population. <\/p>\n","protected":false},"excerpt":{"rendered":"<p>La d\u00e9cision de partage de l&rsquo;ONU de 1947 d\u00e9finit Isra\u00ebl comme un \u00c9tat pour les Juifs. Et dans la d\u00e9claration d&rsquo;ind\u00e9pendance isra\u00e9lienne, par laquelle David Ben Gourion a proclam\u00e9 l&rsquo;\u00c9tat d&rsquo;Isra\u00ebl le 14 mai 1948, le juda\u00efsme occupe une place centrale. Ce n&rsquo;est pas aussi \u00e9vident qu&rsquo;il pourrait y para\u00eetre. En effet, le sionisme moderne, [&hellip;]<\/p>\n","protected":false},"author":2,"featured_media":2372,"parent":2802,"menu_order":0,"comment_status":"closed","ping_status":"closed","template":"","meta":{"_hide_socialbar":"","footnotes":""},"categories":[],"tags":[395,372,380],"class_list":["post-2826","page","type-page","status-publish","has-post-thumbnail","hentry","tag-antisemitisme","tag-israel-fr","tag-sionisme"],"aioseo_notices":[],"_links":{"self":[{"href":"https:\/\/fokusisrael.ch\/fr\/wp-json\/wp\/v2\/pages\/2826","targetHints":{"allow":["GET"]}}],"collection":[{"href":"https:\/\/fokusisrael.ch\/fr\/wp-json\/wp\/v2\/pages"}],"about":[{"href":"https:\/\/fokusisrael.ch\/fr\/wp-json\/wp\/v2\/types\/page"}],"author":[{"embeddable":true,"href":"https:\/\/fokusisrael.ch\/fr\/wp-json\/wp\/v2\/users\/2"}],"replies":[{"embeddable":true,"href":"https:\/\/fokusisrael.ch\/fr\/wp-json\/wp\/v2\/comments?post=2826"}],"version-history":[{"count":3,"href":"https:\/\/fokusisrael.ch\/fr\/wp-json\/wp\/v2\/pages\/2826\/revisions"}],"predecessor-version":[{"id":5295,"href":"https:\/\/fokusisrael.ch\/fr\/wp-json\/wp\/v2\/pages\/2826\/revisions\/5295"}],"up":[{"embeddable":true,"href":"https:\/\/fokusisrael.ch\/fr\/wp-json\/wp\/v2\/pages\/2802"}],"wp:featuredmedia":[{"embeddable":true,"href":"https:\/\/fokusisrael.ch\/fr\/wp-json\/wp\/v2\/media\/2372"}],"wp:attachment":[{"href":"https:\/\/fokusisrael.ch\/fr\/wp-json\/wp\/v2\/media?parent=2826"}],"wp:term":[{"taxonomy":"category","embeddable":true,"href":"https:\/\/fokusisrael.ch\/fr\/wp-json\/wp\/v2\/categories?post=2826"},{"taxonomy":"post_tag","embeddable":true,"href":"https:\/\/fokusisrael.ch\/fr\/wp-json\/wp\/v2\/tags?post=2826"}],"curies":[{"name":"wp","href":"https:\/\/api.w.org\/{rel}","templated":true}]}}