{"id":2823,"date":"2025-02-06T00:59:27","date_gmt":"2025-02-05T23:59:27","guid":{"rendered":"https:\/\/fokusisrael.ch\/declaration-de-confidentialite\/"},"modified":"2025-10-15T13:38:09","modified_gmt":"2025-10-15T11:38:09","slug":"declaration-de-confidentialite","status":"publish","type":"page","link":"https:\/\/fokusisrael.ch\/fr\/declaration-de-confidentialite\/","title":{"rendered":"D\u00e9claration de confidentialit\u00e9"},"content":{"rendered":"\n<h2 class=\"wp-block-heading\">Introduction<\/h2>\n\n<p>La pr\u00e9sente d\u00e9claration de confidentialit\u00e9 vous informe sur le traitement des donn\u00e9es \u00e0 caract\u00e8re personnel dans le cadre de l&rsquo;utilisation de nos pages Internet. L&rsquo;abr\u00e9viation RGPD signifie R\u00e8glement g\u00e9n\u00e9ral sur la protection des donn\u00e9es de l&rsquo;UE et concerne les personnes de l&rsquo;UE qui visitent notre site (ci-apr\u00e8s les personnes de l&rsquo;UE). L&rsquo;abr\u00e9viation LPD d\u00e9signe la loi suisse sur la protection des donn\u00e9es et concerne les personnes en Suisse qui visitent nos pages (ci-apr\u00e8s les personnes de Suisse).  <\/p>\n\n<h2 class=\"wp-block-heading\">Droit \u00e0 l&rsquo;information<\/h2>\n\n<p>Conform\u00e9ment \u00e0 l&rsquo;art. 25 LPD \/ art. 15 RGPD, vous avez le droit de nous demander de confirmer si des donn\u00e9es personnelles vous concernant sont trait\u00e9es. En cas de traitement, vous avez le droit d&rsquo;obtenir des informations sur ces donn\u00e9es ainsi que d&rsquo;autres informations conform\u00e9ment \u00e0 l&rsquo;art. 25 LPD \/ art. 15 RGPD. <\/p>\n\n<h2 class=\"wp-block-heading\">Droit de rectification<\/h2>\n\n<p>Conform\u00e9ment \u00e0 l&rsquo;article 6 LPD \/ article 16 RGPD, vous avez le droit d&rsquo;exiger la rectification imm\u00e9diate des donn\u00e9es \u00e0 caract\u00e8re personnel inexactes. Vous pouvez \u00e9galement demander que les donn\u00e9es \u00e0 caract\u00e8re personnel incompl\u00e8tes soient compl\u00e9t\u00e9es. <\/p>\n\n<h2 class=\"wp-block-heading\">Droit \u00e0 l&rsquo;effacement<\/h2>\n\n<p>Les personnes de l&rsquo;UE ont le droit de nous demander d&rsquo;effacer imm\u00e9diatement leurs donn\u00e9es personnelles si les conditions de l&rsquo;article 17 du RGPD sont remplies. Les personnes r\u00e9sidant en Suisse ont \u00e9galement le droit de demander l&rsquo;effacement dans les cas pr\u00e9vus par la loi, par exemple lorsque les donn\u00e9es ne sont plus n\u00e9cessaires ou que le consentement a \u00e9t\u00e9 retir\u00e9. <\/p>\n\n<h2 class=\"wp-block-heading\">Transmission de donn\u00e9es \u00e0 des tiers<\/h2>\n\n<p>En principe, nous ne transmettons pas \u00e0 des tiers les donn\u00e9es personnelles qui nous sont communiqu\u00e9es, notamment \u00e0 des fins publicitaires. Toutefois, lorsque nous collaborons avec des tiers pour l&rsquo;exploitation de nos sites Internet ou la fourniture de produits\/services, nous prenons des mesures de protection des donn\u00e9es et choisissons soigneusement nos prestataires de services. <\/p>\n\n<h2 class=\"wp-block-heading\">Traitement des donn\u00e9es en Suisse \/ dans l&rsquo;UE<\/h2>\n\n<p>Nous traitons g\u00e9n\u00e9ralement les donn\u00e9es en Suisse (transfert de donn\u00e9es lors de la conclusion du contrat, fichiers journaux du serveur, formulaire de contact, enregistrement, cookies). L&rsquo;UE a constat\u00e9 un niveau de protection des donn\u00e9es ad\u00e9quat pour la Suisse. Les prestataires de services dont nous utilisons les plug-ins et les outils traitent parfois des donn\u00e9es en dehors de l&rsquo;UE, ce qui est r\u00e9v\u00e9l\u00e9 dans la pr\u00e9sente d\u00e9claration de confidentialit\u00e9 lors de l&rsquo;explication des plug-ins\/outils utilis\u00e9s.  <\/p>\n\n<h2 class=\"wp-block-heading\">Droit \u00e0 la limitation du traitement<\/h2>\n\n<p>Conform\u00e9ment \u00e0 l&rsquo;article 18 du RGPD, les personnes originaires de l&rsquo;UE ont le droit, dans certaines conditions, de demander la limitation du traitement de leurs donn\u00e9es personnelles.<\/p>\n\n<h2 class=\"wp-block-heading\">Droit \u00e0 la portabilit\u00e9 des donn\u00e9es<\/h2>\n\n<p>Conform\u00e9ment \u00e0 l&rsquo;article 20 du RGPD, les personnes de l&rsquo;UE ont le droit de recevoir les donn\u00e9es \u00e0 caract\u00e8re personnel qu&rsquo;elles nous ont fournies dans un format structur\u00e9, couramment utilis\u00e9 et lisible par machine, et de les transmettre \u00e0 un autre responsable du traitement.<\/p>\n\n<h2 class=\"wp-block-heading\">Droit d&rsquo;opposition<\/h2>\n\n<p>Conform\u00e9ment \u00e0 l&rsquo;article 21 du RGPD, les personnes de l&rsquo;UE ont le droit de s&rsquo;opposer au traitement de leurs donn\u00e9es personnelles, notamment en cas de publicit\u00e9 directe.<\/p>\n\n<h2 class=\"wp-block-heading\">Droit de recours Autorit\u00e9 de contr\u00f4le<\/h2>\n\n<p>Les personnes de l&rsquo;UE ont le droit de d\u00e9poser une plainte aupr\u00e8s de l&rsquo;autorit\u00e9 de contr\u00f4le conform\u00e9ment \u00e0 l&rsquo;article 77 du RGPD. Les personnes r\u00e9sidant en Suisse peuvent utiliser les voies de recours pr\u00e9vues aux articles 32 \/ 41 \/ 4 de la LPD. <\/p>\n\n<h2 class=\"wp-block-heading\">Fichiers journaux du serveur<\/h2>\n\n<p>Lorsque vous consultez notre site web, l&rsquo;entreprise mandat\u00e9e traite et enregistre des informations techniques sur votre terminal et votre navigateur, ainsi que votre adresse IP. Ces donn\u00e9es servent \u00e0 la consultation technique et \u00e0 la s\u00e9curit\u00e9 de notre site web et sont supprim\u00e9es de mani\u00e8re anonyme d\u00e8s qu&rsquo;elles ne sont plus n\u00e9cessaires \u00e0 la d\u00e9fense contre les attaques. <\/p>\n\n<h2 class=\"wp-block-heading\">Transfert de donn\u00e9es lors de la conclusion d&rsquo;un contrat<\/h2>\n\n<p>Pour la conclusion et l&rsquo;ex\u00e9cution d&rsquo;un contrat, nous traitons les donn\u00e9es que vous avez fournies et les transmettons dans la mesure n\u00e9cessaire aux prestataires de services d&rsquo;exp\u00e9dition et de facturation. Le traitement est effectu\u00e9 pour l&rsquo;ex\u00e9cution du contrat et pour d\u00e9tecter les tentatives de fraude. <\/p>\n\n<h2 class=\"wp-block-heading\">Cookies et outils d&rsquo;analyse<\/h2>\n\n<p>Nous utilisons des cookies de session, de petits fichiers de donn\u00e9es utilis\u00e9s par la plupart des sites web. Ces cookies ne contiennent pas d&rsquo;informations personnalis\u00e9es, mais uniquement des num\u00e9ros d&rsquo;identification qui n&rsquo;ont aucune signification en dehors de notre site web. En outre, nous utilisons Google Analytics pour analyser le comportement des utilisateurs sur notre site web. Google Analytics utilise \u00e9galement des cookies. Les informations g\u00e9n\u00e9r\u00e9es par le cookie concernant votre utilisation de ce site web sont g\u00e9n\u00e9ralement transmises \u00e0 un serveur de Google aux \u00c9tats-Unis et y sont stock\u00e9es. Sur ce site web, nous utilisons, outre les fonctions standard, des services int\u00e9gr\u00e9s pour lesquels des donn\u00e9es sont collect\u00e9es dans Google Analytics \u00e0 des fins publicitaires, y compris la collecte de donn\u00e9es via des cookies pour les pr\u00e9f\u00e9rences publicitaires et les identifiants anonymes. Outre les donn\u00e9es collect\u00e9es par l&rsquo;outil d&rsquo;analyse Google Analytics, des informations suppl\u00e9mentaires sont collect\u00e9es via les cookies Google pour les pr\u00e9f\u00e9rences publicitaires et les identifiants anonymes pour les acc\u00e8s. Nous utilisons ces informations pour am\u00e9liorer nos offres web.       <br \/><br \/>Ces outils servent \u00e0 assurer la s\u00e9curit\u00e9 de notre site et de nos syst\u00e8mes. En outre, ils servent \u00e0 enregistrer le comportement d&rsquo;utilisation des utilisateurs afin d&rsquo;am\u00e9liorer nos services et de proc\u00e9der \u00e0 des \u00e9valuations statistiques. Nous pouvons ainsi adapter le contenu de nos pages web aux besoins concrets des visiteurs. Toutes ces utilisations sont enti\u00e8rement anonymes. Nous ne transmettons pas ces informations \u00e0 des tiers, sauf si cela est exig\u00e9 par les autorit\u00e9s comp\u00e9tentes.    <br \/><br \/>Nous nous r\u00e9servons le droit d&rsquo;identifier les utilisateurs, mais uniquement en cas de suspicion raisonnable d&rsquo;utilisation abusive du site web et\/ou en cas de violation grave des conditions g\u00e9n\u00e9rales.<br \/><br \/>Vous pouvez bien entendu utiliser nos sites web sans cookies. Vous pouvez refuser les cookies en param\u00e9trant votre navigateur en cons\u00e9quence, en d\u00e9sactivant l&rsquo;option d&rsquo;enregistrement des cookies ou en demandant au navigateur (g\u00e9n\u00e9ralement sous \u00ab\u00a0Options Internet\u00a0\u00bb ou \u00ab\u00a0Pr\u00e9f\u00e9rences\u00a0\u00bb) de vous informer \u00e0 chaque fois qu&rsquo;un site Internet souhaite installer un cookie. Si vous le souhaitez, vous pouvez \u00e9galement emp\u00eacher la fonctionnalit\u00e9 de Google Analytics en t\u00e9l\u00e9chargeant et en installant le plug-in de navigateur disponible sous le lien suivant : \u00ab\u00a0http:\/\/tools.google.com\/dlpage\/gaoptout?hl=de\u00a0\u00bb. Nous attirons votre attention sur le fait que si vous d\u00e9sactivez les cookies ou Google Analytics, il est possible que vous ne puissiez pas utiliser toutes les fonctions de notre site Internet.  <\/p>\n\n<h2 class=\"wp-block-heading\">Modifications de la pr\u00e9sente d\u00e9claration de confidentialit\u00e9<\/h2>\n\n<p>Nous nous r\u00e9servons le droit de r\u00e9viser, de modifier ou d&rsquo;amender la pr\u00e9sente politique de confidentialit\u00e9 \u00e0 tout moment. Nous vous informerons des modifications, ajouts ou r\u00e9visions de notre politique de confidentialit\u00e9 en vous envoyant un avis lors de votre prochaine connexion. <\/p>\n\n<h2 class=\"wp-block-heading\">Droit de recours aupr\u00e8s de l&rsquo;autorit\u00e9 de contr\u00f4le<\/h2>\n\n<p>Sans pr\u00e9judice de tout autre recours administratif ou judiciaire, vous avez le droit d&rsquo;introduire une r\u00e9clamation aupr\u00e8s d&rsquo;une autorit\u00e9 de contr\u00f4le si vous estimez que le traitement des donn\u00e9es \u00e0 caract\u00e8re personnel vous concernant enfreint la l\u00e9gislation applicable en mati\u00e8re de protection des donn\u00e9es.<\/p>\n\n<p>Pr\u00e9pos\u00e9 f\u00e9d\u00e9ral \u00e0 la protection des donn\u00e9es et \u00e0 la transparence<br \/>Feldeggweg 1, CH-3003 Berne<br \/>T\u00e9l. +41 58 462 43 95<\/p>\n","protected":false},"excerpt":{"rendered":"<p>Introduction La pr\u00e9sente d\u00e9claration de confidentialit\u00e9 vous informe sur le traitement des donn\u00e9es \u00e0 caract\u00e8re personnel dans le cadre de l&rsquo;utilisation de nos pages Internet. L&rsquo;abr\u00e9viation RGPD signifie R\u00e8glement g\u00e9n\u00e9ral sur la protection des donn\u00e9es de l&rsquo;UE et concerne les personnes de l&rsquo;UE qui visitent notre site (ci-apr\u00e8s les personnes de l&rsquo;UE). L&rsquo;abr\u00e9viation LPD d\u00e9signe [&hellip;]<\/p>\n","protected":false},"author":2,"featured_media":0,"parent":0,"menu_order":0,"comment_status":"closed","ping_status":"open","template":"","meta":{"_hide_socialbar":"","footnotes":""},"categories":[],"tags":[],"class_list":["post-2823","page","type-page","status-publish","hentry"],"aioseo_notices":[],"_links":{"self":[{"href":"https:\/\/fokusisrael.ch\/fr\/wp-json\/wp\/v2\/pages\/2823","targetHints":{"allow":["GET"]}}],"collection":[{"href":"https:\/\/fokusisrael.ch\/fr\/wp-json\/wp\/v2\/pages"}],"about":[{"href":"https:\/\/fokusisrael.ch\/fr\/wp-json\/wp\/v2\/types\/page"}],"author":[{"embeddable":true,"href":"https:\/\/fokusisrael.ch\/fr\/wp-json\/wp\/v2\/users\/2"}],"replies":[{"embeddable":true,"href":"https:\/\/fokusisrael.ch\/fr\/wp-json\/wp\/v2\/comments?post=2823"}],"version-history":[{"count":3,"href":"https:\/\/fokusisrael.ch\/fr\/wp-json\/wp\/v2\/pages\/2823\/revisions"}],"predecessor-version":[{"id":5294,"href":"https:\/\/fokusisrael.ch\/fr\/wp-json\/wp\/v2\/pages\/2823\/revisions\/5294"}],"wp:attachment":[{"href":"https:\/\/fokusisrael.ch\/fr\/wp-json\/wp\/v2\/media?parent=2823"}],"wp:term":[{"taxonomy":"category","embeddable":true,"href":"https:\/\/fokusisrael.ch\/fr\/wp-json\/wp\/v2\/categories?post=2823"},{"taxonomy":"post_tag","embeddable":true,"href":"https:\/\/fokusisrael.ch\/fr\/wp-json\/wp\/v2\/tags?post=2823"}],"curies":[{"name":"wp","href":"https:\/\/api.w.org\/{rel}","templated":true}]}}