{"id":2815,"date":"2024-06-25T07:33:00","date_gmt":"2024-06-25T05:33:00","guid":{"rendered":"https:\/\/fokusisrael.ch\/la-haine-des-juifs-et-disrael-a-de-nouveau-le-vent-en-poupe\/la-persecution-des-juifs-de-mahomet-a-nos-jours\/"},"modified":"2025-10-15T13:37:52","modified_gmt":"2025-10-15T11:37:52","slug":"la-persecution-des-juifs-de-mahomet-a-nos-jours","status":"publish","type":"page","link":"https:\/\/fokusisrael.ch\/fr\/la-haine-des-juifs-et-disrael-a-de-nouveau-le-vent-en-poupe\/la-persecution-des-juifs-de-mahomet-a-nos-jours\/","title":{"rendered":"La pers\u00e9cution des Juifs de Mahomet \u00e0 nos jours"},"content":{"rendered":"\n<h2 class=\"wp-block-heading\">Affirmation<\/h2>\n\n<p>L&rsquo;antis\u00e9mitisme est un probl\u00e8me europ\u00e9en qui a \u00e9t\u00e9 import\u00e9 dans le monde musulman, o\u00f9 il n&rsquo;a \u00e9t\u00e9 aliment\u00e9 que par la cr\u00e9ation d&rsquo;Isra\u00ebl, peut-on lire.<\/p>\n\n<figure class=\"wp-block-image size-full\"><img loading=\"lazy\" decoding=\"async\" width=\"1024\" height=\"600\" src=\"https:\/\/fokusisrael.ch\/wp-content\/uploads\/2025\/03\/Judenverfolgung-1353.jpg\" alt=\"Miniature de Pierart dou Tielt pour illustrer le Tractatus quartus de Gilles li Muisit\" class=\"wp-image-776\" srcset=\"https:\/\/fokusisrael.ch\/wp-content\/uploads\/2025\/03\/Judenverfolgung-1353.jpg 1024w, https:\/\/fokusisrael.ch\/wp-content\/uploads\/2025\/03\/Judenverfolgung-1353-300x176.jpg 300w, https:\/\/fokusisrael.ch\/wp-content\/uploads\/2025\/03\/Judenverfolgung-1353-768x450.jpg 768w\" sizes=\"auto, (max-width: 1024px) 100vw, 1024px\" \/><figcaption class=\"wp-element-caption\">Miniature de Pierart dou Tielt pour illustrer le Tractatus quartus de Gilles li Muisit <span class=\"image-meta\">&copy; Pierart dou Tielt<\/span><\/figcaption><\/figure>\n\n<h2 class=\"wp-block-heading\">Les faits<\/h2>\n\n<p>L&rsquo;antis\u00e9mitisme et la pers\u00e9cution des juifs ont toujours \u00e9t\u00e9 enracin\u00e9s dans l&rsquo;islam. Le fondateur de l&rsquo;islam, <a href=\"https:\/\/de.wikipedia.org\/wiki\/Mohammed\" target=\"_blank\" rel=\"noreferrer noopener\">Mahomet<\/a>, a fait perp\u00e9trer un premier massacre de juifs \u00e0 M\u00e9dine, o\u00f9 il r\u00e9sidait, en 627 apr\u00e8s JC. Des centaines de juifs ont \u00e9t\u00e9 assassin\u00e9s et d&rsquo;autres r\u00e9duits en esclavage pour avoir refus\u00e9 de se convertir \u00e0 l&rsquo;islam. Au Moyen-\u00c2ge et au cours des si\u00e8cles suivants, les pogroms contre les juifs se sont poursuivis dans les territoires musulmans, o\u00f9 ils ont \u00e9t\u00e9 discrimin\u00e9s et trait\u00e9s comme des citoyens de seconde zone, \u00e0 l&rsquo;instar des chr\u00e9tiens. Le plus c\u00e9l\u00e8bre antis\u00e9mite musulman du XXe si\u00e8cle \u00e9tait Mohammed al-Husseini, le mufti de J\u00e9rusalem, qui fut l&rsquo;invit\u00e9 d&rsquo;Adolf Hitler \u00e0 Berlin de 1941 \u00e0 1945 et qui mit sur pied une division SS musulmane dans les Balkans.    <br \/><\/p>\n\n<p>L&rsquo;assassinat barbare de plus de 1 200 enfants, adolescents, femmes et hommes dans le sud d&rsquo;Isra\u00ebl le 7 octobre 2023 par l&rsquo;organisation terroriste palestinienne <a href=\"\/fr\/?page_id=2718\">Hamas<\/a> a, d&rsquo;une part, suscit\u00e9 une grande vague de solidarit\u00e9 avec Isra\u00ebl et les Juifs. D&rsquo;autre part, elle a fait appara\u00eetre un antis\u00e9mitisme extr\u00eame non seulement dans le monde islamique, mais aussi en Europe, surtout parmi les musulmans. <br \/><br \/>Cela n&rsquo;\u00e9tonnera que ceux qui ont \u00e9t\u00e9 assez na\u00effs ou trop ignorants auparavant. En effet, l&rsquo;antis\u00e9mitisme a toujours \u00e9t\u00e9 tr\u00e8s r\u00e9pandu dans les communaut\u00e9s musulmanes. <br \/><\/p>\n\n<h3 class=\"wp-block-heading\">Le Hamas dans la tradition arabe : le pogrom de 1929<\/h3>\n\n<p>Si vous pensez que le barbarisme des terroristes du Hamas \u00e9tait une nouveaut\u00e9, vous vous trompez. Dans son livre \u00e0 lire \u00ab\u00a0Der ewige S\u00fcndenbock\u00a0\u00bb (Le bouc \u00e9missaire \u00e9ternel), paru en 2009, Tilman Tarach cite des t\u00e9moignages oculaires du pogrom du 23 ao\u00fbt 1929 en Palestine sous mandat britannique. <br \/><br \/>A l&rsquo;\u00e9poque, 133 Juifs avaient \u00e9t\u00e9 tortur\u00e9s, viol\u00e9s et tu\u00e9s par une foule arabe aux cris de \u00ab\u00a0La loi de Mohammed sera impos\u00e9e par l&rsquo;\u00e9p\u00e9e\u00a0\u00bb \u00e0 H\u00e9bron et dans d&rsquo;autres colonies de Palestine, d&rsquo;une mani\u00e8re aussi horrible que le massacre du 7 octobre 2023 par le <a href=\"\/fr\/?page_id=2718\">Hamas<\/a>. Trois cents autres avaient alors \u00e9t\u00e9 bless\u00e9s et 8000 avaient \u00e9t\u00e9 expuls\u00e9s. <br \/><br \/>Les forces de l&rsquo;ordre britanniques ont assist\u00e9 \u00e0 cette sc\u00e8ne d&rsquo;horreur sans rien faire. Les r\u00e9cits \u00e9crits des survivants de l&rsquo;\u00e9poque ne diff\u00e8rent en rien de ceux des survivants du 7 octobre 2023. <\/p>\n\n<h3 class=\"wp-block-heading\">L&rsquo;antis\u00e9mitisme islamique<\/h3>\n\n<p>La haine des juifs remonte \u00e0 l&rsquo;\u00e9poque de Mahomet. L&rsquo;antis\u00e9mitisme et la pers\u00e9cution des juifs prennent depuis lors leurs racines dans l&rsquo;islam. <br \/><br \/>C&rsquo;est ce que montre en d\u00e9tail, entre autres, l&rsquo;<a href=\"https:\/\/www.sonntagsblatt.de\/artikel\/debatte\/das-neue-buch-des-islamwissenschaftlers-abdel-hakim-ourghi-greift-ein-heikles-thema\" target=\"_blank\" rel=\"noreferrer noopener\">islamologue Abdel-Hakim Ourghi<\/a>, enseignant \u00e0 la Haute \u00e9cole p\u00e9dagogique de Fribourg-en-Brisgau, dans son livre \u00ab\u00a0Die Juden im Koran &#8211; Ein Zerrbild mit fatalen Folgen\u00a0\u00bb (Les Juifs dans le Coran &#8211; Une image d\u00e9form\u00e9e aux cons\u00e9quences fatales).<br \/><br \/>Mahomet, le fondateur de l&rsquo;islam, s&rsquo;est heurt\u00e9 \u00e0 une r\u00e9sistance massive dans sa ville natale de La Mecque, alors marqu\u00e9e par le polyth\u00e9isme, avec sa doctrine du Dieu unique, si bien qu&rsquo;il s&rsquo;est enfui \u00e0 M\u00e9dine <a href=\"https:\/\/de.wikipedia.org\/wiki\/Hidschra\" target=\"_blank\" rel=\"noreferrer noopener\">en 622 apr\u00e8s J.-C.<\/a> avec un petit groupe de fid\u00e8les. L\u00e0 aussi, il y a eu un refus : Rejet. Cette fois-ci, ce sont surtout les juifs qui reprochaient \u00e0 Mahomet de copier leurs traditions. Il leur reprochait de d\u00e9former la parole de Dieu (Coran : sourate 2, verset 75), de prendre des int\u00e9r\u00eats usuraires (5:42) et d&rsquo;\u00eatre des escrocs (9:34). Pour cela, ils iraient en enfer (2:174). Dieu aurait d\u00e9j\u00e0 maudit les Juifs auparavant (2:88) et aurait transform\u00e9 certains d&rsquo;entre eux en singes et en porcs (5:60). Finalement, Mahomet a commenc\u00e9 \u00e0 utiliser la force contre les trois tribus juives de M\u00e9dine (9:29-30:39).      <br \/><br \/>Ourghi d\u00e9crit comment le Proph\u00e8te et ses disciples ont perp\u00e9tr\u00e9 le premier massacre des Juifs de la tribu Banu Quraiza en 627 apr\u00e8s J.-C. : \u00ab\u00a0Apr\u00e8s 25 nuits de si\u00e8ge, seuls ceux des Banu Quraiza qui se convertissaient \u00e0 l&rsquo;islam ont eu la vie sauve. Les Juifs ont d\u00fb creuser des fosses communes dans leur quartier. Les hommes furent s\u00e9par\u00e9s des femmes et des enfants. Les guerriers musulmans massacr\u00e8rent 600 \u00e0 900 hommes &#8211; sous la supervision personnelle de Mohammed. Le massacre s&rsquo;est poursuivi jusqu&rsquo;au lendemain matin. Au total, 1000 femmes et enfants juifs ont \u00e9t\u00e9 vendus comme esclaves sur le march\u00e9 de M\u00e9dine. Le Proph\u00e8te garda personnellement un cinqui\u00e8me du butin, comme le rapporte le Coran (8:41)\u00a0\u00bb.<br \/><br \/>D&rsquo;autres pogroms ont suivi, par exemple \u00e0 Grenade en 1066, \u00e0 F\u00e8s en 1565, \u00e0 Benghazi en 1758, \u00e0 Alger en 1815 et \u00e0 Damas en 1840. Ourghi constate que c&rsquo;est Mohammed lui-m\u00eame qui a fond\u00e9 \u00ab\u00a0l&rsquo;islam politique\u00a0\u00bb. <br \/><br \/>Sous l&rsquo;islam, les juifs et les chr\u00e9tiens \u00e9taient \u00e9galement rel\u00e9gu\u00e9s au rang de citoyens de seconde classe (dihmmi) et devaient payer un tribut (jizya) pour pouvoir pratiquer leur religion. Ce tribut devait \u00eatre remis \u00e0 la main et \u00e9tait accompagn\u00e9 de gifles, de coups de b\u00e2ton et de coups dans la nuque. Les juifs et les chr\u00e9tiens \u00e9taient soumis \u00e0 des r\u00e8gles vestimentaires sp\u00e9cifiques afin d&rsquo;\u00eatre toujours reconnaissables au premier coup d&rsquo;\u0153il.  <br \/><br \/>C&rsquo;\u00e9tait \u00e9galement le cas dans l&rsquo;Andalousie m\u00e9di\u00e9vale, que beaucoup consid\u00e8rent encore aujourd&rsquo;hui <a href=\"https:\/\/en.wikipedia.org\/wiki\/The_Myth_of_the_Andalusian_Paradise\" target=\"_blank\" rel=\"noreferrer noopener\">comme une p\u00e9riode de tol\u00e9rance islamique<\/a> et qui est donc repr\u00e9sent\u00e9e de mani\u00e8re romantique.<\/p>\n\n<h3 class=\"wp-block-heading\">Le massacre des Juifs pendant l&rsquo;\u00e9pid\u00e9mie de peste de 1347-1353<\/h3>\n\n<p>Cependant, l&rsquo;antis\u00e9mitisme n&rsquo;est pas seulement un ph\u00e9nom\u00e8ne musulman. Il n&rsquo;a jamais disparu non plus dans le monde occidental chr\u00e9tien, o\u00f9 il est ancr\u00e9 depuis des si\u00e8cles et o\u00f9 il s&rsquo;est toujours manifest\u00e9.   <br \/><br \/>C&rsquo;est dans les universit\u00e9s am\u00e9ricaines et europ\u00e9ennes que cela s&rsquo;est manifest\u00e9 le plus clairement apr\u00e8s le 7 octobre 2023. Les \u00e9tudiants de gauche, en particulier, se sont solidaris\u00e9s avec les terroristes du Hamas et ont c\u00e9l\u00e9br\u00e9, ou du moins justifi\u00e9, les meurtres, les viols et les mutilations de femmes et d&rsquo;hommes juifs. <br \/><br \/>Mais <a href=\"https:\/\/de.wikipedia.org\/wiki\/Judenverfolgungen_zur_Zeit_des_Schwarzen_Todes\" target=\"_blank\" rel=\"noreferrer noopener\">il y a 700 ans, les Juifs \u00e9taient d\u00e9j\u00e0<\/a> victimes d&rsquo;horribles orgies meurtri\u00e8res dans l&rsquo;Europe chr\u00e9tienne, y compris dans la Suisse actuelle. Lorsque la peste s&rsquo;est propag\u00e9e en Europe au milieu du 14e si\u00e8cle (1347 &#8211; 1353), les Juifs ont rapidement \u00e9t\u00e9 tenus pour responsables. La l\u00e9gende des juifs empoisonnant les puits a servi de pr\u00e9texte \u00e0 des pogroms au cours desquels des milliers de juifs ont \u00e9t\u00e9 assassin\u00e9s.  <br \/><br \/>Les l\u00e9gendes antis\u00e9mites promues par l&rsquo;\u00c9glise catholique sur les Juifs tueurs du Christ et les pr\u00e9tendus meurtres rituels d&rsquo;enfants par les Juifs ont \u00e9galement constitu\u00e9 un terreau fertile pour les pers\u00e9cutions contre les Juifs, dont la responsabilit\u00e9 incombait principalement aux corporations et aux bourgeois.<br \/><br \/>Ce n&rsquo;est que plus de six cents ans plus tard &#8211; en 1965, dans le cadre du Concile Vatican II &#8211; que l&rsquo;\u00c9glise catholique, sous la direction du pape Paul VI, a condamn\u00e9 dans le cadre d&rsquo;une d\u00e9claration (nostra aetate &#8211; de notre temps) toutes les pers\u00e9cutions contre les Juifs commises au nom du christianisme, en soulignant l&rsquo;h\u00e9ritage commun des chr\u00e9tiens et des Juifs.  <br \/><br \/>De la m\u00eame mani\u00e8re que la peste s&rsquo;est propag\u00e9e du sud de l&rsquo;Europe vers le nord, il en a \u00e9t\u00e9 de m\u00eame lors des pogroms de la peste au milieu du 14e si\u00e8cle. A Gen\u00e8ve, Soleure, B\u00e2le, Feldkirch, Zurich, Fribourg-en-Brisgau et dans de nombreuses autres villes allemandes, les juifs furent br\u00fbl\u00e9s ou assassin\u00e9s d&rsquo;une autre mani\u00e8re. A Strasbourg, le nombre de juifs assassin\u00e9s s&rsquo;\u00e9levait \u00e0 2 000.  <br \/><br \/>La plupart des souverains ont laiss\u00e9 faire, et le futur empereur du Saint Empire romain germanique, Charles IV, a m\u00eame activement soutenu les pers\u00e9cutions contre les Juifs.<br \/><br \/>Le contraire a \u00e9galement exist\u00e9 : le pape Cl\u00e9ment VI a tent\u00e9 d&rsquo;interdire l&rsquo;ex\u00e9cution des juifs sans proc\u00e8s en bonne et due forme. Le duc Albrecht II d&rsquo;Autriche emp\u00eacha les pogroms dans son domaine. Mais les Juifs pers\u00e9cut\u00e9s ont \u00e9galement b\u00e9n\u00e9fici\u00e9 d&rsquo;une protection dans le Palatinat, dans l&rsquo;Aragon espagnol et en Pologne.  <\/p>\n\n<figure class=\"wp-block-image size-full\"><img loading=\"lazy\" decoding=\"async\" width=\"1024\" height=\"600\" src=\"https:\/\/fokusisrael.ch\/wp-content\/uploads\/2025\/03\/Emil-Flohri-1904-oppression-of-the-Jews.jpg\" alt=\"L'impression montre un vieil homme portant l'inscription &quot;Juif russe&quot; et un grand baluchon sur le dos avec l'inscription &quot;Oppression&quot;. Des poids portant les inscriptions &quot;Autocratie&quot;, &quot;Vol&quot;, &quot;Cruaut&#xE9;&quot;, &quot;Attentat&quot;, &quot;Tromperie&quot; et &quot;Meurtre&quot; sont accroch&#xE9;s au baluchon. \" class=\"wp-image-775\" srcset=\"https:\/\/fokusisrael.ch\/wp-content\/uploads\/2025\/03\/Emil-Flohri-1904-oppression-of-the-Jews.jpg 1024w, https:\/\/fokusisrael.ch\/wp-content\/uploads\/2025\/03\/Emil-Flohri-1904-oppression-of-the-Jews-300x176.jpg 300w, https:\/\/fokusisrael.ch\/wp-content\/uploads\/2025\/03\/Emil-Flohri-1904-oppression-of-the-Jews-768x450.jpg 768w\" sizes=\"auto, (max-width: 1024px) 100vw, 1024px\" \/><figcaption class=\"wp-element-caption\">L&rsquo;impression montre un vieil homme portant l&rsquo;inscription \u00ab\u00a0Juif russe\u00a0\u00bb et un grand baluchon sur le dos avec l&rsquo;inscription \u00ab\u00a0Oppression\u00a0\u00bb. Des poids portant les inscriptions \u00ab\u00a0Autocratie\u00a0\u00bb, \u00ab\u00a0Vol\u00a0\u00bb, \u00ab\u00a0Cruaut\u00e9\u00a0\u00bb, \u00ab\u00a0Attentat\u00a0\u00bb, \u00ab\u00a0Tromperie\u00a0\u00bb et \u00ab\u00a0Meurtre\u00a0\u00bb sont accroch\u00e9s au baluchon.  <span class=\"image-meta\">&copy; Emil Flohri 1904  United States Library of Congress&#039;s Prints and Photographs division<\/span><\/figcaption><\/figure>\n\n<h3 class=\"wp-block-heading\">Les pogroms en Russie au 19e si\u00e8cle<\/h3>\n\n<p>Les pers\u00e9cutions des Juifs ont \u00e9t\u00e9 particuli\u00e8rement d\u00e9vastatrices dans la Russie tsariste du XIXe si\u00e8cle, qui comprenait alors \u00e9galement l&rsquo;Ukraine, la Pologne et la Bi\u00e9lorussie. Le premier pogrom a eu lieu \u00e0 Odessa en 1821. <br \/><br \/>Apr\u00e8s l&rsquo;assassinat du tsar Alexandre II le 13 mars 1881 <a href=\"https:\/\/www.deutschlandfunk.de\/vor-135-jahren-ermordung-von-zar-alexander-ii-100.html\" target=\"_blank\" rel=\"noreferrer noopener\">\u00e0 Saint-P\u00e9tersbourg<\/a>, des pers\u00e9cutions contre les Juifs ont commenc\u00e9 dans une partie de l&rsquo;Empire russe et se sont poursuivies pendant plusieurs ann\u00e9es. Les auteurs, parfois soutenus par la police, violaient et assassinaient les Juifs et volaient leurs biens. <br \/><br \/>Des dizaines de milliers de Juifs ont \u00e9t\u00e9 assassin\u00e9s pr\u00e8s d&rsquo;un demi-si\u00e8cle plus tard <a href=\"https:\/\/encyclopedia.ushmm.org\/content\/de\/article\/pogroms\" target=\"_blank\" rel=\"noreferrer noopener\">pendant la guerre civile russe<\/a>. \u00c0 l&rsquo;\u00e9poque, ce sont surtout des nationalistes ukrainiens, mais aussi des Polonais et des soldats de l&rsquo;Arm\u00e9e rouge qui ont pers\u00e9cut\u00e9 et tu\u00e9 les Juifs dans ce qui est aujourd&rsquo;hui la Bi\u00e9lorussie et l&rsquo;Ukraine occidentale (la Galicie alors polonaise). <br \/><br \/>Les pers\u00e9cutions des Juifs ont \u00e9t\u00e9 particuli\u00e8rement d\u00e9vastatrices dans la Russie tsariste du XIXe si\u00e8cle, qui comprenait alors \u00e9galement l&rsquo;Ukraine, la Pologne et la Bi\u00e9lorussie. Le premier pogrom a eu lieu \u00e0 Odessa en 1821. <br \/><br \/>Apr\u00e8s l&rsquo;assassinat du tsar Alexandre II le 13 mars 1881 \u00e0 Saint-P\u00e9tersbourg, des pers\u00e9cutions contre les Juifs ont commenc\u00e9 dans une partie de l&rsquo;Empire russe et se sont poursuivies pendant plusieurs ann\u00e9es. Les auteurs, parfois soutenus par la police, violaient et assassinaient les Juifs et volaient leurs biens. <br \/><br \/>Des dizaines de milliers de Juifs ont \u00e9t\u00e9 assassin\u00e9s pr\u00e8s d&rsquo;un demi-si\u00e8cle plus tard pendant la guerre civile russe. \u00c0 l&rsquo;\u00e9poque, ce sont surtout des nationalistes ukrainiens, mais aussi des Polonais et des soldats de l&rsquo;Arm\u00e9e rouge qui ont pers\u00e9cut\u00e9 et tu\u00e9 les Juifs dans ce qui est aujourd&rsquo;hui la Bi\u00e9lorussie et l&rsquo;Ukraine occidentale (la Galicie alors polonaise). <br \/><br \/>En 1903, la presse antijuive de la Russie tsariste publiait les \u00ab\u00a0Protocoles des Sages de Sion\u00a0\u00bb, qui devaient prouver l&rsquo;existence d&rsquo;un complot juif mondial, et qui constituaient probablement le faux le plus lourd de cons\u00e9quences de l&rsquo;histoire mondiale. En effet, ces \u00ab\u00a0Protocoles\u00a0\u00bb, pr\u00e9tendument \u00e9crits par des Juifs, avaient en r\u00e9alit\u00e9 \u00e9t\u00e9 r\u00e9dig\u00e9s par la police secr\u00e8te du tsar dans le but de faire monter la temp\u00e9rature contre les Juifs. <\/p>\n\n<h3 class=\"wp-block-heading\">La \u00ab\u00a0Nuit de cristal\u00a0\u00bb : 9 et 10 novembre 1938<\/h3>\n\n<p>Le pogrom le plus connu du XXe si\u00e8cle est celui de la \u00ab\u00a0Nuit de cristal\u00a0\u00bb (Reichskristallnacht) du 9 au 10 novembre 1938, au cours duquel des actes de violence contre les Juifs ont \u00e9t\u00e9 perp\u00e9tr\u00e9s dans tout le Reich allemand et des magasins et synagogues juifs ont \u00e9t\u00e9 saccag\u00e9s, sur ordre des <a href=\"https:\/\/de.wikipedia.org\/wiki\/Nationalsozialistische_Deutsche_Arbeiterpartei\" target=\"_blank\" rel=\"noreferrer noopener\">dirigeants du r\u00e9gime national-socialiste<\/a> (NSDAP) d&rsquo;Adolf Hitler.     <br \/><br \/>La violence a \u00e9t\u00e9 principalement d\u00e9clench\u00e9e par des fonctionnaires du NSDAP et des membres de la SA (Sturmabteilung) et<a href=\"https:\/\/encyclopedia.ushmm.org\/content\/de\/article\/hitler-youth-2\" target=\"_blank\" rel=\"noreferrer noopener\"> des jeunesses hitl\u00e9riennes<\/a>. On a ensuite pr\u00e9tendu que les \u00e9meutes contre les Juifs \u00e9taient une r\u00e9action spontan\u00e9e au fait qu&rsquo;un fonctionnaire de l&rsquo;ambassade allemande \u00e0 Paris avait \u00e9t\u00e9 assassin\u00e9 par un jeune Juif polonais. <br \/><\/p>\n\n<h3 class=\"wp-block-heading\">La \u00ab\u00a0solution finale de la question juive<\/h3>\n\n<p>La pers\u00e9cution et l&rsquo;extermination des juifs ont fait partie int\u00e9grante de la politique d&rsquo;Adolf Hitler et des nazis depuis leur arriv\u00e9e au pouvoir en 1933. Leur haine des juifs \u00e9tait principalement li\u00e9e au fait qu&rsquo;ils tenaient les juifs pour responsables de la d\u00e9faite de l&rsquo;Allemagne pendant la Premi\u00e8re Guerre mondiale. <br \/><br \/>D\u00e8s 1935, soit trois ans avant la Nuit de cristal, les nationaux-socialistes avaient donc adopt\u00e9, lors d&rsquo;un congr\u00e8s du parti nazi \u00e0 Nuremberg, les \u00a0\u00bb <a href=\"https:\/\/de.wikipedia.org\/wiki\/N%C3%BCrnberger_Gesetze\" target=\"_blank\" rel=\"noreferrer noopener\">lois raciales de Nuremberg\u00a0\u00bb<\/a>, qui discriminaient les Juifs \u00e0 bien des \u00e9gards.<br \/><br \/>Dans les ann\u00e9es qui suivirent, les Juifs furent pers\u00e9cut\u00e9s de mani\u00e8re de plus en plus syst\u00e9matique. Avec le d\u00e9but de la Seconde Guerre mondiale, le 1er septembre 1939, et plus encore avec le d\u00e9but de la campagne allemande en Russie en 1941, ces pers\u00e9cutions prirent une nouvelle ampleur. <br \/><br \/>Des ex\u00e9cutions massives de la population juive ont eu lieu dans plus de 1 500 villes et villages d&rsquo;Europe de l&rsquo;Est. Les nazis ont souvent \u00e9t\u00e9 aid\u00e9s par des collaborateurs des pays qu&rsquo;ils avaient conquis ou auxquels ils s&rsquo;\u00e9taient alli\u00e9s, ou ces derniers \u00e9taient eux-m\u00eames responsables des meurtres : Roumains, Polonais, Ukrainiens, Lituaniens, Estoniens, etc. <br \/><br \/>L&rsquo;extermination syst\u00e9matique des Juifs d&rsquo;Europe, qui sera plus tard appel\u00e9e \u00ab\u00a0solution finale de la question juive\u00a0\u00bb, a \u00e9t\u00e9 d\u00e9cid\u00e9e par le gouvernement allemand d\u00e8s le d\u00e9but de l&rsquo;ann\u00e9e 1941. A la fin de la m\u00eame ann\u00e9e, il a commenc\u00e9 \u00e0 construire des <a href=\"https:\/\/de.wikipedia.org\/wiki\/Endl%C3%B6sung_der_Judenfrage\" target=\"_blank\" rel=\"noreferrer noopener\">\u00ab\u00a0camps d&rsquo;extermination\u00a0\u00bb<\/a> en Pologne occup\u00e9e. Le plus connu \u00e0 ce jour est le camp <a href=\"https:\/\/de.wikipedia.org\/wiki\/KZ_Auschwitz-Birkenau\" target=\"_blank\" rel=\"noreferrer noopener\">d&rsquo;Auschwitz-Birkenau.<\/a>  <br \/><br \/>Au d\u00e9but de l&rsquo;ann\u00e9e suivante, le 20 janvier 1942, des repr\u00e9sentants de haut niveau du r\u00e9gime national-socialiste se sont r\u00e9unis dans une villa au bord du lac Wannsee \u00e0 Berlin pour une r\u00e9union secr\u00e8te. Ils y ont d\u00e9fini en d\u00e9tail la mani\u00e8re dont l&rsquo;assassinat syst\u00e9matique de tous les Juifs d&rsquo;Europe devait \u00eatre organis\u00e9 et la logistique n\u00e9cessaire \u00e0 cet effet. Cette r\u00e9union est entr\u00e9e dans l&rsquo;histoire sous le nom de <a href=\"https:\/\/de.wikipedia.org\/wiki\/Wannseekonferenz\" target=\"_blank\" rel=\"noreferrer noopener\">\u00ab\u00a0conf\u00e9rence de Wannsee\u00a0\u00bb<\/a>.  <br \/><br \/>Jusqu&rsquo;\u00e0 la capitulation de l&rsquo;Allemagne nazie le 8 mai 1945, plus de six millions d&rsquo;enfants, de femmes et d&rsquo;hommes juifs ont \u00e9t\u00e9 victimes de la pers\u00e9cution des Juifs.<\/p>\n\n<h2 class=\"wp-block-heading\">Yad Vashem &#8211; Lieu de m\u00e9moire et d&rsquo;enseignement<\/h2>\n\n<details class=\"wp-block-details is-layout-flow wp-block-details-is-layout-flow\"><summary><strong>Pour plus d&rsquo;informations<\/strong><\/summary>\n<p>Le plus important lieu de m\u00e9moire et d&rsquo;\u00e9ducation sur l&rsquo;Holocauste se trouve \u00e0 J\u00e9rusalem et s&rsquo;appelle Yad Vashem. <a href=\"https:\/\/www.yadvashem.org\/\" target=\"_blank\" rel=\"noreferrer noopener\"><strong>Yad Vashem<\/strong><\/a>. On y comm\u00e9more les six millions d&rsquo;innocents assassin\u00e9s, mais aussi les nombreuses personnes qui ont sauv\u00e9 des centaines de milliers de Juifs de la mort \u00e0 cette \u00e9poque et qui sont honor\u00e9es pour cela en tant que \u00ab\u00a0Justes parmi les nations\u00a0\u00bb. La mission de Yad Vashem n&rsquo;est pas seulement de comm\u00e9morer l&rsquo;Holocauste, mais aussi de mener des recherches approfondies sur le sujet. <a href=\"https:\/\/encyclopedia.ushmm.org\/content\/de\/article\/holocaust-abridged-article\" target=\"_blank\" rel=\"noreferrer noopener\"><strong>Holocauste<\/strong><\/a>L&rsquo;objectif est de mener une recherche approfondie sur le massacre syst\u00e9matique perp\u00e9tr\u00e9 par les nazis, souvent appel\u00e9 \u00ab\u00a0Shoah\u00a0\u00bb, afin d&rsquo;\u00e9viter qu&rsquo;il ne se reproduise.  <\/p>\n<\/details>\n","protected":false},"excerpt":{"rendered":"<p>Affirmation L&rsquo;antis\u00e9mitisme est un probl\u00e8me europ\u00e9en qui a \u00e9t\u00e9 import\u00e9 dans le monde musulman, o\u00f9 il n&rsquo;a \u00e9t\u00e9 aliment\u00e9 que par la cr\u00e9ation d&rsquo;Isra\u00ebl, peut-on lire. Les faits L&rsquo;antis\u00e9mitisme et la pers\u00e9cution des juifs ont toujours \u00e9t\u00e9 enracin\u00e9s dans l&rsquo;islam. Le fondateur de l&rsquo;islam, Mahomet, a fait perp\u00e9trer un premier massacre de juifs \u00e0 M\u00e9dine, [&hellip;]<\/p>\n","protected":false},"author":2,"featured_media":2360,"parent":2709,"menu_order":0,"comment_status":"closed","ping_status":"closed","template":"","meta":{"_hide_socialbar":"","footnotes":""},"categories":[],"tags":[395],"class_list":["post-2815","page","type-page","status-publish","has-post-thumbnail","hentry","tag-antisemitisme"],"aioseo_notices":[],"_links":{"self":[{"href":"https:\/\/fokusisrael.ch\/fr\/wp-json\/wp\/v2\/pages\/2815","targetHints":{"allow":["GET"]}}],"collection":[{"href":"https:\/\/fokusisrael.ch\/fr\/wp-json\/wp\/v2\/pages"}],"about":[{"href":"https:\/\/fokusisrael.ch\/fr\/wp-json\/wp\/v2\/types\/page"}],"author":[{"embeddable":true,"href":"https:\/\/fokusisrael.ch\/fr\/wp-json\/wp\/v2\/users\/2"}],"replies":[{"embeddable":true,"href":"https:\/\/fokusisrael.ch\/fr\/wp-json\/wp\/v2\/comments?post=2815"}],"version-history":[{"count":3,"href":"https:\/\/fokusisrael.ch\/fr\/wp-json\/wp\/v2\/pages\/2815\/revisions"}],"predecessor-version":[{"id":5293,"href":"https:\/\/fokusisrael.ch\/fr\/wp-json\/wp\/v2\/pages\/2815\/revisions\/5293"}],"up":[{"embeddable":true,"href":"https:\/\/fokusisrael.ch\/fr\/wp-json\/wp\/v2\/pages\/2709"}],"wp:featuredmedia":[{"embeddable":true,"href":"https:\/\/fokusisrael.ch\/fr\/wp-json\/wp\/v2\/media\/2360"}],"wp:attachment":[{"href":"https:\/\/fokusisrael.ch\/fr\/wp-json\/wp\/v2\/media?parent=2815"}],"wp:term":[{"taxonomy":"category","embeddable":true,"href":"https:\/\/fokusisrael.ch\/fr\/wp-json\/wp\/v2\/categories?post=2815"},{"taxonomy":"post_tag","embeddable":true,"href":"https:\/\/fokusisrael.ch\/fr\/wp-json\/wp\/v2\/tags?post=2815"}],"curies":[{"name":"wp","href":"https:\/\/api.w.org\/{rel}","templated":true}]}}