{"id":2814,"date":"2024-02-02T04:55:00","date_gmt":"2024-02-02T03:55:00","guid":{"rendered":"https:\/\/fokusisrael.ch\/questions-et-reponses-sur-israel-gaza-et-les-palestiniens\/"},"modified":"2025-10-15T13:37:32","modified_gmt":"2025-10-15T11:37:32","slug":"questions-et-reponses-sur-israel-gaza-et-les-palestiniens","status":"publish","type":"page","link":"https:\/\/fokusisrael.ch\/fr\/questions-et-reponses-sur-israel-gaza-et-les-palestiniens\/","title":{"rendered":"Questions et r\u00e9ponses sur Isra\u00ebl, Gaza et les Palestiniens"},"content":{"rendered":"\n<p><a href=\"\/fr\/?p=2972\" title=\"\"><strong>Questions et r\u00e9ponses sur la guerre en Iran et \u00e0 Gaza<\/strong><\/a><br \/><strong><a href=\"#begeht-israel-in-gaza-voelkermord\" title=\"\">Isra\u00ebl commet-il un g\u00e9nocide \u00e0 Gaza<\/a><a href=\"#israel-ein-kolonialistisches-projekt-europaeischer-juden\" title=\"\">?<br \/>Isra\u00ebl est-il un projet colonialiste et un \u00c9tat d&rsquo;apartheid ?<\/a><br \/><a href=\"#braucht-es-unwra\" title=\"\">Qu&rsquo;en est-il de l&rsquo;Office de secours et de travaux des Nations unies pour les r\u00e9fugi\u00e9s de Palestine (UNRWA)<\/a><a href=\"#anzahl-palaestinenser-auf-der-flucht\" title=\"\">?<br \/>Pourquoi y a-t-il pr\u00e8s de 6 millions de r\u00e9fugi\u00e9s palestiniens selon les statistiques officielles ?<\/a><br \/>Lisez les r\u00e9ponses ici.<\/strong><\/p>\n\n<h2 class=\"wp-block-heading\" id=\"begeht-israel-in-gaza-voelkermord\">Question : Isra\u00ebl commet-il un g\u00e9nocide \u00e0 Gaza ?<\/h2>\n\n<p>L&rsquo;Afrique du Sud a demand\u00e9 \u00e0 la <a href=\"https:\/\/www.icj-cij.org\/home\" target=\"_blank\" rel=\"noreferrer noopener\">Cour internationale de justice<\/a> (CIJ) de qualifier les actions d&rsquo;Isra\u00ebl \u00e0 Gaza de <a href=\"https:\/\/www.bpb.de\/kurz-knapp\/lexika\/politiklexikon\/18429\/voelkermord\/\" target=\"_blank\" rel=\"noreferrer noopener\">\u00ab\u00a0g\u00e9nocide\u00a0\u00bb<\/a>. Le g\u00e9nocide est un crime majeur du droit international. Il d\u00e9signe le meurtre, l&rsquo;extermination ou toute autre forme de destruction intentionnelle de groupes ethniques en raison de leurs caract\u00e9ristiques ethniques ou sociales, de leur nationalit\u00e9 ou de leurs convictions religieuses. Il est vrai que certains politiciens ultranationalistes isra\u00e9liens ont demand\u00e9 \u00e0 Isra\u00ebl d&rsquo;exterminer les Palestiniens de Gaza. Mais leurs revendications n&rsquo;ont rien de commun avec l&rsquo;action des dirigeants politiques et de l&rsquo;arm\u00e9e \u00e0 Gaza.    <br \/><br \/>Isra\u00ebl se pr\u00e9occupe de la s\u00e9curit\u00e9 de sa propre population et non pas &#8211; comme c&rsquo;est crucial dans le cas d&rsquo;un g\u00e9nocide &#8211; de l&rsquo;intention d&rsquo;exterminer tout ou partie des Palestiniens. Au contraire, Isra\u00ebl a d\u00e9clar\u00e9 clairement et \u00e0 plusieurs reprises que son seul objectif \u00e9tait d&rsquo;\u00e9liminer les organisations terroristes du <a href=\"\/fr\/?page_id=2718\">Hamas<\/a> et <a href=\"\/fr\/?page_id=2673\" target=\"_blank\" rel=\"noreferrer noopener\">du Jihad islamique palestinien<\/a> (PIJ) \u00e0 Gaza et de lib\u00e9rer les otages du 7 octobre d\u00e9tenus par ces organisations. En cons\u00e9quence, ce sont les membres du Hamas et du Jihad islamique ainsi que leur infrastructure militaire qui sont vis\u00e9s par<a href=\"\/fr\/?page_id=2763\"> Tsahal<\/a> et non la population civile palestinienne de Gaza. Au contraire, Tsahal avertit les civils de Gaza par diff\u00e9rents canaux avant d&rsquo;attaquer une cible.   <br \/><br \/>A \u00e9couter sur le th\u00e8me du g\u00e9nocide, <a href=\"https:\/\/www.srf.ch\/audio\/echo-der-zeit\/krieg-der-worte-im-nahen-osten?partId=12482829\" target=\"_blank\" rel=\"noreferrer noopener\">SRF Echo der Zeit du 4.11.2023, interview d&rsquo;Oliver Diggelmann<\/a>, professeur de droit international \u00e0 l&rsquo;Universit\u00e9 de Zurich, \u00e0 partir de min. 3:30.  <\/p>\n\n<h2 class=\"wp-block-heading\">Question : Isra\u00ebl viole-t-il le droit international \u00e0 Gaza ?<\/h2>\n\n<p>Le <a href=\"https:\/\/www.bmvg.de\/de\/themen\/friedenssicherung\/humanitaeres-voelkerrecht\" target=\"_blank\" rel=\"noreferrer noopener\">droit international humanitaire<\/a>, dont font partie les<a href=\"https:\/\/de.wikipedia.org\/wiki\/Genfer_Konventionen\" target=\"_blank\" rel=\"noreferrer noopener\"> Conventions de Gen\u00e8ve<\/a>, r\u00e9git notamment la protection des populations civiles en cas de guerre. Les attaques contre la population civile, telles qu&rsquo;elles \u00e9taient pratiqu\u00e9es pendant la Seconde Guerre mondiale, sont donc strictement interdites. Les biens civils tels que les h\u00f4pitaux, les maisons ou les \u00e9coles ne peuvent pas \u00eatre attaqu\u00e9s. Il est \u00e9galement interdit d&rsquo;utiliser des civils comme boucliers pour des objectifs militaires ou de diriger les mouvements de la population civile de mani\u00e8re \u00e0 prot\u00e9ger les objectifs militaires des attaques ou \u00e0 couvrir des actes de guerre. Ainsi, si un bellig\u00e9rant comme le <a href=\"\/fr\/?page_id=2718\">Hamas<\/a> utilise un h\u00f4pital comme d\u00e9p\u00f4t d&rsquo;armes ou si des roquettes sont tir\u00e9es depuis un immeuble d&rsquo;habitation, il ne s&rsquo;agit plus d&rsquo;un bien civil, m\u00eame si des civils se trouvent encore dans le b\u00e2timent.      <br \/><br \/>Le droit international humanitaire reconna\u00eet en outre, aussi tragiquement que cela soit, les victimes civiles comme des dommages collat\u00e9raux d&rsquo;un conflit arm\u00e9. Les dommages collat\u00e9raux ne sont pas consid\u00e9r\u00e9s comme des crimes de guerre, \u00e0 condition que les attaques soient proportionn\u00e9es. <br \/><br \/>A Gaza, la guerre men\u00e9e par Isra\u00ebl contre les organisations terroristes du Hamas et <a href=\"\/fr\/?page_id=2673\">du Jihad islamique palestinien<\/a> fait certes des milliers de victimes parmi la population civile. Mais contrairement \u00e0 la Seconde Guerre mondiale, ces civils ne sont <strong>pas<\/strong> la cible des attaques. Au sein de <a href=\"\/fr\/?page_id=2763\">Tsahal, l&rsquo;arm\u00e9e isra\u00e9lienne<\/a>, chaque attaque de roquettes contre des cibles <a href=\"\/fr\/?page_id=2718\">du Hamas<\/a> doit \u00eatre examin\u00e9e en amont par des juristes afin de d\u00e9terminer si les victimes civiles attendues justifient ou non l&rsquo;attaque.    <br \/><br \/>En outre, conform\u00e9ment aux Conventions de Gen\u00e8ve, Isra\u00ebl avertit la population civile de Gaza, par des messages et des appels sur les t\u00e9l\u00e9phones portables, ainsi que par le largage de tracts, de l&rsquo;imminence d&rsquo;une attaque sur une zone ou une route sp\u00e9cifique. Ces avertissements incluent \u00e9galement la communication \u00e0 la population de voies sp\u00e9ciales (couloirs) par lesquelles elle peut se mettre \u00e0 l&rsquo;abri.   <\/p>\n\n<h2 class=\"wp-block-heading\" id=\"braucht-es-unwra\">Question : L&rsquo;Office de secours et de travaux des Nations unies pour les r\u00e9fugi\u00e9s de Palestine (UNWRA) est-il n\u00e9cessaire ?<\/h2>\n\n<p>Comme l&rsquo;a d\u00e9clar\u00e9 le ministre suisse des Affaires \u00e9trang\u00e8res, le conseiller f\u00e9d\u00e9ral Ignazio Cassis, en 2018, l&rsquo;UNRWA n&rsquo;est pas la solution, mais <a href=\"https:\/\/unwatch.org\/tag\/unrwa\/\">une partie du probl\u00e8me<\/a> entre les Palestiniens et Isra\u00ebl. Cassis n&rsquo;est pas le seul \u00e0 le <a href=\"https:\/\/unwatch.org\/tag\/unrwa\/\">critiquer depuis de nombreuses ann\u00e9es, l&rsquo;organisation non gouvernementale UN Watch<\/a> le fait \u00e9galement. Mais ce n&rsquo;est que maintenant, apr\u00e8s que le <a href=\"https:\/\/www.nytimes.com\/2024\/01\/28\/world\/middleeast\/gaza-unrwa-hamas-israel.html\">New York Times<\/a> et le <a href=\"https:\/\/www.wsj.com\/world\/middle-east\/at-least-12-u-n-agency-employees-involved-in-oct-7-attacks-intelligence-reports-say-a7de8f36\">Wall Street Journal<\/a> ont rendu public l&rsquo;implication directe de collaborateurs de l&rsquo;UNWRA dans le massacre du 7 octobre, en se r\u00e9f\u00e9rant \u00e0 un dossier des services secrets isra\u00e9liens, que les flux financiers sont stopp\u00e9s.  <\/p>\n\n<p>UN Watch a \u00e9galement document\u00e9 dans son rapport <a href=\"https:\/\/unwatch.org\/wp-content\/uploads\/2024\/01\/UN-Watch-UNRWA-Terrorgram-.pdf\">UNRWA&rsquo;S TERRORGRAM<\/a> comment de nombreux membres du personnel de l&rsquo;UNWRA ont c\u00e9l\u00e9br\u00e9 la terreur du 7 octobre.<\/p>\n\n<p>L&rsquo;<a href=\"\/fr\/?page_id=2706\">UNWRA<\/a> doit et peut \u00eatre dissoute \u00e0 moyen terme. Il n&rsquo;y a aucune raison pour que les r\u00e9fugi\u00e9s palestiniens ne soient pas pris en charge par le Haut Commissariat aux R\u00e9fugi\u00e9s (HCR) comme tous les autres r\u00e9fugi\u00e9s dans le monde. Depuis sa cr\u00e9ation en 1950, le HCR a aid\u00e9 des millions de r\u00e9fugi\u00e9s \u00e0 se construire une nouvelle vie.  <br \/><br \/>En revanche, l&rsquo;UNRWA maintient le probl\u00e8me des soi-disant r\u00e9fugi\u00e9s palestiniens et augmente artificiellement le nombre de r\u00e9fugi\u00e9s. Depuis 1948, ce nombre est pass\u00e9 de 750 000 \u00e0 pr\u00e8s de 6 millions. Et ce uniquement parce que, contrairement aux autres groupes de r\u00e9fugi\u00e9s, les Palestiniens transmettent leur statut de r\u00e9fugi\u00e9 \u00e0 la g\u00e9n\u00e9ration suivante, quelle que soit leur situation r\u00e9elle.  <br \/><br \/>Ce que l&rsquo;UNWRA fait dans les domaines de l&rsquo;\u00e9ducation, de la sant\u00e9 et de l&rsquo;aide humanitaire, ainsi que dans tous les autres domaines, peut tout aussi bien \u00eatre r\u00e9alis\u00e9 par des institutions gouvernementales ou internationales. C&rsquo;est dans le domaine de l&rsquo;\u00e9ducation que l&rsquo;on voit \u00e0 quel point l&rsquo;organisation est politiquement infiltr\u00e9e. Dans ses quelque 700 \u00e9coles, elle inculque aux enfants et aux jeunes la haine d&rsquo;Isra\u00ebl et des Juifs (voir par exemple <a href=\"https:\/\/www.terrorism-info.org.il\/app\/uploads\/2020\/06\/E_141_20.pdf\" target=\"_blank\" rel=\"noreferrer noopener\">ici<\/a> ou <a href=\"https:\/\/www.impact-se.org\/unrwa\/\" target=\"_blank\" rel=\"noreferrer noopener\">ici<\/a>).    <\/p>\n\n<h2 class=\"wp-block-heading\" id=\"israel-ein-kolonialistisches-projekt-europaeischer-juden\">Question : Isra\u00ebl est-il un projet colonialiste des Juifs europ\u00e9ens ?  <\/h2>\n\n<p>Non, et ce pour <a href=\"https:\/\/www.mena-watch.com\/israel-ist-kein-siedlerkolonialistisches-projekt\/\" target=\"_blank\" rel=\"noreferrer noopener\">plusieurs raisons<\/a>.<\/p>\n\n<p>Tout d&rsquo;abord, le <a href=\"https:\/\/www.bpb.de\/kurz-knapp\/lexika\/politiklexikon\/17718\/kolonialismus\/\" target=\"_blank\" rel=\"noreferrer noopener\">colonialisme<\/a> d\u00e9signe l&rsquo;extension du pouvoir de domination des pays europ\u00e9ens sur des territoires extra-europ\u00e9ens dans le but premier de les exploiter \u00e9conomiquement. Or, les Juifs europ\u00e9ens qui ont colonis\u00e9 la Palestine historique \u00e9taient des r\u00e9fugi\u00e9s, pas des colons. Ils ne repr\u00e9sentaient pas non plus les int\u00e9r\u00eats de leur pays d&rsquo;origine. Les premiers sionistes sont arriv\u00e9s dans la Palestine historique d\u00e8s 1882. A cette \u00e9poque, les juifs repr\u00e9sentaient la majorit\u00e9 de la population de J\u00e9rusalem. En 1914, entre 90&rsquo;000 et 100&rsquo;000 juifs vivaient dans la r\u00e9gion.     <br \/><br \/>Deuxi\u00e8mement, les juifs ont toujours \u00e9t\u00e9 pr\u00e9sents dans la r\u00e9gion. Ainsi, le d\u00e9but de l&rsquo;histoire juive dans cette r\u00e9gion peut \u00eatre dat\u00e9 d&rsquo;environ 1300 avant J.-C., alors que la langue et la culture arabes ne se sont r\u00e9pandues de la p\u00e9ninsule arabique \u00e0 la Palestine byzantine, alors chr\u00e9tienne, qu&rsquo;au 7e si\u00e8cle apr\u00e8s J.-C., avec l&rsquo;\u00e9mergence de l&rsquo;islam. Cela signifie que les Juifs qui ont immigr\u00e9 aux 19e et 20e si\u00e8cles dans la Palestine de l&rsquo;\u00e9poque, o\u00f9 leurs anc\u00eatres avaient v\u00e9cu, n&rsquo;\u00e9taient pas des colonialistes mais des rapatri\u00e9s, pour cette raison \u00e9galement.    <\/p>\n\n<p>Troisi\u00e8mement, au moins la moiti\u00e9 de la population juive de l&rsquo;Isra\u00ebl actuel est constitu\u00e9e de juifs dits \u00ab\u00a0mizrachim\u00a0\u00bb. Ils ne sont pas europ\u00e9ens, mais leurs familles ont \u00e9t\u00e9 expuls\u00e9es de pays arabes avant et imm\u00e9diatement apr\u00e8s la cr\u00e9ation d&rsquo;Isra\u00ebl. La journaliste <a href=\"https:\/\/www.jns.org\/are-jewish-and-arab-refugees-created-equal\/\" target=\"_blank\" rel=\"noreferrer noopener\">Lyn Julius<\/a>, cofondatrice de Harif, une association de Juifs du Moyen-Orient et d&rsquo;Afrique du Nord en Grande-Bretagne, a d\u00e9crit cela en d\u00e9tail dans son livre \u00ab\u00a0Uprooted\u00a0\u00bb.    <br \/><br \/>On oublie souvent que la plupart des Arabes palestiniens sont les descendants d&rsquo;immigrants venus d&rsquo;autres pays apr\u00e8s 1882. C&rsquo;est ce que montre notamment le rapport <a href=\"https:\/\/lessons.myjli.com\/survival\/index.php\/2017\/03\/26\/land-ownership-in-palestine-1880-1948\/\" target=\"_blank\" rel=\"noreferrer noopener\">Land Ownership in Palestine<\/a>, 1880-1948, selon lequel une grande vague d&rsquo;immigration a eu lieu entre les deux guerres mondiales, notamment parce que la population juive avait r\u00e9ussi \u00e0 exploiter des zones d\u00e9sertiques et mar\u00e9cageuses dans des terres peu peupl\u00e9es, fournissant ainsi du travail. La premi\u00e8re colonie agricole juive a \u00e9t\u00e9 fond\u00e9e en 1878 \u00e0 Petach-Tikwa (Porte de l&rsquo;espoir).     <\/p>\n\n<h2 class=\"wp-block-heading\" id=\"ist-israel-ein-apartheidstaat\">Question : Isra\u00ebl est-il un \u00c9tat d&rsquo;apartheid ?<\/h2>\n\n<p>L&rsquo;apartheid est d\u00e9fini par le droit p\u00e9nal international, y compris <a href=\"https:\/\/www.un.org\/en\/genocideprevention\/documents\/atrocity-crimes\/Doc.10_International%20Convention%20on%20the%20Suppression%20and%20Punishment%20of%20the%20Crime%20of%20Apartheid.pdf\" target=\"_blank\" rel=\"noreferrer noopener\">la Convention anti-apartheid de 1974 (article 2)<\/a> et <a href=\"https:\/\/www.un.org\/depts\/german\/internatrecht\/roemstat1.html\" target=\"_blank\" rel=\"noreferrer noopener\">le Statut de Rome de la Cour p\u00e9nale internationale de 1998 (article 7, paragraphe 2 j)<\/a>, comme un crime contre l&rsquo;humanit\u00e9 qui se compose de trois \u00e9l\u00e9ments : <br \/>1. l&rsquo;intention d&rsquo;un groupe ethnique de dominer un autre ; <br \/>2. l&rsquo;oppression syst\u00e9matique du groupe dominant sur le groupe marginalis\u00e9 et <br \/>3. les violations particuli\u00e8rement graves sous la forme de traitements inhumains  <br \/><br \/>Aucun de ces \u00e9l\u00e9ments ne s&rsquo;applique \u00e0 Isra\u00ebl. Isra\u00ebl est une d\u00e9mocratie. Tous les Isra\u00e9liens ont les m\u00eames droits, ind\u00e9pendamment de leur origine, de leur ethnie, de leur sexe ou de leur orientation sexuelle. (Cela contraste avec les droits dont disposent les habitants de Gaza et des pays voisins, o\u00f9, par exemple, l&rsquo;homosexualit\u00e9 n&rsquo;est pas tol\u00e9r\u00e9e et o\u00f9 les droits des femmes sont fortement limit\u00e9s). Isra\u00ebl est un \u00c9tat de droit avec une s\u00e9paration des pouvoirs qui fonctionne. La libert\u00e9 d&rsquo;expression et la libert\u00e9 de la presse sont respect\u00e9es.       <br \/> <br \/>Plus d&rsquo;un cinqui\u00e8me des Isra\u00e9liens sont arabes. Les Arabes isra\u00e9liens sont repr\u00e9sent\u00e9s \u00e0 la Knesset, le parlement isra\u00e9lien. Le premier parti arabe, la <a href=\"https:\/\/www.israelnetz.com\/der-pragmatische-islamist\/\" target=\"_blank\" rel=\"noreferrer noopener\">Liste arabe unifi\u00e9e<\/a> (Ra&rsquo;am), est entr\u00e9 au gouvernement en 2021, avec une politique islamiste et antisioniste.    <br \/><br \/>Depuis 2022, <a href=\"https:\/\/en.wikipedia.org\/wiki\/Khaled_Kabub\" target=\"_blank\" rel=\"noreferrer noopener\">Khaled Kabub<\/a>, le premier Isra\u00e9lien arabe musulman \u00e0 si\u00e9ger \u00e0 la Cour supr\u00eame, ainsi que d&rsquo;autres Isra\u00e9liens arabes chr\u00e9tiens. De 2017 \u00e0 2023, <a href=\"https:\/\/de.wikipedia.org\/wiki\/Esther_Chajut\" target=\"_blank\" rel=\"noreferrer noopener\">Esther Hayut<\/a>, la troisi\u00e8me femme, a pr\u00e9sid\u00e9 la Cour supr\u00eame. La Cour supr\u00eame, comme les institutions judiciaires des autres d\u00e9mocraties, prot\u00e8ge l&rsquo;\u00c9tat de droit et les droits individuels. Cependant, comme Isra\u00ebl ne dispose pas d&rsquo;une constitution \u00e9crite ou d&rsquo;une loi fondamentale, le syst\u00e8me judiciaire isra\u00e9lien joue un r\u00f4le particuli\u00e8rement important. La Cour Supr\u00eame critique r\u00e9guli\u00e8rement la politique isra\u00e9lienne \u00e0 travers ses jugements. Au d\u00e9but de l&rsquo;ann\u00e9e 2024, elle a annul\u00e9 <a href=\"https:\/\/www.nzz.ch\/international\/israels-oberstes-gericht-urteilt-gegen-kernelement-von-justizreform-ld.1772552\" target=\"_blank\" rel=\"noreferrer noopener\">l&rsquo;\u00e9l\u00e9ment cl\u00e9 de la r\u00e9forme du syst\u00e8me judiciaire<\/a>, qui mena\u00e7ait d&rsquo;affaiblir la s\u00e9paration des pouvoirs, le Premier ministre Benjamin Netanyahu et ses alli\u00e9s de la droite nationale et religieuse. Auparavant, les Isra\u00e9liens \u00e9taient descendus dans la rue par centaines de milliers pendant des mois pour protester contre cette r\u00e9forme.        <br \/><br \/>Les Arabes isra\u00e9liens sont \u00e9galement bien int\u00e9gr\u00e9s dans de nombreux secteurs de la soci\u00e9t\u00e9. Par exemple dans le domaine de la m\u00e9decine. Selon les <a href=\"https:\/\/www.haaretz.com\/israel-news\/2021-10-03\/ty-article-magazine\/at-34-this-israeli-arab-surgeon-is-an-expert-in-medicines-most-prestigious-spheres\/0000017f-e1ac-d7b2-a77f-e3affb230000\" target=\"_blank\" rel=\"noreferrer noopener\">donn\u00e9es du minist\u00e8re de la Sant\u00e9<\/a> pour l&rsquo;ann\u00e9e 2020, les Arabes isra\u00e9liens repr\u00e9sentaient 46 pour cent des m\u00e9decins nouvellement form\u00e9s, et m\u00eame 50 pour cent des infirmiers (en 2000, ils n&rsquo;\u00e9taient que 9 pour cent). Plus de la moiti\u00e9 des dentistes (53 pour cent) et m\u00eame 57 pour cent des pharmaciens sont des Arabes isra\u00e9liens.     <br \/><br \/>La situation \u00e0 Gaza et en Cisjordanie n&rsquo;a rien \u00e0 voir non plus avec l&rsquo;apartheid :<\/p>\n\n<p><strong>En 2005, Isra\u00ebl s&rsquo;est compl\u00e8tement retir\u00e9 de Gaza.<\/strong>  Cependant, depuis la prise de pouvoir du Hamas en 2007, Isra\u00ebl est constamment confront\u00e9 \u00e0 des attentats et des attaques de roquettes en provenance de Gaza. Pour des raisons de s\u00e9curit\u00e9, Isra\u00ebl a ferm\u00e9 sa fronti\u00e8re avec Gaza, comme l&rsquo;a fait l&rsquo;Egypte. <\/p>\n\n<p>Il y a deux ans, Isra\u00ebl a commenc\u00e9 \u00e0 assouplir le blocus et a autoris\u00e9 de plus en plus de Palestiniens \u00e0 travailler en Isra\u00ebl. Ils \u00e9taient finalement plus de 18 000 \u00e0 traverser la fronti\u00e8re chaque jour pour aller travailler. Une erreur, comme nous le savons aujourd&rsquo;hui. Beaucoup d&rsquo;entre eux venaient pour espionner leurs employeurs et la situation sur place. L&rsquo;horrible massacre du 7 octobre a \u00e9t\u00e9 planifi\u00e9 de longue date.    <\/p>\n\n<p>En Cisjordanie, c&rsquo;est l&rsquo;Autorit\u00e9 palestinienne dirig\u00e9e par Mahmoud Abbas du <a href=\"\/fr\/?page_id=2680\">Fatah<\/a> qui gouverne depuis 2006 &#8211; et non le gouvernement isra\u00e9lien.<\/p>\n\n<p>Cependant, <a href=\"\/fr\/?page_id=2670\">la politique de colonisation d&rsquo;Isra\u00ebl en Cisjordanie<\/a> est critiqu\u00e9e \u00e0 juste titre comme \u00e9tant ill\u00e9gale, tant en Isra\u00ebl qu&rsquo;\u00e0 l&rsquo;\u00e9tranger. En effet, cette politique rend de plus en plus difficile une solution \u00e0 deux \u00c9tats, telle qu&rsquo;elle a \u00e9t\u00e9 d\u00e9cid\u00e9e par l&rsquo;ONU en 1947. Mais celle-ci n&rsquo;a rien \u00e0 voir non plus avec l&rsquo;apartheid. <\/p>\n\n<h2 class=\"wp-block-heading\" id=\"anzahl-palaestinenser-auf-der-flucht\">Question : Combien de Palestiniens sont en fuite ?<\/h2>\n\n<p>La grande majorit\u00e9 des Palestiniens ne sont pas des r\u00e9fugi\u00e9s, m\u00eame si 5,9 millions de r\u00e9fugi\u00e9s palestiniens sont aujourd&rsquo;hui enregistr\u00e9s aupr\u00e8s de l&rsquo;UNRWA. En effet, dans le cas des Palestiniens, les descendants des r\u00e9fugi\u00e9s de 1948 sont \u00e9galement consid\u00e9r\u00e9s comme des r\u00e9fugi\u00e9s, ce qui en fait le seul groupe de r\u00e9fugi\u00e9s au monde. Cela signifie que, contrairement \u00e0 <a href=\"https:\/\/de.wikipedia.org\/wiki\/Abkommen_%C3%BCber_die_Rechtsstellung_der_Fl%C3%BCchtlinge\" target=\"_blank\" rel=\"noreferrer noopener\">la Convention de Gen\u00e8ve sur les r\u00e9fugi\u00e9s<\/a>, les Palestiniens sont (les seuls) \u00e0 h\u00e9riter de leur statut de r\u00e9fugi\u00e9. En 1948, environ 750 000 Arabes ont fui la r\u00e9gion, l&rsquo;ont quitt\u00e9e ou ont vendu leurs terres. Cela s&rsquo;est produit dans le cadre de la guerre d&rsquo;ind\u00e9pendance isra\u00e9lienne, au cours de laquelle les arm\u00e9es syrienne, jordanienne, \u00e9gyptienne, libanaise et irakienne ont cherch\u00e9 \u00e0 d\u00e9truire l&rsquo;\u00c9tat isra\u00e9lien nouvellement cr\u00e9\u00e9.    <\/p>\n\n<p>Sur ces 750 000 Arabes, 50 000 \u00e0 70 000 sont aujourd&rsquo;hui en vie, selon les estimations. Ils sont de v\u00e9ritables r\u00e9fugi\u00e9s au sens de la Convention des Nations unies relative au statut des r\u00e9fugi\u00e9s. Mais leurs descendants, c&rsquo;est-\u00e0-dire les 5,8 millions de Palestiniens restants qui revendiquent ce statut, ne le sont pas. <br \/><\/p>\n\n<p><a href=\"\/wp-content\/uploads\/2025\/03\/Wichtigste-Fragen-und-Antworten.pdf\" target=\"_blank\" rel=\"noreferrer noopener\">T\u00e9l\u00e9charger les questions et r\u00e9ponses sur Isra\u00ebl, Gaza et les Palestiniens au format PDF<\/a><\/p>\n","protected":false},"excerpt":{"rendered":"<p>Questions et r\u00e9ponses sur la guerre en Iran et \u00e0 GazaIsra\u00ebl commet-il un g\u00e9nocide \u00e0 Gaza?Isra\u00ebl est-il un projet colonialiste et un \u00c9tat d&rsquo;apartheid ?Qu&rsquo;en est-il de l&rsquo;Office de secours et de travaux des Nations unies pour les r\u00e9fugi\u00e9s de Palestine (UNRWA)?Pourquoi y a-t-il pr\u00e8s de 6 millions de r\u00e9fugi\u00e9s palestiniens selon les statistiques officielles [&hellip;]<\/p>\n","protected":false},"author":2,"featured_media":2338,"parent":0,"menu_order":0,"comment_status":"closed","ping_status":"closed","template":"","meta":{"_hide_socialbar":"","footnotes":""},"categories":[],"tags":[375,379,372,382],"class_list":["post-2814","page","type-page","status-publish","has-post-thumbnail","hentry","tag-faq-fr-2","tag-gaza-fr","tag-israel-fr","tag-palestiniens"],"aioseo_notices":[],"_links":{"self":[{"href":"https:\/\/fokusisrael.ch\/fr\/wp-json\/wp\/v2\/pages\/2814","targetHints":{"allow":["GET"]}}],"collection":[{"href":"https:\/\/fokusisrael.ch\/fr\/wp-json\/wp\/v2\/pages"}],"about":[{"href":"https:\/\/fokusisrael.ch\/fr\/wp-json\/wp\/v2\/types\/page"}],"author":[{"embeddable":true,"href":"https:\/\/fokusisrael.ch\/fr\/wp-json\/wp\/v2\/users\/2"}],"replies":[{"embeddable":true,"href":"https:\/\/fokusisrael.ch\/fr\/wp-json\/wp\/v2\/comments?post=2814"}],"version-history":[{"count":5,"href":"https:\/\/fokusisrael.ch\/fr\/wp-json\/wp\/v2\/pages\/2814\/revisions"}],"predecessor-version":[{"id":5412,"href":"https:\/\/fokusisrael.ch\/fr\/wp-json\/wp\/v2\/pages\/2814\/revisions\/5412"}],"wp:featuredmedia":[{"embeddable":true,"href":"https:\/\/fokusisrael.ch\/fr\/wp-json\/wp\/v2\/media\/2338"}],"wp:attachment":[{"href":"https:\/\/fokusisrael.ch\/fr\/wp-json\/wp\/v2\/media?parent=2814"}],"wp:term":[{"taxonomy":"category","embeddable":true,"href":"https:\/\/fokusisrael.ch\/fr\/wp-json\/wp\/v2\/categories?post=2814"},{"taxonomy":"post_tag","embeddable":true,"href":"https:\/\/fokusisrael.ch\/fr\/wp-json\/wp\/v2\/tags?post=2814"}],"curies":[{"name":"wp","href":"https:\/\/api.w.org\/{rel}","templated":true}]}}