{"id":2810,"date":"2024-03-19T11:02:00","date_gmt":"2024-03-19T10:02:00","guid":{"rendered":"https:\/\/fokusisrael.ch\/qui-nous-sommes-et-ce-que-nous-voulons\/concert-de-bienfaisance-pour-ofakim\/"},"modified":"2025-10-15T13:37:14","modified_gmt":"2025-10-15T11:37:14","slug":"concert-de-bienfaisance-pour-ofakim","status":"publish","type":"page","link":"https:\/\/fokusisrael.ch\/fr\/qui-nous-sommes-et-ce-que-nous-voulons\/concert-de-bienfaisance-pour-ofakim\/","title":{"rendered":"Concert de bienfaisance pour Ofakim"},"content":{"rendered":"\n<p>Pour les enfants de la ville d&rsquo;Ofakim qui ont \u00e9t\u00e9 traumatis\u00e9s par l&rsquo;attaque terroriste du 7 octobre 2023 et qui souffrent depuis des cons\u00e9quences de ce terrible \u00e9v\u00e9nement.<\/p>\n\n<figure class=\"wp-block-image size-large\"><img loading=\"lazy\" decoding=\"async\" width=\"722\" height=\"1024\" src=\"https:\/\/fokusisrael.ch\/wp-content\/uploads\/2025\/03\/ofakim-benefizkonzert-722x1024.jpg\" alt=\"D&#xE9;pliant du concert de bienfaisance\" class=\"wp-image-687\" srcset=\"https:\/\/fokusisrael.ch\/wp-content\/uploads\/2025\/03\/ofakim-benefizkonzert-722x1024.jpg 722w, https:\/\/fokusisrael.ch\/wp-content\/uploads\/2025\/03\/ofakim-benefizkonzert-212x300.jpg 212w, https:\/\/fokusisrael.ch\/wp-content\/uploads\/2025\/03\/ofakim-benefizkonzert.jpg 746w\" sizes=\"auto, (max-width: 722px) 100vw, 722px\" \/><\/figure>\n\n<p>8 avril 2024 | 19 h<br \/>( ouverture des portes \u00e0 18 h 30)<br \/>ICZ Gemeindezentrum<br \/>Lavaterstrasse 33, 8002 Zurich<\/p>\n\n<h3 class=\"wp-block-heading\">Programme<\/h3>\n\n<p>Accueil par Ingrid Deltenre (ancienne directrice de la t\u00e9l\u00e9vision suisse SRF) et Sacha Wigdorovits (fondateur de FokusIsrael.ch)<br \/><br \/>Yan Balistoy \u00ab\u00a0Todesfuge\u00a0\u00bb de Paul Celan<br \/>Brigitte Farner (piano)<br \/>\u0152uvres de Felix Mendelssohn, W. A. Mozart et Franz Schubert<br \/>Eugenia Karni (violon) et Gilad Karni (alto)<br \/>\u0152uvres de W. A. Mozart<br \/><br \/>Ensuite, Flying Diner au foyer du centre communautaire ICZ<\/p>\n\n<h3 class=\"wp-block-heading\">Dons<\/h3>\n\n<p>Dons : \u00e0 partir de 500 CHF par personne (d\u00e9ductibles des imp\u00f4ts) Inscription jusqu&rsquo;au 25 mars 2024 \u00e0<br \/><a href=\"mailto:stella.zeco@contractmedia.ch\" target=\"_blank\" rel=\"noreferrer noopener\">stella.zeco@contractmedia.ch<\/a><br \/>Versement sur le compte de Keren Israel, Kornhausgasse 8, 4051 B\u00e2le.<br \/>IBAN CH02 0900 0000 6045 1836 9. Mention : \u00ab\u00a0Concert de bienfaisance Ofakim\u00a0\u00bb.<br \/><br \/>Les recettes seront utilis\u00e9es pour la prise en charge des enfants d&rsquo;Ofakim qui souffrent du traumatisme de ce qu&rsquo;ils ont v\u00e9cu le 7 octobre 2023.<\/p>\n","protected":false},"excerpt":{"rendered":"<p>Pour les enfants de la ville d&rsquo;Ofakim qui ont \u00e9t\u00e9 traumatis\u00e9s par l&rsquo;attaque terroriste du 7 octobre 2023 et qui souffrent depuis des cons\u00e9quences de ce terrible \u00e9v\u00e9nement. 8 avril 2024 | 19 h( ouverture des portes \u00e0 18 h 30)ICZ GemeindezentrumLavaterstrasse 33, 8002 Zurich Programme Accueil par Ingrid Deltenre (ancienne directrice de la t\u00e9l\u00e9vision [&hellip;]<\/p>\n","protected":false},"author":2,"featured_media":2336,"parent":2679,"menu_order":0,"comment_status":"closed","ping_status":"closed","template":"","meta":{"_hide_socialbar":"","footnotes":""},"categories":[],"tags":[418,417],"class_list":["post-2810","page","type-page","status-publish","has-post-thumbnail","hentry","tag-concert-de-bienfaisance","tag-zurich"],"aioseo_notices":[],"_links":{"self":[{"href":"https:\/\/fokusisrael.ch\/fr\/wp-json\/wp\/v2\/pages\/2810","targetHints":{"allow":["GET"]}}],"collection":[{"href":"https:\/\/fokusisrael.ch\/fr\/wp-json\/wp\/v2\/pages"}],"about":[{"href":"https:\/\/fokusisrael.ch\/fr\/wp-json\/wp\/v2\/types\/page"}],"author":[{"embeddable":true,"href":"https:\/\/fokusisrael.ch\/fr\/wp-json\/wp\/v2\/users\/2"}],"replies":[{"embeddable":true,"href":"https:\/\/fokusisrael.ch\/fr\/wp-json\/wp\/v2\/comments?post=2810"}],"version-history":[{"count":3,"href":"https:\/\/fokusisrael.ch\/fr\/wp-json\/wp\/v2\/pages\/2810\/revisions"}],"predecessor-version":[{"id":5291,"href":"https:\/\/fokusisrael.ch\/fr\/wp-json\/wp\/v2\/pages\/2810\/revisions\/5291"}],"up":[{"embeddable":true,"href":"https:\/\/fokusisrael.ch\/fr\/wp-json\/wp\/v2\/pages\/2679"}],"wp:featuredmedia":[{"embeddable":true,"href":"https:\/\/fokusisrael.ch\/fr\/wp-json\/wp\/v2\/media\/2336"}],"wp:attachment":[{"href":"https:\/\/fokusisrael.ch\/fr\/wp-json\/wp\/v2\/media?parent=2810"}],"wp:term":[{"taxonomy":"category","embeddable":true,"href":"https:\/\/fokusisrael.ch\/fr\/wp-json\/wp\/v2\/categories?post=2810"},{"taxonomy":"post_tag","embeddable":true,"href":"https:\/\/fokusisrael.ch\/fr\/wp-json\/wp\/v2\/tags?post=2810"}],"curies":[{"name":"wp","href":"https:\/\/api.w.org\/{rel}","templated":true}]}}