{"id":2808,"date":"2024-01-30T07:48:00","date_gmt":"2024-01-30T06:48:00","guid":{"rendered":"https:\/\/fokusisrael.ch\/israel-lonu-et-la-suisse\/"},"modified":"2025-10-15T13:37:51","modified_gmt":"2025-10-15T11:37:51","slug":"israel-lonu-et-la-suisse","status":"publish","type":"page","link":"https:\/\/fokusisrael.ch\/fr\/israel-lonu-et-la-suisse\/","title":{"rendered":"Isra\u00ebl, l&rsquo;ONU et la Suisse"},"content":{"rendered":"\n<p class=\"article__intro\">Sans les Nations unies, Isra\u00ebl n&rsquo;existerait pas sous sa forme actuelle. C&rsquo;est en effet l&rsquo;ONU qui a d\u00e9cid\u00e9, le 29 novembre 1947, de cr\u00e9er un \u00c9tat juif et un \u00c9tat arabe sur le territoire de la Palestine restante (le royaume de Jordanie s&rsquo;\u00e9tait d\u00e9j\u00e0 s\u00e9par\u00e9 du territoire initial). <\/p>\n\n<p>Mais depuis lors, sous l&rsquo;influence de l&rsquo;\u00e9volution de la politique mondiale, la relation de l&rsquo;ONU avec Isra\u00ebl a fondamentalement chang\u00e9. Isra\u00ebl est constamment clou\u00e9 au pilori, tant \u00e0 l&rsquo;Assembl\u00e9e g\u00e9n\u00e9rale des Nations unies qu&rsquo;au Conseil des droits de l&rsquo;homme, alors que des \u00c9tats injustes comme la Cor\u00e9e du Nord, l&rsquo;Iran, la Russie, l&rsquo;Afghanistan ou le Venezuela s&rsquo;en tirent \u00e0 bon compte gr\u00e2ce aux droits de majorit\u00e9 et de veto qui pr\u00e9valent aujourd&rsquo;hui \u00e0 l&rsquo;ONU. Les crimes de guerre du Hamas n&rsquo;ont pas non plus \u00e9t\u00e9 mentionn\u00e9s dans les diff\u00e9rents communiqu\u00e9s et r\u00e9solutions de l&rsquo;ONU depuis le massacre de la population civile isra\u00e9lienne le 7 octobre 2023. Ce n&rsquo;est qu&rsquo;environ quatre mois apr\u00e8s cet \u00e9v\u00e9nement, fin janvier 2024, qu&rsquo;une d\u00e9l\u00e9gation de l&rsquo;ONU est arriv\u00e9e en Isra\u00ebl pour enqu\u00eater sur les crimes sexuels et les violences commises par les terroristes du Hamas sur les femmes enlev\u00e9es le 7 octobre 2023. En d\u00e9pit de ses d\u00e9clarations de neutralit\u00e9, la Suisse se <a href=\"\/israel-uno-schweiz\/vereinte-nationen-uno\/der-unrechte-menschenrechtsrat\/\">range g\u00e9n\u00e9ralement du c\u00f4t\u00e9 des opposants \u00e0 Isra\u00ebl lors des votes \u00e0 l&rsquo;ONU<\/a>. Ce n&rsquo;est que r\u00e9cemment que le D\u00e9partement f\u00e9d\u00e9ral des affaires \u00e9trang\u00e8res (DFAE) et la Chambre haute du Parlement suisse, le Conseil national, ont commenc\u00e9 \u00e0 reconsid\u00e9rer leur position et \u00e0 agir en cons\u00e9quence. La raison en \u00e9tait, outre le massacre perp\u00e9tr\u00e9 par le Hamas le 7 octobre 2023, des rapports des services secrets selon lesquels de nombreux collaborateurs de l&rsquo;<a href=\"\/israel-uno-schweiz\/vereinte-nationen-uno\/das-hilfswerk-fuer-die-palaestinenser-unrwa\/\">Office de secours et de travaux des Nations unies pour les r\u00e9fugi\u00e9s de Palestine (UNRWA)<\/a>, mais aussi des collaborateurs d&rsquo;autres ONG palestiniennes soutenues par la Suisse, \u00e9taient proches d&rsquo;<a href=\"\/fr\/?page_id=2730\">organisations terroristes<\/a> comme le Hamas ou le Front populaire de lib\u00e9ration de la Palestine (FPLP).        <\/p>\n","protected":false},"excerpt":{"rendered":"<p>Sans les Nations unies, Isra\u00ebl n&rsquo;existerait pas sous sa forme actuelle. C&rsquo;est en effet l&rsquo;ONU qui a d\u00e9cid\u00e9, le 29 novembre 1947, de cr\u00e9er un \u00c9tat juif et un \u00c9tat arabe sur le territoire de la Palestine restante (le royaume de Jordanie s&rsquo;\u00e9tait d\u00e9j\u00e0 s\u00e9par\u00e9 du territoire initial). Mais depuis lors, sous l&rsquo;influence de l&rsquo;\u00e9volution [&hellip;]<\/p>\n","protected":false},"author":2,"featured_media":2350,"parent":0,"menu_order":0,"comment_status":"closed","ping_status":"closed","template":"","meta":{"_hide_socialbar":"","footnotes":""},"categories":[],"tags":[372,397,396],"class_list":["post-2808","page","type-page","status-publish","has-post-thumbnail","hentry","tag-israel-fr","tag-onu","tag-suisse"],"aioseo_notices":[],"_links":{"self":[{"href":"https:\/\/fokusisrael.ch\/fr\/wp-json\/wp\/v2\/pages\/2808","targetHints":{"allow":["GET"]}}],"collection":[{"href":"https:\/\/fokusisrael.ch\/fr\/wp-json\/wp\/v2\/pages"}],"about":[{"href":"https:\/\/fokusisrael.ch\/fr\/wp-json\/wp\/v2\/types\/page"}],"author":[{"embeddable":true,"href":"https:\/\/fokusisrael.ch\/fr\/wp-json\/wp\/v2\/users\/2"}],"replies":[{"embeddable":true,"href":"https:\/\/fokusisrael.ch\/fr\/wp-json\/wp\/v2\/comments?post=2808"}],"version-history":[{"count":2,"href":"https:\/\/fokusisrael.ch\/fr\/wp-json\/wp\/v2\/pages\/2808\/revisions"}],"predecessor-version":[{"id":2812,"href":"https:\/\/fokusisrael.ch\/fr\/wp-json\/wp\/v2\/pages\/2808\/revisions\/2812"}],"wp:featuredmedia":[{"embeddable":true,"href":"https:\/\/fokusisrael.ch\/fr\/wp-json\/wp\/v2\/media\/2350"}],"wp:attachment":[{"href":"https:\/\/fokusisrael.ch\/fr\/wp-json\/wp\/v2\/media?parent=2808"}],"wp:term":[{"taxonomy":"category","embeddable":true,"href":"https:\/\/fokusisrael.ch\/fr\/wp-json\/wp\/v2\/categories?post=2808"},{"taxonomy":"post_tag","embeddable":true,"href":"https:\/\/fokusisrael.ch\/fr\/wp-json\/wp\/v2\/tags?post=2808"}],"curies":[{"name":"wp","href":"https:\/\/api.w.org\/{rel}","templated":true}]}}