{"id":2804,"date":"2024-02-22T07:08:00","date_gmt":"2024-02-22T06:08:00","guid":{"rendered":"https:\/\/fokusisrael.ch\/contexte-et-opinions-recommandations-de-la-redaction\/"},"modified":"2025-10-15T13:38:09","modified_gmt":"2025-10-15T11:38:09","slug":"contexte-et-opinions-recommandations-de-la-redaction","status":"publish","type":"page","link":"https:\/\/fokusisrael.ch\/fr\/contexte-et-opinions-recommandations-de-la-redaction\/","title":{"rendered":"Contexte et opinions &#8211; Recommandations de la r\u00e9daction"},"content":{"rendered":"\n<p>Sur \u00ab\u00a0FocusIsrael.ch\u00a0\u00bb, nous publions nos propres contenus, que nous compl\u00e9tons avec des contenus m\u00e9diatiques pertinents provenant de Suisse et de l&rsquo;\u00e9tranger. Vous trouverez ci-dessous une s\u00e9lection de la r\u00e9daction.<\/p>\n\n<p><\/p>\n","protected":false},"excerpt":{"rendered":"<p>Sur \u00ab\u00a0FocusIsrael.ch\u00a0\u00bb, nous publions nos propres contenus, que nous compl\u00e9tons avec des contenus m\u00e9diatiques pertinents provenant de Suisse et de l&rsquo;\u00e9tranger. Vous trouverez ci-dessous une s\u00e9lection de la r\u00e9daction.<\/p>\n","protected":false},"author":2,"featured_media":0,"parent":0,"menu_order":0,"comment_status":"closed","ping_status":"closed","template":"","meta":{"_hide_socialbar":"","footnotes":""},"categories":[],"tags":[416,415],"class_list":["post-2804","page","type-page","status-publish","hentry","tag-arriere-plans","tag-opinions"],"aioseo_notices":[],"_links":{"self":[{"href":"https:\/\/fokusisrael.ch\/fr\/wp-json\/wp\/v2\/pages\/2804","targetHints":{"allow":["GET"]}}],"collection":[{"href":"https:\/\/fokusisrael.ch\/fr\/wp-json\/wp\/v2\/pages"}],"about":[{"href":"https:\/\/fokusisrael.ch\/fr\/wp-json\/wp\/v2\/types\/page"}],"author":[{"embeddable":true,"href":"https:\/\/fokusisrael.ch\/fr\/wp-json\/wp\/v2\/users\/2"}],"replies":[{"embeddable":true,"href":"https:\/\/fokusisrael.ch\/fr\/wp-json\/wp\/v2\/comments?post=2804"}],"version-history":[{"count":2,"href":"https:\/\/fokusisrael.ch\/fr\/wp-json\/wp\/v2\/pages\/2804\/revisions"}],"predecessor-version":[{"id":2807,"href":"https:\/\/fokusisrael.ch\/fr\/wp-json\/wp\/v2\/pages\/2804\/revisions\/2807"}],"wp:attachment":[{"href":"https:\/\/fokusisrael.ch\/fr\/wp-json\/wp\/v2\/media?parent=2804"}],"wp:term":[{"taxonomy":"category","embeddable":true,"href":"https:\/\/fokusisrael.ch\/fr\/wp-json\/wp\/v2\/categories?post=2804"},{"taxonomy":"post_tag","embeddable":true,"href":"https:\/\/fokusisrael.ch\/fr\/wp-json\/wp\/v2\/tags?post=2804"}],"curies":[{"name":"wp","href":"https:\/\/api.w.org\/{rel}","templated":true}]}}