{"id":2802,"date":"2024-01-30T06:11:00","date_gmt":"2024-01-30T05:11:00","guid":{"rendered":"https:\/\/fokusisrael.ch\/israel-et-le-moyen-orient\/"},"modified":"2025-10-15T13:38:09","modified_gmt":"2025-10-15T11:38:09","slug":"israel-et-le-moyen-orient","status":"publish","type":"page","link":"https:\/\/fokusisrael.ch\/fr\/israel-et-le-moyen-orient\/","title":{"rendered":"Isra\u00ebl et le Moyen-Orient"},"content":{"rendered":"\n<p class=\"article__intro\">Le 29 novembre 1947, l&rsquo;ONU a d\u00e9cid\u00e9 qu&rsquo;un \u00ab\u00a0\u00c9tat juif\u00a0\u00bb devait \u00eatre cr\u00e9\u00e9 en Palestine, en plus d&rsquo;un \u00ab\u00a0\u00c9tat arabe\u00a0\u00bb. Mais ses opposants d\u00e9nient \u00e0 cet \u00c9tat, Isra\u00ebl, le droit d&rsquo;exister. <\/p>\n\n<p>L&rsquo;un des arguments avanc\u00e9s est que les Canan\u00e9ens vivant \u00e0 l&rsquo;\u00e9poque biblique \u00e9taient en fait des Palestiniens. Outre le fait qu&rsquo;il est discutable de se r\u00e9f\u00e9rer \u00e0 une pr\u00e9histoire vieille de 5000 ans, cette affirmation n&rsquo;est pas vraie. En revanche, il est prouv\u00e9 que plusieurs royaumes juifs ont exist\u00e9 sur le territoire de l&rsquo;actuel Isra\u00ebl. M\u00eame apr\u00e8s leur destruction et l&rsquo;occupation de la Palestine par d&rsquo;autres puissances, dont les Romains et ensuite les Turcs, les Juifs ont toujours v\u00e9cu sur le territoire de l&rsquo;actuel Isra\u00ebl et constituaient encore au 19e si\u00e8cle la majorit\u00e9 de la population dans de nombreuses localit\u00e9s, comme J\u00e9rusalem par exemple. C&rsquo;est ce qui a incit\u00e9 le <a href=\"\/israel-naher-osten\/der-zionismus\/\">mouvement sioniste<\/a>, fond\u00e9 \u00e0 B\u00e2le en 1897, \u00e0 \u0153uvrer pour la cr\u00e9ation d&rsquo;un \u00c9tat juif la\u00efc et ind\u00e9pendant sur le territoire de la Palestine. Le contexte \u00e9tait l&rsquo;<a href=\"\/fr\/?page_id=2712\">antis\u00e9mitisme<\/a> rampant dans de nombreux pays europ\u00e9ens et les <a href=\"\/fr\/?page_id=2815\">pers\u00e9cutions des Juifs<\/a> (pogroms) dans la Russie tsariste au XIXe si\u00e8cle. Le 29 novembre 1947, les <a href=\"\/israel-uno-schweiz\/vereinte-nationen-uno\/\">Nations unies<\/a> ont approuv\u00e9 la cr\u00e9ation d&rsquo;un \u00c9tat juif ind\u00e9pendant. Le 14 mai 1948, cet \u00c9tat, Isra\u00ebl, a \u00e9t\u00e9 proclam\u00e9 \u00e0 Tel Aviv. Il est \u00e0 ce jour <a href=\"\/israel-naher-osten\/das-regierungs-und-justizsystem-796\/\">la seule d\u00e9mocratie du Moyen-Orient<\/a>.        <\/p>\n","protected":false},"excerpt":{"rendered":"<p>Le 29 novembre 1947, l&rsquo;ONU a d\u00e9cid\u00e9 qu&rsquo;un \u00ab\u00a0\u00c9tat juif\u00a0\u00bb devait \u00eatre cr\u00e9\u00e9 en Palestine, en plus d&rsquo;un \u00ab\u00a0\u00c9tat arabe\u00a0\u00bb. Mais ses opposants d\u00e9nient \u00e0 cet \u00c9tat, Isra\u00ebl, le droit d&rsquo;exister. L&rsquo;un des arguments avanc\u00e9s est que les Canan\u00e9ens vivant \u00e0 l&rsquo;\u00e9poque biblique \u00e9taient en fait des Palestiniens. Outre le fait qu&rsquo;il est discutable de [&hellip;]<\/p>\n","protected":false},"author":2,"featured_media":0,"parent":0,"menu_order":0,"comment_status":"closed","ping_status":"closed","template":"","meta":{"_hide_socialbar":"","footnotes":""},"categories":[],"tags":[372,406],"class_list":["post-2802","page","type-page","status-publish","hentry","tag-israel-fr","tag-moyen-orient"],"aioseo_notices":[],"_links":{"self":[{"href":"https:\/\/fokusisrael.ch\/fr\/wp-json\/wp\/v2\/pages\/2802","targetHints":{"allow":["GET"]}}],"collection":[{"href":"https:\/\/fokusisrael.ch\/fr\/wp-json\/wp\/v2\/pages"}],"about":[{"href":"https:\/\/fokusisrael.ch\/fr\/wp-json\/wp\/v2\/types\/page"}],"author":[{"embeddable":true,"href":"https:\/\/fokusisrael.ch\/fr\/wp-json\/wp\/v2\/users\/2"}],"replies":[{"embeddable":true,"href":"https:\/\/fokusisrael.ch\/fr\/wp-json\/wp\/v2\/comments?post=2802"}],"version-history":[{"count":3,"href":"https:\/\/fokusisrael.ch\/fr\/wp-json\/wp\/v2\/pages\/2802\/revisions"}],"predecessor-version":[{"id":5290,"href":"https:\/\/fokusisrael.ch\/fr\/wp-json\/wp\/v2\/pages\/2802\/revisions\/5290"}],"wp:attachment":[{"href":"https:\/\/fokusisrael.ch\/fr\/wp-json\/wp\/v2\/media?parent=2802"}],"wp:term":[{"taxonomy":"category","embeddable":true,"href":"https:\/\/fokusisrael.ch\/fr\/wp-json\/wp\/v2\/categories?post=2802"},{"taxonomy":"post_tag","embeddable":true,"href":"https:\/\/fokusisrael.ch\/fr\/wp-json\/wp\/v2\/tags?post=2802"}],"curies":[{"name":"wp","href":"https:\/\/api.w.org\/{rel}","templated":true}]}}