{"id":2793,"date":"2024-02-05T06:17:00","date_gmt":"2024-02-05T05:17:00","guid":{"rendered":"https:\/\/fokusisrael.ch\/guerre-de-gaza-et-droit-international-humanitaire\/"},"modified":"2026-04-02T00:41:44","modified_gmt":"2026-04-01T22:41:44","slug":"guerre-de-gaza-et-droit-international-humanitaire","status":"publish","type":"page","link":"https:\/\/fokusisrael.ch\/fr\/questions-et-reponses-sur-israel-gaza-et-les-palestiniens\/guerre-de-gaza-et-droit-international-humanitaire\/","title":{"rendered":"Guerre de Gaza et droit international humanitaire"},"content":{"rendered":"\n<h2 class=\"wp-block-heading\">Affirmation<\/h2>\n\n<p><strong>Dans sa guerre contre l&rsquo;organisation terroriste Hamas \u00e0 Gaza, Isra\u00ebl ne respecte pas le droit international et commet un g\u00e9nocide : c&rsquo;est ce qu&rsquo;affirment les opposants \u00e0 l&rsquo;\u00c9tat juif, comme l&rsquo;Afrique du Sud ou l&rsquo;Alg\u00e9rie.<\/strong><\/p>\n\n<h2 class=\"wp-block-heading\">Les faits<\/h2>\n\n<p>L&rsquo;accusation selon laquelle l&rsquo;arm\u00e9e isra\u00e9lienne, Tsahal, ne respecte pas le droit international humanitaire \u00e0 Gaza et l&rsquo;affirmation selon laquelle Isra\u00ebl y commet un g\u00e9nocide ne sont pas justifi\u00e9es sur la base des accords et d\u00e9finitions internationaux correspondants.  <\/p>\n\n<figure class=\"wp-block-image size-full\"><img loading=\"lazy\" decoding=\"async\" width=\"1024\" height=\"600\" src=\"https:\/\/fokusisrael.ch\/wp-content\/uploads\/2025\/03\/genozid.jpg\" alt=\"Manifestant avec une pancarte &quot;L'accaparement des terres et les colonies sont contraires au droit international&quot;.\" class=\"wp-image-677\" srcset=\"https:\/\/fokusisrael.ch\/wp-content\/uploads\/2025\/03\/genozid.jpg 1024w, https:\/\/fokusisrael.ch\/wp-content\/uploads\/2025\/03\/genozid-300x176.jpg 300w, https:\/\/fokusisrael.ch\/wp-content\/uploads\/2025\/03\/genozid-768x450.jpg 768w\" sizes=\"auto, (max-width: 1024px) 100vw, 1024px\" \/><figcaption class=\"wp-element-caption\"> <span class=\"image-meta\">&copy; MKR <a href=\"https:\/\/photoscene.jimdo.com\/\" target=\"_blank\" rel=\"noopener\">photoscene.ch<\/a><\/span><\/figure><\/figcaption>\n\n<h3 class=\"wp-block-heading\">Le probl\u00e8me en d\u00e9tail<\/h3>\n\n<p>Le <a href=\"https:\/\/de.wikipedia.org\/wiki\/Humanit%C3%A4res_V%C3%B6lkerrecht\" target=\"_blank\" rel=\"noreferrer noopener\">droit international humanitaire<\/a>, dont font partie <a href=\"https:\/\/de.wikipedia.org\/wiki\/Genfer_Konventionen\" target=\"_blank\" rel=\"noreferrer noopener\">les conventions dites de Gen\u00e8ve<\/a>, r\u00e9git notamment la protection des populations civiles en cas de guerre.<br\/><br\/>Les attaques contre la population civile, telles qu&rsquo;elles \u00e9taient pratiqu\u00e9es pendant la Seconde Guerre mondiale, sont donc strictement interdites. A l&rsquo;\u00e9poque, l&rsquo;arm\u00e9e de l&rsquo;air allemande a par exemple bombard\u00e9 des villes anglaises comme Londres ou Coventry afin de forcer la Grande-Bretagne \u00e0 capituler par ces actes de terreur. Plus tard, les Anglais et les Am\u00e9ricains ont lanc\u00e9 des attaques a\u00e9riennes contre des villes allemandes comme Berlin et Dresde pour la m\u00eame raison.  <br\/><br\/>Sur le th\u00e9\u00e2tre des op\u00e9rations asiatique, l&rsquo;arm\u00e9e japonaise a perp\u00e9tr\u00e9 des massacres en Chine et assassin\u00e9 des millions de civils. De leur c\u00f4t\u00e9, les \u00c9tats-Unis ont d\u00e9truit les villes japonaises d&rsquo;Hiroshima et de Nagasaki en utilisant des bombes atomiques, for\u00e7ant ainsi le Japon \u00e0 capituler. <\/p>\n\n<h3 class=\"wp-block-heading\">Gaza : des victimes civiles \u00e0 la suite d&rsquo;attaques contre des cibles militaires<\/h3>\n\n<p>A Gaza, la guerre men\u00e9e par Isra\u00ebl contre les <a href=\"\/fr\/?page_id=2730\">organisations terroristes<\/a> du Hamas et du Jihad islamique palestinien fait \u00e9galement des milliers de victimes parmi la population civile.<br\/><br\/>Mais \u00e0 la diff\u00e9rence de la Seconde Guerre mondiale, ces civils ne sont pas la cible des attaques. Ils sont un effet secondaire &#8211; un <a href=\"https:\/\/www.bpb.de\/kurz-knapp\/lexika\/das-junge-politik-lexikon\/320646\/kollateralschaden\/\" target=\"_blank\" rel=\"noreferrer noopener\">dommage collat\u00e9ral<\/a> dans le jargon &#8211; des attaques d&rsquo;Isra\u00ebl contre des cibles militaires situ\u00e9es dans des zones habit\u00e9es par des civils. <br\/><br\/>De telles victimes de \u00ab\u00a0dommages collat\u00e9raux\u00a0\u00bb parmi la population civile \u00e0 la suite d&rsquo;attaques contre des objectifs militaires ne sont pas moins tragiques. Elles ne sont cependant pas consid\u00e9r\u00e9es comme des crimes de guerre au sens du droit international de la guerre, \u00e0 condition que les attaques soient proportionn\u00e9es. <br\/><br\/>Cela signifie que la partie bellig\u00e9rante attaquante doit rendre compte, avant ses attaques, du nombre de victimes civiles attendues lors de l&rsquo;attaque de l&rsquo;objectif militaire en question et si l&rsquo;\u00e9limination de cet objectif militaire justifie ce nombre de victimes.<br\/><br\/>Au sein de<a href=\"\/fr\/?page_id=2763\"> Tsahal, l&rsquo;arm\u00e9e isra\u00e9lienne<\/a>, chaque attaque de roquettes contre des cibles du Hamas doit donc \u00eatre examin\u00e9e en amont par des juristes afin de d\u00e9terminer si les victimes civiles attendues justifient ou non l&rsquo;attaque.<br\/><br\/>En outre, conform\u00e9ment aux Conventions de Gen\u00e8ve, Isra\u00ebl avertit la population civile de Gaza, par des messages et des appels sur les t\u00e9l\u00e9phones portables, ainsi que par le largage de tracts, de l&rsquo;imminence d&rsquo;une attaque sur une zone ou une route sp\u00e9cifique. Ces avertissements incluent \u00e9galement la communication \u00e0 la population de voies sp\u00e9ciales (corridors) par lesquelles elle peut se mettre \u00e0 l&rsquo;abri. <br\/><br\/>La protection la plus large possible de la population civile de Gaza repr\u00e9sente un d\u00e9fi majeur pour l&rsquo;arm\u00e9e isra\u00e9lienne. En effet, en violation du droit international et du droit de la guerre, le Hamas utilise d\u00e9lib\u00e9r\u00e9ment la population civile de Gaza comme bouclier humain et positionne ses positions dans des zones dens\u00e9ment peupl\u00e9es, souvent \u00e0 proximit\u00e9 d&rsquo;\u00e9coles ou d&rsquo;h\u00f4pitaux. Les usines d&rsquo;armement et les d\u00e9p\u00f4ts d&rsquo;armes du Hamas se trouvent \u00e9galement dans un syst\u00e8me de tunnels am\u00e9nag\u00e9s sous les zones d&rsquo;habitation.  <\/p>\n\n<h3 class=\"wp-block-heading\">Accusation injustifi\u00e9e de g\u00e9nocide<\/h3>\n\n<p>Dans ce contexte, l&rsquo;accusation port\u00e9e par l&rsquo;Afrique du Sud devant la <a href=\"https:\/\/de.wikipedia.org\/wiki\/Internationaler_Gerichtshof\" target=\"_blank\" rel=\"noreferrer noopener\">Cour internationale de justice (CIJ<\/a> ) de La Haye, selon laquelle Isra\u00ebl commet un g\u00e9nocide \u00e0 Gaza, pour des raisons purement politiques, est d\u00e9nu\u00e9e de tout fondement.<br\/><br\/>Il est vrai que certains politiciens ultranationalistes isra\u00e9liens ont demand\u00e9 \u00e0 Isra\u00ebl d&rsquo;exterminer les Palestiniens de Gaza. Mais la politique du gouvernement isra\u00e9lien et les actions de l&rsquo;arm\u00e9e isra\u00e9lienne \u00e0 Gaza n&rsquo;ont rien de commun avec ces exigences. <br\/><br\/>Un <a href=\"https:\/\/de.wikipedia.org\/wiki\/V%C3%B6lkermord\" target=\"_blank\" rel=\"noreferrer noopener\">g\u00e9nocide <\/a>est d\u00e9fini comme \u00ab\u00a0la destruction, en tout ou en partie, d&rsquo;un groupe national, ethnique, racial ou religieux en tant que tel\u00a0\u00bb. L&rsquo;action de l&rsquo;arm\u00e9e isra\u00e9lienne mentionn\u00e9e ci-dessus pour avertir et prot\u00e9ger la population civile de Gaza montre cependant qu&rsquo;Isra\u00ebl s&rsquo;efforce de r\u00e9duire autant que possible le nombre de victimes civiles dans la guerre de Gaza, tout en respectant le droit international humanitaire et le droit international de la guerre.<\/p>\n\n<p>Lecture recommand\u00e9e par la r\u00e9daction<\/p>\n\n<p><a href=\"https:\/\/austrian-institute.org\/de\/blog\/krieg-kollateralschaeden-und-humanitaeres-voelkerrecht-was-heisst-verhaeltnismaessigkeit\/\" target=\"_blank\" rel=\"noreferrer noopener\">Guerre, dommages collat\u00e9raux et droit international humanitaire : que signifie la proportionnalit\u00e9 ? Institut autrichien   <\/a><\/p>\n\n<p><a href=\"https:\/\/www.hamas-massacre.net\/\" target=\"_blank\" rel=\"noreferrer noopener\">www.hamas-massacre.net<\/a><\/p>\n\n<p><a href=\"https:\/\/www.october7.org\/\" target=\"_blank\" rel=\"noreferrer noopener\">www.october7.org<\/a><\/p>\n","protected":false},"excerpt":{"rendered":"<p>Affirmation Dans sa guerre contre l&rsquo;organisation terroriste Hamas \u00e0 Gaza, Isra\u00ebl ne respecte pas le droit international et commet un g\u00e9nocide : c&rsquo;est ce qu&rsquo;affirment les opposants \u00e0 l&rsquo;\u00c9tat juif, comme l&rsquo;Afrique du Sud ou l&rsquo;Alg\u00e9rie. Les faits L&rsquo;accusation selon laquelle l&rsquo;arm\u00e9e isra\u00e9lienne, Tsahal, ne respecte pas le droit international humanitaire \u00e0 Gaza et l&rsquo;affirmation [&hellip;]<\/p>\n","protected":false},"author":2,"featured_media":2333,"parent":2814,"menu_order":30,"comment_status":"closed","ping_status":"closed","template":"","meta":{"_hide_socialbar":"","footnotes":""},"categories":[],"tags":[375,379,393],"class_list":["post-2793","page","type-page","status-publish","has-post-thumbnail","hentry","tag-faq-fr-2","tag-gaza-fr","tag-hamas-fr"],"aioseo_notices":[],"_links":{"self":[{"href":"https:\/\/fokusisrael.ch\/fr\/wp-json\/wp\/v2\/pages\/2793","targetHints":{"allow":["GET"]}}],"collection":[{"href":"https:\/\/fokusisrael.ch\/fr\/wp-json\/wp\/v2\/pages"}],"about":[{"href":"https:\/\/fokusisrael.ch\/fr\/wp-json\/wp\/v2\/types\/page"}],"author":[{"embeddable":true,"href":"https:\/\/fokusisrael.ch\/fr\/wp-json\/wp\/v2\/users\/2"}],"replies":[{"embeddable":true,"href":"https:\/\/fokusisrael.ch\/fr\/wp-json\/wp\/v2\/comments?post=2793"}],"version-history":[{"count":4,"href":"https:\/\/fokusisrael.ch\/fr\/wp-json\/wp\/v2\/pages\/2793\/revisions"}],"predecessor-version":[{"id":8624,"href":"https:\/\/fokusisrael.ch\/fr\/wp-json\/wp\/v2\/pages\/2793\/revisions\/8624"}],"up":[{"embeddable":true,"href":"https:\/\/fokusisrael.ch\/fr\/wp-json\/wp\/v2\/pages\/2814"}],"wp:featuredmedia":[{"embeddable":true,"href":"https:\/\/fokusisrael.ch\/fr\/wp-json\/wp\/v2\/media\/2333"}],"wp:attachment":[{"href":"https:\/\/fokusisrael.ch\/fr\/wp-json\/wp\/v2\/media?parent=2793"}],"wp:term":[{"taxonomy":"category","embeddable":true,"href":"https:\/\/fokusisrael.ch\/fr\/wp-json\/wp\/v2\/categories?post=2793"},{"taxonomy":"post_tag","embeddable":true,"href":"https:\/\/fokusisrael.ch\/fr\/wp-json\/wp\/v2\/tags?post=2793"}],"curies":[{"name":"wp","href":"https:\/\/api.w.org\/{rel}","templated":true}]}}