{"id":2790,"date":"2024-01-29T05:57:00","date_gmt":"2024-01-29T04:57:00","guid":{"rendered":"https:\/\/fokusisrael.ch\/les-accords-de-paix-disrael-avec-les-etats-arabes\/"},"modified":"2025-10-15T13:38:10","modified_gmt":"2025-10-15T11:38:10","slug":"les-accords-de-paix-disrael-avec-les-etats-arabes","status":"publish","type":"page","link":"https:\/\/fokusisrael.ch\/fr\/israel-et-le-moyen-orient\/les-accords-de-paix-disrael-avec-les-etats-arabes\/","title":{"rendered":"Les accords de paix d&rsquo;Isra\u00ebl avec les \u00c9tats arabes"},"content":{"rendered":"\n<p class=\"article__intro\">Au cours des quatre derni\u00e8res d\u00e9cennies et demie, Isra\u00ebl a conclu des accords de paix avec plusieurs de ses anciens adversaires.<\/p>\n\n<p><a href=\"https:\/\/de.wikipedia.org\/wiki\/Friedensvertrag_zwischen_Israel_und_%C3%84gypten#:~:text=Der%20Friedensvertrag%20zwischen%20Israel%20und,Pr%C3%A4sident%20Anwar%20as%2DSadat%20unterzeichnet.\" target=\"_blank\" rel=\"noreferrer noopener\">Le premier trait\u00e9 de paix conclu avec l&rsquo;\u00c9gypte en 1979 \u00e0 Washington a ouvert la voie.<\/a>  L&rsquo;\u00c9gypte reconnaissait ainsi le droit \u00e0 l&rsquo;existence d&rsquo;Isra\u00ebl. Le trait\u00e9 a \u00e9t\u00e9 sign\u00e9 par le Premier ministre isra\u00e9lien de l&rsquo;\u00e9poque <a href=\"https:\/\/de.wikipedia.org\/wiki\/Menachem_Begin\" target=\"_blank\" rel=\"noreferrer noopener\">, Menahem Begin<\/a>, et le pr\u00e9sident \u00e9gyptien <a href=\"https:\/\/de.wikipedia.org\/wiki\/Anwar_as-Sadat\" target=\"_blank\" rel=\"noreferrer noopener\">Anwar as-Sadat<\/a>. Il avait \u00e9t\u00e9 pr\u00e9c\u00e9d\u00e9 deux ans plus t\u00f4t par la visite historique de Sadate en Isra\u00ebl, avec un discours \u00e9mouvant au Parlement isra\u00e9lien, la Knesset.  <\/p>\n\n<figure class=\"wp-block-image size-full\"><img loading=\"lazy\" decoding=\"async\" width=\"1024\" height=\"600\" src=\"https:\/\/fokusisrael.ch\/wp-content\/uploads\/2025\/03\/Frieden_Vince-Musi-The-White-House.jpg\" alt=\"Poign&#xE9;e de main historique entre Rabin et Arafat, n&#xE9;goci&#xE9;e par Clinton, pour la signature des accords d'Oslo en 1993, symbole de l'&#xE9;chec du processus de paix dans le conflit du Proche-Orient.\" class=\"wp-image-805\" srcset=\"https:\/\/fokusisrael.ch\/wp-content\/uploads\/2025\/03\/Frieden_Vince-Musi-The-White-House.jpg 1024w, https:\/\/fokusisrael.ch\/wp-content\/uploads\/2025\/03\/Frieden_Vince-Musi-The-White-House-300x176.jpg 300w, https:\/\/fokusisrael.ch\/wp-content\/uploads\/2025\/03\/Frieden_Vince-Musi-The-White-House-768x450.jpg 768w\" sizes=\"auto, (max-width: 1024px) 100vw, 1024px\" \/><figcaption class=\"wp-element-caption\">Poign\u00e9e de main historique entre Rabin et Arafat, n\u00e9goci\u00e9e par Clinton, pour la signature des accords d&rsquo;Oslo en 1993, symbole de l&rsquo;\u00e9chec du processus de paix dans le conflit du Proche-Orient. <span class=\"image-meta\">&copy; Vince Musi  The White House<\/span><\/figcaption><\/figure>\n\n<p>Les n\u00e9gociations de paix entre Isra\u00ebl et l&rsquo;Organisation de lib\u00e9ration de la Palestine (OLP), qui ont d\u00e9but\u00e9 \u00e0 Oslo et ont abouti \u00e0 la signature d&rsquo;un premier accord entre les deux parties le <a href=\"https:\/\/de.wikipedia.org\/wiki\/Oslo-Friedensprozess\" target=\"_blank\" rel=\"noreferrer noopener\">13 septembre 1993 \u00e0 Washington,<\/a> ont \u00e9galement \u00e9t\u00e9 historiques. Selon cet accord, Isra\u00ebl reconnaissait l&rsquo;OLP comme le repr\u00e9sentant unique et l\u00e9gitime des Palestiniens. En contrepartie, l&rsquo;OLP promettait de supprimer de sa charte tous les passages appelant \u00e0 la destruction d&rsquo;Isra\u00ebl. On ne sait toujours pas si cela a \u00e9t\u00e9 fait, car aucune nouvelle version de la charte n&rsquo;a \u00e9t\u00e9 publi\u00e9e depuis lors. Les n\u00e9gociations se sont poursuivies jusqu&rsquo;en 2000\/2001. Aucun accord sur un \u00c9tat palestinien distinct n&rsquo;a \u00e9t\u00e9 trouv\u00e9 \u00e0 ce jour.     <br \/><br \/>Peu de temps apr\u00e8s le d\u00e9but des n\u00e9gociations entre Isra\u00ebl et l&rsquo;OLP <a href=\"https:\/\/de.wikipedia.org\/wiki\/Friedensvertrag_zwischen_Israel_und_Jordanien#:~:text=Der%20Friedensvertrag%20zwischen%20Israel%20und,vom%20israelischen%20Ministerpr%C3%A4sidenten%20Jitzchak%20Rabin\" target=\"_blank\" rel=\"noreferrer noopener\">, un trait\u00e9 de paix a \u00e9t\u00e9 sign\u00e9 avec la Jordanie en 1994<\/a>. Outre la reconnaissance de l&rsquo;\u00c9tat d&rsquo;Isra\u00ebl par le Royaume hach\u00e9mite, il s&rsquo;agissait notamment de r\u00e9gler la question de la fronti\u00e8re commune et des droits d&rsquo;eau pour la Jordanie en ce qui concerne le fleuve Jourdain. <br \/><br \/>Il a fallu plus de vingt ans pour parvenir \u00e0 l&rsquo;accord de paix suivant. En septembre 2020, Isra\u00ebl a sign\u00e9 les \u00a0\u00bb <a href=\"https:\/\/de.wikipedia.org\/wiki\/Abraham_Accords_Declaration\" target=\"_blank\" rel=\"noreferrer noopener\">Accords d&rsquo;Abraham\u00a0\u00bb<\/a> avec les <a href=\"https:\/\/de.wikipedia.org\/wiki\/Vereinigte_Arabische_Emirate\" target=\"_blank\" rel=\"noreferrer noopener\">\u00c9mirats arabes unis<\/a> (qui comprennent Duba\u00ef et Abou Dabhi) et <a href=\"https:\/\/de.wikipedia.org\/wiki\/Bahrain\" target=\"_blank\" rel=\"noreferrer noopener\">Bahre\u00efn<\/a>, sous l&rsquo;\u00e9gide des \u00c9tats-Unis . Dans ces accords, les trois parties s&rsquo;engagent \u00e0 coop\u00e9rer, notamment dans les domaines \u00e9conomique et scientifique, et \u00e0 unir leurs efforts pour lutter contre la radicalisation et promouvoir la paix, le progr\u00e8s et la prosp\u00e9rit\u00e9. La coop\u00e9ration \u00e9conomique a \u00e9t\u00e9 lanc\u00e9e imm\u00e9diatement apr\u00e8s la signature des Accords d&rsquo;Abraham et n&rsquo;a cess\u00e9 de se d\u00e9velopper depuis.   <br \/><br \/>Aucune paix n&rsquo;a encore \u00e9t\u00e9 sign\u00e9e entre Isra\u00ebl et <a href=\"https:\/\/de.wikipedia.org\/wiki\/Saudi-Arabien\" target=\"_blank\" rel=\"noreferrer noopener\">l&rsquo;Arabie saoudite<\/a>. Ces derniers temps, les deux parties ont travaill\u00e9 \u00e0 <a href=\"https:\/\/www.spiegel.de\/ausland\/israel-und-saudi-arabien-offenbar-vor-historischem-friedensabkommen-a-830e115b-ddbf-4b12-960b-d175a36a3be7\" target=\"_blank\" rel=\"noreferrer noopener\">la normalisation de leurs relations mutuelles<\/a>. Mais les discussions sous l&rsquo;\u00e9gide des Etats-Unis ont d\u00fb \u00eatre suspendues pour le moment en raison de la guerre de Gaza. L&rsquo;organisation terroriste palestinienne Hamas a ainsi atteint pour l&rsquo;instant son objectif d&#8217;emp\u00eacher un rapprochement entre Isra\u00ebl et l&rsquo;Arabie saoudite par l&rsquo;acte terroriste du 7 octobre 2023.   <\/p>\n","protected":false},"excerpt":{"rendered":"<p>Au cours des quatre derni\u00e8res d\u00e9cennies et demie, Isra\u00ebl a conclu des accords de paix avec plusieurs de ses anciens adversaires. Le premier trait\u00e9 de paix conclu avec l&rsquo;\u00c9gypte en 1979 \u00e0 Washington a ouvert la voie. L&rsquo;\u00c9gypte reconnaissait ainsi le droit \u00e0 l&rsquo;existence d&rsquo;Isra\u00ebl. Le trait\u00e9 a \u00e9t\u00e9 sign\u00e9 par le Premier ministre isra\u00e9lien [&hellip;]<\/p>\n","protected":false},"author":2,"featured_media":2368,"parent":2802,"menu_order":0,"comment_status":"closed","ping_status":"closed","template":"","meta":{"_hide_socialbar":"","footnotes":""},"categories":[],"tags":[413,412,372,394],"class_list":["post-2790","page","type-page","status-publish","has-post-thumbnail","hentry","tag-accord-de-paix","tag-etats-unis","tag-israel-fr","tag-plo-fr"],"aioseo_notices":[],"_links":{"self":[{"href":"https:\/\/fokusisrael.ch\/fr\/wp-json\/wp\/v2\/pages\/2790","targetHints":{"allow":["GET"]}}],"collection":[{"href":"https:\/\/fokusisrael.ch\/fr\/wp-json\/wp\/v2\/pages"}],"about":[{"href":"https:\/\/fokusisrael.ch\/fr\/wp-json\/wp\/v2\/types\/page"}],"author":[{"embeddable":true,"href":"https:\/\/fokusisrael.ch\/fr\/wp-json\/wp\/v2\/users\/2"}],"replies":[{"embeddable":true,"href":"https:\/\/fokusisrael.ch\/fr\/wp-json\/wp\/v2\/comments?post=2790"}],"version-history":[{"count":3,"href":"https:\/\/fokusisrael.ch\/fr\/wp-json\/wp\/v2\/pages\/2790\/revisions"}],"predecessor-version":[{"id":5286,"href":"https:\/\/fokusisrael.ch\/fr\/wp-json\/wp\/v2\/pages\/2790\/revisions\/5286"}],"up":[{"embeddable":true,"href":"https:\/\/fokusisrael.ch\/fr\/wp-json\/wp\/v2\/pages\/2802"}],"wp:featuredmedia":[{"embeddable":true,"href":"https:\/\/fokusisrael.ch\/fr\/wp-json\/wp\/v2\/media\/2368"}],"wp:attachment":[{"href":"https:\/\/fokusisrael.ch\/fr\/wp-json\/wp\/v2\/media?parent=2790"}],"wp:term":[{"taxonomy":"category","embeddable":true,"href":"https:\/\/fokusisrael.ch\/fr\/wp-json\/wp\/v2\/categories?post=2790"},{"taxonomy":"post_tag","embeddable":true,"href":"https:\/\/fokusisrael.ch\/fr\/wp-json\/wp\/v2\/tags?post=2790"}],"curies":[{"name":"wp","href":"https:\/\/api.w.org\/{rel}","templated":true}]}}