{"id":2787,"date":"2024-08-03T01:36:00","date_gmt":"2024-08-02T23:36:00","guid":{"rendered":"https:\/\/fokusisrael.ch\/israel-est-il-un-etat-dapartheid-comme-le-pretendent-certains-de-ses-opposants\/"},"modified":"2026-04-02T00:40:24","modified_gmt":"2026-04-01T22:40:24","slug":"israel-est-il-un-etat-dapartheid-comme-le-pretendent-certains-de-ses-opposants","status":"publish","type":"page","link":"https:\/\/fokusisrael.ch\/fr\/questions-et-reponses-sur-israel-gaza-et-les-palestiniens\/israel-est-il-un-etat-dapartheid-comme-le-pretendent-certains-de-ses-opposants\/","title":{"rendered":"Isra\u00ebl est-il un \u00ab\u00a0\u00c9tat d&rsquo;apartheid\u00a0\u00bb, comme le pr\u00e9tendent certains de ses opposants ?"},"content":{"rendered":"\n<p>Elle a \u00e9t\u00e9 membre du Parlement isra\u00e9lien, la Knesset, et est aujourd&rsquo;hui l&rsquo;une des analystes les plus respect\u00e9es au monde de la situation en Isra\u00ebl et au Moyen-Orient : la politologue Dr Einat Wilf. Elle r\u00e9pond en exclusivit\u00e9 aux dix questions les plus importantes sur Isra\u00ebl et le Proche-Orient. <\/p>\n\n<figure class=\"wp-block-embed is-type-video is-provider-youtube wp-block-embed-youtube wp-embed-aspect-16-9 wp-has-aspect-ratio\"><div class=\"wp-block-embed__wrapper\">\n<iframe loading=\"lazy\" title=\"Ist Israel ein \u00abApartheidstaat\u00bb, wie einige seiner Gegner behaupten?\" width=\"500\" height=\"281\" src=\"https:\/\/www.youtube.com\/embed\/BJOMtAzRxRg?feature=oembed\" frameborder=\"0\" allow=\"accelerometer; autoplay; clipboard-write; encrypted-media; gyroscope; picture-in-picture; web-share\" referrerpolicy=\"strict-origin-when-cross-origin\" allowfullscreen><\/iframe>\n<\/div><\/figure>\n\n<p>En Isra\u00ebl, deux millions d&rsquo;Arabes vivent en tant qu&rsquo;\u00e9lecteurs \u00e9gaux. Pourtant, ses opposants accusent Isra\u00ebl d&rsquo;\u00eatre un \u00c9tat d&rsquo;apartheid. Le Dr Einat Wilf r\u00e9pond \u00e0 ces accusations.  <\/p>\n","protected":false},"excerpt":{"rendered":"<p>Elle a \u00e9t\u00e9 membre du Parlement isra\u00e9lien, la Knesset, et est aujourd&rsquo;hui l&rsquo;une des analystes les plus respect\u00e9es au monde de la situation en Isra\u00ebl et au Moyen-Orient : la politologue Dr Einat Wilf. Elle r\u00e9pond en exclusivit\u00e9 aux dix questions les plus importantes sur Isra\u00ebl et le Proche-Orient. En Isra\u00ebl, deux millions d&rsquo;Arabes vivent [&hellip;]<\/p>\n","protected":false},"author":2,"featured_media":2343,"parent":2814,"menu_order":14,"comment_status":"closed","ping_status":"closed","template":"","meta":{"_hide_socialbar":"","footnotes":""},"categories":[],"tags":[373,411,375,372],"class_list":["post-2787","page","type-page","status-publish","has-post-thumbnail","hentry","tag-einat-wilf-fr","tag-etat-dapartheid","tag-faq-fr-2","tag-israel-fr"],"aioseo_notices":[],"_links":{"self":[{"href":"https:\/\/fokusisrael.ch\/fr\/wp-json\/wp\/v2\/pages\/2787","targetHints":{"allow":["GET"]}}],"collection":[{"href":"https:\/\/fokusisrael.ch\/fr\/wp-json\/wp\/v2\/pages"}],"about":[{"href":"https:\/\/fokusisrael.ch\/fr\/wp-json\/wp\/v2\/types\/page"}],"author":[{"embeddable":true,"href":"https:\/\/fokusisrael.ch\/fr\/wp-json\/wp\/v2\/users\/2"}],"replies":[{"embeddable":true,"href":"https:\/\/fokusisrael.ch\/fr\/wp-json\/wp\/v2\/comments?post=2787"}],"version-history":[{"count":2,"href":"https:\/\/fokusisrael.ch\/fr\/wp-json\/wp\/v2\/pages\/2787\/revisions"}],"predecessor-version":[{"id":2789,"href":"https:\/\/fokusisrael.ch\/fr\/wp-json\/wp\/v2\/pages\/2787\/revisions\/2789"}],"up":[{"embeddable":true,"href":"https:\/\/fokusisrael.ch\/fr\/wp-json\/wp\/v2\/pages\/2814"}],"wp:featuredmedia":[{"embeddable":true,"href":"https:\/\/fokusisrael.ch\/fr\/wp-json\/wp\/v2\/media\/2343"}],"wp:attachment":[{"href":"https:\/\/fokusisrael.ch\/fr\/wp-json\/wp\/v2\/media?parent=2787"}],"wp:term":[{"taxonomy":"category","embeddable":true,"href":"https:\/\/fokusisrael.ch\/fr\/wp-json\/wp\/v2\/categories?post=2787"},{"taxonomy":"post_tag","embeddable":true,"href":"https:\/\/fokusisrael.ch\/fr\/wp-json\/wp\/v2\/tags?post=2787"}],"curies":[{"name":"wp","href":"https:\/\/api.w.org\/{rel}","templated":true}]}}