{"id":2784,"date":"2024-04-17T02:53:00","date_gmt":"2024-04-17T00:53:00","guid":{"rendered":"https:\/\/fokusisrael.ch\/la-haine-des-juifs-et-disrael-a-de-nouveau-le-vent-en-poupe\/une-histoire-de-lantisemitisme-serie-documentaire-arte-en-quatre-parties\/"},"modified":"2025-10-15T13:37:52","modified_gmt":"2025-10-15T11:37:52","slug":"une-histoire-de-lantisemitisme-serie-documentaire-arte-en-quatre-parties","status":"publish","type":"page","link":"https:\/\/fokusisrael.ch\/fr\/la-haine-des-juifs-et-disrael-a-de-nouveau-le-vent-en-poupe\/une-histoire-de-lantisemitisme-serie-documentaire-arte-en-quatre-parties\/","title":{"rendered":"Une histoire de l&rsquo;antis\u00e9mitisme- S\u00e9rie documentaire ARTE en quatre parties"},"content":{"rendered":"\n<p>L&rsquo;antis\u00e9mitisme a de nombreux visages &#8211; et il revient en de nombreux endroits, de mani\u00e8re cach\u00e9e ou ouvertement \u00e9hont\u00e9e, sous diff\u00e9rentes formes nouvelles. Une s\u00e9rie documentaire en quatre parties explique l&rsquo;histoire sociale, religieuse et politique de l&rsquo;antis\u00e9mitisme : de l&rsquo;antijuda\u00efsme de l&rsquo;Antiquit\u00e9 \u00e0 l&rsquo;antisionisme du 21e si\u00e8cle.<\/p>\n\n<p>S\u00e9rie documentaire ARTE en quatre parties.  <\/p>\n\n<figure class=\"wp-block-embed is-type-video is-provider-youtube wp-block-embed-youtube wp-embed-aspect-16-9 wp-has-aspect-ratio\"><div class=\"wp-block-embed__wrapper\">\nhttps:\/\/www.youtube.com\/watch?v=Ov2KWjckzSo\n<\/div><\/figure>\n\n<figure class=\"wp-block-embed is-type-video is-provider-youtube wp-block-embed-youtube wp-embed-aspect-16-9 wp-has-aspect-ratio\"><div class=\"wp-block-embed__wrapper\">\nhttps:\/\/www.youtube.com\/watch?v=4AcqfbZS-rU\n<\/div><\/figure>\n\n<figure class=\"wp-block-embed is-type-video is-provider-youtube wp-block-embed-youtube wp-embed-aspect-16-9 wp-has-aspect-ratio\"><div class=\"wp-block-embed__wrapper\">\nhttps:\/\/www.youtube.com\/watch?v=tjvd1lEIe4M\n<\/div><\/figure>\n\n<figure class=\"wp-block-embed is-type-video is-provider-youtube wp-block-embed-youtube wp-embed-aspect-16-9 wp-has-aspect-ratio\"><div class=\"wp-block-embed__wrapper\">\nhttps:\/\/www.youtube.com\/watch?v=RI4F2IrEyxk\n<\/div><\/figure>\n","protected":false},"excerpt":{"rendered":"<p>L&rsquo;antis\u00e9mitisme a de nombreux visages &#8211; et il revient en de nombreux endroits, de mani\u00e8re cach\u00e9e ou ouvertement \u00e9hont\u00e9e, sous diff\u00e9rentes formes nouvelles. Une s\u00e9rie documentaire en quatre parties explique l&rsquo;histoire sociale, religieuse et politique de l&rsquo;antis\u00e9mitisme : de l&rsquo;antijuda\u00efsme de l&rsquo;Antiquit\u00e9 \u00e0 l&rsquo;antisionisme du 21e si\u00e8cle. S\u00e9rie documentaire ARTE en quatre parties.<\/p>\n","protected":false},"author":2,"featured_media":2365,"parent":2709,"menu_order":0,"comment_status":"closed","ping_status":"closed","template":"","meta":{"_hide_socialbar":"","footnotes":""},"categories":[],"tags":[395],"class_list":["post-2784","page","type-page","status-publish","has-post-thumbnail","hentry","tag-antisemitisme"],"aioseo_notices":[],"_links":{"self":[{"href":"https:\/\/fokusisrael.ch\/fr\/wp-json\/wp\/v2\/pages\/2784","targetHints":{"allow":["GET"]}}],"collection":[{"href":"https:\/\/fokusisrael.ch\/fr\/wp-json\/wp\/v2\/pages"}],"about":[{"href":"https:\/\/fokusisrael.ch\/fr\/wp-json\/wp\/v2\/types\/page"}],"author":[{"embeddable":true,"href":"https:\/\/fokusisrael.ch\/fr\/wp-json\/wp\/v2\/users\/2"}],"replies":[{"embeddable":true,"href":"https:\/\/fokusisrael.ch\/fr\/wp-json\/wp\/v2\/comments?post=2784"}],"version-history":[{"count":2,"href":"https:\/\/fokusisrael.ch\/fr\/wp-json\/wp\/v2\/pages\/2784\/revisions"}],"predecessor-version":[{"id":2786,"href":"https:\/\/fokusisrael.ch\/fr\/wp-json\/wp\/v2\/pages\/2784\/revisions\/2786"}],"up":[{"embeddable":true,"href":"https:\/\/fokusisrael.ch\/fr\/wp-json\/wp\/v2\/pages\/2709"}],"wp:featuredmedia":[{"embeddable":true,"href":"https:\/\/fokusisrael.ch\/fr\/wp-json\/wp\/v2\/media\/2365"}],"wp:attachment":[{"href":"https:\/\/fokusisrael.ch\/fr\/wp-json\/wp\/v2\/media?parent=2784"}],"wp:term":[{"taxonomy":"category","embeddable":true,"href":"https:\/\/fokusisrael.ch\/fr\/wp-json\/wp\/v2\/categories?post=2784"},{"taxonomy":"post_tag","embeddable":true,"href":"https:\/\/fokusisrael.ch\/fr\/wp-json\/wp\/v2\/tags?post=2784"}],"curies":[{"name":"wp","href":"https:\/\/api.w.org\/{rel}","templated":true}]}}